
{"id":10753,"date":"2024-12-03T20:01:10","date_gmt":"2024-12-03T19:01:10","guid":{"rendered":"https:\/\/assemblee-nationale.bj\/?page_id=10753"},"modified":"2024-12-04T12:26:12","modified_gmt":"2024-12-04T11:26:12","slug":"rapports-des-ateliers-sur-lappropriation-et-lexploitation-du-rapex-et-la-loi-de-reglement","status":"publish","type":"page","link":"https:\/\/assemblee-nationale.bj\/index.php\/rapports-des-ateliers-sur-lappropriation-et-lexploitation-du-rapex-et-la-loi-de-reglement\/","title":{"rendered":"Rapports des ateliers sur l&rsquo;appropriation et l&rsquo;exploitation du RAPEX et la loi de r\u00e8glement"},"content":{"rendered":"<div id=\"pl-10753\"  class=\"panel-layout\" ><div id=\"pg-10753-0\"  class=\"panel-grid panel-no-style\" ><div id=\"pgc-10753-0-0\"  class=\"panel-grid-cell panel-grid-cell-empty\" ><\/div><div id=\"pgc-10753-0-1\"  class=\"panel-grid-cell panel-grid-cell-mobile-last\" ><div id=\"panel-10753-0-1-0\" class=\"so-panel widget widget_text panel-first-child\" data-index=\"0\" ><div class=\"panel-widget-style panel-widget-style-for-10753-0-1-0\" >\t\t\t<div class=\"textwidget\"><p>Rapports des ateliers sur l&rsquo;appropriation et l&rsquo;exploitation du RAPEX et la loi de r\u00e8glement<\/p>\n<\/div>\n\t\t<\/div><\/div><div id=\"panel-10753-0-1-1\" class=\"so-panel widget widget_text panel-last-child\" data-index=\"1\" >\t\t\t<div class=\"textwidget\"><p>&nbsp;<\/p>\n<p>&nbsp;<\/p>\n<\/div>\n\t\t<\/div><\/div><div id=\"pgc-10753-0-2\"  class=\"panel-grid-cell panel-grid-cell-empty\" ><\/div><\/div><div id=\"pg-10753-1\"  class=\"panel-grid panel-no-style\" ><div id=\"pgc-10753-1-0\"  class=\"panel-grid-cell panel-grid-cell-empty\" ><\/div><div id=\"pgc-10753-1-1\"  class=\"panel-grid-cell panel-grid-cell-mobile-last\" ><div id=\"panel-10753-1-1-0\" class=\"so-panel widget widget_text panel-first-child\" data-index=\"2\" >\t\t\t<div class=\"textwidget\">\n<table id=\"tablepress-64\" class=\"tablepress tablepress-id-64\">\n<thead>\n<tr class=\"row-1 odd\">\n\t<th class=\"column-1\">ACTIVITE<\/th><th class=\"column-2\">DATE DE PUBLICATION<\/th><th class=\"column-3\">LIEU<\/th><th class=\"column-4\">DOCUMENTS<\/th>\n<\/tr>\n<\/thead>\n<tbody class=\"row-hover\">\n<tr class=\"row-2 even\">\n\t<td class=\"column-1\">Rapport de la Commission des Finances et des \u00c9changes : projet de loi portant r\u00e8glement d\u00e9finitif du budget de l\u2019Etat, gestion 2022<\/td><td class=\"column-2\">12\/12\/2024<\/td><td class=\"column-3\">Assembl\u00e9e nationale<\/td><td class=\"column-4\"><a href=\"https:\/\/assemblee-nationale.bj\/wp-content\/uploads\/RAPPORT-SUR-PLR\u00e8glement-2022-03122024.pdf\" target=\"_blank\" class=\"btn read-more\">Visualiser <\/a><\/td>\n<\/tr>\n<tr class=\"row-3 odd\">\n\t<td class=\"column-1\">Loi de R\u00e8glement 2022<\/td><td class=\"column-2\">12\/12\/2024<\/td><td class=\"column-3\">Assembl\u00e9e nationale<\/td><td class=\"column-4\"><a href=\"https:\/\/assemblee-nationale.bj\/wp-content\/uploads\/LOI-DE-REGLEMENT-2022-03122024.pdf\" target=\"_blank\" class=\"btn read-more\">Visualiser <\/a><\/td>\n<\/tr>\n<tr class=\"row-4 even\">\n\t<td class=\"column-1\">Rapport sp\u00e9cial de la Commission des Finances et des \u00c9changes : projet de loi des finances, gestion 2025<\/td><td class=\"column-2\">11\/12\/2024<\/td><td class=\"column-3\">Assembl\u00e9e nationale<\/td><td class=\"column-4\"><a href=\"https:\/\/assemblee-nationale.bj\/wp-content\/uploads\/RAPPORT-SUR-LE-DOB-2025.pdf\" target=\"_blank\" class=\"btn read-more\">Visualiser <\/a><\/td>\n<\/tr>\n<tr class=\"row-5 odd\">\n\t<td class=\"column-1\">Rapport sp\u00e9cial de la Haute Autorite de l'Audiovisuel et de la Communication : projet de loi des finances, gestion 2025<\/td><td class=\"column-2\">11\/12\/2024<\/td><td class=\"column-3\">Assembl\u00e9e nationale<\/td><td class=\"column-4\"><a href=\"https:\/\/assemblee-nationale.bj\/wp-content\/uploads\/Haute-Autorite-de-lAudiovisuel-et-de-la-Communication.pdf\" target=\"_blank\" class=\"btn read-more\">Visualiser <\/a><\/td>\n<\/tr>\n<tr class=\"row-6 even\">\n\t<td class=\"column-1\">Rapport sp\u00e9cial du M\u00e9diateur de R\u00e9publique : projet de loi des finances, gestion 2025<\/td><td class=\"column-2\">11\/12\/2024<\/td><td class=\"column-3\">Assembl\u00e9e nationale<\/td><td class=\"column-4\"><a href=\"https:\/\/assemblee-nationale.bj\/wp-content\/uploads\/M\u00e9diateur-de-R\u00e9publique.pdf\" target=\"_blank\" class=\"btn read-more\">Visualiser <\/a><\/td>\n<\/tr>\n<tr class=\"row-7 odd\">\n\t<td class=\"column-1\">Rapport sp\u00e9cial de la Haute Cour de la Justice : projet de loi des finances, gestion 2025<\/td><td class=\"column-2\">11\/12\/2024<\/td><td class=\"column-3\">Assembl\u00e9e nationale<\/td><td class=\"column-4\"><a href=\"https:\/\/assemblee-nationale.bj\/wp-content\/uploads\/Haute-Cour-de-la-Justice.pdf\" target=\"_blank\" class=\"btn read-more\">Visualiser <\/a><\/td>\n<\/tr>\n<tr class=\"row-8 even\">\n\t<td class=\"column-1\">Rapport sp\u00e9cial de la Cour Supr\u00eame : projet de loi des finances, gestion 2025<\/td><td class=\"column-2\">11\/12\/2024<\/td><td class=\"column-3\">Assembl\u00e9e nationale<\/td><td class=\"column-4\"><a href=\"https:\/\/assemblee-nationale.bj\/wp-content\/uploads\/Cour-Supr\u00eame.pdf\" target=\"_blank\" class=\"btn read-more\">Visualiser <\/a><\/td>\n<\/tr>\n<tr class=\"row-9 odd\">\n\t<td class=\"column-1\">Rapport sp\u00e9cial de la Cour des Comptes : projet de loi des finances, gestion 2025<\/td><td class=\"column-2\">11\/12\/2024<\/td><td class=\"column-3\">Assembl\u00e9e nationale<\/td><td class=\"column-4\"><a href=\"https:\/\/assemblee-nationale.bj\/wp-content\/uploads\/Cour-des-Comptes.pdf\" target=\"_blank\" class=\"btn read-more\">Visualiser <\/a><\/td>\n<\/tr>\n<tr class=\"row-10 even\">\n\t<td class=\"column-1\">Rapport sp\u00e9cial du Conseil Economique et Social : projet de loi des finances, gestion 2025<\/td><td class=\"column-2\">11\/12\/2024<\/td><td class=\"column-3\">Assembl\u00e9e nationale<\/td><td class=\"column-4\"><a href=\"https:\/\/assemblee-nationale.bj\/wp-content\/uploads\/Conseil-Economique-et-Social.pdf\" target=\"_blank\" class=\"btn read-more\">Visualiser <\/a><\/td>\n<\/tr>\n<tr class=\"row-11 odd\">\n\t<td class=\"column-1\">Rapport sp\u00e9cial de l'Autorit\u00e9 de Protection des Donn\u00e9es \u00e0 caract\u00e8re Personnel : projet de loi des finances, gestion 2025<\/td><td class=\"column-2\">11\/12\/2024<\/td><td class=\"column-3\">Assembl\u00e9e nationale<\/td><td class=\"column-4\"><a href=\"https:\/\/assemblee-nationale.bj\/wp-content\/uploads\/Autorit\u00e9-de-Protection-des-Donn\u00e9es-\u00e0-caract\u00e8re-Personnel.pdf\" target=\"_blank\" class=\"btn read-more\">Visualiser <\/a><\/td>\n<\/tr>\n<tr class=\"row-12 even\">\n\t<td class=\"column-1\">Rapport sp\u00e9cial de la Commission B\u00e9ninoise des Droits de l'Homme : projet de loi des finances, gestion 2025<\/td><td class=\"column-2\">11\/12\/2024<\/td><td class=\"column-3\">Assembl\u00e9e nationale<\/td><td class=\"column-4\"><a href=\"https:\/\/assemblee-nationale.bj\/wp-content\/uploads\/Commission-B\u00e9ninoise-des-Droits-de-lHomme.pdf\" target=\"_blank\" class=\"btn read-more\">Visualiser <\/a><\/td>\n<\/tr>\n<tr class=\"row-13 odd\">\n\t<td class=\"column-1\">Rapport sp\u00e9cial de la Cour Constitutionnelle : projet de loi des finances, gestion 2025<\/td><td class=\"column-2\">11\/12\/2024<\/td><td class=\"column-3\">Assembl\u00e9e nationale<\/td><td class=\"column-4\"><a href=\"https:\/\/assemblee-nationale.bj\/wp-content\/uploads\/Cour-Constitutionnelle.pdf\" target=\"_blank\" class=\"btn read-more\">Visualiser <\/a><\/td>\n<\/tr>\n<tr class=\"row-14 even\">\n\t<td class=\"column-1\">Rapport sp\u00e9cial de la Commission Electorale Nationale Autonome : projet de loi des finances, gestion 2025<\/td><td class=\"column-2\">11\/12\/2024<\/td><td class=\"column-3\">Assembl\u00e9e nationale<\/td><td class=\"column-4\"><a href=\"https:\/\/assemblee-nationale.bj\/wp-content\/uploads\/Commission-Electorale-Nationale-Autonome.pdf\" target=\"_blank\" class=\"btn read-more\">Visualiser <\/a><\/td>\n<\/tr>\n<tr class=\"row-15 odd\">\n\t<td class=\"column-1\">Rapport sp\u00e9cial du Minist\u00e8re de l'Economie et des Finances : projet de loi des finances, gestion 2025<\/td><td class=\"column-2\">11\/12\/2024<\/td><td class=\"column-3\">Assembl\u00e9e nationale<\/td><td class=\"column-4\"><a href=\"https:\/\/assemblee-nationale.bj\/wp-content\/uploads\/Minist\u00e8re-de-lEconomie-et-des-Finances.pdf\" target=\"_blank\" class=\"btn read-more\">Visualiser <\/a><\/td>\n<\/tr>\n<tr class=\"row-16 even\">\n\t<td class=\"column-1\">Rapport sp\u00e9cial du Minist\u00e8re de l'Agriculture, de l'Elevage et de la P\u00eache : projet de loi des finances, gestion 2025<\/td><td class=\"column-2\">11\/12\/2024<\/td><td class=\"column-3\">Assembl\u00e9e nationale<\/td><td class=\"column-4\"><a href=\"https:\/\/assemblee-nationale.bj\/wp-content\/uploads\/Minist\u00e8re-de-lAgriculture-de-lElevage-et-de-la-P\u00eache.pdf\" target=\"_blank\" class=\"btn read-more\">Visualiser <\/a><\/td>\n<\/tr>\n<tr class=\"row-17 odd\">\n\t<td class=\"column-1\">Rapport sp\u00e9cial du Minist\u00e8re de Justice et de L\u00e9gislation : projet de loi des finances, gestion 2025<\/td><td class=\"column-2\">11\/12\/2024<\/td><td class=\"column-3\">Assembl\u00e9e nationale<\/td><td class=\"column-4\"><a href=\"https:\/\/assemblee-nationale.bj\/wp-content\/uploads\/Minist\u00e8re-de-Justice-et-de-L\u00e9gislation.pdf\" target=\"_blank\" class=\"btn read-more\">Visualiser <\/a><\/td>\n<\/tr>\n<tr class=\"row-18 even\">\n\t<td class=\"column-1\">Rapport sp\u00e9cial du Minist\u00e8re de la Sant\u00e9 : projet de loi des finances, gestion 2025<\/td><td class=\"column-2\">11\/12\/2024<\/td><td class=\"column-3\">Assembl\u00e9e nationale<\/td><td class=\"column-4\"><a href=\"https:\/\/assemblee-nationale.bj\/wp-content\/uploads\/Minist\u00e8re-de-la-Sant\u00e9.pdf\" target=\"_blank\" class=\"btn read-more\">Visualiser <\/a><\/td>\n<\/tr>\n<tr class=\"row-19 odd\">\n\t<td class=\"column-1\">Rapport sp\u00e9cial du Minist\u00e8re de la D\u00e9centralisation et de la Gouvernance Locale : projet de loi des finances, gestion 2025<\/td><td class=\"column-2\">11\/12\/2024<\/td><td class=\"column-3\">Assembl\u00e9e nationale<\/td><td class=\"column-4\"><a href=\"https:\/\/assemblee-nationale.bj\/wp-content\/uploads\/Minist\u00e8re-de-la-D\u00e9centralisation-et-de-la-Gouvernance-Locale.pdf\" target=\"_blank\" class=\"btn read-more\">Visualiser <\/a><\/td>\n<\/tr>\n<tr class=\"row-20 even\">\n\t<td class=\"column-1\">Rapport sp\u00e9cial du Minist\u00e8re de la D\u00e9fense Nationale : projet de loi des finances, gestion 2025<\/td><td class=\"column-2\">11\/12\/2024<\/td><td class=\"column-3\">Assembl\u00e9e nationale<\/td><td class=\"column-4\"><a href=\"https:\/\/assemblee-nationale.bj\/wp-content\/uploads\/Minist\u00e8re-de-la-D\u00e9fense-Nationale.pdf\" target=\"_blank\" class=\"btn read-more\">Visualiser <\/a><\/td>\n<\/tr>\n<tr class=\"row-21 odd\">\n\t<td class=\"column-1\">Rapport sp\u00e9cial du Minist\u00e8re des Enseignements Maternel et Primaire : projet de loi des finances, gestion 2025<\/td><td class=\"column-2\">11\/12\/2024<\/td><td class=\"column-3\">Assembl\u00e9e nationale<\/td><td class=\"column-4\"><a href=\"https:\/\/assemblee-nationale.bj\/wp-content\/uploads\/Minist\u00e8re-des-Enseignements-Maternel-et-Primaire.pdf\" target=\"_blank\" class=\"btn read-more\">Visualiser <\/a><\/td>\n<\/tr>\n<tr class=\"row-22 even\">\n\t<td class=\"column-1\">Rapport sp\u00e9cial du Minist\u00e8re des Affaires Sociales et de la Microfinnce : projet de loi des finances, gestion 2025<\/td><td class=\"column-2\">11\/12\/2024<\/td><td class=\"column-3\">Assembl\u00e9e nationale<\/td><td class=\"column-4\"><a href=\"https:\/\/assemblee-nationale.bj\/wp-content\/uploads\/Minist\u00e8re-des-Affaires-Sociales-et-de-la-Microfinnce.pdf\" target=\"_blank\" class=\"btn read-more\">Visualiser <\/a><\/td>\n<\/tr>\n<tr class=\"row-23 odd\">\n\t<td class=\"column-1\">Rapport sp\u00e9cial du Minist\u00e8re de l'Energie, de l'Eau et des Mines : projet de loi des finances, gestion 2025<\/td><td class=\"column-2\">11\/12\/2024<\/td><td class=\"column-3\">Assembl\u00e9e nationale<\/td><td class=\"column-4\"><a href=\"https:\/\/assemblee-nationale.bj\/wp-content\/uploads\/Minist\u00e8re-de-lEnergie-de-lEau-et-des-Mines.pdf\" target=\"_blank\" class=\"btn read-more\">Visualiser <\/a><\/td>\n<\/tr>\n<tr class=\"row-24 even\">\n\t<td class=\"column-1\">Rapport sp\u00e9cial du Minist\u00e8re de l'Enseignement Sup\u00e9rieur et de la Recherche Scientifique : projet de loi des finances, gestion 2025<\/td><td class=\"column-2\">11\/12\/2024<\/td><td class=\"column-3\">Assembl\u00e9e nationale<\/td><td class=\"column-4\"><a href=\"https:\/\/assemblee-nationale.bj\/wp-content\/uploads\/Minist\u00e8re-de-lEnseignement-Suprieur-et-de-la-Rcherche-Scientifique.pdf\" target=\"_blank\" class=\"btn read-more\">Visualiser <\/a><\/td>\n<\/tr>\n<tr class=\"row-25 odd\">\n\t<td class=\"column-1\">Rapport sp\u00e9cial du Minist\u00e8re des Affaires Etrang\u00e8res : projet de loi des finances, gestion 2025<\/td><td class=\"column-2\">11\/12\/2024<\/td><td class=\"column-3\">Assembl\u00e9e nationale<\/td><td class=\"column-4\"><a href=\"https:\/\/assemblee-nationale.bj\/wp-content\/uploads\/Minist\u00e8re-des-Affaires-Etrang\u00e8res.pdf\" target=\"_blank\" class=\"btn read-more\">Visualiser <\/a><\/td>\n<\/tr>\n<tr class=\"row-26 even\">\n\t<td class=\"column-1\">Rapport sp\u00e9cial du Minist\u00e8re de l'Industrie et de Commerce : projet de loi des finances, gestion 2025<\/td><td class=\"column-2\">11\/12\/2024<\/td><td class=\"column-3\">Assembl\u00e9e nationale<\/td><td class=\"column-4\"><a href=\"https:\/\/assemblee-nationale.bj\/wp-content\/uploads\/Minist\u00e8re-de-lIndustrie-et-de-Commerce.pdf\" target=\"_blank\" class=\"btn read-more\">Visualiser <\/a><\/td>\n<\/tr>\n<tr class=\"row-27 odd\">\n\t<td class=\"column-1\">Rapport sp\u00e9cial du Minist\u00e8re de l'Int\u00e9rieur et de la S\u00e9curit\u00e9 Publique : projet de loi des finances, gestion 2025<\/td><td class=\"column-2\">11\/12\/2024<\/td><td class=\"column-3\">Assembl\u00e9e nationale<\/td><td class=\"column-4\"><a href=\"https:\/\/assemblee-nationale.bj\/wp-content\/uploads\/Minist\u00e8re-de-lInt\u00e9rieur-et-de-la-S\u00e9curit\u00e9-Publique.pdf\" target=\"_blank\" class=\"btn read-more\">Visualiser <\/a><\/td>\n<\/tr>\n<tr class=\"row-28 even\">\n\t<td class=\"column-1\">Rapport sp\u00e9cial du Minist\u00e8re du Cadre de Vie, des Transports et du D\u00e9v\u00e9loppement Durable : projet de loi des finances, gestion 2025<\/td><td class=\"column-2\">11\/12\/2024<\/td><td class=\"column-3\">Assembl\u00e9e nationale<\/td><td class=\"column-4\"><a href=\"https:\/\/assemblee-nationale.bj\/wp-content\/uploads\/Minist\u00e8re-du-Cadre-de-Vie-des-Transports-et-du-D\u00e9v\u00e9loppement-Durable.pdf\" target=\"_blank\" class=\"btn read-more\">Visualiser <\/a><\/td>\n<\/tr>\n<tr class=\"row-29 odd\">\n\t<td class=\"column-1\">Rapport sp\u00e9cial du Minist\u00e8re des Sports : projet de loi des finances, gestion 2025<\/td><td class=\"column-2\">11\/12\/2024<\/td><td class=\"column-3\">Assembl\u00e9e nationale<\/td><td class=\"column-4\"><a href=\"https:\/\/assemblee-nationale.bj\/wp-content\/uploads\/Minist\u00e8re-des-Sports.pdf\" target=\"_blank\" class=\"btn read-more\">Visualiser <\/a><\/td>\n<\/tr>\n<tr class=\"row-30 even\">\n\t<td class=\"column-1\">Rapport sp\u00e9cial du Minist\u00e8re du D\u00e9veloppement et de la Coordination de l'Action Gouvernementale : projet de loi des finances, gestion 2025<\/td><td class=\"column-2\">11\/12\/2024<\/td><td class=\"column-3\">Assembl\u00e9e nationale<\/td><td class=\"column-4\"><a href=\"https:\/\/assemblee-nationale.bj\/wp-content\/uploads\/Minist\u00e8re-du-D\u00e9veloppement-et-de-la-Coordination-de-lAction-Gouvernementale.pdf\" target=\"_blank\" class=\"btn read-more\">Visualiser <\/a><\/td>\n<\/tr>\n<tr class=\"row-31 odd\">\n\t<td class=\"column-1\">Rapport sp\u00e9cial du Minist\u00e8re des Petites et Moyennes Entreprises et de la Promotion de l'Emploi : projet de loi des finances, gestion 2025<\/td><td class=\"column-2\">11\/12\/2024<\/td><td class=\"column-3\">Assembl\u00e9e nationale<\/td><td class=\"column-4\"><a href=\"https:\/\/assemblee-nationale.bj\/wp-content\/uploads\/Minist\u00e8re-des-Petites-et-Moyennes-Entreprises-et-de-la-Promotion-de-lEmploi.pdf\" target=\"_blank\" class=\"btn read-more\">Visualiser <\/a><\/td>\n<\/tr>\n<tr class=\"row-32 even\">\n\t<td class=\"column-1\">Rapport sp\u00e9cial du Minist\u00e8re des Enseignements Secondaire, Technique et de la Formation Professionnelle : projet de loi des finances, gestion 2025<\/td><td class=\"column-2\">11\/12\/2024<\/td><td class=\"column-3\">Assembl\u00e9e nationale<\/td><td class=\"column-4\"><a href=\"https:\/\/assemblee-nationale.bj\/wp-content\/uploads\/Minist\u00e8re-des-Enseignements-Secondaire-Technique-et-de-la-Formation-Professionnelle.pdf\" target=\"_blank\" class=\"btn read-more\">Visualiser <\/a><\/td>\n<\/tr>\n<tr class=\"row-33 odd\">\n\t<td class=\"column-1\">Rapport sp\u00e9cial du Minist\u00e8re du Travail et de Fonction Publique : projet de loi des finances, gestion 2025<\/td><td class=\"column-2\">11\/12\/2024<\/td><td class=\"column-3\">Assembl\u00e9e nationale<\/td><td class=\"column-4\"><a href=\"https:\/\/assemblee-nationale.bj\/wp-content\/uploads\/Minist\u00e8re-du-Travail-et-de-Fonction-Publique.pdf\" target=\"_blank\" class=\"btn read-more\">Visualiser <\/a><\/td>\n<\/tr>\n<tr class=\"row-34 even\">\n\t<td class=\"column-1\">Rapport sp\u00e9cial du Minist\u00e8re du Num\u00e9rique et de la Digitalisation : projet de loi des finances, gestion 2025<\/td><td class=\"column-2\">11\/12\/2024<\/td><td class=\"column-3\">Assembl\u00e9e nationale<\/td><td class=\"column-4\"><a href=\"https:\/\/assemblee-nationale.bj\/wp-content\/uploads\/Minist\u00e8re-du-Num\u00e9rique-et-de-la-Digitalisation.pdf\" target=\"_blank\" class=\"btn read-more\">Visualiser <\/a><\/td>\n<\/tr>\n<tr class=\"row-35 odd\">\n\t<td class=\"column-1\">Rapport sp\u00e9cial du Minist\u00e8re du Tourisme, de la Culture et des Arts : projet de loi des finances, gestion 2025<\/td><td class=\"column-2\">11\/12\/2024<\/td><td class=\"column-3\">Assembl\u00e9e nationale<\/td><td class=\"column-4\"><a href=\"https:\/\/assemblee-nationale.bj\/wp-content\/uploads\/Minist\u00e8re-du-Tourisme-de-la-Culture-et-des-Arts.pdf\" target=\"_blank\" class=\"btn read-more\">Visualiser <\/a><\/td>\n<\/tr>\n<tr class=\"row-36 even\">\n\t<td class=\"column-1\">Rapport sp\u00e9cial de la Pr\u00e9sidence de la R\u00e9publique : projet de loi des finances, gestion 2025<\/td><td class=\"column-2\">11\/12\/2024<\/td><td class=\"column-3\">Assembl\u00e9e nationale<\/td><td class=\"column-4\"><a href=\"https:\/\/assemblee-nationale.bj\/wp-content\/uploads\/Pr\u00e9sidence-de-la-R\u00e9publique.pdf\" target=\"_blank\" class=\"btn read-more\">Visualiser <\/a><\/td>\n<\/tr>\n<tr class=\"row-37 odd\">\n\t<td class=\"column-1\">Rapport g\u00e9n\u00e9ral <\/td><td class=\"column-2\">06\/12\/2024<\/td><td class=\"column-3\">Assembl\u00e9e nationale<\/td><td class=\"column-4\"><a href=\"https:\/\/assemblee-nationale.bj\/wp-content\/uploads\/RAPPORT-GENERAL-PLF-GESTION-3-2025-version-recebte-02-d\u00e9cembre-2024.pdf\" target=\"_blank\" class=\"btn read-more\">Visualiser <\/a><\/td>\n<\/tr>\n<tr class=\"row-38 even\">\n\t<td class=\"column-1\">Rapport g\u00e9n\u00e9ral de l\u2019atelier sur l'appropriation et l'exploitation du rapport d'ex\u00e9cution au 30 juin du budget de l'Etat, gestion 2024 au profit des d\u00e9put\u00e9s membres de la commission des finances et des \u00e9changes et des cadres parlementaires<\/td><td class=\"column-2\">03\/12\/2024<\/td><td class=\"column-3\">H\u00f4tel No Stress de Grand-Popo<\/td><td class=\"column-4\"><a href=\"https:\/\/assemblee-nationale.bj\/wp-content\/uploads\/rapport-rapex-30-juin-2024.pdf\" target=\"_blank\" class=\"btn read-more\">Visualiser <\/a><\/td>\n<\/tr>\n<tr class=\"row-39 odd\">\n\t<td class=\"column-1\">Rapport g\u00e9n\u00e9ral de l\u2019atelier sur l'appropriation et l'exploitation des rapports d'ex\u00e9cution du budget de l'Etat, gestion 2023 au 31\/12\/23 et gestion 2024 au 31\/03\/24 au profit des d\u00e9put\u00e9s membres de la commission des finances et des \u00e9changes et des cadres parlementaires<\/td><td class=\"column-2\">03\/12\/2024<\/td><td class=\"column-3\">H\u00f4tel Bel Azur de Grand-Popo<\/td><td class=\"column-4\"><a href=\"https:\/\/assemblee-nationale.bj\/wp-content\/uploads\/rapport-rapex-31-mars-2024.pdf\" target=\"_blank\" class=\"btn read-more\">Visualiser <\/a><\/td>\n<\/tr>\n<tr class=\"row-40 even\">\n\t<td class=\"column-1\">Rapport g\u00e9n\u00e9ral de l\u2019Atelier d'information et d'appropriation du contenu du projet de loi portant r\u00e8glement d\u00e9finitif du budget de l'Etat, gestion 2022<\/td><td class=\"column-2\">03\/12\/2024<\/td><td class=\"column-3\">H\u00f4tel Amazone de Bohicon<\/td><td class=\"column-4\"><a href=\"https:\/\/assemblee-nationale.bj\/wp-content\/uploads\/rapport-loi-de-reglement.pdf\" target=\"_blank\" class=\"btn read-more\">Visualiser <\/a><\/td>\n<\/tr>\n<\/tbody>\n<\/table>\n<!-- #tablepress-64 from cache -->\n<\/div>\n\t\t<\/div><div id=\"panel-10753-1-1-1\" class=\"so-panel widget widget_text panel-last-child\" data-index=\"3\" >\t\t\t<div class=\"textwidget\"><\/div>\n\t\t<\/div><\/div><div id=\"pgc-10753-1-2\"  class=\"panel-grid-cell panel-grid-cell-empty\" ><\/div><\/div><div id=\"pg-10753-2\"  class=\"panel-grid panel-no-style\" ><div id=\"pgc-10753-2-0\"  class=\"panel-grid-cell panel-grid-cell-empty\" ><\/div><div id=\"pgc-10753-2-1\"  class=\"panel-grid-cell panel-grid-cell-mobile-last\" ><div id=\"panel-10753-2-1-0\" class=\"so-panel widget widget_text panel-first-child panel-last-child\" data-index=\"4\" >\t\t\t<div class=\"textwidget\"><p>&nbsp;<\/p>\n<p>&nbsp;<\/p>\n<\/div>\n\t\t<\/div><\/div><div id=\"pgc-10753-2-2\"  class=\"panel-grid-cell panel-grid-cell-empty\" ><\/div><\/div><\/div>","protected":false},"excerpt":{"rendered":"<p>Rapports des ateliers sur l&rsquo;appropriation et l&rsquo;exploitation du RAPEX et la loi de r\u00e8glement &nbsp; &nbsp;<\/p>\n","protected":false},"author":13,"featured_media":0,"parent":0,"menu_order":0,"comment_status":"closed","ping_status":"closed","template":"","meta":{"footnotes":""},"categories":[1],"tags":[],"class_list":["post-10753","page","type-page","status-publish","hentry","category-uncategorized"],"_links":{"self":[{"href":"https:\/\/assemblee-nationale.bj\/index.php\/wp-json\/wp\/v2\/pages\/10753","targetHints":{"allow":["GET"]}}],"collection":[{"href":"https:\/\/assemblee-nationale.bj\/index.php\/wp-json\/wp\/v2\/pages"}],"about":[{"href":"https:\/\/assemblee-nationale.bj\/index.php\/wp-json\/wp\/v2\/types\/page"}],"author":[{"embeddable":true,"href":"https:\/\/assemblee-nationale.bj\/index.php\/wp-json\/wp\/v2\/users\/13"}],"replies":[{"embeddable":true,"href":"https:\/\/assemblee-nationale.bj\/index.php\/wp-json\/wp\/v2\/comments?post=10753"}],"version-history":[{"count":3,"href":"https:\/\/assemblee-nationale.bj\/index.php\/wp-json\/wp\/v2\/pages\/10753\/revisions"}],"predecessor-version":[{"id":10784,"href":"https:\/\/assemblee-nationale.bj\/index.php\/wp-json\/wp\/v2\/pages\/10753\/revisions\/10784"}],"wp:attachment":[{"href":"https:\/\/assemblee-nationale.bj\/index.php\/wp-json\/wp\/v2\/media?parent=10753"}],"wp:term":[{"taxonomy":"category","embeddable":true,"href":"https:\/\/assemblee-nationale.bj\/index.php\/wp-json\/wp\/v2\/categories?post=10753"},{"taxonomy":"post_tag","embeddable":true,"href":"https:\/\/assemblee-nationale.bj\/index.php\/wp-json\/wp\/v2\/tags?post=10753"}],"curies":[{"name":"wp","href":"https:\/\/api.w.org\/{rel}","templated":true}]}}