
{"id":15677,"date":"2026-02-15T16:36:50","date_gmt":"2026-02-15T15:36:50","guid":{"rendered":"https:\/\/assemblee-nationale.bj\/?page_id=15677"},"modified":"2026-02-15T16:36:50","modified_gmt":"2026-02-15T15:36:50","slug":"mot-du-president-3","status":"publish","type":"page","link":"https:\/\/assemblee-nationale.bj\/index.php\/president-2\/le-president\/mot-du-president-3\/","title":{"rendered":"Mot du pr\u00e9sident"},"content":{"rendered":"<div id=\"pl-15677\"  class=\"panel-layout\" ><div id=\"pg-15677-0\"  class=\"panel-grid panel-no-style\" ><div id=\"pgc-15677-0-0\"  class=\"panel-grid-cell panel-grid-cell-empty\" ><\/div><div id=\"pgc-15677-0-1\"  class=\"panel-grid-cell panel-grid-cell-mobile-last\" ><div id=\"panel-15677-0-1-0\" class=\"so-panel widget widget_text panel-first-child\" data-index=\"0\" ><div class=\"panel-widget-style panel-widget-style-for-15677-0-1-0\" >\t\t\t<div class=\"textwidget\"><p>Mot du pr\u00e9sident<\/p>\n<\/div>\n\t\t<\/div><\/div><div id=\"panel-15677-0-1-1\" class=\"so-panel widget widget_text panel-last-child\" data-index=\"1\" >\t\t\t<div class=\"textwidget\"><p>&nbsp;<\/p>\n<p>&nbsp;<\/p>\n<\/div>\n\t\t<\/div><\/div><div id=\"pgc-15677-0-2\"  class=\"panel-grid-cell panel-grid-cell-empty\" ><\/div><\/div><div id=\"pg-15677-1\"  class=\"panel-grid panel-no-style\" ><div id=\"pgc-15677-1-0\"  class=\"panel-grid-cell panel-grid-cell-empty\" ><\/div><div id=\"pgc-15677-1-1\"  class=\"panel-grid-cell\" ><div id=\"panel-15677-1-1-0\" class=\"so-panel widget widget_media_image panel-first-child panel-last-child\" data-index=\"2\" ><div class=\"panel-widget-style panel-widget-style-for-15677-1-1-0\" ><div style=\"width: 310px\" class=\"wp-caption alignnone\"><img loading=\"lazy\" decoding=\"async\" width=\"300\" height=\"200\" src=\"https:\/\/assemblee-nationale.bj\/wp-content\/uploads\/2019\/05\/Le-president-300x200.jpg\" class=\"image wp-image-2751  attachment-medium size-medium\" alt=\"\" style=\"max-width: 100%; height: auto;\" srcset=\"https:\/\/assemblee-nationale.bj\/wp-content\/uploads\/2019\/05\/Le-president-300x200.jpg 300w, https:\/\/assemblee-nationale.bj\/wp-content\/uploads\/2019\/05\/Le-president-768x512.jpg 768w, https:\/\/assemblee-nationale.bj\/wp-content\/uploads\/2019\/05\/Le-president-1024x682.jpg 1024w, https:\/\/assemblee-nationale.bj\/wp-content\/uploads\/2019\/05\/Le-president-1140x760.jpg 1140w, https:\/\/assemblee-nationale.bj\/wp-content\/uploads\/2019\/05\/Le-president-570x380.jpg 570w, https:\/\/assemblee-nationale.bj\/wp-content\/uploads\/2019\/05\/Le-president-380x254.jpg 380w, https:\/\/assemblee-nationale.bj\/wp-content\/uploads\/2019\/05\/Le-president-285x190.jpg 285w, https:\/\/assemblee-nationale.bj\/wp-content\/uploads\/2019\/05\/Le-president.jpg 1361w\" sizes=\"auto, (max-width: 300px) 100vw, 300px\" \/><p class=\"wp-caption-text\">Louis VLAVONOU, Pr\u00e9sident du Parlement<\/p><\/div><\/div><\/div><\/div><div id=\"pgc-15677-1-2\"  class=\"panel-grid-cell panel-grid-cell-mobile-last\" ><div id=\"panel-15677-1-2-0\" class=\"so-panel widget widget_text panel-first-child panel-last-child\" data-index=\"3\" ><div class=\"panel-widget-style panel-widget-style-for-15677-1-2-0\" >\t\t\t<div class=\"textwidget\"><p><strong>Discours du pr\u00e9sident Louis Vlavonou apr\u00e8s son installation<\/strong><\/p>\n<p>Honorable doyen de la huiti\u00e8me l\u00e9gislature,<\/p>\n<p>Messieurs les plus jeunes d\u00e9put\u00e9s membres du bureau d\u2019\u00e2ge,<\/p>\n<p>Mesdames et Messieurs les honorables d\u00e9put\u00e9s de la huiti\u00e8me l\u00e9gislature,<\/p>\n<p>Monsieur le secr\u00e9taire g\u00e9n\u00e9ral administratif de l\u2019Assembl\u00e9e nationale et son adjointe,<\/p>\n<p>Messieurs les directeurs techniques,<\/p>\n<p>Mesdames et Messieurs les cadres \u00e0 divers niveaux du secr\u00e9tariat g\u00e9n\u00e9ral administratif,<\/p>\n<p>Mesdames et Messieurs,<\/p>\n<p>Mon \u00e2me exalte le seigneur, exulte mon Esprit en Dieu mon sauveur. Il s\u2019est pench\u00e9 sur son humble servante et d\u00e9sormais tous les \u00e2ges me diront bien heureuse. Le puissant fit pour moi des merveilles. Saint est son nom ; son amour s\u2019\u00e9tend d\u2019\u00e2ge en \u00e2ge sur ceux qui le craignent. D\u00e9ployant la force de son bas, il disperse les superbes. Il renverse les puissants de leurs tr\u00f4nes et il \u00e9l\u00e8ve les humbles.<\/p>\n<p>Oui, c\u2019est avec une tr\u00e8s grande \u00e9motion que j\u2019endosse aujourd\u2019hui, vendredi 17 mai 2019, cet habit de premier responsable de notre institution. Merci pour la confiance que vous venez de placer en ma modeste personne. Je voudrais vous rassurer que je mettrai un point d\u2019honneur \u00e0 m\u00e9riter pleinement cette confiance que vous placez en moi. Je continue toujours de remercier le tout puissant pour cette gr\u00e2ce qu\u2019il m\u2019a faite car, comme le disent les Ecritures, cela ne d\u00e9pend ni de celui qui veut ni de celui qui court, mais de Dieu qui fait mis\u00e9ricorde.<\/p>\n<p>D\u2019entr\u00e9e, au nom des membres du bureau, appel\u00e9s \u00e0 m\u2019assister, je remercie sinc\u00e8rement tous ceux qui ont voulu t\u00e9moigner de leur confiance d\u2019abord \u00e0 mon endroit, puis aux autres membres du bureau, ici pr\u00e9sents \u00e0 mes c\u00f4t\u00e9s. Je voudrais particuli\u00e8rement saluer le doyen d\u2019\u00e2ge. Que dis-je, mon ancien Dg qui me fait l\u2019honneur de m\u2019installer. Il a su diriger les d\u00e9bats de main de ma\u00eetre avec l\u2019humour qu\u2019on lui conna\u00eet. Loin de nous ennuyer, cet humour dont il a le secret a permis \u00e0 nos travaux de se d\u00e9rouler dans une ambiance bon enfant.<\/p>\n<p>Honorable doyen d\u2019\u00e2ge, soyez-en remerci\u00e9.<\/p>\n<p>Je n\u2019oublie pas nos jeunes coll\u00e8gues qui ont soutenu sans faille le doyen d\u2019\u00e2ge dans leur mission de secr\u00e9taire de s\u00e9ance. L\u2019histoire a d\u00e9j\u00e0 retenu vos noms \u00e0 l\u2019occasion de cette nouvelle page que le B\u00e9nin vient d\u2019ouvrir. J\u2019associe \u00e0 mes remerciements le personnel parlementaire dans leur ensemble et au monde de la presse dont la mission est importante pour nos assises. Je salue sp\u00e9cialement l\u2019Ortb qui depuis hier, ne m\u00e9nage aucun effort pour couvrir tous ces \u00e9v\u00e9nements.<\/p>\n<p>Honorables coll\u00e8gues, mesdames et messieurs,<\/p>\n<p>Comme vous vous en doutez, je prends les r\u00eanes de la huiti\u00e8me l\u00e9gislature dans un contexte assez sp\u00e9cial. Contexte sp\u00e9cial en ce que l\u2019issue du processus \u00e9lectoral d\u2019avril dernier laisse un arri\u00e8re-go\u00fbt \u00e0 une certaine frange de notre peuple. Contexte sp\u00e9cial en ce que la peur habite encore certains d\u2019entre nous. Non pas la peur li\u00e9e \u00e0 la s\u00e9curit\u00e9 et \u00e0 l\u2019int\u00e9grit\u00e9 physique, mais celle de ne pouvoir pas remplir correctement la mission et \u00e0 donner satisfaction au peuple dont nous sommes les dignes repr\u00e9sentants. Contexte sp\u00e9cial enfin en ce que les d\u00e9fis sont grands et assez importants. C\u2019est de ce contexte sp\u00e9cial que nous devons tirer nos capacit\u00e9s intellectuelles et spirituelles pour m\u00e9riter cette confiance du peuple et d\u00e9mentir les sch\u00e9mas st\u00e9r\u00e9otyp\u00e9s que notre peuple malheureusement se forge. Nos d\u00e9lib\u00e9rations doivent nous rendre t\u00e9moignages \u00e0 travers des lois de bonne facture et un contr\u00f4le r\u00e9gulier de l\u2019action gouvernementale. Une proximit\u00e9 avec notre base est aussi un gage de respect \u00e0 ce peuple qui a besoin d\u2019\u00eatre rassur\u00e9. J\u2019ai tout de m\u00eame foi qu\u2019il n\u2019y \u00e0 pas d\u2019autorit\u00e9 qui ne vienne de Dieu et celles qui existent ont \u00e9t\u00e9 mises en place par Dieu. Le Tout Puissant, le Mis\u00e9ricordieux, saura nous guider dans l\u2019int\u00e9r\u00eat sup\u00e9rieur de notre peuple.<\/p>\n<p>Je voudrais vous inviter maintenant \u00e0 nous tourner vers l\u2019avenir dans un esprit patriotique en vue de la construction de la coh\u00e9sion sociale et de l\u2019unit\u00e9 nationale de notre pays. Ensemble, faisons de notre parlement, celui de la huiti\u00e8me l\u00e9gislature, une assembl\u00e9e au service de notre peuple souverain.<\/p>\n<p>Chers coll\u00e8gues d\u00e9put\u00e9s,<\/p>\n<p>Mesdames et Messieurs,<\/p>\n<p>Aujourd\u2019hui, une page est tourn\u00e9e et je tiens \u00e0 saluer le travail de qualit\u00e9 accompli par le pr\u00e9sident Me Adrien Houngb\u00e9dji au cours de la l\u00e9gislature qui s\u2019ach\u00e8ve. Son investissement et son d\u00e9vouement pour le rayonnement de notre institution parlementaire m\u00e9rite et force notre consid\u00e9ration et notre respect. Je ne serai pas plus long car le temps nous presse.<\/p>\n<p>Des t\u00e2ches nous attendent dans les tout prochains jours. C\u2019est pourquoi je voudrais vous r\u00e9it\u00e9rer mes remerciements en vous priant de vous tenir pr\u00eats \u00e0 r\u00e9pondre \u00e0 la sollicitation du bureau pour la mise en place diligente des autres organes du parlement de la huiti\u00e8me l\u00e9gislature. Il s\u2019agit : des groupes parlementaires, des commissions techniques permanentes avec leurs diff\u00e9rents bureaux, organes qui s\u2019ajouteront au bureau de l\u2019Assembl\u00e9e nationale pour former la conf\u00e9rence des pr\u00e9sidents. Je dois pouvoir compter sur votre disponibilit\u00e9 et votre ponctualit\u00e9 pour accomplir cette mission dans les d\u00e9lais requis.<\/p>\n<p>C\u2019est sur ces mots de d\u00e9termination et d\u2019espoir que je voudrais vous renvoyer devant votre devoir, notre devoir, celui que la patrie vient de nous confier.<\/p>\n<p>Vive le B\u00e9nin !<\/p>\n<p>Vive l\u2019Assembl\u00e9e nationale !<\/p>\n<p>Vive la huiti\u00e8me l\u00e9gislature !<\/p>\n<p>Plein succ\u00e8s \u00e0 nos d\u00e9lib\u00e9rations.<\/p>\n<p>Je vous remercie pour votre aimable attention.<\/p>\n<\/div>\n\t\t<\/div><\/div><\/div><div id=\"pgc-15677-1-3\"  class=\"panel-grid-cell panel-grid-cell-empty\" ><\/div><\/div><div id=\"pg-15677-2\"  class=\"panel-grid panel-no-style\" ><div id=\"pgc-15677-2-0\"  class=\"panel-grid-cell panel-grid-cell-empty\" ><\/div><div id=\"pgc-15677-2-1\"  class=\"panel-grid-cell panel-grid-cell-mobile-last\" ><div id=\"panel-15677-2-1-0\" class=\"so-panel widget widget_text panel-first-child panel-last-child\" data-index=\"4\" >\t\t\t<div class=\"textwidget\"><p>&nbsp;<\/p>\n<p>&nbsp;<\/p>\n<\/div>\n\t\t<\/div><\/div><div id=\"pgc-15677-2-2\"  class=\"panel-grid-cell panel-grid-cell-empty\" ><\/div><\/div><\/div>","protected":false},"excerpt":{"rendered":"<p>Mot du pr\u00e9sident &nbsp; &nbsp; Discours du pr\u00e9sident Louis Vlavonou apr\u00e8s son installation Honorable doyen de la huiti\u00e8me l\u00e9gislature, Messieurs les plus jeunes d\u00e9put\u00e9s membres du bureau d\u2019\u00e2ge, Mesdames et Messieurs les honorables d\u00e9put\u00e9s de la huiti\u00e8me l\u00e9gislature, Monsieur le secr\u00e9taire g\u00e9n\u00e9ral administratif de l\u2019Assembl\u00e9e nationale et son adjointe, Messieurs les directeurs techniques, Mesdames et [&hellip;]<\/p>\n","protected":false},"author":13,"featured_media":0,"parent":1414,"menu_order":0,"comment_status":"closed","ping_status":"closed","template":"","meta":{"footnotes":""},"categories":[1],"tags":[],"class_list":["post-15677","page","type-page","status-publish","hentry","category-uncategorized"],"_links":{"self":[{"href":"https:\/\/assemblee-nationale.bj\/index.php\/wp-json\/wp\/v2\/pages\/15677","targetHints":{"allow":["GET"]}}],"collection":[{"href":"https:\/\/assemblee-nationale.bj\/index.php\/wp-json\/wp\/v2\/pages"}],"about":[{"href":"https:\/\/assemblee-nationale.bj\/index.php\/wp-json\/wp\/v2\/types\/page"}],"author":[{"embeddable":true,"href":"https:\/\/assemblee-nationale.bj\/index.php\/wp-json\/wp\/v2\/users\/13"}],"replies":[{"embeddable":true,"href":"https:\/\/assemblee-nationale.bj\/index.php\/wp-json\/wp\/v2\/comments?post=15677"}],"version-history":[{"count":1,"href":"https:\/\/assemblee-nationale.bj\/index.php\/wp-json\/wp\/v2\/pages\/15677\/revisions"}],"predecessor-version":[{"id":15680,"href":"https:\/\/assemblee-nationale.bj\/index.php\/wp-json\/wp\/v2\/pages\/15677\/revisions\/15680"}],"up":[{"embeddable":true,"href":"https:\/\/assemblee-nationale.bj\/index.php\/wp-json\/wp\/v2\/pages\/1414"}],"wp:attachment":[{"href":"https:\/\/assemblee-nationale.bj\/index.php\/wp-json\/wp\/v2\/media?parent=15677"}],"wp:term":[{"taxonomy":"category","embeddable":true,"href":"https:\/\/assemblee-nationale.bj\/index.php\/wp-json\/wp\/v2\/categories?post=15677"},{"taxonomy":"post_tag","embeddable":true,"href":"https:\/\/assemblee-nationale.bj\/index.php\/wp-json\/wp\/v2\/tags?post=15677"}],"curies":[{"name":"wp","href":"https:\/\/api.w.org\/{rel}","templated":true}]}}