
{"id":15682,"date":"2026-02-15T17:45:15","date_gmt":"2026-02-15T16:45:15","guid":{"rendered":"https:\/\/assemblee-nationale.bj\/?page_id=15682"},"modified":"2026-02-15T17:45:15","modified_gmt":"2026-02-15T16:45:15","slug":"cv_du_president-3","status":"publish","type":"page","link":"https:\/\/assemblee-nationale.bj\/index.php\/president-2\/le-president\/cv_du_president-3\/","title":{"rendered":"CV du Pr\u00e9sident du Parlement"},"content":{"rendered":"<div id=\"pl-15682\"  class=\"panel-layout\" ><div id=\"pg-15682-0\"  class=\"panel-grid panel-no-style\" ><div id=\"pgc-15682-0-0\"  class=\"panel-grid-cell panel-grid-cell-empty\" ><\/div><div id=\"pgc-15682-0-1\"  class=\"panel-grid-cell panel-grid-cell-mobile-last\" ><div id=\"panel-15682-0-1-0\" class=\"so-panel widget widget_text panel-first-child\" data-index=\"0\" ><div class=\"panel-widget-style panel-widget-style-for-15682-0-1-0\" >\t\t\t<div class=\"textwidget\"><p>Curiculum Vitae du Pr\u00e9sident du Parlement<\/p>\n<\/div>\n\t\t<\/div><\/div><div id=\"panel-15682-0-1-1\" class=\"so-panel widget widget_text panel-last-child\" data-index=\"1\" >\t\t\t<div class=\"textwidget\"><p>&nbsp;<\/p>\n<p>&nbsp;<\/p>\n<\/div>\n\t\t<\/div><\/div><div id=\"pgc-15682-0-2\"  class=\"panel-grid-cell panel-grid-cell-empty\" ><\/div><\/div><div id=\"pg-15682-1\"  class=\"panel-grid panel-no-style\" ><div id=\"pgc-15682-1-0\"  class=\"panel-grid-cell panel-grid-cell-empty\" ><\/div><div id=\"pgc-15682-1-1\"  class=\"panel-grid-cell\" ><div id=\"panel-15682-1-1-0\" class=\"so-panel widget widget_media_image panel-first-child panel-last-child\" data-index=\"2\" ><img loading=\"lazy\" decoding=\"async\" width=\"300\" height=\"200\" src=\"https:\/\/assemblee-nationale.bj\/wp-content\/uploads\/2019\/05\/Le-pr\u00e9sident3-300x200.jpg\" class=\"image wp-image-2753  attachment-medium size-medium\" alt=\"\" style=\"max-width: 100%; height: auto;\" srcset=\"https:\/\/assemblee-nationale.bj\/wp-content\/uploads\/2019\/05\/Le-pr\u00e9sident3-300x200.jpg 300w, https:\/\/assemblee-nationale.bj\/wp-content\/uploads\/2019\/05\/Le-pr\u00e9sident3-768x512.jpg 768w, https:\/\/assemblee-nationale.bj\/wp-content\/uploads\/2019\/05\/Le-pr\u00e9sident3-1024x682.jpg 1024w, https:\/\/assemblee-nationale.bj\/wp-content\/uploads\/2019\/05\/Le-pr\u00e9sident3-1140x760.jpg 1140w, https:\/\/assemblee-nationale.bj\/wp-content\/uploads\/2019\/05\/Le-pr\u00e9sident3-570x380.jpg 570w, https:\/\/assemblee-nationale.bj\/wp-content\/uploads\/2019\/05\/Le-pr\u00e9sident3-380x254.jpg 380w, https:\/\/assemblee-nationale.bj\/wp-content\/uploads\/2019\/05\/Le-pr\u00e9sident3-285x190.jpg 285w, https:\/\/assemblee-nationale.bj\/wp-content\/uploads\/2019\/05\/Le-pr\u00e9sident3.jpg 1361w\" sizes=\"auto, (max-width: 300px) 100vw, 300px\" \/><\/div><\/div><div id=\"pgc-15682-1-2\"  class=\"panel-grid-cell panel-grid-cell-mobile-last\" ><div id=\"panel-15682-1-2-0\" class=\"so-panel widget widget_text panel-first-child panel-last-child\" data-index=\"3\" ><div class=\"panel-widget-style panel-widget-style-for-15682-1-2-0\" >\t\t\t<div class=\"textwidget\"><p><em>Louis VLAVONOU<\/em><br \/>\n<em>Pr\u00e9sident du Parlement<\/em><\/p>\n<\/div>\n\t\t<\/div><\/div><\/div><div id=\"pgc-15682-1-3\"  class=\"panel-grid-cell panel-grid-cell-empty\" ><\/div><\/div><div id=\"pg-15682-2\"  class=\"panel-grid panel-no-style\" ><div id=\"pgc-15682-2-0\"  class=\"panel-grid-cell panel-grid-cell-empty\" ><\/div><div id=\"pgc-15682-2-1\"  class=\"panel-grid-cell panel-grid-cell-mobile-last\" ><div id=\"panel-15682-2-1-0\" class=\"so-panel widget widget_text panel-first-child panel-last-child\" data-index=\"4\" ><div class=\"panel-widget-style panel-widget-style-for-15682-2-1-0\" >\t\t\t<div class=\"textwidget\"><div class=\"msg-body P_wpofO iy_A\" data-test-id=\"message-view-body-content\">\n<div class=\"jb_0 X_6MGW N_6Fd5\">\n<div>\n<div id=\"yiv7531514578\">\n<p><strong>ETAT CIVIL<br \/>\n<\/strong>Nom : VLAVONOU<br \/>\nPr\u00e9noms : Gb\u00e8hounou Louis<br \/>\nDate et lieu de naissance : en 1953 \u00e0 Ko-Koumolou (Ifangni)<br \/>\nNationalit\u00e9 : B\u00e9ninoise<br \/>\nSituation familiale : Mari\u00e9 et p\u00e8re de quatre (04) enfants<br \/>\nAdresse actuelle : 01 BP 338, Porto-Novo\/ T\u00e9l.\u00a0: 97 64 76 86 \/ 95 71 02 73<br \/>\nEmail\u00a0:\u00a0<a href=\"mailto:louis.vlavonou@gmail.com\" target=\"_blank\" rel=\"nofollow noopener\">louis.vlavonou@gmail.com<\/a><br \/>\nLangues parl\u00e9es : Fran\u00e7ais \u2013 Anglais (scolaire)- Goun<br \/>\nTitre : Inspecteur des Douanes \u00e0 la retraite<br \/>\nDernier grade : Cat\u00e9gorie A, Echelle 1, Echelon 12 (A1 \u2013 12)<br \/>\nColonel des douanes<\/p>\n<div><\/div>\n<div><strong>FORMATIONS ET DIPL\u00d4MES OBTENUS<\/strong><\/div>\n<div><\/div>\n<div>DES (Dipl\u00f4me d\u2019Etudes Sup\u00e9rieures obtenu \u00e0 l\u2019Ecole Nationale des Douanes de Neuilly-sur-Seine, 45e promotion)<br \/>\nExamen probatoire d\u2019entr\u00e9e dans les grandes \u00e9coles d\u2019administration financi\u00e8re\u00a0;<br \/>\nBrevet de contr\u00f4leur de Douane n\u00b02\u00a0( BCD 2 );<br \/>\nBrevet de contr\u00f4leur de Douane n\u00b01\u00a0( BCD 1 );<br \/>\nCertificat inter-arme (CIA)\u00a0;<br \/>\nFormation compl\u00e9mentaire de la formation commune de base (FCFCB)\u00a0;<br \/>\nFormation commune de base (FCB).<br \/>\nBAC (Baccalaur\u00e9at): S\u00e9rie C (Maths-Physiques)\u00a0;<br \/>\nEPECT (Examen Probatoire d\u2019Entr\u00e9e dans les classes Terminales)\u00a0: S\u00e9rie C\u2019 (Maths \u2013 Physiques)<br \/>\nBEPC (Brevet d\u2019Etudes du Premier Cycle)\u00a0;<br \/>\nCEPE (Certificat d\u2019Etudes Primaires et El\u00e9mentaires).<\/div>\n<div><\/div>\n<div><strong>EXP\u00c9RIENCES POLITIQUES<\/strong><\/div>\n<div><\/div>\n<div>Membre fondateur de l\u2019Union Progressiste et membre du bureau politique\u00a0;<br \/>\nMembre fondateur de l\u2019Union fait la Nation et membre du bureau politique\u00a0;<br \/>\nMembre fondateur du Mouvement Africain pour la D\u00e9mocratie et le Progr\u00e8s MADEP et membre du bureau politique ;<br \/>\n2019: \u00c9lu D\u00e9put\u00e9 \u00e0 l\u2019Assembl\u00e9e Nationale du B\u00e9nin, au titre de la Huiti\u00e8me L\u00e9gislature sur la liste de l\u2019Union Progressiste (Parti de la mouvance pr\u00e9sidentielle).<br \/>\n2015 : \u00c9lu D\u00e9put\u00e9 \u00e0 l\u2019Assembl\u00e9e Nationale du B\u00e9nin, au titre de la Septi\u00e8me L\u00e9gislature sur la liste de l\u2019Union fait la Nation (Parti de l\u2019opposition) ;<br \/>\nMembre du Conseil d\u2019Orientation et de Supervision de la Liste Electorale Permanente Informatis\u00e9e (COS-LEPI) : organe charg\u00e9 de l\u2019apurement, de la correction, de la mise \u00e0 jour, de l\u2019actualisation du fichier \u00e9lectoral nationale et de la Liste \u00c9lectorale Permanente Informatis\u00e9e (LEPI) ;<br \/>\nMembre du Comit\u00e9 Ex\u00e9cutif Afrique de l\u2019APNAC (African Parliamentarians\u2019 Network Against Corruption)\u00a0;<br \/>\nPr\u00e9sident APNAC Chapitre B\u00c9NIN ;<br \/>\nVice-Pr\u00e9sident de la section b\u00e9ninoise de l\u2019Assembl\u00e9e Parlementaire de la Francophonie (APF)\u00a0;<br \/>\nRapporteur de la Commission des Affaires Parlementaires de l\u2019APF (CAP\/APF);<br \/>\nVice-Pr\u00e9sident du R\u00e9seau des Parlementaires sur Population et D\u00e9veloppement\u00a0;<br \/>\nMembre de la Commission du Plan de l\u2019Assembl\u00e9e Nationale du BENIN.<br \/>\n2011 : \u00c9lu D\u00e9put\u00e9 \u00e0 l\u2019Assembl\u00e9e Nationale du B\u00e9nin, au titre de la Sixi\u00e8me L\u00e9gislature sur la liste de l\u2019Union fait la Nation (Parti de l\u2019opposition) ;<br \/>\nMembre du Conseil d\u2019Orientation et de Supervision de la Liste Electorale Permanente Informatis\u00e9e (COS-LEPI) : organe charg\u00e9 de l\u2019apurement, de la correction, de la mise \u00e0 jour, de l\u2019actualisation du fichier \u00e9lectoral nationale et de la Liste \u00c9lectorale Permanente Informatis\u00e9e (LEPI) ;<br \/>\nMembre du Comit\u00e9 Ex\u00e9cutif Afrique de l\u2019APNAC (African Parliamentarians\u2019 Network Against Corruption)\u00a0;<br \/>\nPr\u00e9sident APNAC Chapitre B\u00c9NIN ;<br \/>\nVice-Pr\u00e9sident de la section b\u00e9ninoise de l\u2019Assembl\u00e9e Parlementaire de la Francophonie (APF)\u00a0;<br \/>\nRapporteur de la Commission des Affaires Parlementaires de l\u2019APF (CAP\/APF);<br \/>\nVice-Pr\u00e9sident du R\u00e9seau des Parlementaires sur Population et D\u00e9veloppement\u00a0;<br \/>\nMembre de la Commission des Finances de l\u2019Assembl\u00e9e Nationale du B\u00c9NIN.<br \/>\n2007 : \u00c9lu D\u00e9put\u00e9 \u00e0 l\u2019Assembl\u00e9e Nationale du B\u00e9nin, au titre de la Cinqui\u00e8me L\u00e9gislature sur la liste de l\u2019Alliance pour une Dynamique D\u00e9mocratique ADD (Parti de l\u2019opposition) ;<br \/>\nMembre de la Commission des Finances\u00a0;<br \/>\nVice-Pr\u00e9sident du R\u00e9seau des Parlementaires sur Population et D\u00e9veloppement\u00a0;<br \/>\nPr\u00e9sident APNAC Chapitre BENIN\u00a0;<br \/>\nVice-Pr\u00e9sident de la section b\u00e9ninoise de l\u2019Assembl\u00e9e Parlementaire de la Francophonie (APF)\u00a0;<br \/>\nRapporteur de la Commission des Affaires Parlementaires de l\u2019APF (CAP\/APF);<br \/>\n2003 : \u00c9lu D\u00e9put\u00e9 \u00e0 l\u2019Assembl\u00e9e Nationale du B\u00e9nin, au titre de la quatri\u00e8me L\u00e9gislature sur la liste du Mouvement Africain pour la D\u00e9mocratie et le Progr\u00e8s MADEP (Parti de la mouvance pr\u00e9sidentielle);<br \/>\nMembre de la Commission des Finances, 2e Rapporteur de cette Commission.<\/div>\n<div><\/div>\n<div><strong>EXP\u00c9RIENCES PROFESSIONNELLES<\/strong><\/div>\n<div><\/div>\n<div>1994 \u00e0 ce jour : Formateur \u00e0 l\u2019Ecole Nationale des Douanes de Porto Novo (B\u00e9nin) ;<br \/>\n2004 \u00e0 2006 : Inspecteur au Service Action de la Direction de la Lutte Contre la Fraude\u00a0;<br \/>\n2002 \u00e0 2004 : Inspecteur au Service Enqu\u00eates Commerciales de la Direction de la Lutte Contre la Fraude\u00a0;<br \/>\n2000 \u00e0 2002 : Chef Service R\u00e9gional de Lutte Contre la Fraude des D\u00e9partements du Mono et du Couffo\u00a0;<br \/>\n1998 \u00e0 2000 : Receveur des Douanes \u00e0 Igolo (fronti\u00e8re avec le Nig\u00e9ria)\u00a0;<br \/>\n1996 \u00e0 1998 : Directeur du Bureau Particulier du Directeur G\u00e9n\u00e9ral des Douanes, Porte-Parole de l\u2019Administration des Douanes et Assistant du Directeur g\u00e9n\u00e9ral des Douanes\u00a0;<br \/>\n1994 \u00e0 1996 : Chef service R\u00e9gional de Lutte Contre La Fraude des D\u00e9partement de l\u2019Ou\u00e9m\u00e9\u00a0et du Plateau;<br \/>\n1993 \u00e0 1994 : Inspecteur de Visite \u00e0 la Recette des Douanes de Cotonou \u2013Port\u00a0;<br \/>\n1989 \u00e0 1992 : Chef Brigade des Douanes de Okeita, Pob\u00e8 (fronti\u00e8re avec le Nig\u00e9ria)\u00a0;<br \/>\n1986 \u00e0 1989 : Chef Brigade des Douanes de Sonahoulou (Fronti\u00e8re avec le Togo par Lama-Kara)\u00a0;<br \/>\n1984 \u00e0 1985 : Chef Brigade Mobile Adjoint des Douanes de l\u2019Ou\u00e9m\u00e9 \u00e0 Porto-Novo\u00a0;<br \/>\n1980 \u00e0 1984 : Chef Secr\u00e9tariat Particulier du Directeur G\u00e9n\u00e9ral des Douanes et Droits Indirects.<\/div>\n<div><\/div>\n<div><strong>VIE SYNDICALE ET ASSOCIATIVE<\/strong><\/div>\n<div><\/div>\n<div>Secr\u00e9taire g\u00e9n\u00e9ral du syndicat des Agents des Douanes\u00a0;<br \/>\nPr\u00e9sident de mod\u00e8le Hand Ball club de Porto-Novo\u00a0;<br \/>\nResponsable de chorales\u00a0;<br \/>\nResponsable du Renouveau Charismatique Catholique\u00a0;<br \/>\nResponsable de la Communaut\u00e9 de l\u2019Emmanuel\u00a0;<br \/>\nFormateur sur les questions de couple et de la famille \u00ab\u00a0amour et v\u00e9rit\u00e9\u00a0\u00bb.<\/div>\n<div><\/div>\n<div><strong>PUBLICATIONS<\/strong><\/div>\n<div><\/div>\n<div>M\u00e9moire sur le th\u00e8me \u00ab\u00a0La douane face au d\u00e9veloppement du commerce informel au B\u00e9nin\u00a0; Neuilly-Sur-Seine, 1993\u00a0;<br \/>\nPlaquette \u00e0 l\u2019usage des \u00e9l\u00e8ves de Terminale G sur les Techniques Bancaires \u2013 Assurance \u2013 Douanes (TBAD)\u00a0;<br \/>\nLe contentieux douanier \u00e0 l\u2019usage des pr\u00e9pos\u00e9s et Agents de Constatation des Douanes (Ecole Nationale des Douanes \u2013 Porto-Novo 2005)\u00a0;<br \/>\nLe contentieux douanier \u00e0 l\u2019usage des Agents de la cat\u00e9gorie A (Ecole Nationale des Douanes \u2013 Porto-Novo 2006)\u00a0;<br \/>\nConcepteur et R\u00e9dacteur du Guide Fiscal des Douanes\u00a0(1\u00e8re Edition);<br \/>\nDirecteur de Publication de SYNAD-INFO, organe d\u2019Information et de Formation du Syndicat National des Agents et Auxiliaires des Douanes.<\/div>\n<div><\/div>\n<div><strong>CERTIFICATS ET ATTESTATIONS<\/strong><\/div>\n<div><\/div>\n<div>Certificat de m\u00e9rite et troph\u00e9e de m\u00e9rite d\u00e9cern\u00e9s par l\u2019Organisation Mondiale des Douanes (OMD) \u00e0 l\u2019occasion de la journ\u00e9e internationale de la Douane-Janvier 2011\u00a0;<br \/>\nCertificat sur le \u00a0\u00ab\u00a0Criminal and Drug Investigation Management\u00a0\u00bb\u00a0: Organis\u00e9 par<br \/>\n\u00ab\u00a0International Criminal Investigative Training Assistance Program (ICITAP)\u00a0\u00bb, US Departement of Justice, Cotonou, 2002\u00a0;<br \/>\nCertificat de Sp\u00e9cialisation sur le Syst\u00e8me Harmonis\u00e9\u00a0: Organis\u00e9 par l\u2019Organisation Mondiale des Douanes, Porto-Novo, 2001\u00a0;<br \/>\nCertificat de Sp\u00e9cialisation sur l\u2019Evaluation Douani\u00e8re\u00a0: Organis\u00e9 par BIVAC International, Cotonou, 1998\u00a0;<br \/>\nCertificat de Sp\u00e9cialisation sur les Proc\u00e9dures de D\u00e9douanement et de Contr\u00f4le des Hydrocarbures, Porto-Novo, 1996\u00a0;<br \/>\nCertificat sur la Lutte Contre la Drogue dans le cadre du Programme R\u00e9gional de Formation \u00e0 l\u2019Etranger sur l\u2019Application des Lois\u00a0: Organis\u00e9 par \u00ab\u00a0Autority of Commissioner of Customs\u00a0\u00bb, US Departement of Trasury, Porto-Novo, 1996\u00a0;<br \/>\nCertificat de fin de formation sur les Droits de l\u2019Homme des Personnes Priv\u00e9es de Libert\u00e9\u00a0: Organis\u00e9 par le Centre pour les Droits de l\u2019Homme Des Nations-Unies, Cotonou, 1995\u00a0;<br \/>\nAttestation de Stage de formation des Inspecteurs de Surveillance\u00a0: Ecole des Brigades, La Rochelle (France), 1993\u00a0;<br \/>\nAttestation de Sp\u00e9cialisation d\u2019Inspecteur de Brigade\u00a0: Ecole Nationale des Brigades des Douanes Fran\u00e7aises, La Rochelle (France), 1993\u00a0;<br \/>\nAttestation de Formation des formateurs\u00a0: Ecole de Brigade des Douanes, La Rochelle (France), 1993.<\/div>\n<div><\/div>\n<div><em>Je certifie sinc\u00e8res les informations ci-dessous indiqu\u00e9es.<\/em><br \/>\n<em>Porto-Novo, le 17 Mai 2019<\/em><br \/>\n<em>Gb\u00e8hounou Louis <strong>VLAVONOU<\/strong><\/em><\/div>\n<\/div>\n<\/div>\n<\/div>\n<\/div>\n<\/div>\n\t\t<\/div><\/div><\/div><div id=\"pgc-15682-2-2\"  class=\"panel-grid-cell panel-grid-cell-empty\" ><\/div><\/div><div id=\"pg-15682-3\"  class=\"panel-grid panel-no-style\" ><div id=\"pgc-15682-3-0\"  class=\"panel-grid-cell panel-grid-cell-empty\" ><\/div><div id=\"pgc-15682-3-1\"  class=\"panel-grid-cell panel-grid-cell-mobile-last\" ><div id=\"panel-15682-3-1-0\" class=\"so-panel widget widget_text panel-first-child panel-last-child\" data-index=\"5\" >\t\t\t<div class=\"textwidget\"><p>&nbsp;<\/p>\n<p>&nbsp;<\/p>\n<\/div>\n\t\t<\/div><\/div><div id=\"pgc-15682-3-2\"  class=\"panel-grid-cell panel-grid-cell-empty\" ><\/div><\/div><\/div>","protected":false},"excerpt":{"rendered":"<p>Curiculum Vitae du Pr\u00e9sident du Parlement &nbsp; &nbsp; Louis VLAVONOU Pr\u00e9sident du Parlement<\/p>\n","protected":false},"author":13,"featured_media":0,"parent":1414,"menu_order":0,"comment_status":"closed","ping_status":"closed","template":"","meta":{"footnotes":""},"categories":[1],"tags":[],"class_list":["post-15682","page","type-page","status-publish","hentry","category-uncategorized"],"_links":{"self":[{"href":"https:\/\/assemblee-nationale.bj\/index.php\/wp-json\/wp\/v2\/pages\/15682","targetHints":{"allow":["GET"]}}],"collection":[{"href":"https:\/\/assemblee-nationale.bj\/index.php\/wp-json\/wp\/v2\/pages"}],"about":[{"href":"https:\/\/assemblee-nationale.bj\/index.php\/wp-json\/wp\/v2\/types\/page"}],"author":[{"embeddable":true,"href":"https:\/\/assemblee-nationale.bj\/index.php\/wp-json\/wp\/v2\/users\/13"}],"replies":[{"embeddable":true,"href":"https:\/\/assemblee-nationale.bj\/index.php\/wp-json\/wp\/v2\/comments?post=15682"}],"version-history":[{"count":1,"href":"https:\/\/assemblee-nationale.bj\/index.php\/wp-json\/wp\/v2\/pages\/15682\/revisions"}],"predecessor-version":[{"id":15683,"href":"https:\/\/assemblee-nationale.bj\/index.php\/wp-json\/wp\/v2\/pages\/15682\/revisions\/15683"}],"up":[{"embeddable":true,"href":"https:\/\/assemblee-nationale.bj\/index.php\/wp-json\/wp\/v2\/pages\/1414"}],"wp:attachment":[{"href":"https:\/\/assemblee-nationale.bj\/index.php\/wp-json\/wp\/v2\/media?parent=15682"}],"wp:term":[{"taxonomy":"category","embeddable":true,"href":"https:\/\/assemblee-nationale.bj\/index.php\/wp-json\/wp\/v2\/categories?post=15682"},{"taxonomy":"post_tag","embeddable":true,"href":"https:\/\/assemblee-nationale.bj\/index.php\/wp-json\/wp\/v2\/tags?post=15682"}],"curies":[{"name":"wp","href":"https:\/\/api.w.org\/{rel}","templated":true}]}}