
{"id":1860,"date":"2017-10-23T17:36:17","date_gmt":"2017-10-23T16:36:17","guid":{"rendered":"https:\/\/assemblee-nationale.bj\/?page_id=1860"},"modified":"2017-10-25T10:00:24","modified_gmt":"2017-10-25T09:00:24","slug":"texte_fondamentaux","status":"publish","type":"page","link":"https:\/\/assemblee-nationale.bj\/index.php\/presentation\/textes_fondamentaux\/texte_fondamentaux\/","title":{"rendered":"Textes Fondamentaux"},"content":{"rendered":"<div id=\"pl-1860\"  class=\"panel-layout\" ><div id=\"pg-1860-0\"  class=\"panel-grid panel-no-style\" ><div id=\"pgc-1860-0-0\"  class=\"panel-grid-cell panel-grid-cell-empty\" ><\/div><div id=\"pgc-1860-0-1\"  class=\"panel-grid-cell panel-grid-cell-mobile-last\" ><div id=\"panel-1860-0-1-0\" class=\"so-panel widget widget_text panel-first-child\" data-index=\"0\" ><div class=\"panel-widget-style panel-widget-style-for-1860-0-1-0\" >\t\t\t<div class=\"textwidget\"><p>Textes fondamentaux<\/p>\n<\/div>\n\t\t<\/div><\/div><div id=\"panel-1860-0-1-1\" class=\"so-panel widget widget_text panel-last-child\" data-index=\"1\" >\t\t\t<div class=\"textwidget\"><p>&nbsp;<\/p>\n<p>&nbsp;<\/p>\n<\/div>\n\t\t<\/div><\/div><div id=\"pgc-1860-0-2\"  class=\"panel-grid-cell panel-grid-cell-empty\" ><\/div><\/div><div id=\"pg-1860-1\"  class=\"panel-grid panel-no-style\" ><div id=\"pgc-1860-1-0\"  class=\"panel-grid-cell panel-grid-cell-empty\" ><\/div><div id=\"pgc-1860-1-1\"  class=\"panel-grid-cell panel-grid-cell-mobile-last\" ><div id=\"panel-1860-1-1-0\" class=\"so-panel widget widget_text panel-first-child panel-last-child\" data-index=\"2\" ><div class=\"panel-widget-style panel-widget-style-for-1860-1-1-0\" >\t\t\t<div class=\"textwidget\">\n<table id=\"tablepress-21\" class=\"tablepress tablepress-id-21\">\n<thead>\n<tr class=\"row-1 odd\">\n\t<th class=\"column-1\">Intitul\u00e9 <\/th><th class=\"column-2\">Taille<\/th>\n<\/tr>\n<\/thead>\n<tbody class=\"row-hover\">\n<tr class=\"row-2 even\">\n\t<td class=\"column-1\"><a href=\"https:\/\/assemblee-nationale.bj\/wp-content\/uploads\/2019\/12\/Loi-N\u00b02019-40-portant-r\u00e9vision-de-la-constitution.pdf\" rel=\"noopener\" target=\"_blank\">Constitution de la R\u00e9publique du B\u00e9nin R\u00e9vis\u00e9e<\/a><\/td><td class=\"column-2\">5 Mo<\/td>\n<\/tr>\n<tr class=\"row-3 odd\">\n\t<td class=\"column-1\"><a target=\"_blank\" href=\"\/wp-content\/uploads\/2017\/10\/assemblee_nationale_benin_fonctionnement.pdf\">Organisation et fonctionnement de l'Assembl\u00e9e Nationale<\/a><\/td><td class=\"column-2\">42 Kb<\/td>\n<\/tr>\n<tr class=\"row-4 even\">\n\t<td class=\"column-1\"><a target=\"_blank\" href=\"\/wp-content\/uploads\/2017\/10\/Benin-La-Constitution-1990.pdf\">Constitution de la R\u00e9publique du B\u00e9nin<\/a><\/td><td class=\"column-2\">87 Kb<\/td>\n<\/tr>\n<tr class=\"row-5 odd\">\n\t<td class=\"column-1\"><a target=\"_blank\" href=\"\/wp-content\/uploads\/2017\/10\/Guide-du-d\u00e9put\u00e9.pdf\">Guide du d\u00e9put\u00e9<\/a><\/td><td class=\"column-2\">1,34 Mo<\/td>\n<\/tr>\n<tr class=\"row-6 even\">\n\t<td class=\"column-1\"><a target=\"_blank\" href=\"\/wp-content\/uploads\/2022\/10\/RI-AN-2021-corrige\u0301-1.pdf\">R\u00e8glement Int\u00e9rieur de l'Assembl\u00e9e Nationale du B\u00e9nin<\/a><\/td><td class=\"column-2\">270 Kb<\/td>\n<\/tr>\n<\/tbody>\n<\/table>\n<!-- #tablepress-21 from cache -->\n<\/div>\n\t\t<\/div><\/div><\/div><div id=\"pgc-1860-1-2\"  class=\"panel-grid-cell panel-grid-cell-empty\" ><\/div><\/div><\/div>","protected":false},"excerpt":{"rendered":"<p>Textes fondamentaux &nbsp; &nbsp;<\/p>\n","protected":false},"author":10,"featured_media":0,"parent":1387,"menu_order":0,"comment_status":"closed","ping_status":"closed","template":"","meta":{"footnotes":""},"categories":[1],"tags":[],"class_list":["post-1860","page","type-page","status-publish","hentry","category-uncategorized"],"_links":{"self":[{"href":"https:\/\/assemblee-nationale.bj\/index.php\/wp-json\/wp\/v2\/pages\/1860","targetHints":{"allow":["GET"]}}],"collection":[{"href":"https:\/\/assemblee-nationale.bj\/index.php\/wp-json\/wp\/v2\/pages"}],"about":[{"href":"https:\/\/assemblee-nationale.bj\/index.php\/wp-json\/wp\/v2\/types\/page"}],"author":[{"embeddable":true,"href":"https:\/\/assemblee-nationale.bj\/index.php\/wp-json\/wp\/v2\/users\/10"}],"replies":[{"embeddable":true,"href":"https:\/\/assemblee-nationale.bj\/index.php\/wp-json\/wp\/v2\/comments?post=1860"}],"version-history":[{"count":1,"href":"https:\/\/assemblee-nationale.bj\/index.php\/wp-json\/wp\/v2\/pages\/1860\/revisions"}],"predecessor-version":[{"id":1863,"href":"https:\/\/assemblee-nationale.bj\/index.php\/wp-json\/wp\/v2\/pages\/1860\/revisions\/1863"}],"up":[{"embeddable":true,"href":"https:\/\/assemblee-nationale.bj\/index.php\/wp-json\/wp\/v2\/pages\/1387"}],"wp:attachment":[{"href":"https:\/\/assemblee-nationale.bj\/index.php\/wp-json\/wp\/v2\/media?parent=1860"}],"wp:term":[{"taxonomy":"category","embeddable":true,"href":"https:\/\/assemblee-nationale.bj\/index.php\/wp-json\/wp\/v2\/categories?post=1860"},{"taxonomy":"post_tag","embeddable":true,"href":"https:\/\/assemblee-nationale.bj\/index.php\/wp-json\/wp\/v2\/tags?post=1860"}],"curies":[{"name":"wp","href":"https:\/\/api.w.org\/{rel}","templated":true}]}}