
{"id":1861,"date":"2017-10-23T17:38:10","date_gmt":"2017-10-23T16:38:10","guid":{"rendered":"https:\/\/assemblee-nationale.bj\/?page_id=1861"},"modified":"2020-03-27T08:29:04","modified_gmt":"2020-03-27T07:29:04","slug":"partenaire_technique","status":"publish","type":"page","link":"https:\/\/assemblee-nationale.bj\/index.php\/cooperations-interparlementaires\/partenaires-techniques-et-financiers\/partenaire_technique\/","title":{"rendered":"Partenaires techniques et financiers"},"content":{"rendered":"<div id=\"pl-1861\"  class=\"panel-layout\" ><div id=\"pg-1861-0\"  class=\"panel-grid panel-no-style\" ><div id=\"pgc-1861-0-0\"  class=\"panel-grid-cell panel-grid-cell-empty\" ><\/div><div id=\"pgc-1861-0-1\"  class=\"panel-grid-cell panel-grid-cell-mobile-last\" ><div id=\"panel-1861-0-1-0\" class=\"so-panel widget widget_text panel-first-child\" data-index=\"0\" ><div class=\"panel-widget-style panel-widget-style-for-1861-0-1-0\" >\t\t\t<div class=\"textwidget\"><p><span class=\"subheading-category\">Partenaires techniques et financiers de l\u2019AN<\/span><\/p>\n<\/div>\n\t\t<\/div><\/div><div id=\"panel-1861-0-1-1\" class=\"so-panel widget widget_text panel-last-child\" data-index=\"1\" >\t\t\t<div class=\"textwidget\"><p>&nbsp;<\/p>\n<p>&nbsp;<\/p>\n<\/div>\n\t\t<\/div><\/div><div id=\"pgc-1861-0-2\"  class=\"panel-grid-cell panel-grid-cell-empty\" ><\/div><\/div><div id=\"pg-1861-1\"  class=\"panel-grid panel-has-style\" ><div class=\"panel-row-style panel-row-style-for-1861-1\" ><div id=\"pgc-1861-1-0\"  class=\"panel-grid-cell panel-grid-cell-empty\" ><\/div><div id=\"pgc-1861-1-1\"  class=\"panel-grid-cell panel-grid-cell-mobile-last\" ><div id=\"panel-1861-1-1-0\" class=\"so-panel widget widget_text panel-first-child panel-last-child\" data-index=\"2\" ><div class=\"panel-widget-style panel-widget-style-for-1861-1-1-0\" >\t\t\t<div class=\"textwidget\"><p><strong>L<\/strong>&lsquo;Assembl\u00e9e Nationale du B\u00e9nin est en relation avec plusieurs partenaires multilat\u00e9raux et plusieurs pays \u00e0 l&rsquo;instar de la France, l&rsquo;Allemagne et la Chine qui l&rsquo;appuient directement ou par le biais de leur Ambassade \u00e0 Cotonou..\u00a0 Au nombre des partenaires multilat\u00e9raux, nous pouvons citer\u00a0 :<\/p>\n<\/div>\n\t\t<\/div><\/div><\/div><div id=\"pgc-1861-1-2\"  class=\"panel-grid-cell panel-grid-cell-empty\" ><\/div><\/div><\/div><div id=\"pg-1861-2\"  class=\"panel-grid panel-has-style\" ><div class=\"panel-row-style panel-row-style-for-1861-2\" ><div id=\"pgc-1861-2-0\"  class=\"panel-grid-cell panel-grid-cell-empty\" ><\/div><div id=\"pgc-1861-2-1\"  class=\"panel-grid-cell panel-grid-cell-mobile-last\" ><div id=\"panel-1861-2-1-0\" class=\"so-panel widget widget_text panel-first-child panel-last-child\" data-index=\"3\" ><div class=\"panel-widget-style panel-widget-style-for-1861-2-1-0\" >\t\t\t<div class=\"textwidget\"><div class=\"partner-container\">\n<div class=\"pull-left img\"><img loading=\"lazy\" decoding=\"async\" class=\"alignnone size-full wp-image-3595\" src=\"https:\/\/assemblee-nationale.bj\/wp-content\/uploads\/2020\/03\/ue.png\" alt=\"\" width=\"220\" height=\"161\" \/><\/div>\n<div class=\"pull-left texte\">\n<h2>Union Europ\u00e9enne (UE)<\/h2>\n<p>L\u2019Union europ\u00e9enne (UE) et le B\u00e9nin sont des partenaires de longue date puisque c\u2019est au lendemain de l\u2019ind\u00e9pendance du B\u00e9nin en 1960 que la D\u00e9l\u00e9gation \u00e0 Cotonou a ouvert ses portes. L\u2019Union europ\u00e9enne et le B\u00e9nin ont au fil des ans b\u00e2ti des relations solides, dans les domaines politique, \u00e9conomique, commercial et de coop\u00e9ration.<br \/>\n<a class=\"btn read-more\" href=\"https:\/\/eeas.europa.eu\/delegations\/benin_fr\" target=\"blank\">En savoir plus <\/a><\/p>\n<\/div>\n<\/div>\n<\/div>\n\t\t<\/div><\/div><\/div><div id=\"pgc-1861-2-2\"  class=\"panel-grid-cell panel-grid-cell-empty\" ><\/div><\/div><\/div><div id=\"pg-1861-3\"  class=\"panel-grid panel-has-style\" ><div class=\"panel-row-style panel-row-style-for-1861-3\" ><div id=\"pgc-1861-3-0\"  class=\"panel-grid-cell panel-grid-cell-empty\" ><\/div><div id=\"pgc-1861-3-1\"  class=\"panel-grid-cell panel-grid-cell-mobile-last\" ><div id=\"panel-1861-3-1-0\" class=\"so-panel widget widget_text panel-first-child panel-last-child\" data-index=\"4\" ><div class=\"panel-widget-style panel-widget-style-for-1861-3-1-0\" >\t\t\t<div class=\"textwidget\"><div class=\"partner-container\">\n<div class=\"pull-left img\"><img decoding=\"async\" src=\"https:\/\/assemblee-nationale.bj\/wp-content\/uploads\/2020\/03\/NIMD.png\" \/><\/div>\n<div class=\"pull-left texte\">\n<h2>Institut N\u00e9erlandais pour la D\u00e9mocratie Multipartite (NIMD)<\/h2>\n<p>l\u2019institut n\u00e9erlandais pour la d\u00e9mocratie multipartite (NIMD) \u0153uvre \u00e0 la promotion d\u2019une politique pacifique, juste et inclusive dans le monde entier. Notre approche \u00e0 travers tous nos programmes est unique et caract\u00e9ris\u00e9e par le dialogue: nous r\u00e9unissons des politiciens de tous les horizons politiques.<br \/>\n<a class=\"btn read-more\" href=\"https:\/\/nimd.org\/\" target=\"blank\">En savoir plus <\/a><\/p>\n<\/div>\n<\/div>\n<\/div>\n\t\t<\/div><\/div><\/div><div id=\"pgc-1861-3-2\"  class=\"panel-grid-cell panel-grid-cell-empty\" ><\/div><\/div><\/div><div id=\"pg-1861-4\"  class=\"panel-grid panel-has-style\" ><div class=\"panel-row-style panel-row-style-for-1861-4\" ><div id=\"pgc-1861-4-0\"  class=\"panel-grid-cell panel-grid-cell-empty\" ><\/div><div id=\"pgc-1861-4-1\"  class=\"panel-grid-cell panel-grid-cell-mobile-last\" ><div id=\"panel-1861-4-1-0\" class=\"so-panel widget widget_text panel-first-child panel-last-child\" data-index=\"5\" ><div class=\"panel-widget-style panel-widget-style-for-1861-4-1-0\" >\t\t\t<div class=\"textwidget\"><div class=\"partner-container\">\n<div class=\"pull-left img\"><img decoding=\"async\" src=\"https:\/\/assemblee-nationale.bj\/wp-content\/uploads\/2020\/03\/awepa.png\" \/><\/div>\n<div class=\"pull-left texte\">\n<h2>Association des Parlementaires Europ\u00e9ens, Partenaires de l\u2019Afrique (AWEPA)<\/h2>\n<p>l&rsquo;AWEPA est une organisation internationale non gouvernementale qui soutient certains parlements en Afrique. Elle compte plus de 1500 parlementaires et ex-parlementaires europ\u00e9ens. Son si\u00e8ge est \u00e0 Amsterdam.<br \/>\n<a class=\"btn read-more\" href=\"http:\/\/www.awepa.org\" target=\"blank\">En savoir plus <\/a><\/p>\n<\/div>\n<\/div>\n<\/div>\n\t\t<\/div><\/div><\/div><div id=\"pgc-1861-4-2\"  class=\"panel-grid-cell panel-grid-cell-empty\" ><\/div><\/div><\/div><div id=\"pg-1861-5\"  class=\"panel-grid panel-has-style\" ><div class=\"panel-row-style panel-row-style-for-1861-5\" ><div id=\"pgc-1861-5-0\"  class=\"panel-grid-cell panel-grid-cell-empty\" ><\/div><div id=\"pgc-1861-5-1\"  class=\"panel-grid-cell panel-grid-cell-mobile-last\" ><div id=\"panel-1861-5-1-0\" class=\"so-panel widget widget_text panel-first-child panel-last-child\" data-index=\"6\" ><div class=\"panel-widget-style panel-widget-style-for-1861-5-1-0\" >\t\t\t<div class=\"textwidget\"><div class=\"partner-container\">\n<div class=\"pull-left img\"><img decoding=\"async\" src=\"https:\/\/assemblee-nationale.bj\/wp-content\/uploads\/2020\/03\/CP.png\" \/><\/div>\n<div class=\"pull-left texte\">\n<h2>Centre parlementaire canadien<\/h2>\n<p>Le Centre parlementaire canadien est cr\u00e9\u00e9 en 1968. Il est un organisme canadien sans but lucratif qui s\u2019est donn\u00e9 pour vocation d\u2019am\u00e9liorer l\u2019efficacit\u00e9 des assembl\u00e9es repr\u00e9sentatives dans le monde. Ce centre initie des projets en faveur des parlements d\u2019Asie, d\u2019Afrique, d\u2019Am\u00e9rique latine, d\u2019Europe de l\u2019Est et du Moyen-Orient. Le Parlement du B\u00e9nin a b\u00e9n\u00e9fici\u00e9 d\u2019un programme d\u2019appui au renforcement de ses capacit\u00e9s en mati\u00e8re budg\u00e9taire qui est arriv\u00e9 \u00e0 son terme en 2014.<br \/>\n<a class=\"btn read-more\" href=\"https:\/\/www.parlcent.org\/fr\/\" target=\"blank\">En savoir plus <\/a><\/p>\n<\/div>\n<\/div>\n<\/div>\n\t\t<\/div><\/div><\/div><div id=\"pgc-1861-5-2\"  class=\"panel-grid-cell panel-grid-cell-empty\" ><\/div><\/div><\/div><div id=\"pg-1861-6\"  class=\"panel-grid panel-has-style\" ><div class=\"panel-row-style panel-row-style-for-1861-6\" ><div id=\"pgc-1861-6-0\"  class=\"panel-grid-cell panel-grid-cell-empty\" ><\/div><div id=\"pgc-1861-6-1\"  class=\"panel-grid-cell panel-grid-cell-mobile-last\" ><div id=\"panel-1861-6-1-0\" class=\"so-panel widget widget_text panel-first-child panel-last-child\" data-index=\"7\" ><div class=\"panel-widget-style panel-widget-style-for-1861-6-1-0\" >\t\t\t<div class=\"textwidget\"><div class=\"partner-container\">\n<div class=\"pull-left img\"><img decoding=\"async\" src=\"https:\/\/assemblee-nationale.bj\/wp-content\/uploads\/2020\/03\/ACBF.png\" \/><\/div>\n<div class=\"pull-left texte\">\n<h2>Fondation pour le renforcement des capacit\u00e9s en Afrique (ACBF)<\/h2>\n<p>La Fondation pour le Renforcement des Capacit\u00e9s en Afrique (ACBF) est une institution ind\u00e9pendante engag\u00e9e dans le renforcement des capacit\u00e9s des parlements. Elle a vu le jour \u00e0 Harare le 9 f\u00e9vrier 1991 gr\u00e2ce aux efforts conjugu\u00e9s de la Banque Africaine pour le D\u00e9veloppement (BAD), de la Banque Mondiale et du Programme des Nations-Unies pour le D\u00e9veloppement (PNUD), soutenus par certains gouvernements africains et des bailleurs de fonds bilat\u00e9raux. L\u2019ACBF a \u00e9t\u00e9 cr\u00e9\u00e9e pour faire face aux probl\u00e8mes li\u00e9s au d\u00e9ficit de capacit\u00e9 en Afrique et aux d\u00e9fis en mati\u00e8re d\u2019investissement pour renforcer le capital humain et les institutions endog\u00e8nes en Afrique subsaharienne. Son appui au parlement du B\u00e9nin se fait par le biais de l&rsquo;institut parlementaire du benin (IPAB).<br \/>\n<a class=\"btn read-more\" href=\"https:\/\/www.acbf-pact.org\/fr\" target=\"blank\">En savoir plus <\/a><\/p>\n<\/div>\n<\/div>\n<\/div>\n\t\t<\/div><\/div><\/div><div id=\"pgc-1861-6-2\"  class=\"panel-grid-cell panel-grid-cell-empty\" ><\/div><\/div><\/div><div id=\"pg-1861-7\"  class=\"panel-grid panel-has-style\" ><div class=\"panel-row-style panel-row-style-for-1861-7\" ><div id=\"pgc-1861-7-0\"  class=\"panel-grid-cell panel-grid-cell-empty\" ><\/div><div id=\"pgc-1861-7-1\"  class=\"panel-grid-cell panel-grid-cell-mobile-last\" ><div id=\"panel-1861-7-1-0\" class=\"so-panel widget widget_text panel-first-child panel-last-child\" data-index=\"8\" ><div class=\"panel-widget-style panel-widget-style-for-1861-7-1-0\" >\t\t\t<div class=\"textwidget\"><div class=\"partner-container\">\n<div class=\"pull-left img\"><img decoding=\"async\" src=\"https:\/\/assemblee-nationale.bj\/wp-content\/uploads\/2020\/03\/pnud.png\" \/><\/div>\n<div class=\"pull-left texte\">\n<h2>Programme des Nations Unies pour le D\u00e9veloppement (PNUD)<\/h2>\n<p>Le Programme des Nations Unies pour le D\u00e9veloppement (PNUD) appuis le parlement soit directement, soit \u00e0 travers les r\u00e9seaux parlementaires ou des structures techniques telles que le Projet d\u2019Appui aux Renforcements des Capacit\u00e9s du Parlement et des Organes de Gestion des Elections (PARCPOGE) , l\u2019Unit\u00e9 d\u2019Analyse, de Contr\u00f4le et d\u2019Evaluation du Budget de l\u2019Etat (UNACEB).<br \/>\n<a class=\"btn read-more\" href=\"https:\/\/www.bj.undp.org\/\" target=\"blank\">En savoir plus <\/a><\/p>\n<\/div>\n<\/div>\n<\/div>\n\t\t<\/div><\/div><\/div><div id=\"pgc-1861-7-2\"  class=\"panel-grid-cell panel-grid-cell-empty\" ><\/div><\/div><\/div><div id=\"pg-1861-8\"  class=\"panel-grid panel-has-style\" ><div class=\"panel-row-style panel-row-style-for-1861-8\" ><div id=\"pgc-1861-8-0\"  class=\"panel-grid-cell panel-grid-cell-empty\" ><\/div><div id=\"pgc-1861-8-1\"  class=\"panel-grid-cell panel-grid-cell-mobile-last\" ><div id=\"panel-1861-8-1-0\" class=\"so-panel widget widget_text panel-first-child panel-last-child\" data-index=\"9\" ><div class=\"panel-widget-style panel-widget-style-for-1861-8-1-0\" >\t\t\t<div class=\"textwidget\"><div class=\"partner-container\">\n<div class=\"pull-left img\"><img decoding=\"async\" src=\"https:\/\/assemblee-nationale.bj\/demo\/wp-content\/uploads\/2020\/03\/unfpa.png\" \/><\/div>\n<div class=\"pull-left texte\">\n<h2>Fonds des Nations Unies pour la Population (FUNUAP)<\/h2>\n<p>Le Fonds des Nations Unies pour la Population (FUNUAP) appuis le parlement du B\u00e9nin dans plusieurs domaines. Ces appuis lui sont port\u00e9s soit directement, soit \u00e0 travers les r\u00e9seaux parlementaires ou des structures techniques telles que le Projet d\u2019Appui aux Renforcements des Capacit\u00e9s du Parlement et des Organes de Gestion des Elections (PARCPOGE), l\u2019Unit\u00e9 d\u2019Analyse, de Contr\u00f4le et d\u2019\u00e9valuation du Budget de l\u2019Etat (UNACEB).<br \/>\n<a class=\"btn read-more\" href=\"https:\/\/benin.unfpa.org\/fr\" target=\"blank\">En savoir plus <\/a><\/p>\n<\/div>\n<\/div>\n<\/div>\n\t\t<\/div><\/div><\/div><div id=\"pgc-1861-8-2\"  class=\"panel-grid-cell panel-grid-cell-empty\" ><\/div><\/div><\/div><div id=\"pg-1861-9\"  class=\"panel-grid panel-has-style\" ><div class=\"panel-row-style panel-row-style-for-1861-9\" ><div id=\"pgc-1861-9-0\"  class=\"panel-grid-cell panel-grid-cell-empty\" ><\/div><div id=\"pgc-1861-9-1\"  class=\"panel-grid-cell panel-grid-cell-mobile-last\" ><div id=\"panel-1861-9-1-0\" class=\"so-panel widget widget_text panel-first-child panel-last-child\" data-index=\"10\" ><div class=\"panel-widget-style panel-widget-style-for-1861-9-1-0\" >\t\t\t<div class=\"textwidget\"><div class=\"partner-container\">\n<div class=\"pull-left img\"><img decoding=\"async\" src=\"https:\/\/assemblee-nationale.bj\/demo\/wp-content\/uploads\/2020\/03\/unicef.png\" \/><\/div>\n<div class=\"pull-left texte\">\n<h2>Fonds des Nations-Unies pour l\u2019Enfance (UNICEF)<\/h2>\n<p>le Fonds des Nations-Unies pour l\u2019Enfance (UNICEF) appuis le parlement du B\u00e9nin dans plusieurs domaines. Ces appuis lui sont port\u00e9s soit directement, soit \u00e0 travers les r\u00e9seaux parlementaires ou des structures techniques telles que le Projet d\u2019Appui aux Renforcements des Capacit\u00e9s du Parlement et des Organes de Gestion des Elections (PARCPOGE), l\u2019Unit\u00e9 d\u2019Analyse, de Contr\u00f4le et d\u2019\u00e9valuation du Budget de l\u2019Etat (UNACEB).<br \/>\n<a class=\"btn read-more\" href=\"https:\/\/www.unicef.org\/fr\" target=\"blank\">En savoir plus <\/a><\/p>\n<\/div>\n<\/div>\n<\/div>\n\t\t<\/div><\/div><\/div><div id=\"pgc-1861-9-2\"  class=\"panel-grid-cell panel-grid-cell-empty\" ><\/div><\/div><\/div><div id=\"pg-1861-10\"  class=\"panel-grid panel-no-style\" ><div id=\"pgc-1861-10-0\"  class=\"panel-grid-cell panel-grid-cell-empty\" ><\/div><div id=\"pgc-1861-10-1\"  class=\"panel-grid-cell panel-grid-cell-mobile-last\" ><div id=\"panel-1861-10-1-0\" class=\"so-panel widget widget_text panel-first-child panel-last-child\" data-index=\"11\" >\t\t\t<div class=\"textwidget\"><p>&nbsp;<\/p>\n<p>&nbsp;<\/p>\n<\/div>\n\t\t<\/div><\/div><div id=\"pgc-1861-10-2\"  class=\"panel-grid-cell panel-grid-cell-empty\" ><\/div><\/div><\/div>","protected":false},"excerpt":{"rendered":"<p>Partenaires techniques et financiers de l\u2019AN &nbsp; &nbsp; L&rsquo;Assembl\u00e9e Nationale du B\u00e9nin est en relation avec plusieurs partenaires multilat\u00e9raux et plusieurs pays \u00e0 l&rsquo;instar de la France, l&rsquo;Allemagne et la Chine qui l&rsquo;appuient directement ou par le biais de leur Ambassade \u00e0 Cotonou..\u00a0 Au nombre des partenaires multilat\u00e9raux, nous pouvons citer\u00a0 :<\/p>\n","protected":false},"author":10,"featured_media":0,"parent":1435,"menu_order":0,"comment_status":"closed","ping_status":"closed","template":"","meta":{"footnotes":""},"categories":[1],"tags":[],"class_list":["post-1861","page","type-page","status-publish","hentry","category-uncategorized"],"_links":{"self":[{"href":"https:\/\/assemblee-nationale.bj\/index.php\/wp-json\/wp\/v2\/pages\/1861","targetHints":{"allow":["GET"]}}],"collection":[{"href":"https:\/\/assemblee-nationale.bj\/index.php\/wp-json\/wp\/v2\/pages"}],"about":[{"href":"https:\/\/assemblee-nationale.bj\/index.php\/wp-json\/wp\/v2\/types\/page"}],"author":[{"embeddable":true,"href":"https:\/\/assemblee-nationale.bj\/index.php\/wp-json\/wp\/v2\/users\/10"}],"replies":[{"embeddable":true,"href":"https:\/\/assemblee-nationale.bj\/index.php\/wp-json\/wp\/v2\/comments?post=1861"}],"version-history":[{"count":3,"href":"https:\/\/assemblee-nationale.bj\/index.php\/wp-json\/wp\/v2\/pages\/1861\/revisions"}],"predecessor-version":[{"id":1894,"href":"https:\/\/assemblee-nationale.bj\/index.php\/wp-json\/wp\/v2\/pages\/1861\/revisions\/1894"}],"up":[{"embeddable":true,"href":"https:\/\/assemblee-nationale.bj\/index.php\/wp-json\/wp\/v2\/pages\/1435"}],"wp:attachment":[{"href":"https:\/\/assemblee-nationale.bj\/index.php\/wp-json\/wp\/v2\/media?parent=1861"}],"wp:term":[{"taxonomy":"category","embeddable":true,"href":"https:\/\/assemblee-nationale.bj\/index.php\/wp-json\/wp\/v2\/categories?post=1861"},{"taxonomy":"post_tag","embeddable":true,"href":"https:\/\/assemblee-nationale.bj\/index.php\/wp-json\/wp\/v2\/tags?post=1861"}],"curies":[{"name":"wp","href":"https:\/\/api.w.org\/{rel}","templated":true}]}}