
{"id":1908,"date":"2017-10-25T10:01:54","date_gmt":"2017-10-25T09:01:54","guid":{"rendered":"https:\/\/assemblee-nationale.bj\/?page_id=1908"},"modified":"2020-03-26T01:19:27","modified_gmt":"2020-03-26T00:19:27","slug":"audiences-publiques","status":"publish","type":"page","link":"https:\/\/assemblee-nationale.bj\/index.php\/audiences-publiques\/","title":{"rendered":"Audiences publiques"},"content":{"rendered":"<div id=\"pl-1908\"  class=\"panel-layout\" ><div id=\"pg-1908-0\"  class=\"panel-grid panel-no-style\" ><div id=\"pgc-1908-0-0\"  class=\"panel-grid-cell panel-grid-cell-empty\" ><\/div><div id=\"pgc-1908-0-1\"  class=\"panel-grid-cell panel-grid-cell-mobile-last\" ><div id=\"panel-1908-0-1-0\" class=\"so-panel widget widget_text panel-first-child\" data-index=\"0\" ><div class=\"panel-widget-style panel-widget-style-for-1908-0-1-0\" >\t\t\t<div class=\"textwidget\"><p>Audiences publiques<\/p>\n<\/div>\n\t\t<\/div><\/div><div id=\"panel-1908-0-1-1\" class=\"so-panel widget widget_text panel-last-child\" data-index=\"1\" >\t\t\t<div class=\"textwidget\"><p>&nbsp;<\/p>\n<p>&nbsp;<\/p>\n<p>&nbsp;<\/p>\n<\/div>\n\t\t<\/div><\/div><div id=\"pgc-1908-0-2\"  class=\"panel-grid-cell panel-grid-cell-empty\" ><\/div><\/div><div id=\"pg-1908-1\"  class=\"panel-grid panel-no-style\" ><div id=\"pgc-1908-1-0\"  class=\"panel-grid-cell panel-grid-cell-empty\" ><\/div><div id=\"pgc-1908-1-1\"  class=\"panel-grid-cell panel-grid-cell-mobile-last\" ><div id=\"panel-1908-1-1-0\" class=\"so-panel widget widget_text panel-first-child panel-last-child\" data-index=\"2\" ><div class=\"panel-widget-style panel-widget-style-for-1908-1-1-0\" >\t\t\t<div class=\"textwidget\">\n<table id=\"tablepress-42\" class=\"tablepress tablepress-id-42\">\n<thead>\n<tr class=\"row-1 odd\">\n\t<th class=\"column-1\">N\u00b0<\/th><th class=\"column-2\">Titres<\/th><th class=\"column-3\">P\u00e9riodes<\/th><th class=\"column-4\">R\u00e9sum\u00e9s<\/th>\n<\/tr>\n<\/thead>\n<tbody class=\"row-hover\">\n<tr class=\"row-2 even\">\n\t<td class=\"column-1\">01<\/td><td class=\"column-2\">Audiences publiques sur la protection des droits de l\u2019enfant en R\u00e9publique du B\u00e9nin<\/td><td class=\"column-3\">Du 30 et 31 juillet 2018<\/td><td class=\"column-4\"><a class=\"btn read-more popmake-3603 popmake-audiences-publiques-1\">Lire le r\u00e9sum\u00e9<\/a><\/td>\n<\/tr>\n<tr class=\"row-3 odd\">\n\t<td class=\"column-1\">02<\/td><td class=\"column-2\">Audiences publiques sur l\u2019\u00e9ducation en R\u00e9publique du B\u00e9nin<\/td><td class=\"column-3\">Du 02 au 04 octobre 2019<\/td><td class=\"column-4\"><a class=\"btn read-more popmake-3610 popmake-audiences-publiques-2\">Lire le r\u00e9sum\u00e9<\/a><\/td>\n<\/tr>\n<tr class=\"row-4 even\">\n\t<td class=\"column-1\">03<\/td><td class=\"column-2\">Audiences publiques sur la sant\u00e9 en R\u00e9publique du B\u00e9nin<\/td><td class=\"column-3\">Du 17 au 18 janvier 2020<\/td><td class=\"column-4\"><a class=\"btn read-more popmake-3612 popmake-audiences-publiques-3\">Lire le r\u00e9sum\u00e9<\/a><\/td>\n<\/tr>\n<\/tbody>\n<\/table>\n<!-- #tablepress-42 from cache -->\n<\/div>\n\t\t<\/div><\/div><\/div><div id=\"pgc-1908-1-2\"  class=\"panel-grid-cell panel-grid-cell-empty\" ><\/div><\/div><div id=\"pg-1908-2\"  class=\"panel-grid panel-no-style\" ><div id=\"pgc-1908-2-0\"  class=\"panel-grid-cell panel-grid-cell-empty\" ><\/div><div id=\"pgc-1908-2-1\"  class=\"panel-grid-cell panel-grid-cell-mobile-last\" ><div id=\"panel-1908-2-1-0\" class=\"so-panel widget widget_text panel-first-child panel-last-child\" data-index=\"3\" ><div class=\"panel-widget-style panel-widget-style-for-1908-2-1-0\" >\t\t\t<div class=\"textwidget\"><\/div>\n\t\t<\/div><\/div><\/div><div id=\"pgc-1908-2-2\"  class=\"panel-grid-cell panel-grid-cell-empty\" ><\/div><\/div><\/div>","protected":false},"excerpt":{"rendered":"<p>Audiences publiques &nbsp; &nbsp; &nbsp;<\/p>\n","protected":false},"author":10,"featured_media":0,"parent":0,"menu_order":0,"comment_status":"closed","ping_status":"closed","template":"","meta":{"footnotes":""},"categories":[],"tags":[],"class_list":["post-1908","page","type-page","status-publish","hentry"],"_links":{"self":[{"href":"https:\/\/assemblee-nationale.bj\/index.php\/wp-json\/wp\/v2\/pages\/1908","targetHints":{"allow":["GET"]}}],"collection":[{"href":"https:\/\/assemblee-nationale.bj\/index.php\/wp-json\/wp\/v2\/pages"}],"about":[{"href":"https:\/\/assemblee-nationale.bj\/index.php\/wp-json\/wp\/v2\/types\/page"}],"author":[{"embeddable":true,"href":"https:\/\/assemblee-nationale.bj\/index.php\/wp-json\/wp\/v2\/users\/10"}],"replies":[{"embeddable":true,"href":"https:\/\/assemblee-nationale.bj\/index.php\/wp-json\/wp\/v2\/comments?post=1908"}],"version-history":[{"count":2,"href":"https:\/\/assemblee-nationale.bj\/index.php\/wp-json\/wp\/v2\/pages\/1908\/revisions"}],"predecessor-version":[{"id":1911,"href":"https:\/\/assemblee-nationale.bj\/index.php\/wp-json\/wp\/v2\/pages\/1908\/revisions\/1911"}],"wp:attachment":[{"href":"https:\/\/assemblee-nationale.bj\/index.php\/wp-json\/wp\/v2\/media?parent=1908"}],"wp:term":[{"taxonomy":"category","embeddable":true,"href":"https:\/\/assemblee-nationale.bj\/index.php\/wp-json\/wp\/v2\/categories?post=1908"},{"taxonomy":"post_tag","embeddable":true,"href":"https:\/\/assemblee-nationale.bj\/index.php\/wp-json\/wp\/v2\/tags?post=1908"}],"curies":[{"name":"wp","href":"https:\/\/api.w.org\/{rel}","templated":true}]}}