
{"id":2255,"date":"2017-11-06T11:28:27","date_gmt":"2017-11-06T10:28:27","guid":{"rendered":"https:\/\/assemblee-nationale.bj\/?page_id=2255"},"modified":"2017-11-13T08:19:36","modified_gmt":"2017-11-13T07:19:36","slug":"compte-rendu-sommaire","status":"publish","type":"page","link":"https:\/\/assemblee-nationale.bj\/index.php\/activites-parlementaires\/sessions\/compte-rendu-sommaire\/","title":{"rendered":"Comptes rendus sommaires"},"content":{"rendered":"<div id=\"pl-2255\"  class=\"panel-layout\" ><div id=\"pg-2255-0\"  class=\"panel-grid panel-no-style\" ><div id=\"pgc-2255-0-0\"  class=\"panel-grid-cell panel-grid-cell-empty\" ><\/div><div id=\"pgc-2255-0-1\"  class=\"panel-grid-cell panel-grid-cell-mobile-last\" ><div id=\"panel-2255-0-1-0\" class=\"so-panel widget widget_text panel-first-child\" data-index=\"0\" ><div class=\"panel-widget-style panel-widget-style-for-2255-0-1-0\" >\t\t\t<div class=\"textwidget\"><p>Comptes rendus sommaires<\/p>\n<\/div>\n\t\t<\/div><\/div><div id=\"panel-2255-0-1-1\" class=\"so-panel widget widget_text panel-last-child\" data-index=\"1\" >\t\t\t<div class=\"textwidget\"><p>&nbsp;<\/p>\n<p>&nbsp;<\/p>\n<\/div>\n\t\t<\/div><\/div><div id=\"pgc-2255-0-2\"  class=\"panel-grid-cell panel-grid-cell-empty\" ><\/div><\/div><div id=\"pg-2255-1\"  class=\"panel-grid panel-no-style\" ><div id=\"pgc-2255-1-0\"  class=\"panel-grid-cell panel-grid-cell-empty\" ><\/div><div id=\"pgc-2255-1-1\"  class=\"panel-grid-cell panel-grid-cell-mobile-last\" ><div id=\"panel-2255-1-1-1\" class=\"so-panel widget widget_text panel-last-child\" data-index=\"3\" >\t\t\t<div class=\"textwidget\"><\/div>\n\t\t<\/div><\/div><div id=\"pgc-2255-1-2\"  class=\"panel-grid-cell panel-grid-cell-empty\" ><\/div><\/div><div id=\"pg-2255-2\"  class=\"panel-grid panel-no-style\" ><div id=\"pgc-2255-2-0\"  class=\"panel-grid-cell panel-grid-cell-empty\" ><\/div><div id=\"pgc-2255-2-1\"  class=\"panel-grid-cell panel-grid-cell-mobile-last\" ><div id=\"panel-2255-2-1-0\" class=\"so-panel widget widget_text panel-first-child\" data-index=\"4\" >\t\t\t<div class=\"textwidget\"><p><em>Veuillez cliquer sur l&rsquo;intitul\u00e9 du d\u00e9bat pour acc\u00e9der au document pdf associ\u00e9<\/em><\/p>\n<\/div>\n\t\t<\/div><div id=\"panel-2255-2-1-1\" class=\"so-panel widget widget_text panel-last-child\" data-index=\"5\" >\t\t\t<div class=\"textwidget\">\n<table id=\"tablepress-22\" class=\"tablepress tablepress-id-22\">\n<thead>\n<tr class=\"row-1 odd\">\n\t<th class=\"column-1\">N\u00b0<\/th><th class=\"column-2\">Intitul\u00e9<\/th><th class=\"column-3\">Ouverture<\/th><th class=\"column-4\">Ordre du jour<\/th>\n<\/tr>\n<\/thead>\n<tbody class=\"row-hover\">\n<tr class=\"row-2 even\">\n\t<td class=\"column-1\">01<\/td><td class=\"column-2\"><a target=\"_blank\" href =\"\/wp-content\/uploads\/2017\/11\/s\u00e9ance-pl\u00e9ni\u00e8re-du-02-novembre-2017-doc.pdf\">S\u00e9ance pl\u00e9ni\u00e8re du 02 novembre 2017<\/a><\/td><td class=\"column-3\">26\/10\/2017<\/td><td class=\"column-4\">- Examen d\u2019une (01) question d\u2019actualit\u00e9 au Gouvernement relative aux<br \/>\nr\u00e9formes dans les universit\u00e9s publiques<br \/>\n- Examen de quatre (04) questions orales au Gouvernement<\/td>\n<\/tr>\n<tr class=\"row-3 odd\">\n\t<td class=\"column-1\">02<\/td><td class=\"column-2\"><a target=\"_blank\" href =\"\/wp-content\/uploads\/2017\/11\/s\u00e9ance-pl\u00e9ni\u00e8re-du-27-octobre-2017-doc.pdf\">S\u00e9ance pl\u00e9ni\u00e8re du 27 octobre 2017<\/a><\/td><td class=\"column-3\">26\/10\/2017<\/td><td class=\"column-4\">Examen du rapport d\u2019activit\u00e9s du Pr\u00e9sident de l\u2019Assembl\u00e9e<br \/>\nNationale couvrant la p\u00e9riode du 1er avril au 30 septembre 2017.<\/td>\n<\/tr>\n<tr class=\"row-4 even\">\n\t<td class=\"column-1\">03<\/td><td class=\"column-2\"><a target=\"_blank\" href =\"\/wp-content\/uploads\/2017\/11\/s\u00e9ance-pl\u00e9ni\u00e8re-du-26-octobre-2017-ouverture.pdf\">S\u00e9ance pl\u00e9ni\u00e8re du 26 octobre 2017<\/a><\/td><td class=\"column-3\">26\/10\/2017<\/td><td class=\"column-4\">Ouverture de la deuxi\u00e8me session ordinaire de l\u2019ann\u00e9e 2017.<\/td>\n<\/tr>\n<tr class=\"row-5 odd\">\n\t<td class=\"column-1\">04<\/td><td class=\"column-2\"><a target=\"_blank\" href =\"\/wp-content\/uploads\/2017\/11\/s\u00e9ance-pl\u00e9ni\u00e8re-du-12-octobre-2017.pdf\">S\u00e9ance pl\u00e9ni\u00e8re du 12 octobre 2017<\/a><\/td><td class=\"column-3\">28\/09\/2017<\/td><td class=\"column-4\">Examen du projet de loi portant :<br \/>\n- autorisation de ratification de l\u2019accord de pr\u00eat sign\u00e9 par \u00e9change<br \/>\nde courrier, le 27 avril 2017 entre la R\u00e9publique du B\u00e9nin et la Banque<br \/>\nOuest Africaine de D\u00e9veloppement (BOAD) ...<br \/>\n- autorisation de ratification de l\u2019accord de pr\u00eat sign\u00e9 avec la Banque<br \/>\nOuest Africaine de D\u00e9veloppement (BOAD) ...<br \/>\n- Cl\u00f4ture de la sixi\u00e8me session extraordinaire de l\u2019ann\u00e9e 2017.<\/td>\n<\/tr>\n<tr class=\"row-6 even\">\n\t<td class=\"column-1\">05<\/td><td class=\"column-2\"><a target=\"_blank\" href =\"\/wp-content\/uploads\/2017\/11\/s\u00e9ance-pl\u00e9ni\u00e8re-du-10-octobre-2017.pdf\">S\u00e9ance pl\u00e9ni\u00e8re du 10 octobre 2017<\/a><\/td><td class=\"column-3\">28\/09\/2017<\/td><td class=\"column-4\">Examen du projet de loi portant :<br \/>\n- autorisation de ratification de l\u2019accord de cr\u00e9dit sign\u00e9 le 22 mai 2017,<br \/>\nentre la R\u00e9publique du B\u00e9nin et Rabobank ...<br \/>\n- autorisation de ratification du contrat de cr\u00e9dit sign\u00e9 \u00e0 Cotonou, le<br \/>\n02 juin 2017, entre la R\u00e9publique du B\u00e9nin, Rabobank et KBC ...<\/td>\n<\/tr>\n<tr class=\"row-7 odd\">\n\t<td class=\"column-1\">06<\/td><td class=\"column-2\"><a target=\"_blank\" href =\"\/wp-content\/uploads\/2017\/11\/s\u00e9ance-pl\u00e9ni\u00e8re-du-06-octobre-2017.pdf\">S\u00e9ance pl\u00e9ni\u00e8re du 06 octobre 2017<\/a><\/td><td class=\"column-3\">28\/09\/2017<\/td><td class=\"column-4\">Examen du projet de loi portant:<br \/>\n- autorisation de ratification de l\u2019accord de pr\u00eat sign\u00e9, le 23 ao\u00fbt 2017<br \/>\nentre la R\u00e9publique du B\u00e9nin et EXPORT-IMPORT BANK (EXIMBANK) de<br \/>\nChine ...<br \/>\n- autorisation de ratification de l\u2019accord de financement additionnel<br \/>\nsign\u00e9 \u00e0 Washington, le 14 juillet 2017 ...<br \/>\n- autorisation de ratification de l\u2019accord de cr\u00e9dit sign\u00e9 par \u00e9change<br \/>\nde courrier, le 12 juillet 2017 entre la R\u00e9publique du B\u00e9nin et la Banque<br \/>\ndu Br\u00e9sil ...<\/td>\n<\/tr>\n<tr class=\"row-8 even\">\n\t<td class=\"column-1\">07<\/td><td class=\"column-2\"><a target=\"_blank\" href =\"\/wp-content\/uploads\/2017\/11\/s\u00e9ance-pl\u00e9ni\u00e8re-du-mardi-03-octobre-2017.pdf\">S\u00e9ance pl\u00e9ni\u00e8re du 03 octobre 2017<\/a><\/td><td class=\"column-3\">28\/09\/2017<\/td><td class=\"column-4\">examen du projet de loi portant autorisation de ratification de l\u2019accord<br \/>\nde financement additionnel sign\u00e9 \u00e0 Cotonou, le 02 juin 2017, entre la<br \/>\nR\u00e9publique du B\u00e9nin et l\u2019Association Internationale de D\u00e9veloppement<br \/>\n(AID) dans le cadre du Projet d\u2019Appui \u00e0 la Diversification Agricole<br \/>\n(PADA)).<\/td>\n<\/tr>\n<tr class=\"row-9 odd\">\n\t<td class=\"column-1\">08<\/td><td class=\"column-2\"><a target=\"_blank\" href =\"\/wp-content\/uploads\/2017\/11\/s\u00e9ance-pl\u00e9ni\u00e8re-du-02-octobre-2017.pdf\">S\u00e9ance pl\u00e9ni\u00e8re du 02 Octobre 2017<\/a><\/td><td class=\"column-3\">28\/09\/2017<\/td><td class=\"column-4\">- Examen du budget de l\u2019Assembl\u00e9e Nationale, gestion 2018 ;<br \/>\n- Examen du projet de loi portant autorisation de ratification de<br \/>\nl\u2019accord de financement additionnel sign\u00e9, le 02 juin 2017 entre la<br \/>\nR\u00e9publique du B\u00e9nin et l\u2019Association Internationale de D\u00e9veloppement<br \/>\n(AID) ...<\/td>\n<\/tr>\n<tr class=\"row-10 even\">\n\t<td class=\"column-1\">09<\/td><td class=\"column-2\"><a target=\"_blank\" href =\"\/wp-content\/uploads\/2017\/11\/s\u00e9ance-pl\u00e9ni\u00e8re-du-28-septembre-2017-Ouverture-de-la-sixi\u00e8me-session-extraodinaire-de-lann\u00e9e-2017.pdf\">S\u00e9ance pl\u00e9ni\u00e8re du 28 septembre 2017<\/a><\/td><td class=\"column-3\">28\/09\/2017<\/td><td class=\"column-4\">Ouverture de la sixi\u00e8me session extraordinaire de l\u2019ann\u00e9e 2017.<\/td>\n<\/tr>\n<tr class=\"row-11 odd\">\n\t<td class=\"column-1\">10<\/td><td class=\"column-2\"><a target=\"_blank\" href =\"\/wp-content\/uploads\/2017\/11\/s\u00e9ance-du-jeudi-21-septembre-2017.pdf\">S\u00e9ance pl\u00e9ni\u00e8re du 21 Septembre 2017<\/a><\/td><td class=\"column-3\">11\/09\/2017<\/td><td class=\"column-4\">- Mise en conformit\u00e9 de la loi n\u00b0 2017-04 modifiant et compl\u00e9tant<br \/>\nla loi n\u00b0 2009-02 du 07 ao\u00fbt 2009 portant code des march\u00e9s publics et<br \/>\ndes d\u00e9l\u00e9gations de service en R\u00e9publique du B\u00e9nin <br \/>\n- Cl\u00f4ture de la cinqui\u00e8me session extraordinaire de l\u2019ann\u00e9e 2017<\/td>\n<\/tr>\n<\/tbody>\n<\/table>\n<!-- #tablepress-22 from cache -->\n<\/div>\n\t\t<\/div><\/div><div id=\"pgc-2255-2-2\"  class=\"panel-grid-cell panel-grid-cell-empty\" ><\/div><\/div><div id=\"pg-2255-3\"  class=\"panel-grid panel-no-style\" ><div id=\"pgc-2255-3-0\"  class=\"panel-grid-cell panel-grid-cell-empty\" ><\/div><div id=\"pgc-2255-3-1\"  class=\"panel-grid-cell panel-grid-cell-mobile-last\" ><div id=\"panel-2255-3-1-0\" class=\"so-panel widget widget_text panel-first-child panel-last-child\" data-index=\"6\" >\t\t\t<div class=\"textwidget\"><p>&nbsp;<\/p>\n<p>&nbsp;<\/p>\n<\/div>\n\t\t<\/div><\/div><div id=\"pgc-2255-3-2\"  class=\"panel-grid-cell panel-grid-cell-empty\" ><\/div><\/div><\/div>","protected":false},"excerpt":{"rendered":"<p>Comptes rendus sommaires &nbsp; &nbsp;<\/p>\n","protected":false},"author":10,"featured_media":0,"parent":1389,"menu_order":0,"comment_status":"closed","ping_status":"closed","template":"","meta":{"footnotes":""},"categories":[1],"tags":[],"class_list":["post-2255","page","type-page","status-publish","hentry","category-uncategorized"],"_links":{"self":[{"href":"https:\/\/assemblee-nationale.bj\/index.php\/wp-json\/wp\/v2\/pages\/2255","targetHints":{"allow":["GET"]}}],"collection":[{"href":"https:\/\/assemblee-nationale.bj\/index.php\/wp-json\/wp\/v2\/pages"}],"about":[{"href":"https:\/\/assemblee-nationale.bj\/index.php\/wp-json\/wp\/v2\/types\/page"}],"author":[{"embeddable":true,"href":"https:\/\/assemblee-nationale.bj\/index.php\/wp-json\/wp\/v2\/users\/10"}],"replies":[{"embeddable":true,"href":"https:\/\/assemblee-nationale.bj\/index.php\/wp-json\/wp\/v2\/comments?post=2255"}],"version-history":[{"count":2,"href":"https:\/\/assemblee-nationale.bj\/index.php\/wp-json\/wp\/v2\/pages\/2255\/revisions"}],"predecessor-version":[{"id":2336,"href":"https:\/\/assemblee-nationale.bj\/index.php\/wp-json\/wp\/v2\/pages\/2255\/revisions\/2336"}],"up":[{"embeddable":true,"href":"https:\/\/assemblee-nationale.bj\/index.php\/wp-json\/wp\/v2\/pages\/1389"}],"wp:attachment":[{"href":"https:\/\/assemblee-nationale.bj\/index.php\/wp-json\/wp\/v2\/media?parent=2255"}],"wp:term":[{"taxonomy":"category","embeddable":true,"href":"https:\/\/assemblee-nationale.bj\/index.php\/wp-json\/wp\/v2\/categories?post=2255"},{"taxonomy":"post_tag","embeddable":true,"href":"https:\/\/assemblee-nationale.bj\/index.php\/wp-json\/wp\/v2\/tags?post=2255"}],"curies":[{"name":"wp","href":"https:\/\/api.w.org\/{rel}","templated":true}]}}