
{"id":2259,"date":"2017-11-06T12:20:47","date_gmt":"2017-11-06T11:20:47","guid":{"rendered":"https:\/\/assemblee-nationale.bj\/?page_id=2259"},"modified":"2023-03-23T12:40:36","modified_gmt":"2023-03-23T11:40:36","slug":"groupes-parlementaires","status":"publish","type":"page","link":"https:\/\/assemblee-nationale.bj\/index.php\/presentation\/organisation_et_fonctionnement\/groupes-parlementaires\/","title":{"rendered":"Groupes parlementaires"},"content":{"rendered":"<div id=\"pl-2259\"  class=\"panel-layout\" ><div id=\"pg-2259-0\"  class=\"panel-grid panel-no-style\" ><div id=\"pgc-2259-0-0\"  class=\"panel-grid-cell panel-grid-cell-empty\" ><\/div><div id=\"pgc-2259-0-1\"  class=\"panel-grid-cell panel-grid-cell-mobile-last\" ><div id=\"panel-2259-0-1-0\" class=\"so-panel widget widget_text panel-first-child\" data-index=\"0\" ><div class=\"panel-widget-style panel-widget-style-for-2259-0-1-0\" >\t\t\t<div class=\"textwidget\"><p>Groupes parlementaires<\/p>\n<\/div>\n\t\t<\/div><\/div><div id=\"panel-2259-0-1-1\" class=\"so-panel widget widget_text panel-last-child\" data-index=\"1\" >\t\t\t<div class=\"textwidget\"><p>&nbsp;<\/p>\n<p>&nbsp;<\/p>\n<\/div>\n\t\t<\/div><\/div><div id=\"pgc-2259-0-2\"  class=\"panel-grid-cell panel-grid-cell-empty\" ><\/div><\/div><div id=\"pg-2259-1\"  class=\"panel-grid panel-has-style\" ><div class=\"panel-row-style panel-row-style-for-2259-1\" ><div id=\"pgc-2259-1-0\"  class=\"panel-grid-cell panel-grid-cell-empty\" ><\/div><div id=\"pgc-2259-1-1\"  class=\"panel-grid-cell panel-grid-cell-mobile-last\" ><div id=\"panel-2259-1-1-0\" class=\"so-panel widget widget_text panel-first-child panel-last-child\" data-index=\"2\" ><div class=\"panel-widget-style panel-widget-style-for-2259-1-1-0\" >\t\t\t<div class=\"textwidget\"><p><strong>BLOC R\u00c9PUBLICAIN (BR)<br \/>\n<\/strong><\/p>\n<\/div>\n\t\t<\/div><\/div><\/div><div id=\"pgc-2259-1-2\"  class=\"panel-grid-cell panel-grid-cell-empty\" ><\/div><\/div><\/div><div id=\"pg-2259-2\"  class=\"panel-grid panel-has-style\" ><div class=\"panel-row-style panel-row-style-for-2259-2\" ><div id=\"pgc-2259-2-0\"  class=\"panel-grid-cell panel-grid-cell-empty\" ><\/div><div id=\"pgc-2259-2-1\"  class=\"panel-grid-cell\" ><div id=\"panel-2259-2-1-0\" class=\"so-panel widget widget_media_image panel-first-child panel-last-child\" data-index=\"3\" ><div class=\"panel-widget-style panel-widget-style-for-2259-2-1-0\" ><img loading=\"lazy\" decoding=\"async\" width=\"217\" height=\"300\" src=\"https:\/\/assemblee-nationale.bj\/wp-content\/uploads\/2023\/02\/assan-seibou_52685730435_o-217x300.jpg\" class=\"image wp-image-5190  attachment-medium size-medium\" alt=\"\" style=\"max-width: 100%; height: auto;\" srcset=\"https:\/\/assemblee-nationale.bj\/wp-content\/uploads\/2023\/02\/assan-seibou_52685730435_o-217x300.jpg 217w, https:\/\/assemblee-nationale.bj\/wp-content\/uploads\/2023\/02\/assan-seibou_52685730435_o-768x1063.jpg 768w, https:\/\/assemblee-nationale.bj\/wp-content\/uploads\/2023\/02\/assan-seibou_52685730435_o-740x1024.jpg 740w\" sizes=\"auto, (max-width: 217px) 100vw, 217px\" \/><\/div><\/div><\/div><div id=\"pgc-2259-2-2\"  class=\"panel-grid-cell panel-grid-cell-mobile-last\" ><div id=\"panel-2259-2-2-0\" class=\"so-panel widget widget_text panel-first-child panel-last-child\" data-index=\"4\" ><div class=\"panel-widget-style panel-widget-style-for-2259-2-2-0\" >\t\t\t<div class=\"textwidget\"><p>Cr\u00e9\u00e9 le 01\/03\/2023<\/p>\n\n<table id=\"tablepress-23\" class=\"tablepress tablepress-id-23\">\n<thead>\n<tr class=\"row-1 odd\">\n\t<th class=\"column-1\">Nom et pr\u00e9noms<\/th><th class=\"column-2\">Parti<\/th>\n<\/tr>\n<\/thead>\n<tbody class=\"row-hover\">\n<tr class=\"row-2 even\">\n\t<td class=\"column-1\">ADJA\u00cf Titilayo<\/td><td class=\"column-2\">Bloc R\u00e9publicain (BR)<\/td>\n<\/tr>\n<tr class=\"row-3 odd\">\n\t<td class=\"column-1\">AGONGBONON Lambert\t<\/td><td class=\"column-2\">Bloc R\u00e9publicain (BR)<\/td>\n<\/tr>\n<tr class=\"row-4 even\">\n\t<td class=\"column-1\">AHYI D\u00e9d\u00e9vi Eugenie Chantal<\/td><td class=\"column-2\">Bloc R\u00e9publicain (BR)<\/td>\n<\/tr>\n<tr class=\"row-5 odd\">\n\t<td class=\"column-1\">AKPOVI Eustache<\/td><td class=\"column-2\">Bloc R\u00e9publicain (BR)<\/td>\n<\/tr>\n<tr class=\"row-6 even\">\n\t<td class=\"column-1\">BAKO ARIFARI Nassirou\t<\/td><td class=\"column-2\">Bloc R\u00e9publicain (BR)<\/td>\n<\/tr>\n<tr class=\"row-7 odd\">\n\t<td class=\"column-1\">DAGNIHO Rosine<\/td><td class=\"column-2\">Bloc R\u00e9publicain (BR)<\/td>\n<\/tr>\n<tr class=\"row-8 even\">\n\t<td class=\"column-1\">DEGLA Assouan Benoit<\/td><td class=\"column-2\">Bloc R\u00e9publicain (BR)<\/td>\n<\/tr>\n<tr class=\"row-9 odd\">\n\t<td class=\"column-1\">FATOLOU Omobolanle Rachidatou<\/td><td class=\"column-2\">Bloc R\u00e9publicain (BR)<\/td>\n<\/tr>\n<tr class=\"row-10 even\">\n\t<td class=\"column-1\">GANSE Codjo Armand<\/td><td class=\"column-2\">Bloc R\u00e9publicain (BR)<\/td>\n<\/tr>\n<tr class=\"row-11 odd\">\n\t<td class=\"column-1\">GBIAN Robert<\/td><td class=\"column-2\">Bloc R\u00e9publicain (BR)<\/td>\n<\/tr>\n<tr class=\"row-12 even\">\n\t<td class=\"column-1\">GLEGBETO D\u00e9nis<\/td><td class=\"column-2\">Bloc R\u00e9publicain (BR)<\/td>\n<\/tr>\n<tr class=\"row-13 odd\">\n\t<td class=\"column-1\">GOUNOU SALIFOU Abdoulaye\t<\/td><td class=\"column-2\">Bloc R\u00e9publicain (BR)<\/td>\n<\/tr>\n<tr class=\"row-14 even\">\n\t<td class=\"column-1\">HOUNGNIBO Coffi Bernard<\/td><td class=\"column-2\">Bloc R\u00e9publicain (BR)<\/td>\n<\/tr>\n<tr class=\"row-15 odd\">\n\t<td class=\"column-1\">KARIM TIDJANI Mounifa<\/td><td class=\"column-2\">Bloc R\u00e9publicain (BR)<\/td>\n<\/tr>\n<tr class=\"row-16 even\">\n\t<td class=\"column-1\">KASSA Dahoga Barth\u00e9l\u00e9my<\/td><td class=\"column-2\">Bloc R\u00e9publicain (BR)<\/td>\n<\/tr>\n<tr class=\"row-17 odd\">\n\t<td class=\"column-1\">KOUSSONDA Adjibad\u00e9 Moukaram<\/td><td class=\"column-2\">Bloc R\u00e9publicain (BR)<\/td>\n<\/tr>\n<tr class=\"row-18 even\">\n\t<td class=\"column-1\">KOUWANOU Gnonlonfin Mathias <\/td><td class=\"column-2\">Bloc R\u00e9publicain (BR)<\/td>\n<\/tr>\n<tr class=\"row-19 odd\">\n\t<td class=\"column-1\">M\u2019PO N\u2019Tia Th\u00e9ophile<\/td><td class=\"column-2\">Bloc R\u00e9publicain (BR)<\/td>\n<\/tr>\n<tr class=\"row-20 even\">\n\t<td class=\"column-1\">SABI YO Sanni Innocent<\/td><td class=\"column-2\">Bloc R\u00e9publicain (BR)<\/td>\n<\/tr>\n<tr class=\"row-21 odd\">\n\t<td class=\"column-1\">SALIOU Alidjanatou<\/td><td class=\"column-2\">Bloc R\u00e9publicain (BR)<\/td>\n<\/tr>\n<tr class=\"row-22 even\">\n\t<td class=\"column-1\">SCHANOU-AROUNA Sofiatou Modjisola<\/td><td class=\"column-2\">Bloc R\u00e9publicain (BR)<\/td>\n<\/tr>\n<tr class=\"row-23 odd\">\n\t<td class=\"column-1\">SE\u00cfBOU Assan<\/td><td class=\"column-2\">Bloc R\u00e9publicain (BR)<\/td>\n<\/tr>\n<tr class=\"row-24 even\">\n\t<td class=\"column-1\">SE\u00cfDOU Abdoul Malick<\/td><td class=\"column-2\">Bloc R\u00e9publicain (BR)<\/td>\n<\/tr>\n<tr class=\"row-25 odd\">\n\t<td class=\"column-1\">SOKPOEKPE Nathana\u00ebl<\/td><td class=\"column-2\">Bloc R\u00e9publicain (BR)<\/td>\n<\/tr>\n<tr class=\"row-26 even\">\n\t<td class=\"column-1\">SOSSOU Casimir<\/td><td class=\"column-2\">Bloc R\u00e9publicain (BR)<\/td>\n<\/tr>\n<tr class=\"row-27 odd\">\n\t<td class=\"column-1\">TCHANATI Jeanne<\/td><td class=\"column-2\">Bloc R\u00e9publicain (BR)<\/td>\n<\/tr>\n<tr class=\"row-28 even\">\n\t<td class=\"column-1\">TOKO Charles<\/td><td class=\"column-2\">Bloc R\u00e9publicain (BR)<\/td>\n<\/tr>\n<tr class=\"row-29 odd\">\n\t<td class=\"column-1\">YAHOUEDEOU Fran\u00e7ois Janvier<\/td><td class=\"column-2\">Bloc R\u00e9publicain (BR)<\/td>\n<\/tr>\n<\/tbody>\n<\/table>\n<!-- #tablepress-23 from cache -->\n<\/div>\n\t\t<\/div><\/div><\/div><div id=\"pgc-2259-2-3\"  class=\"panel-grid-cell panel-grid-cell-empty\" ><\/div><\/div><\/div><div id=\"pg-2259-3\"  class=\"panel-grid panel-has-style\" ><div class=\"panel-row-style panel-row-style-for-2259-3\" ><div id=\"pgc-2259-3-0\"  class=\"panel-grid-cell panel-grid-cell-empty\" ><\/div><div id=\"pgc-2259-3-1\"  class=\"panel-grid-cell panel-grid-cell-mobile-last\" ><div id=\"panel-2259-3-1-0\" class=\"so-panel widget widget_text panel-first-child panel-last-child\" data-index=\"5\" ><div class=\"panel-widget-style panel-widget-style-for-2259-3-1-0\" >\t\t\t<div class=\"textwidget\"><p><strong>UNION PROGRESSISTE (UP)<br \/>\n<\/strong><\/p>\n<\/div>\n\t\t<\/div><\/div><\/div><div id=\"pgc-2259-3-2\"  class=\"panel-grid-cell panel-grid-cell-empty\" ><\/div><\/div><\/div><div id=\"pg-2259-4\"  class=\"panel-grid panel-has-style\" ><div class=\"panel-row-style panel-row-style-for-2259-4\" ><div id=\"pgc-2259-4-0\"  class=\"panel-grid-cell panel-grid-cell-empty\" ><\/div><div id=\"pgc-2259-4-1\"  class=\"panel-grid-cell\" ><div id=\"panel-2259-4-1-0\" class=\"so-panel widget widget_media_image panel-first-child panel-last-child\" data-index=\"6\" ><div class=\"panel-widget-style panel-widget-style-for-2259-4-1-0\" ><img loading=\"lazy\" decoding=\"async\" width=\"217\" height=\"300\" src=\"https:\/\/assemblee-nationale.bj\/wp-content\/uploads\/2023\/02\/ake-natond__52685783953_o-217x300.jpg\" class=\"image wp-image-5181  attachment-medium size-medium\" alt=\"\" style=\"max-width: 100%; height: auto;\" srcset=\"https:\/\/assemblee-nationale.bj\/wp-content\/uploads\/2023\/02\/ake-natond__52685783953_o-217x300.jpg 217w, https:\/\/assemblee-nationale.bj\/wp-content\/uploads\/2023\/02\/ake-natond__52685783953_o-768x1063.jpg 768w, https:\/\/assemblee-nationale.bj\/wp-content\/uploads\/2023\/02\/ake-natond__52685783953_o-740x1024.jpg 740w\" sizes=\"auto, (max-width: 217px) 100vw, 217px\" \/><\/div><\/div><\/div><div id=\"pgc-2259-4-2\"  class=\"panel-grid-cell panel-grid-cell-mobile-last\" ><div id=\"panel-2259-4-2-0\" class=\"so-panel widget widget_text panel-first-child panel-last-child\" data-index=\"7\" ><div class=\"panel-widget-style panel-widget-style-for-2259-4-2-0\" >\t\t\t<div class=\"textwidget\"><p>Cr\u00e9\u00e9 le 01\/03\/2023<\/p>\n\n<table id=\"tablepress-24\" class=\"tablepress tablepress-id-24\">\n<thead>\n<tr class=\"row-1 odd\">\n\t<th class=\"column-1\">nom et prenoms<\/th><th class=\"column-2\">parti<\/th>\n<\/tr>\n<\/thead>\n<tbody class=\"row-hover\">\n<tr class=\"row-2 even\">\n\t<td class=\"column-1\">ABIOSSE Abdou Razack Olalandou<\/td><td class=\"column-2\">Union Progressiste (UP)<\/td>\n<\/tr>\n<tr class=\"row-3 odd\">\n\t<td class=\"column-1\">ADOMAHOU J\u00e9r\u00e9mie<\/td><td class=\"column-2\">Union Progressiste (UP)<\/td>\n<\/tr>\n<tr class=\"row-4 even\">\n\t<td class=\"column-1\">AGBOJETE Hounsa Justin<\/td><td class=\"column-2\">Union Progressiste (UP)<\/td>\n<\/tr>\n<tr class=\"row-5 odd\">\n\t<td class=\"column-1\">AGOUA Assogba Edmond<\/td><td class=\"column-2\">Union Progressiste (UP)<\/td>\n<\/tr>\n<tr class=\"row-6 even\">\n\t<td class=\"column-1\">AHOUANVOEBLA S\u00e8dogbo Augustin<\/td><td class=\"column-2\">Union Progressiste (UP)<\/td>\n<\/tr>\n<tr class=\"row-7 odd\">\n\t<td class=\"column-1\">AHOUMENOU C\u00e9cile S\u00e8gb\u00e9gnon<\/td><td class=\"column-2\">Union Progressiste (UP)<\/td>\n<\/tr>\n<tr class=\"row-8 even\">\n\t<td class=\"column-1\">A\u00cfKOELE Ago\u00ef Rogatienne<\/td><td class=\"column-2\">Union Progressiste (UP)<\/td>\n<\/tr>\n<tr class=\"row-9 odd\">\n\t<td class=\"column-1\">AKE Natond\u00e9<\/td><td class=\"column-2\">Union Progressiste (UP)<\/td>\n<\/tr>\n<tr class=\"row-10 even\">\n\t<td class=\"column-1\">AKITOBI Olga Ad\u00e9dogni Olour\u00e9mi<\/td><td class=\"column-2\">Union Progressiste (UP)<\/td>\n<\/tr>\n<tr class=\"row-11 odd\">\n\t<td class=\"column-1\">ALLADATIN Jean-Baptiste Orden Rosae<\/td><td class=\"column-2\">Union Progressiste (UP)<\/td>\n<\/tr>\n<tr class=\"row-12 even\">\n\t<td class=\"column-1\">ALLOSOHOUN Richard Kocouvi Adjihounho<\/td><td class=\"column-2\">Union Progressiste (UP)<\/td>\n<\/tr>\n<tr class=\"row-13 odd\">\n\t<td class=\"column-1\">AMADOU DJIBRIL Labiou<\/td><td class=\"column-2\">Union Progressiste (UP)<\/td>\n<\/tr>\n<tr class=\"row-14 even\">\n\t<td class=\"column-1\">AMOUSSOU Sossou Bernard<\/td><td class=\"column-2\">Union Progressiste (UP)<\/td>\n<\/tr>\n<tr class=\"row-15 odd\">\n\t<td class=\"column-1\">APITHY s\u00e8dozan Jean-Claude Clovis<\/td><td class=\"column-2\">Union Progressiste (UP)<\/td>\n<\/tr>\n<tr class=\"row-16 even\">\n\t<td class=\"column-1\">BEHANZIN Y\u00e9nankponhami Edouard<\/td><td class=\"column-2\">Union Progressiste (UP)<\/td>\n<\/tr>\n<tr class=\"row-17 odd\">\n\t<td class=\"column-1\">CHABI GORO Bak\u00e9<\/td><td class=\"column-2\">Union Progressiste (UP)<\/td>\n<\/tr>\n<tr class=\"row-18 even\">\n\t<td class=\"column-1\">DADEGNON Alice Melevi<\/td><td class=\"column-2\">Union Progressiste (UP)<\/td>\n<\/tr>\n<tr class=\"row-19 odd\">\n\t<td class=\"column-1\">DEGBEDJI Mahoutin D\u00e9nise<\/td><td class=\"column-2\">Union Progressiste (UP)<\/td>\n<\/tr>\n<tr class=\"row-20 even\">\n\t<td class=\"column-1\">DJEIGO Maixent Didier Paulin<\/td><td class=\"column-2\">Union Progressiste (UP)<\/td>\n<\/tr>\n<tr class=\"row-21 odd\">\n\t<td class=\"column-1\">DOSSOU Codjo Louis<\/td><td class=\"column-2\">Union Progressiste (UP)<\/td>\n<\/tr>\n<tr class=\"row-22 even\">\n\t<td class=\"column-1\">FAGBEMI Brice D\u00e9nis S\u00e8na<\/td><td class=\"column-2\">Union Progressiste (UP)<\/td>\n<\/tr>\n<tr class=\"row-23 odd\">\n\t<td class=\"column-1\">FAGNON Kotchami Nicaise<\/td><td class=\"column-2\">Union Progressiste (UP)<\/td>\n<\/tr>\n<tr class=\"row-24 even\">\n\t<td class=\"column-1\">FONTON Edmonde Tagnonnanon<\/td><td class=\"column-2\">Union Progressiste (UP)<\/td>\n<\/tr>\n<tr class=\"row-25 odd\">\n\t<td class=\"column-1\">GBENONCHI G\u00e9rard<\/td><td class=\"column-2\">Union Progressiste (UP)<\/td>\n<\/tr>\n<tr class=\"row-26 even\">\n\t<td class=\"column-1\">GUIGUI Honor\u00e9 Marius<\/td><td class=\"column-2\">Union Progressiste (UP)<\/td>\n<\/tr>\n<tr class=\"row-27 odd\">\n\t<td class=\"column-1\">HONFO Charlemagne<\/td><td class=\"column-2\">Union Progressiste (UP)<\/td>\n<\/tr>\n<tr class=\"row-28 even\">\n\t<td class=\"column-1\">HOUINSA Godonou David<\/td><td class=\"column-2\">Union Progressiste (UP)<\/td>\n<\/tr>\n<tr class=\"row-29 odd\">\n\t<td class=\"column-1\">ISSA Salifou<\/td><td class=\"column-2\">Union Progressiste (UP)<\/td>\n<\/tr>\n<tr class=\"row-30 even\">\n\t<td class=\"column-1\">KAKPO Mahougnon<\/td><td class=\"column-2\">Union Progressiste (UP)<\/td>\n<\/tr>\n<tr class=\"row-31 odd\">\n\t<td class=\"column-1\">KOGBLEVI D\u00e9lonix Djim\u00e8co<\/td><td class=\"column-2\">Union Progressiste (UP)<\/td>\n<\/tr>\n<tr class=\"row-32 even\">\n\t<td class=\"column-1\">KOUANA Eug\u00e9nie Akouavi<\/td><td class=\"column-2\">Union Progressiste (UP)<\/td>\n<\/tr>\n<tr class=\"row-33 odd\">\n\t<td class=\"column-1\">KOUMAGBEAFIDE Dodji Kocou R\u00e9ginal<\/td><td class=\"column-2\">Union Progressiste (UP)<\/td>\n<\/tr>\n<tr class=\"row-34 even\">\n\t<td class=\"column-1\">KPOCHAN Ahouefa Adeline Natacha<\/td><td class=\"column-2\">Union Progressiste (UP)<\/td>\n<\/tr>\n<tr class=\"row-35 odd\">\n\t<td class=\"column-1\">LAFIA BOUBAKARI Oumarou<\/td><td class=\"column-2\">Union Progressiste (UP)<\/td>\n<\/tr>\n<tr class=\"row-36 even\">\n\t<td class=\"column-1\">LOKOSSOU L\u00e9opold<\/td><td class=\"column-2\">Union Progressiste (UP)<\/td>\n<\/tr>\n<tr class=\"row-37 odd\">\n\t<td class=\"column-1\">MEHOU Afiavi Solange<\/td><td class=\"column-2\">Union Progressiste (UP)<\/td>\n<\/tr>\n<tr class=\"row-38 even\">\n\t<td class=\"column-1\">N\u2019BOUKE Santos Tawes Borgia<\/td><td class=\"column-2\">Union Progressiste (UP)<\/td>\n<\/tr>\n<tr class=\"row-39 odd\">\n\t<td class=\"column-1\">N\u2019OUEMOU Domitien<\/td><td class=\"column-2\">Union Progressiste (UP)<\/td>\n<\/tr>\n<tr class=\"row-40 even\">\n\t<td class=\"column-1\">NOUTA\u00cf Tohouegnon Nestor<\/td><td class=\"column-2\">Union Progressiste (UP)<\/td>\n<\/tr>\n<tr class=\"row-41 odd\">\n\t<td class=\"column-1\">OROU SE GUENE Yacoubou<\/td><td class=\"column-2\">Union Progressiste (UP)<\/td>\n<\/tr>\n<tr class=\"row-42 even\">\n\t<td class=\"column-1\">SABI MOHAMED Djamilatou<\/td><td class=\"column-2\">Union Progressiste (UP)<\/td>\n<\/tr>\n<tr class=\"row-43 odd\">\n\t<td class=\"column-1\">SEHOUETO Lazare Maurice<\/td><td class=\"column-2\">Union Progressiste (UP)<\/td>\n<\/tr>\n<tr class=\"row-44 even\">\n\t<td class=\"column-1\">SEWADE Gis\u00e8le<\/td><td class=\"column-2\">Union Progressiste (UP)<\/td>\n<\/tr>\n<tr class=\"row-45 odd\">\n\t<td class=\"column-1\">SINA OUNINGUI Bio Gounou Idrissou<\/td><td class=\"column-2\">Union Progressiste (UP)<\/td>\n<\/tr>\n<tr class=\"row-46 even\">\n\t<td class=\"column-1\">SOSSOU Dakp\u00e8<\/td><td class=\"column-2\">Union Progressiste (UP)<\/td>\n<\/tr>\n<tr class=\"row-47 odd\">\n\t<td class=\"column-1\">SOUROKOU Sabi Abel<\/td><td class=\"column-2\">Union Progressiste (UP)<\/td>\n<\/tr>\n<tr class=\"row-48 even\">\n\t<td class=\"column-1\">TONY GUIMBA Gnir\u00e9 Fatouma<\/td><td class=\"column-2\">Union Progressiste (UP)<\/td>\n<\/tr>\n<tr class=\"row-49 odd\">\n\t<td class=\"column-1\">TOPANOU Prudent Victor Kpoti Kouassivi<\/td><td class=\"column-2\">Union Progressiste (UP)<\/td>\n<\/tr>\n<tr class=\"row-50 even\">\n\t<td class=\"column-1\">TOSSOU Adjoua Gladys Eudoxie<\/td><td class=\"column-2\">Union Progressiste (UP)<\/td>\n<\/tr>\n<tr class=\"row-51 odd\">\n\t<td class=\"column-1\">VIDJINNANGNI Cossi Barth\u00e9l\u00e9my Melon<\/td><td class=\"column-2\">Union Progressiste (UP)<\/td>\n<\/tr>\n<tr class=\"row-52 even\">\n\t<td class=\"column-1\">VLAVONOU Gb\u00e8hounou Louis<\/td><td class=\"column-2\">Union Progressiste (UP)<\/td>\n<\/tr>\n<tr class=\"row-53 odd\">\n\t<td class=\"column-1\">YEMPABOU Boundja Jacques<\/td><td class=\"column-2\">Union Progressiste (UP)<\/td>\n<\/tr>\n<tr class=\"row-54 even\">\n\t<td class=\"column-1\">ZANNOU Viwagnon Jean Mejor<\/td><td class=\"column-2\">Union Progressiste (UP)<\/td>\n<\/tr>\n<\/tbody>\n<\/table>\n<!-- #tablepress-24 from cache -->\n<\/div>\n\t\t<\/div><\/div><\/div><div id=\"pgc-2259-4-3\"  class=\"panel-grid-cell panel-grid-cell-empty\" ><\/div><\/div><\/div><div id=\"pg-2259-5\"  class=\"panel-grid panel-has-style\" ><div class=\"panel-row-style panel-row-style-for-2259-5\" ><div id=\"pgc-2259-5-0\"  class=\"panel-grid-cell panel-grid-cell-empty\" ><\/div><div id=\"pgc-2259-5-1\"  class=\"panel-grid-cell panel-grid-cell-mobile-last\" ><div id=\"panel-2259-5-1-0\" class=\"so-panel widget widget_text panel-first-child panel-last-child\" data-index=\"8\" ><div class=\"panel-widget-style panel-widget-style-for-2259-5-1-0\" >\t\t\t<div class=\"textwidget\"><p><strong>LES D\u00c9MOCRATES (LD)<br \/>\n<\/strong><\/p>\n<\/div>\n\t\t<\/div><\/div><\/div><div id=\"pgc-2259-5-2\"  class=\"panel-grid-cell panel-grid-cell-empty\" ><\/div><\/div><\/div><div id=\"pg-2259-6\"  class=\"panel-grid panel-has-style\" ><div class=\"panel-row-style panel-row-style-for-2259-6\" ><div id=\"pgc-2259-6-0\"  class=\"panel-grid-cell panel-grid-cell-empty\" ><\/div><div id=\"pgc-2259-6-1\"  class=\"panel-grid-cell\" ><div id=\"panel-2259-6-1-0\" class=\"so-panel widget widget_media_image panel-first-child panel-last-child\" data-index=\"9\" ><div class=\"panel-widget-style panel-widget-style-for-2259-6-1-0\" ><img loading=\"lazy\" decoding=\"async\" width=\"217\" height=\"300\" src=\"https:\/\/assemblee-nationale.bj\/wp-content\/uploads\/2023\/02\/atchade-nournou_52685589324_o-217x300.jpg\" class=\"image wp-image-5191  attachment-medium size-medium\" alt=\"\" style=\"max-width: 100%; height: auto;\" srcset=\"https:\/\/assemblee-nationale.bj\/wp-content\/uploads\/2023\/02\/atchade-nournou_52685589324_o-217x300.jpg 217w, https:\/\/assemblee-nationale.bj\/wp-content\/uploads\/2023\/02\/atchade-nournou_52685589324_o-768x1063.jpg 768w, https:\/\/assemblee-nationale.bj\/wp-content\/uploads\/2023\/02\/atchade-nournou_52685589324_o-740x1024.jpg 740w\" sizes=\"auto, (max-width: 217px) 100vw, 217px\" \/><\/div><\/div><\/div><div id=\"pgc-2259-6-2\"  class=\"panel-grid-cell panel-grid-cell-mobile-last\" ><div id=\"panel-2259-6-2-0\" class=\"so-panel widget widget_text panel-first-child panel-last-child\" data-index=\"10\" ><div class=\"panel-widget-style panel-widget-style-for-2259-6-2-0\" >\t\t\t<div class=\"textwidget\"><p>Cr\u00e9\u00e9 le 01\/03\/2023<\/p>\n\n<table id=\"tablepress-63\" class=\"tablepress tablepress-id-63\">\n<thead>\n<tr class=\"row-1 odd\">\n\t<th class=\"column-1\">nom et prenoms<\/th><th class=\"column-2\">parti<\/th>\n<\/tr>\n<\/thead>\n<tbody class=\"row-hover\">\n<tr class=\"row-2 even\">\n\t<td class=\"column-1\">ADECHOKAN Gafari<\/td><td class=\"column-2\">Les D\u00e9mocrates (LD)<\/td>\n<\/tr>\n<tr class=\"row-3 odd\">\n\t<td class=\"column-1\">ADJOVI Chantal<\/td><td class=\"column-2\">Les D\u00e9mocrates (LD)<\/td>\n<\/tr>\n<tr class=\"row-4 even\">\n\t<td class=\"column-1\">AHOSSI Comlan L\u00e9on<\/td><td class=\"column-2\">Les D\u00e9mocrates (LD)<\/td>\n<\/tr>\n<tr class=\"row-5 odd\">\n\t<td class=\"column-1\">AIHE Y. Elise<\/td><td class=\"column-2\">Les D\u00e9mocrates (LD)<\/td>\n<\/tr>\n<tr class=\"row-6 even\">\n\t<td class=\"column-1\">ATCHADE Nour\u00e9nou<\/td><td class=\"column-2\">Les D\u00e9mocrates (LD)<\/td>\n<\/tr>\n<tr class=\"row-7 odd\">\n\t<td class=\"column-1\">DEGNY Fad\u00e9gnon L\u00e9on <\/td><td class=\"column-2\">Les D\u00e9mocrates (LD)<\/td>\n<\/tr>\n<tr class=\"row-8 even\">\n\t<td class=\"column-1\">Do REGO B. L\u00e9ansou<\/td><td class=\"column-2\">Les D\u00e9mocrates (LD)<\/td>\n<\/tr>\n<tr class=\"row-9 odd\">\n\t<td class=\"column-1\">GODONOU Jo\u00ebl Timoth\u00e9e S.<\/td><td class=\"column-2\">Les D\u00e9mocrates (LD)<\/td>\n<\/tr>\n<tr class=\"row-10 even\">\n\t<td class=\"column-1\">HOUNDETE Eric Louis Camille<\/td><td class=\"column-2\">Les D\u00e9mocrates (LD)<\/td>\n<\/tr>\n<tr class=\"row-11 odd\">\n\t<td class=\"column-1\">HOUNGA Midofin Antonin<\/td><td class=\"column-2\">Les D\u00e9mocrates (LD)<\/td>\n<\/tr>\n<tr class=\"row-12 even\">\n\t<td class=\"column-1\">HOUNMENOU D\u00e9nise Mahougnon <\/td><td class=\"column-2\">Les D\u00e9mocrates (LD)<\/td>\n<\/tr>\n<tr class=\"row-13 odd\">\n\t<td class=\"column-1\">HOUNSOU Nounagnon C\u00e9lestin<\/td><td class=\"column-2\">Les D\u00e9mocrates (LD)<\/td>\n<\/tr>\n<tr class=\"row-14 even\">\n\t<td class=\"column-1\">IMOROU Ta\u00efrou<\/td><td class=\"column-2\">Les D\u00e9mocrates (LD)<\/td>\n<\/tr>\n<tr class=\"row-15 odd\">\n\t<td class=\"column-1\">ISSIAKA Arouna<\/td><td class=\"column-2\">Les D\u00e9mocrates (LD)<\/td>\n<\/tr>\n<tr class=\"row-16 even\">\n\t<td class=\"column-1\">KORA Z\u00e9nabou<\/td><td class=\"column-2\">Les D\u00e9mocrates (LD)<\/td>\n<\/tr>\n<tr class=\"row-17 odd\">\n\t<td class=\"column-1\">MOUCOURE BOKO Souley Malam<\/td><td class=\"column-2\">Les D\u00e9mocrates (LD)<\/td>\n<\/tr>\n<tr class=\"row-18 even\">\n\t<td class=\"column-1\">NAHUM Constant<\/td><td class=\"column-2\">Les D\u00e9mocrates (LD)<\/td>\n<\/tr>\n<tr class=\"row-19 odd\">\n\t<td class=\"column-1\">OGBON Kolawol\u00e9 Djima<\/td><td class=\"column-2\">Les D\u00e9mocrates (LD)<\/td>\n<\/tr>\n<tr class=\"row-20 even\">\n\t<td class=\"column-1\">OLOSSOUMAI H\u00e9l\u00e8ne <\/td><td class=\"column-2\">Les D\u00e9mocrates (LD)<\/td>\n<\/tr>\n<tr class=\"row-21 odd\">\n\t<td class=\"column-1\">OROU TAMA Viviane<\/td><td class=\"column-2\">Les D\u00e9mocrates (LD)<\/td>\n<\/tr>\n<tr class=\"row-22 even\">\n\t<td class=\"column-1\">OUASSAGARI Bio Sika Abdel Kamel<\/td><td class=\"column-2\">Les D\u00e9mocrates (LD)<\/td>\n<\/tr>\n<tr class=\"row-23 odd\">\n\t<td class=\"column-1\">RADJI Abdou Akim<\/td><td class=\"column-2\">Les D\u00e9mocrates (LD)<\/td>\n<\/tr>\n<tr class=\"row-24 even\">\n\t<td class=\"column-1\">SABI KARIM Alassane<\/td><td class=\"column-2\">Les D\u00e9mocrates (LD)<\/td>\n<\/tr>\n<tr class=\"row-25 odd\">\n\t<td class=\"column-1\">SARIKI Raouf<\/td><td class=\"column-2\">Les D\u00e9mocrates (LD)<\/td>\n<\/tr>\n<tr class=\"row-26 even\">\n\t<td class=\"column-1\">SODJINOU Michel Fran\u00e7ois Oloutoy\u00e9<\/td><td class=\"column-2\">Les D\u00e9mocrates (LD)<\/td>\n<\/tr>\n<tr class=\"row-27 odd\">\n\t<td class=\"column-1\">SOUNON BOKE Souma\u00efla<\/td><td class=\"column-2\">Les D\u00e9mocrates (LD)<\/td>\n<\/tr>\n<tr class=\"row-28 even\">\n\t<td class=\"column-1\">TOSSAH Edwige Ogoussi<\/td><td class=\"column-2\">Les D\u00e9mocrates (LD)<\/td>\n<\/tr>\n<tr class=\"row-29 odd\">\n\t<td class=\"column-1\">WOROUCOUBOU Habibou<\/td><td class=\"column-2\">Les D\u00e9mocrates (LD)<\/td>\n<\/tr>\n<\/tbody>\n<\/table>\n<!-- #tablepress-63 from cache -->\n<\/div>\n\t\t<\/div><\/div><\/div><div id=\"pgc-2259-6-3\"  class=\"panel-grid-cell panel-grid-cell-empty\" ><\/div><\/div><\/div><\/div>","protected":false},"excerpt":{"rendered":"<p>Groupes parlementaires &nbsp; &nbsp; BLOC R\u00c9PUBLICAIN (BR)<\/p>\n","protected":false},"author":10,"featured_media":0,"parent":1381,"menu_order":0,"comment_status":"closed","ping_status":"closed","template":"","meta":{"footnotes":""},"categories":[1],"tags":[],"class_list":["post-2259","page","type-page","status-publish","hentry","category-uncategorized"],"_links":{"self":[{"href":"https:\/\/assemblee-nationale.bj\/index.php\/wp-json\/wp\/v2\/pages\/2259","targetHints":{"allow":["GET"]}}],"collection":[{"href":"https:\/\/assemblee-nationale.bj\/index.php\/wp-json\/wp\/v2\/pages"}],"about":[{"href":"https:\/\/assemblee-nationale.bj\/index.php\/wp-json\/wp\/v2\/types\/page"}],"author":[{"embeddable":true,"href":"https:\/\/assemblee-nationale.bj\/index.php\/wp-json\/wp\/v2\/users\/10"}],"replies":[{"embeddable":true,"href":"https:\/\/assemblee-nationale.bj\/index.php\/wp-json\/wp\/v2\/comments?post=2259"}],"version-history":[{"count":1,"href":"https:\/\/assemblee-nationale.bj\/index.php\/wp-json\/wp\/v2\/pages\/2259\/revisions"}],"predecessor-version":[{"id":2260,"href":"https:\/\/assemblee-nationale.bj\/index.php\/wp-json\/wp\/v2\/pages\/2259\/revisions\/2260"}],"up":[{"embeddable":true,"href":"https:\/\/assemblee-nationale.bj\/index.php\/wp-json\/wp\/v2\/pages\/1381"}],"wp:attachment":[{"href":"https:\/\/assemblee-nationale.bj\/index.php\/wp-json\/wp\/v2\/media?parent=2259"}],"wp:term":[{"taxonomy":"category","embeddable":true,"href":"https:\/\/assemblee-nationale.bj\/index.php\/wp-json\/wp\/v2\/categories?post=2259"},{"taxonomy":"post_tag","embeddable":true,"href":"https:\/\/assemblee-nationale.bj\/index.php\/wp-json\/wp\/v2\/tags?post=2259"}],"curies":[{"name":"wp","href":"https:\/\/api.w.org\/{rel}","templated":true}]}}