
{"id":2294,"date":"2018-12-13T13:44:09","date_gmt":"2018-12-13T12:44:09","guid":{"rendered":"https:\/\/assemblee-nationale.bj\/?page_id=2294"},"modified":"2018-12-13T13:52:24","modified_gmt":"2018-12-13T12:52:24","slug":"secretariat-general-administratif","status":"publish","type":"page","link":"https:\/\/assemblee-nationale.bj\/index.php\/presentation\/administration_parlementaire\/secretariat-general-administratif\/","title":{"rendered":"S\u00e9cretariat G\u00e9n\u00e9ral Administratif"},"content":{"rendered":"<div id=\"pl-2294\"  class=\"panel-layout\" ><div id=\"pg-2294-0\"  class=\"panel-grid panel-no-style\" ><div id=\"pgc-2294-0-0\"  class=\"panel-grid-cell panel-grid-cell-empty\" ><\/div><div id=\"pgc-2294-0-1\"  class=\"panel-grid-cell panel-grid-cell-mobile-last\" ><div id=\"panel-2294-0-1-0\" class=\"so-panel widget widget_text panel-first-child\" data-index=\"0\" ><div class=\"panel-widget-style panel-widget-style-for-2294-0-1-0\" >\t\t\t<div class=\"textwidget\"><p>Secr\u00e9tariat G\u00e9n\u00e9ral Administratif<\/p>\n<\/div>\n\t\t<\/div><\/div><div id=\"panel-2294-0-1-1\" class=\"so-panel widget widget_text panel-last-child\" data-index=\"1\" >\t\t\t<div class=\"textwidget\"><p>&nbsp;<\/p>\n<p>&nbsp;<\/p>\n<\/div>\n\t\t<\/div><\/div><div id=\"pgc-2294-0-2\"  class=\"panel-grid-cell panel-grid-cell-empty\" ><\/div><\/div><div id=\"pg-2294-1\"  class=\"panel-grid panel-has-style\" ><div class=\"panel-row-style panel-row-style-for-2294-1\" ><div id=\"pgc-2294-1-0\"  class=\"panel-grid-cell panel-grid-cell-empty\" ><\/div><div id=\"pgc-2294-1-1\"  class=\"panel-grid-cell panel-grid-cell-mobile-last\" ><div id=\"panel-2294-1-1-0\" class=\"so-panel widget widget_text panel-first-child panel-last-child\" data-index=\"2\" ><div class=\"panel-widget-style panel-widget-style-for-2294-1-1-0\" >\t\t\t<div class=\"textwidget\"><p><strong>SECRETARIAT GENERAL ADMINISTRATIF<\/strong><\/p>\n<\/div>\n\t\t<\/div><\/div><\/div><div id=\"pgc-2294-1-2\"  class=\"panel-grid-cell panel-grid-cell-empty\" ><\/div><\/div><\/div><div id=\"pg-2294-2\"  class=\"panel-grid panel-no-style\" ><div id=\"pgc-2294-2-0\"  class=\"panel-grid-cell panel-grid-cell-empty\" ><\/div><div id=\"pgc-2294-2-1\"  class=\"panel-grid-cell\" ><div id=\"panel-2294-2-1-0\" class=\"so-panel widget widget_media_image panel-first-child\" data-index=\"3\" ><div class=\"panel-widget-style panel-widget-style-for-2294-2-1-0\" ><div style=\"width: 232px\" class=\"wp-caption alignnone\"><img loading=\"lazy\" decoding=\"async\" width=\"222\" height=\"253\" src=\"https:\/\/assemblee-nationale.bj\/wp-content\/uploads\/2017\/09\/DASSI-Mahougnon-Thomas-SGA-263x300.png\" class=\"image wp-image-2236  attachment-222x253 size-222x253\" alt=\"\" style=\"max-width: 100%; height: auto;\" srcset=\"https:\/\/assemblee-nationale.bj\/wp-content\/uploads\/2017\/09\/DASSI-Mahougnon-Thomas-SGA-263x300.png 263w, https:\/\/assemblee-nationale.bj\/wp-content\/uploads\/2017\/09\/DASSI-Mahougnon-Thomas-SGA.png 670w\" sizes=\"auto, (max-width: 222px) 100vw, 222px\" \/><p class=\"wp-caption-text\">\n\n\n\n\n\n\nDASSI Thomas\nSecr\u00e9taire G\u00e9n\u00e9ral Administratif<\/p><\/div><\/div><\/div><div id=\"panel-2294-2-1-1\" class=\"so-panel widget widget_text panel-last-child\" data-index=\"4\" ><div class=\"panel-widget-style panel-widget-style-for-2294-2-1-1\" >\t\t\t<div class=\"textwidget\"><p>Thomas Mahugnon DASSI<\/p>\n<p>Secr\u00e9taire G\u00e9n\u00e9ral Administratif<\/p>\n<\/div>\n\t\t<\/div><\/div><\/div><div id=\"pgc-2294-2-2\"  class=\"panel-grid-cell panel-grid-cell-mobile-last\" ><div id=\"panel-2294-2-2-0\" class=\"so-panel widget widget_text panel-first-child panel-last-child\" data-index=\"5\" ><div class=\"panel-widget-style panel-widget-style-for-2294-2-2-0\" >\t\t\t<div class=\"textwidget\"><p>Il\u00a0 regroupe l\u2019ensemble des organes administratifs de l\u2019Assembl\u00e9e Nationale. Il veille \u00e0 la bonne marche des activit\u00e9s de l\u2019Assembl\u00e9e Nationale \u00e0 travers ses directions techniques. A cet effet, il supervise l\u2019\u00e9tablissement des comptes rendus et des proc\u00e8s-verbaux des s\u00e9ances pl\u00e9ni\u00e8res et assiste le Pr\u00e9sident de l\u2019Assembl\u00e9e Nationale en s\u00e9ance pl\u00e9ni\u00e8re.<\/p>\n<p>Le Secr\u00e9tariat G\u00e9n\u00e9ral Administratif g\u00e8re les relations entre l\u2019Assembl\u00e9e Nationale et les autres Institutions de l\u2019Etat (Cour Constitutionnelle, Gouvernement, Pr\u00e9sidence de la R\u00e9publique, Haute Autorit\u00e9 de l\u2019Audiovisuelle et de la Communication, Cour Supr\u00eame, Haute Cour de Justice, Conseil Economique et Social etc.).<br \/>\nIl s\u2019occupe de l\u2019ex\u00e9cution des d\u00e9cisions financi\u00e8res de l\u2019Assembl\u00e9e Nationale et de la transmission de tous documents au Journal Officiel pour publication.<\/p>\n<p>&nbsp;<\/p>\n<\/div>\n\t\t<\/div><\/div><\/div><div id=\"pgc-2294-2-3\"  class=\"panel-grid-cell panel-grid-cell-empty\" ><\/div><\/div><div id=\"pg-2294-3\"  class=\"panel-grid panel-has-style\" ><div class=\"panel-row-style panel-row-style-for-2294-3\" ><div id=\"pgc-2294-3-0\"  class=\"panel-grid-cell panel-grid-cell-empty\" ><\/div><div id=\"pgc-2294-3-1\"  class=\"panel-grid-cell panel-grid-cell-mobile-last\" ><div id=\"panel-2294-3-1-0\" class=\"so-panel widget widget_text panel-first-child panel-last-child\" data-index=\"6\" ><div class=\"panel-widget-style panel-widget-style-for-2294-3-1-0\" >\t\t\t<div class=\"textwidget\"><p><strong>SECRETARIAT GENERAL ADMINISTRATIF ADJOINT<\/strong><\/p>\n<\/div>\n\t\t<\/div><\/div><\/div><div id=\"pgc-2294-3-2\"  class=\"panel-grid-cell panel-grid-cell-empty\" ><\/div><\/div><\/div><div id=\"pg-2294-4\"  class=\"panel-grid panel-no-style\" ><div id=\"pgc-2294-4-0\"  class=\"panel-grid-cell panel-grid-cell-empty\" ><\/div><div id=\"pgc-2294-4-1\"  class=\"panel-grid-cell\" ><div id=\"panel-2294-4-1-0\" class=\"so-panel widget widget_media_image panel-first-child\" data-index=\"7\" ><div class=\"panel-widget-style panel-widget-style-for-2294-4-1-0\" ><div style=\"width: 232px\" class=\"wp-caption alignnone\"><img loading=\"lazy\" decoding=\"async\" width=\"222\" height=\"333\" src=\"https:\/\/assemblee-nationale.bj\/wp-content\/uploads\/2017\/09\/KOUNDE-L\u00e9yra-SGA-A-682x1024.png\" class=\"image wp-image-2237  attachment-222x333 size-222x333\" alt=\"\" style=\"max-width: 100%; height: auto;\" srcset=\"https:\/\/assemblee-nationale.bj\/wp-content\/uploads\/2017\/09\/KOUNDE-L\u00e9yra-SGA-A-682x1024.png 682w, https:\/\/assemblee-nationale.bj\/wp-content\/uploads\/2017\/09\/KOUNDE-L\u00e9yra-SGA-A-200x300.png 200w, https:\/\/assemblee-nationale.bj\/wp-content\/uploads\/2017\/09\/KOUNDE-L\u00e9yra-SGA-A.png 719w\" sizes=\"auto, (max-width: 222px) 100vw, 222px\" \/><p class=\"wp-caption-text\">KOUNDE L\u00e9yra\nSecr\u00e9taire G\u00e9n\u00e9ral Administratif Adjoint<\/p><\/div><\/div><\/div><div id=\"panel-2294-4-1-1\" class=\"so-panel widget widget_text panel-last-child\" data-index=\"8\" ><div class=\"panel-widget-style panel-widget-style-for-2294-4-1-1\" >\t\t\t<div class=\"textwidget\"><p>KOUNDE L\u00e9yra<\/p>\n<p>Secr\u00e9taire G\u00e9n\u00e9ral Administratif Adjoint<\/p>\n<\/div>\n\t\t<\/div><\/div><\/div><div id=\"pgc-2294-4-2\"  class=\"panel-grid-cell panel-grid-cell-mobile-last\" ><div id=\"panel-2294-4-2-0\" class=\"so-panel widget widget_text panel-first-child panel-last-child\" data-index=\"9\" ><div class=\"panel-widget-style panel-widget-style-for-2294-4-2-0\" >\t\t\t<div class=\"textwidget\"><p>Le Secr\u00e9taire G\u00e9n\u00e9ral Administratif est nomm\u00e9 par le Pr\u00e9sident de l\u2019Assembl\u00e9e Nationale et est assist\u00e9 dans ses fonctions par un Secr\u00e9taire G\u00e9n\u00e9ral Administratif Adjoint (SGAA). Ce dernier est \u00e9galement nomm\u00e9 par le Pr\u00e9sident de l\u2019Assembl\u00e9e Nationale.<\/p>\n<p>Pour mener \u00e0 bien les t\u00e2ches qui sont les leurs, les d\u00e9put\u00e9s sont appuy\u00e9s dans leur travail par le Secr\u00e9tariat G\u00e9n\u00e9ral Administratif compos\u00e9 deux (02) Directions Techniques que sont la Direction des Services L\u00e9gislatifs et la Direction de la Questure.<\/p>\n<p>Il est \u00e9galement assist\u00e9 dans sa mission de trois (03) projets d\u2019appui. En outre quatre (04) autres services sont directement rattach\u00e9s au Secr\u00e9tariat G\u00e9n\u00e9ral Administratif dans l\u2019accomplissement de sa mission.<\/p>\n<p>&nbsp;<\/p>\n<p>&nbsp;<\/p>\n<\/div>\n\t\t<\/div><\/div><\/div><div id=\"pgc-2294-4-3\"  class=\"panel-grid-cell panel-grid-cell-empty\" ><\/div><\/div><div id=\"pg-2294-5\"  class=\"panel-grid panel-no-style\" ><div id=\"pgc-2294-5-0\"  class=\"panel-grid-cell panel-grid-cell-empty\" ><\/div><div id=\"pgc-2294-5-1\"  class=\"panel-grid-cell panel-grid-cell-empty\" ><\/div><div id=\"pgc-2294-5-2\"  class=\"panel-grid-cell panel-grid-cell-mobile-last\" ><div id=\"panel-2294-5-2-0\" class=\"so-panel widget widget_text panel-first-child panel-last-child\" data-index=\"10\" ><div class=\"panel-widget-style panel-widget-style-for-2294-5-2-0\" >\t\t\t<div class=\"textwidget\"><p><em><img decoding=\"async\" style=\"width: 12px; height: 12px;\" src=\"\/wp-content\/uploads\/2017\/08\/logo-AN.png\" alt=\"benin flag\" \/><span class=\"item-title\"><a href=\"\/index.php\/structures_rattachees\/\"><span style=\"color: #04373e;\"> Structures rattach\u00e9es<\/span><\/a><\/span><\/em><\/p>\n<p><em><img decoding=\"async\" style=\"width: 12px; height: 12px;\" src=\"\/wp-content\/uploads\/2017\/08\/logo-AN.png\" alt=\"benin flag\" \/><span class=\"item-title\"><a href=\"\/index.php\/direction_services_legistatifs\/\"><span style=\"color: #04373e;\"> Direction des Services L\u00e9gistatifs<\/span><\/a><\/span><\/em><\/p>\n<p><em><img decoding=\"async\" style=\"width: 12px; height: 12px;\" src=\"\/wp-content\/uploads\/2017\/08\/logo-AN.png\" alt=\"benin flag\" \/><span class=\"item-title\"><a href=\"\/index.php\/direction_questure\/\"><span style=\"color: #04373e;\"> Direction de la Questure<\/span><\/a><\/span><\/em><\/p>\n<\/div>\n\t\t<\/div><\/div><\/div><div id=\"pgc-2294-5-3\"  class=\"panel-grid-cell panel-grid-cell-empty\" ><\/div><\/div><div id=\"pg-2294-6\"  class=\"panel-grid panel-no-style\" ><div id=\"pgc-2294-6-0\"  class=\"panel-grid-cell panel-grid-cell-empty\" ><\/div><div id=\"pgc-2294-6-1\"  class=\"panel-grid-cell panel-grid-cell-mobile-last\" ><div id=\"panel-2294-6-1-0\" class=\"so-panel widget widget_text panel-first-child panel-last-child\" data-index=\"11\" >\t\t\t<div class=\"textwidget\"><p>&nbsp;<\/p>\n<p>&nbsp;<\/p>\n<\/div>\n\t\t<\/div><\/div><div id=\"pgc-2294-6-2\"  class=\"panel-grid-cell panel-grid-cell-empty\" ><\/div><\/div><\/div>","protected":false},"excerpt":{"rendered":"<p>Secr\u00e9tariat G\u00e9n\u00e9ral Administratif &nbsp; &nbsp; SECRETARIAT GENERAL ADMINISTRATIF<\/p>\n","protected":false},"author":10,"featured_media":0,"parent":1385,"menu_order":0,"comment_status":"closed","ping_status":"closed","template":"","meta":{"footnotes":""},"categories":[1],"tags":[],"class_list":["post-2294","page","type-page","status-publish","hentry","category-uncategorized"],"_links":{"self":[{"href":"https:\/\/assemblee-nationale.bj\/index.php\/wp-json\/wp\/v2\/pages\/2294","targetHints":{"allow":["GET"]}}],"collection":[{"href":"https:\/\/assemblee-nationale.bj\/index.php\/wp-json\/wp\/v2\/pages"}],"about":[{"href":"https:\/\/assemblee-nationale.bj\/index.php\/wp-json\/wp\/v2\/types\/page"}],"author":[{"embeddable":true,"href":"https:\/\/assemblee-nationale.bj\/index.php\/wp-json\/wp\/v2\/users\/10"}],"replies":[{"embeddable":true,"href":"https:\/\/assemblee-nationale.bj\/index.php\/wp-json\/wp\/v2\/comments?post=2294"}],"version-history":[{"count":1,"href":"https:\/\/assemblee-nationale.bj\/index.php\/wp-json\/wp\/v2\/pages\/2294\/revisions"}],"predecessor-version":[{"id":2526,"href":"https:\/\/assemblee-nationale.bj\/index.php\/wp-json\/wp\/v2\/pages\/2294\/revisions\/2526"}],"up":[{"embeddable":true,"href":"https:\/\/assemblee-nationale.bj\/index.php\/wp-json\/wp\/v2\/pages\/1385"}],"wp:attachment":[{"href":"https:\/\/assemblee-nationale.bj\/index.php\/wp-json\/wp\/v2\/media?parent=2294"}],"wp:term":[{"taxonomy":"category","embeddable":true,"href":"https:\/\/assemblee-nationale.bj\/index.php\/wp-json\/wp\/v2\/categories?post=2294"},{"taxonomy":"post_tag","embeddable":true,"href":"https:\/\/assemblee-nationale.bj\/index.php\/wp-json\/wp\/v2\/tags?post=2294"}],"curies":[{"name":"wp","href":"https:\/\/api.w.org\/{rel}","templated":true}]}}