
{"id":2347,"date":"2017-11-13T08:58:00","date_gmt":"2017-11-13T07:58:00","guid":{"rendered":"https:\/\/assemblee-nationale.bj\/?page_id=2347"},"modified":"2017-11-13T09:01:43","modified_gmt":"2017-11-13T08:01:43","slug":"composition-de-la-commission-c4","status":"publish","type":"page","link":"https:\/\/assemblee-nationale.bj\/index.php\/activites-parlementaires\/commissions\/commission_permanentes\/commission-de-leducation-de-la-culture-de-lemploi-et-des-affaires-sociales\/composition-de-la-commission-c4\/","title":{"rendered":"Composition de la commission C4"},"content":{"rendered":"<div id=\"pl-2347\"  class=\"panel-layout\" ><div id=\"pg-2347-0\"  class=\"panel-grid panel-no-style\" ><div id=\"pgc-2347-0-0\"  class=\"panel-grid-cell panel-grid-cell-empty\" ><\/div><div id=\"pgc-2347-0-1\"  class=\"panel-grid-cell panel-grid-cell-mobile-last\" ><div id=\"panel-2347-0-1-0\" class=\"so-panel widget widget_text panel-first-child\" data-index=\"0\" ><div class=\"panel-widget-style panel-widget-style-for-2347-0-1-0\" >\t\t\t<div class=\"textwidget\"><p>Composition de la commission C4<\/p>\n<\/div>\n\t\t<\/div><\/div><div id=\"panel-2347-0-1-1\" class=\"so-panel widget widget_text panel-last-child\" data-index=\"1\" >\t\t\t<div class=\"textwidget\"><p>&nbsp;<\/p>\n<p>&nbsp;<\/p>\n<\/div>\n\t\t<\/div><\/div><div id=\"pgc-2347-0-2\"  class=\"panel-grid-cell panel-grid-cell-empty\" ><\/div><\/div><div id=\"pg-2347-1\"  class=\"panel-grid panel-no-style\" ><div id=\"pgc-2347-1-0\"  class=\"panel-grid-cell panel-grid-cell-empty\" ><\/div><div id=\"pgc-2347-1-1\"  class=\"panel-grid-cell panel-grid-cell-mobile-last\" ><div id=\"panel-2347-1-1-0\" class=\"so-panel widget widget_text panel-first-child\" data-index=\"2\" >\t\t\t<div class=\"textwidget\"><p><em>Veuiller cliquer sur le nom ou les pr\u00e9noms d&rsquo;un(e) d\u00e9put\u00e9(e) pour acc\u00e9der \u00e0 sa page.<\/em><\/p>\n<\/div>\n\t\t<\/div><div id=\"panel-2347-1-1-1\" class=\"so-panel widget widget_text panel-last-child\" data-index=\"3\" >\t\t\t<div class=\"textwidget\">\n<table id=\"tablepress-31\" class=\"tablepress tablepress-id-31\">\n<thead>\n<tr class=\"row-1 odd\">\n\t<th class=\"column-1\">Nom et pr\u00e9noms<\/th><th class=\"column-2\">Parti<\/th><th class=\"column-3\">Fonction<\/th>\n<\/tr>\n<\/thead>\n<tbody class=\"row-hover\">\n<tr class=\"row-2 even\">\n\t<td class=\"column-1\">AKE Natond\u00e9<\/td><td class=\"column-2\">UP<\/td><td class=\"column-3\">Pr\u00e9sident<\/td>\n<\/tr>\n<tr class=\"row-3 odd\">\n\t<td class=\"column-1\">HOUNSA Victor Mitondji<\/td><td class=\"column-2\">UP<\/td><td class=\"column-3\">Vice-Pr\u00e9sident<\/td>\n<\/tr>\n<tr class=\"row-4 even\">\n\t<td class=\"column-1\">HONFO Epiphane<\/td><td class=\"column-2\">UP<\/td><td class=\"column-3\">Premier Rapporteur<\/td>\n<\/tr>\n<tr class=\"row-5 odd\">\n\t<td class=\"column-1\">BISSIROU Eniola Awaou<\/td><td class=\"column-2\">BR<\/td><td class=\"column-3\">Deuxi\u00e8me Rapporteur<\/td>\n<\/tr>\n<tr class=\"row-6 even\">\n\t<td class=\"column-1\">OUSMANE Ibourahima<\/td><td class=\"column-2\">BR<\/td><td class=\"column-3\">Secr\u00e9taire<\/td>\n<\/tr>\n<tr class=\"row-7 odd\">\n\t<td class=\"column-1\">ADEN HOUESSOU L\u00e9on<\/td><td class=\"column-2\">UP<\/td><td class=\"column-3\">Membre<\/td>\n<\/tr>\n<tr class=\"row-8 even\">\n\t<td class=\"column-1\">AGOUA Assogba Edmond<\/td><td class=\"column-2\">UP<\/td><td class=\"column-3\">Membre<\/td>\n<\/tr>\n<tr class=\"row-9 odd\">\n\t<td class=\"column-1\">AGUEMON Badirou Din Owolad\u00e9<\/td><td class=\"column-2\">UP<\/td><td class=\"column-3\">Membre<\/td>\n<\/tr>\n<tr class=\"row-10 even\">\n\t<td class=\"column-1\">DANGNIHO Rosine<\/td><td class=\"column-2\">BR<\/td><td class=\"column-3\">Membre<\/td>\n<\/tr>\n<tr class=\"row-11 odd\">\n\t<td class=\"column-1\">HOUDEGBE Octave Cossi<\/td><td class=\"column-2\">BR<\/td><td class=\"column-3\">Membre<\/td>\n<\/tr>\n<tr class=\"row-12 even\">\n\t<td class=\"column-1\">MEDEGAN FAGLA S\u00e8dami Romarique<\/td><td class=\"column-2\">UP<\/td><td class=\"column-3\">Membre<\/td>\n<\/tr>\n<tr class=\"row-13 odd\">\n\t<td class=\"column-1\">MORA SANNI Sar\u00e8 Malick<\/td><td class=\"column-2\">UP<\/td><td class=\"column-3\">Membre<\/td>\n<\/tr>\n<tr class=\"row-14 even\">\n\t<td class=\"column-1\">N\u2019DA Antoine N\u2019Da<\/td><td class=\"column-2\">BR<\/td><td class=\"column-3\">Membre<\/td>\n<\/tr>\n<\/tbody>\n<\/table>\n<!-- #tablepress-31 from cache -->\n<\/div>\n\t\t<\/div><\/div><div id=\"pgc-2347-1-2\"  class=\"panel-grid-cell panel-grid-cell-empty\" ><\/div><\/div><div id=\"pg-2347-2\"  class=\"panel-grid panel-no-style\" ><div id=\"pgc-2347-2-0\"  class=\"panel-grid-cell\" ><div id=\"panel-2347-2-0-0\" class=\"so-panel widget widget_text panel-first-child panel-last-child\" data-index=\"4\" >\t\t\t<div class=\"textwidget\"><p>&nbsp;<\/p>\n<p>&nbsp;<\/p>\n<\/div>\n\t\t<\/div><\/div><\/div><\/div>","protected":false},"excerpt":{"rendered":"<p>Composition de la commission C4 &nbsp; &nbsp; Veuiller cliquer sur le nom ou les pr\u00e9noms d&rsquo;un(e) d\u00e9put\u00e9(e) pour acc\u00e9der \u00e0 sa page.<\/p>\n","protected":false},"author":10,"featured_media":0,"parent":1539,"menu_order":0,"comment_status":"closed","ping_status":"closed","template":"","meta":{"footnotes":""},"categories":[],"tags":[],"class_list":["post-2347","page","type-page","status-publish","hentry"],"_links":{"self":[{"href":"https:\/\/assemblee-nationale.bj\/index.php\/wp-json\/wp\/v2\/pages\/2347","targetHints":{"allow":["GET"]}}],"collection":[{"href":"https:\/\/assemblee-nationale.bj\/index.php\/wp-json\/wp\/v2\/pages"}],"about":[{"href":"https:\/\/assemblee-nationale.bj\/index.php\/wp-json\/wp\/v2\/types\/page"}],"author":[{"embeddable":true,"href":"https:\/\/assemblee-nationale.bj\/index.php\/wp-json\/wp\/v2\/users\/10"}],"replies":[{"embeddable":true,"href":"https:\/\/assemblee-nationale.bj\/index.php\/wp-json\/wp\/v2\/comments?post=2347"}],"version-history":[{"count":1,"href":"https:\/\/assemblee-nationale.bj\/index.php\/wp-json\/wp\/v2\/pages\/2347\/revisions"}],"predecessor-version":[{"id":2348,"href":"https:\/\/assemblee-nationale.bj\/index.php\/wp-json\/wp\/v2\/pages\/2347\/revisions\/2348"}],"up":[{"embeddable":true,"href":"https:\/\/assemblee-nationale.bj\/index.php\/wp-json\/wp\/v2\/pages\/1539"}],"wp:attachment":[{"href":"https:\/\/assemblee-nationale.bj\/index.php\/wp-json\/wp\/v2\/media?parent=2347"}],"wp:term":[{"taxonomy":"category","embeddable":true,"href":"https:\/\/assemblee-nationale.bj\/index.php\/wp-json\/wp\/v2\/categories?post=2347"},{"taxonomy":"post_tag","embeddable":true,"href":"https:\/\/assemblee-nationale.bj\/index.php\/wp-json\/wp\/v2\/tags?post=2347"}],"curies":[{"name":"wp","href":"https:\/\/api.w.org\/{rel}","templated":true}]}}