
{"id":2357,"date":"2017-11-13T09:17:20","date_gmt":"2017-11-13T08:17:20","guid":{"rendered":"https:\/\/assemblee-nationale.bj\/?page_id=2357"},"modified":"2017-11-13T09:22:50","modified_gmt":"2017-11-13T08:22:50","slug":"composition-de-la-commission-c1","status":"publish","type":"page","link":"https:\/\/assemblee-nationale.bj\/index.php\/activites-parlementaires\/commissions\/commission_permanentes\/commission-des-lois-de-ladministration-et-des-droits-de-lhomme\/composition-de-la-commission-c1\/","title":{"rendered":"Composition de la commission C1"},"content":{"rendered":"<div id=\"pl-2357\"  class=\"panel-layout\" ><div id=\"pg-2357-0\"  class=\"panel-grid panel-no-style\" ><div id=\"pgc-2357-0-0\"  class=\"panel-grid-cell panel-grid-cell-empty\" ><\/div><div id=\"pgc-2357-0-1\"  class=\"panel-grid-cell panel-grid-cell-mobile-last\" ><div id=\"panel-2357-0-1-0\" class=\"so-panel widget widget_text panel-first-child\" data-index=\"0\" ><div class=\"panel-widget-style panel-widget-style-for-2357-0-1-0\" >\t\t\t<div class=\"textwidget\"><p>Composition de la commission C1<\/p>\n<\/div>\n\t\t<\/div><\/div><div id=\"panel-2357-0-1-1\" class=\"so-panel widget widget_text panel-last-child\" data-index=\"1\" >\t\t\t<div class=\"textwidget\"><p>&nbsp;<\/p>\n<p>&nbsp;<\/p>\n<\/div>\n\t\t<\/div><\/div><div id=\"pgc-2357-0-2\"  class=\"panel-grid-cell panel-grid-cell-empty\" ><\/div><\/div><div id=\"pg-2357-1\"  class=\"panel-grid panel-no-style\" ><div id=\"pgc-2357-1-0\"  class=\"panel-grid-cell panel-grid-cell-empty\" ><\/div><div id=\"pgc-2357-1-1\"  class=\"panel-grid-cell panel-grid-cell-mobile-last\" ><div id=\"panel-2357-1-1-0\" class=\"so-panel widget widget_text panel-first-child\" data-index=\"2\" >\t\t\t<div class=\"textwidget\"><p><em>Veuiller cliquer sur le nom ou les pr\u00e9noms d&rsquo;un(e) d\u00e9put\u00e9(e) pour acc\u00e9der \u00e0 sa page.<\/em><\/p>\n<\/div>\n\t\t<\/div><div id=\"panel-2357-1-1-1\" class=\"so-panel widget widget_text panel-last-child\" data-index=\"3\" >\t\t\t<div class=\"textwidget\">\n<table id=\"tablepress-32\" class=\"tablepress tablepress-id-32\">\n<thead>\n<tr class=\"row-1 odd\">\n\t<th class=\"column-1\">Nom et pr\u00e9noms<\/th><th class=\"column-2\">Parti<\/th><th class=\"column-3\">Fonction<\/th>\n<\/tr>\n<\/thead>\n<tbody class=\"row-hover\">\n<tr class=\"row-2 even\">\n\t<td class=\"column-1\">ALLADATIN Jean-Baptiste Orden Rosae<\/td><td class=\"column-2\">UP<\/td><td class=\"column-3\">Pr\u00e9sident<\/td>\n<\/tr>\n<tr class=\"row-3 odd\">\n\t<td class=\"column-1\">ANANI Amavi Joseph<\/td><td class=\"column-2\">BR<\/td><td class=\"column-3\">Vice-Pr\u00e9sident<\/td>\n<\/tr>\n<tr class=\"row-4 even\">\n\t<td class=\"column-1\">ABIOSSE Abdou Razack Olalandou<\/td><td class=\"column-2\">UP<\/td><td class=\"column-3\">Premier Rapporteur<\/td>\n<\/tr>\n<tr class=\"row-5 odd\">\n\t<td class=\"column-1\">YOMBO Tchoropa Thomas<\/td><td class=\"column-2\">UP<\/td><td class=\"column-3\">Deuxi\u00e8me Rapporteur<\/td>\n<\/tr>\n<tr class=\"row-6 even\">\n\t<td class=\"column-1\">HAZOUME Nougbognon Hyppolite <\/td><td class=\"column-2\">UP<\/td><td class=\"column-3\">Secr\u00e9taire<\/td>\n<\/tr>\n<tr class=\"row-7 odd\">\n\t<td class=\"column-1\">N\u2019OUEMOU Koni\u00e9m\u00e9 Domitien<\/td><td class=\"column-2\">UP<\/td><td class=\"column-3\">Membre<\/td>\n<\/tr>\n<tr class=\"row-8 even\">\n\t<td class=\"column-1\">AHIVOHOZIN Norbert<\/td><td class=\"column-2\">UP<\/td><td class=\"column-3\">Membre<\/td>\n<\/tr>\n<tr class=\"row-9 odd\">\n\t<td class=\"column-1\">ALLOSOHOUN Richard Kocouvi Adjihounho<\/td><td class=\"column-2\">UP<\/td><td class=\"column-3\">Membre<\/td>\n<\/tr>\n<tr class=\"row-10 even\">\n\t<td class=\"column-1\">ADJOVI Mathieu Gb\u00e8blodo<\/td><td class=\"column-2\">UP<\/td><td class=\"column-3\">Membre<\/td>\n<\/tr>\n<tr class=\"row-11 odd\">\n\t<td class=\"column-1\">AHOUANVOEBLA Augustin <\/td><td class=\"column-2\">UP<\/td><td class=\"column-3\">Membre<\/td>\n<\/tr>\n<tr class=\"row-12 even\">\n\t<td class=\"column-1\">GOUNOU SALIFOU Abdoulaye<\/td><td class=\"column-2\">BR<\/td><td class=\"column-3\">Membre<\/td>\n<\/tr>\n<tr class=\"row-13 odd\">\n\t<td class=\"column-1\">AKPOVI Eustache <\/td><td class=\"column-2\">BR<\/td><td class=\"column-3\">Membre<\/td>\n<\/tr>\n<tr class=\"row-14 even\">\n\t<td class=\"column-1\">GBAHOUNGBA David <\/td><td class=\"column-2\">BR<\/td><td class=\"column-3\">Membre<\/td>\n<\/tr>\n<tr class=\"row-15 odd\">\n\t<td class=\"column-1\">DEGLA Assouan Beno\u00eet<\/td><td class=\"column-2\">BR<\/td><td class=\"column-3\">Membre<\/td>\n<\/tr>\n<tr class=\"row-16 even\">\n\t<td class=\"column-1\">SOUNON BOUKO Bio<\/td><td class=\"column-2\">BR<\/td><td class=\"column-3\">Membre<\/td>\n<\/tr>\n<\/tbody>\n<\/table>\n<!-- #tablepress-32 from cache -->\n<\/div>\n\t\t<\/div><\/div><div id=\"pgc-2357-1-2\"  class=\"panel-grid-cell panel-grid-cell-empty\" ><\/div><\/div><div id=\"pg-2357-2\"  class=\"panel-grid panel-no-style\" ><div id=\"pgc-2357-2-0\"  class=\"panel-grid-cell\" ><div id=\"panel-2357-2-0-0\" class=\"so-panel widget widget_text panel-first-child panel-last-child\" data-index=\"4\" >\t\t\t<div class=\"textwidget\"><p>&nbsp;<\/p>\n<p>&nbsp;<\/p>\n<\/div>\n\t\t<\/div><\/div><\/div><\/div>","protected":false},"excerpt":{"rendered":"<p>Composition de la commission C1 &nbsp; &nbsp; Veuiller cliquer sur le nom ou les pr\u00e9noms d&rsquo;un(e) d\u00e9put\u00e9(e) pour acc\u00e9der \u00e0 sa page.<\/p>\n","protected":false},"author":10,"featured_media":0,"parent":1521,"menu_order":0,"comment_status":"closed","ping_status":"closed","template":"","meta":{"footnotes":""},"categories":[],"tags":[],"class_list":["post-2357","page","type-page","status-publish","hentry"],"_links":{"self":[{"href":"https:\/\/assemblee-nationale.bj\/index.php\/wp-json\/wp\/v2\/pages\/2357","targetHints":{"allow":["GET"]}}],"collection":[{"href":"https:\/\/assemblee-nationale.bj\/index.php\/wp-json\/wp\/v2\/pages"}],"about":[{"href":"https:\/\/assemblee-nationale.bj\/index.php\/wp-json\/wp\/v2\/types\/page"}],"author":[{"embeddable":true,"href":"https:\/\/assemblee-nationale.bj\/index.php\/wp-json\/wp\/v2\/users\/10"}],"replies":[{"embeddable":true,"href":"https:\/\/assemblee-nationale.bj\/index.php\/wp-json\/wp\/v2\/comments?post=2357"}],"version-history":[{"count":1,"href":"https:\/\/assemblee-nationale.bj\/index.php\/wp-json\/wp\/v2\/pages\/2357\/revisions"}],"predecessor-version":[{"id":2358,"href":"https:\/\/assemblee-nationale.bj\/index.php\/wp-json\/wp\/v2\/pages\/2357\/revisions\/2358"}],"up":[{"embeddable":true,"href":"https:\/\/assemblee-nationale.bj\/index.php\/wp-json\/wp\/v2\/pages\/1521"}],"wp:attachment":[{"href":"https:\/\/assemblee-nationale.bj\/index.php\/wp-json\/wp\/v2\/media?parent=2357"}],"wp:term":[{"taxonomy":"category","embeddable":true,"href":"https:\/\/assemblee-nationale.bj\/index.php\/wp-json\/wp\/v2\/categories?post=2357"},{"taxonomy":"post_tag","embeddable":true,"href":"https:\/\/assemblee-nationale.bj\/index.php\/wp-json\/wp\/v2\/tags?post=2357"}],"curies":[{"name":"wp","href":"https:\/\/api.w.org\/{rel}","templated":true}]}}