
{"id":2369,"date":"2017-11-13T09:33:36","date_gmt":"2017-11-13T08:33:36","guid":{"rendered":"https:\/\/assemblee-nationale.bj\/?page_id=2369"},"modified":"2017-11-13T09:37:33","modified_gmt":"2017-11-13T08:37:33","slug":"composition-de-la-commission-c3","status":"publish","type":"page","link":"https:\/\/assemblee-nationale.bj\/index.php\/activites-parlementaires\/commissions\/commission_permanentes\/commission-du-plan-de-lequipement-et-de-la-production\/composition-de-la-commission-c3\/","title":{"rendered":"Composition de la commission C3"},"content":{"rendered":"<div id=\"pl-2369\"  class=\"panel-layout\" ><div id=\"pg-2369-0\"  class=\"panel-grid panel-no-style\" ><div id=\"pgc-2369-0-0\"  class=\"panel-grid-cell panel-grid-cell-empty\" ><\/div><div id=\"pgc-2369-0-1\"  class=\"panel-grid-cell panel-grid-cell-mobile-last\" ><div id=\"panel-2369-0-1-0\" class=\"so-panel widget widget_text panel-first-child\" data-index=\"0\" ><div class=\"panel-widget-style panel-widget-style-for-2369-0-1-0\" >\t\t\t<div class=\"textwidget\"><p>Composition de la commission C3<\/p>\n<\/div>\n\t\t<\/div><\/div><div id=\"panel-2369-0-1-1\" class=\"so-panel widget widget_text panel-last-child\" data-index=\"1\" >\t\t\t<div class=\"textwidget\"><p>&nbsp;<\/p>\n<p>&nbsp;<\/p>\n<\/div>\n\t\t<\/div><\/div><div id=\"pgc-2369-0-2\"  class=\"panel-grid-cell panel-grid-cell-empty\" ><\/div><\/div><div id=\"pg-2369-1\"  class=\"panel-grid panel-no-style\" ><div id=\"pgc-2369-1-0\"  class=\"panel-grid-cell panel-grid-cell-empty\" ><\/div><div id=\"pgc-2369-1-1\"  class=\"panel-grid-cell panel-grid-cell-mobile-last\" ><div id=\"panel-2369-1-1-0\" class=\"so-panel widget widget_text panel-first-child\" data-index=\"2\" >\t\t\t<div class=\"textwidget\"><p><em>Veuiller cliquer sur le nom ou les pr\u00e9noms d&rsquo;un(e) d\u00e9put\u00e9(e) pour acc\u00e9der \u00e0 sa page.<\/em><\/p>\n<\/div>\n\t\t<\/div><div id=\"panel-2369-1-1-1\" class=\"so-panel widget widget_text panel-last-child\" data-index=\"3\" >\t\t\t<div class=\"textwidget\">\n<table id=\"tablepress-34\" class=\"tablepress tablepress-id-34\">\n<thead>\n<tr class=\"row-1 odd\">\n\t<th class=\"column-1\">Nom et pr\u00e9noms<\/th><th class=\"column-2\">Parti<\/th><th class=\"column-3\">Fonction<\/th>\n<\/tr>\n<\/thead>\n<tbody class=\"row-hover\">\n<tr class=\"row-2 even\">\n\t<td class=\"column-1\">KASSA Dahoga Barth\u00e9l\u00e9my M.<\/td><td class=\"column-2\">BR<\/td><td class=\"column-3\">Pr\u00e9sident<\/td>\n<\/tr>\n<tr class=\"row-3 odd\">\n\t<td class=\"column-1\">SINA OUNINGUI BIO Gounou<\/td><td class=\"column-2\">UP<\/td><td class=\"column-3\">Vice-Pr\u00e9sident<\/td>\n<\/tr>\n<tr class=\"row-4 even\">\n\t<td class=\"column-1\">AVALLA W. Charles Omer<\/td><td class=\"column-2\">BR<\/td><td class=\"column-3\">Premier Rapporteur<\/td>\n<\/tr>\n<tr class=\"row-5 odd\">\n\t<td class=\"column-1\">OROU SE GUENE Yacoubou N<\/td><td class=\"column-2\">UP<\/td><td class=\"column-3\">Deuxi\u00e8me Rapporteur<\/td>\n<\/tr>\n<tr class=\"row-6 even\">\n\t<td class=\"column-1\">KOUWANOU Gnonlonfin Mathias <\/td><td class=\"column-2\">BR<\/td><td class=\"column-3\">Secr\u00e9taire<\/td>\n<\/tr>\n<tr class=\"row-7 odd\">\n\t<td class=\"column-1\">ADOUN Hilaire<\/td><td class=\"column-2\">BR<\/td><td class=\"column-3\">Membre<\/td>\n<\/tr>\n<tr class=\"row-8 even\">\n\t<td class=\"column-1\">ADOMAHOU J\u00e9r\u00e9mie<\/td><td class=\"column-2\">UP<\/td><td class=\"column-3\">Membre<\/td>\n<\/tr>\n<tr class=\"row-9 odd\">\n\t<td class=\"column-1\">GUIDI Euric <\/td><td class=\"column-2\">UP<\/td><td class=\"column-3\">Membre<\/td>\n<\/tr>\n<tr class=\"row-10 even\">\n\t<td class=\"column-1\">BOKOVE L\u00e9on <\/td><td class=\"column-2\">UP<\/td><td class=\"column-3\">Membre<\/td>\n<\/tr>\n<tr class=\"row-11 odd\">\n\t<td class=\"column-1\">MEDEWANOU Koffi Ernest Serge <\/td><td class=\"column-2\">UP<\/td><td class=\"column-3\">Membre<\/td>\n<\/tr>\n<tr class=\"row-12 even\">\n\t<td class=\"column-1\">AGONGBONON Lambert<\/td><td class=\"column-2\">BR<\/td><td class=\"column-3\">Membre<\/td>\n<\/tr>\n<tr class=\"row-13 odd\">\n\t<td class=\"column-1\">KATE Saba\u00ef<\/td><td class=\"column-2\">BR<\/td><td class=\"column-3\">Membre<\/td>\n<\/tr>\n<tr class=\"row-14 even\">\n\t<td class=\"column-1\">OKOUNDE Kotchikpa Jean-Eudes <\/td><td class=\"column-2\">BR<\/td><td class=\"column-3\">Membre<\/td>\n<\/tr>\n<tr class=\"row-15 odd\">\n\t<td class=\"column-1\">GBENOU Paulin <\/td><td class=\"column-2\">BR<\/td><td class=\"column-3\">Membre<\/td>\n<\/tr>\n<tr class=\"row-16 even\">\n\t<td class=\"column-1\">YAHOUEDEHOU Janvier <\/td><td class=\"column-2\">BR<\/td><td class=\"column-3\">Membre<\/td>\n<\/tr>\n<tr class=\"row-17 odd\">\n\t<td class=\"column-1\">AFFO OBO Ahmed Tidjani<\/td><td class=\"column-2\">UP<\/td><td class=\"column-3\">Membre<\/td>\n<\/tr>\n<tr class=\"row-18 even\">\n\t<td class=\"column-1\">AHYI Chantal D\u00e8d\u00e9vi Eug\u00e9nie<\/td><td class=\"column-2\">BR<\/td><td class=\"column-3\">Membre<\/td>\n<\/tr>\n<tr class=\"row-19 odd\">\n\t<td class=\"column-1\">OGOUWALE Romaric<\/td><td class=\"column-2\">BR<\/td><td class=\"column-3\">Membre<\/td>\n<\/tr>\n<\/tbody>\n<\/table>\n<!-- #tablepress-34 from cache -->\n<\/div>\n\t\t<\/div><\/div><div id=\"pgc-2369-1-2\"  class=\"panel-grid-cell panel-grid-cell-empty\" ><\/div><\/div><div id=\"pg-2369-2\"  class=\"panel-grid panel-no-style\" ><div id=\"pgc-2369-2-0\"  class=\"panel-grid-cell\" ><div id=\"panel-2369-2-0-0\" class=\"so-panel widget widget_text panel-first-child panel-last-child\" data-index=\"4\" >\t\t\t<div class=\"textwidget\"><\/div>\n\t\t<\/div><\/div><\/div><\/div>","protected":false},"excerpt":{"rendered":"<p>Composition de la commission C3 &nbsp; &nbsp; Veuiller cliquer sur le nom ou les pr\u00e9noms d&rsquo;un(e) d\u00e9put\u00e9(e) pour acc\u00e9der \u00e0 sa page.<\/p>\n","protected":false},"author":10,"featured_media":0,"parent":1537,"menu_order":0,"comment_status":"closed","ping_status":"closed","template":"","meta":{"footnotes":""},"categories":[],"tags":[],"class_list":["post-2369","page","type-page","status-publish","hentry"],"_links":{"self":[{"href":"https:\/\/assemblee-nationale.bj\/index.php\/wp-json\/wp\/v2\/pages\/2369","targetHints":{"allow":["GET"]}}],"collection":[{"href":"https:\/\/assemblee-nationale.bj\/index.php\/wp-json\/wp\/v2\/pages"}],"about":[{"href":"https:\/\/assemblee-nationale.bj\/index.php\/wp-json\/wp\/v2\/types\/page"}],"author":[{"embeddable":true,"href":"https:\/\/assemblee-nationale.bj\/index.php\/wp-json\/wp\/v2\/users\/10"}],"replies":[{"embeddable":true,"href":"https:\/\/assemblee-nationale.bj\/index.php\/wp-json\/wp\/v2\/comments?post=2369"}],"version-history":[{"count":1,"href":"https:\/\/assemblee-nationale.bj\/index.php\/wp-json\/wp\/v2\/pages\/2369\/revisions"}],"predecessor-version":[{"id":2373,"href":"https:\/\/assemblee-nationale.bj\/index.php\/wp-json\/wp\/v2\/pages\/2369\/revisions\/2373"}],"up":[{"embeddable":true,"href":"https:\/\/assemblee-nationale.bj\/index.php\/wp-json\/wp\/v2\/pages\/1537"}],"wp:attachment":[{"href":"https:\/\/assemblee-nationale.bj\/index.php\/wp-json\/wp\/v2\/media?parent=2369"}],"wp:term":[{"taxonomy":"category","embeddable":true,"href":"https:\/\/assemblee-nationale.bj\/index.php\/wp-json\/wp\/v2\/categories?post=2369"},{"taxonomy":"post_tag","embeddable":true,"href":"https:\/\/assemblee-nationale.bj\/index.php\/wp-json\/wp\/v2\/tags?post=2369"}],"curies":[{"name":"wp","href":"https:\/\/api.w.org\/{rel}","templated":true}]}}