
{"id":2439,"date":"2017-11-15T17:22:15","date_gmt":"2017-11-15T16:22:15","guid":{"rendered":"https:\/\/assemblee-nationale.bj\/?page_id=2439"},"modified":"2017-11-15T17:22:15","modified_gmt":"2017-11-15T16:22:15","slug":"cabinet-du-presidentb","status":"publish","type":"page","link":"https:\/\/assemblee-nationale.bj\/index.php\/president-2\/le-president\/cabinet-du-presidentb\/","title":{"rendered":"Cabinet du pr\u00e9sidentb"},"content":{"rendered":"<div id=\"pl-2439\"  class=\"panel-layout\" ><div id=\"pg-2439-0\"  class=\"panel-grid panel-no-style\" ><div id=\"pgc-2439-0-0\"  class=\"panel-grid-cell panel-grid-cell-empty\" ><\/div><div id=\"pgc-2439-0-1\"  class=\"panel-grid-cell panel-grid-cell-mobile-last\" ><div id=\"panel-2439-0-1-0\" class=\"so-panel widget widget_text panel-first-child\" data-index=\"0\" ><div class=\"panel-widget-style panel-widget-style-for-2439-0-1-0\" >\t\t\t<div class=\"textwidget\"><p>Cabinet du pr\u00e9sident<\/p>\n<\/div>\n\t\t<\/div><\/div><div id=\"panel-2439-0-1-1\" class=\"so-panel widget widget_text panel-last-child\" data-index=\"1\" >\t\t\t<div class=\"textwidget\"><p>&nbsp;<\/p>\n<p>&nbsp;<\/p>\n<\/div>\n\t\t<\/div><\/div><div id=\"pgc-2439-0-2\"  class=\"panel-grid-cell panel-grid-cell-empty\" ><\/div><\/div><div id=\"pg-2439-1\"  class=\"panel-grid panel-no-style\" ><div id=\"pgc-2439-1-0\"  class=\"panel-grid-cell panel-grid-cell-empty\" ><\/div><div id=\"pgc-2439-1-1\"  class=\"panel-grid-cell panel-grid-cell-mobile-last\" ><div id=\"panel-2439-1-1-0\" class=\"so-panel widget widget_text panel-first-child panel-last-child\" data-index=\"2\" >\t\t\t<div class=\"textwidget\"><p>Le Cabinet, c&rsquo;est l&rsquo;administration rapproch\u00e9e du Pr\u00e9sident de l&rsquo;Assembl\u00e9e Nationale. Il est directement plac\u00e9 sous son autorit\u00e9. Conform\u00e9ment aux articles 133 et 134 du R\u00e8glement int\u00e9rieur, le cabinet du Pr\u00e9sident de l&rsquo;Assembl\u00e9e Nationale comprend :<\/p>\n<p>&#8211; un (01) Directeur de cabinet;<\/p>\n<p>&#8211; un (01) Secr\u00e9taire particulier ;<\/p>\n<p>&#8211; un (01) ou deux (02) Secr\u00e9taires de cabinet ;<\/p>\n<p>&#8211; des Conseillers techniques ;<\/p>\n<p>&#8211; des Charg\u00e9s de mission ;<\/p>\n<p>&#8211; un (01) Charg\u00e9 de protocole ;<\/p>\n<p>&#8211; le Commandant militaire et le personnel de s\u00e9curit\u00e9 ;<\/p>\n<p>&#8211; un (01) Attach\u00e9 de presse ;<\/p>\n<div>Les membres du cabinet du Pr\u00e9sident de l&rsquo;Assembl\u00e9e Nationale sont nomm\u00e9s par d\u00e9cision du Pr\u00e9sident. Les t\u00e2ches incombant \u00e0 chacun d&rsquo;eux et leurs attributions sp\u00e9cifiques sont fix\u00e9es par arr\u00eat\u00e9 du Pr\u00e9sident. L&rsquo;album photos ci-apr\u00e8s donne l&rsquo;identit\u00e9 des diff\u00e9rents membres du Cabinet du Pr\u00e9sident de l&rsquo;Assembl\u00e9e Nationale :<\/div>\n<div><\/div>\n<div><\/div>\n<div><\/div>\n<\/div>\n\t\t<\/div><\/div><div id=\"pgc-2439-1-2\"  class=\"panel-grid-cell panel-grid-cell-empty\" ><\/div><\/div><div id=\"pg-2439-2\"  class=\"panel-grid panel-no-style\" ><div id=\"pgc-2439-2-0\"  class=\"panel-grid-cell panel-grid-cell-empty\" ><\/div><div id=\"pgc-2439-2-1\"  class=\"panel-grid-cell\" ><div id=\"panel-2439-2-1-0\" class=\"so-panel widget widget_media_image panel-first-child panel-last-child\" data-index=\"3\" ><div class=\"panel-widget-style panel-widget-style-for-2439-2-1-0\" ><img loading=\"lazy\" decoding=\"async\" width=\"907\" height=\"1361\" src=\"https:\/\/assemblee-nationale.bj\/wp-content\/uploads\/2017\/09\/Falilou_AKADIRI_Directeur_de_Cabinet.png\" class=\"image wp-image-389  attachment-full size-full\" alt=\"\" style=\"max-width: 100%; height: auto;\" srcset=\"https:\/\/assemblee-nationale.bj\/wp-content\/uploads\/2017\/09\/Falilou_AKADIRI_Directeur_de_Cabinet.png 907w, https:\/\/assemblee-nationale.bj\/wp-content\/uploads\/2017\/09\/Falilou_AKADIRI_Directeur_de_Cabinet-200x300.png 200w, https:\/\/assemblee-nationale.bj\/wp-content\/uploads\/2017\/09\/Falilou_AKADIRI_Directeur_de_Cabinet-768x1152.png 768w, https:\/\/assemblee-nationale.bj\/wp-content\/uploads\/2017\/09\/Falilou_AKADIRI_Directeur_de_Cabinet-682x1024.png 682w\" sizes=\"auto, (max-width: 907px) 100vw, 907px\" \/><\/div><\/div><\/div><div id=\"pgc-2439-2-2\"  class=\"panel-grid-cell panel-grid-cell-mobile-last\" ><div id=\"panel-2439-2-2-0\" class=\"so-panel widget widget_text panel-first-child panel-last-child\" data-index=\"4\" ><div class=\"panel-widget-style panel-widget-style-for-2439-2-2-0\" >\t\t\t<div class=\"textwidget\"><p>M. Falilou AKADIRI<\/p>\n<p>Directeur de cabinet<\/p>\n<\/div>\n\t\t<\/div><\/div><\/div><div id=\"pgc-2439-2-3\"  class=\"panel-grid-cell panel-grid-cell-empty\" ><\/div><\/div><div id=\"pg-2439-3\"  class=\"panel-grid panel-no-style\" ><div id=\"pgc-2439-3-0\"  class=\"panel-grid-cell panel-grid-cell-empty\" ><\/div><div id=\"pgc-2439-3-1\"  class=\"panel-grid-cell\" ><div id=\"panel-2439-3-1-0\" class=\"so-panel widget widget_media_image panel-first-child panel-last-child\" data-index=\"5\" ><div class=\"panel-widget-style panel-widget-style-for-2439-3-1-0\" ><img loading=\"lazy\" decoding=\"async\" width=\"200\" height=\"198\" src=\"https:\/\/assemblee-nationale.bj\/wp-content\/uploads\/2017\/09\/Parfait_AHOYO_Conseiller_\u00e0_lInformatisation_et_au_num\u00e9rique.png\" class=\"image wp-image-619  attachment-full size-full\" alt=\"\" style=\"max-width: 100%; height: auto;\" srcset=\"https:\/\/assemblee-nationale.bj\/wp-content\/uploads\/2017\/09\/Parfait_AHOYO_Conseiller_\u00e0_lInformatisation_et_au_num\u00e9rique.png 200w, https:\/\/assemblee-nationale.bj\/wp-content\/uploads\/2017\/09\/Parfait_AHOYO_Conseiller_\u00e0_lInformatisation_et_au_num\u00e9rique-150x150.png 150w\" sizes=\"auto, (max-width: 200px) 100vw, 200px\" \/><\/div><\/div><\/div><div id=\"pgc-2439-3-2\"  class=\"panel-grid-cell panel-grid-cell-mobile-last\" ><div id=\"panel-2439-3-2-0\" class=\"so-panel widget widget_text panel-first-child panel-last-child\" data-index=\"6\" ><div class=\"panel-widget-style panel-widget-style-for-2439-3-2-0\" >\t\t\t<div class=\"textwidget\"><p>M. Parfait AHOYO<\/p>\n<p>Conseiller \u00e0 L&rsquo;information et au Num\u00e9rique<\/p>\n<\/div>\n\t\t<\/div><\/div><\/div><div id=\"pgc-2439-3-3\"  class=\"panel-grid-cell panel-grid-cell-empty\" ><\/div><\/div><div id=\"pg-2439-4\"  class=\"panel-grid panel-no-style\" ><div id=\"pgc-2439-4-0\"  class=\"panel-grid-cell panel-grid-cell-empty\" ><\/div><div id=\"pgc-2439-4-1\"  class=\"panel-grid-cell\" ><div id=\"panel-2439-4-1-0\" class=\"so-panel widget widget_media_image panel-first-child panel-last-child\" data-index=\"7\" ><div class=\"panel-widget-style panel-widget-style-for-2439-4-1-0\" ><img loading=\"lazy\" decoding=\"async\" width=\"200\" height=\"302\" src=\"https:\/\/assemblee-nationale.bj\/wp-content\/uploads\/2017\/09\/Roland_KOUTON_Commandant_Militaire.png\" class=\"image wp-image-618  attachment-full size-full\" alt=\"\" style=\"max-width: 100%; height: auto;\" srcset=\"https:\/\/assemblee-nationale.bj\/wp-content\/uploads\/2017\/09\/Roland_KOUTON_Commandant_Militaire.png 200w, https:\/\/assemblee-nationale.bj\/wp-content\/uploads\/2017\/09\/Roland_KOUTON_Commandant_Militaire-199x300.png 199w\" sizes=\"auto, (max-width: 200px) 100vw, 200px\" \/><\/div><\/div><\/div><div id=\"pgc-2439-4-2\"  class=\"panel-grid-cell panel-grid-cell-mobile-last\" ><div id=\"panel-2439-4-2-0\" class=\"so-panel widget widget_text panel-first-child panel-last-child\" data-index=\"8\" ><div class=\"panel-widget-style panel-widget-style-for-2439-4-2-0\" >\t\t\t<div class=\"textwidget\"><p>Roland KOUTON<\/p>\n<p>Commandant militaire<\/p>\n<\/div>\n\t\t<\/div><\/div><\/div><div id=\"pgc-2439-4-3\"  class=\"panel-grid-cell panel-grid-cell-empty\" ><\/div><\/div><div id=\"pg-2439-5\"  class=\"panel-grid panel-no-style\" ><div id=\"pgc-2439-5-0\"  class=\"panel-grid-cell panel-grid-cell-empty\" ><\/div><div id=\"pgc-2439-5-1\"  class=\"panel-grid-cell\" ><div id=\"panel-2439-5-1-0\" class=\"so-panel widget widget_media_image panel-first-child panel-last-child\" data-index=\"9\" ><div class=\"panel-widget-style panel-widget-style-for-2439-5-1-0\" ><img loading=\"lazy\" decoding=\"async\" width=\"200\" height=\"301\" src=\"https:\/\/assemblee-nationale.bj\/wp-content\/uploads\/2017\/09\/Jude_HOUETOGNANKOU_Protocole.png\" class=\"image wp-image-616  attachment-full size-full\" alt=\"\" style=\"max-width: 100%; height: auto;\" srcset=\"https:\/\/assemblee-nationale.bj\/wp-content\/uploads\/2017\/09\/Jude_HOUETOGNANKOU_Protocole.png 200w, https:\/\/assemblee-nationale.bj\/wp-content\/uploads\/2017\/09\/Jude_HOUETOGNANKOU_Protocole-199x300.png 199w\" sizes=\"auto, (max-width: 200px) 100vw, 200px\" \/><\/div><\/div><\/div><div id=\"pgc-2439-5-2\"  class=\"panel-grid-cell panel-grid-cell-mobile-last\" ><div id=\"panel-2439-5-2-0\" class=\"so-panel widget widget_text panel-first-child panel-last-child\" data-index=\"10\" ><div class=\"panel-widget-style panel-widget-style-for-2439-5-2-0\" >\t\t\t<div class=\"textwidget\"><p>Jude AHOUETOGNANKOU<\/p>\n<p>Chef du protocole<\/p>\n<\/div>\n\t\t<\/div><\/div><\/div><div id=\"pgc-2439-5-3\"  class=\"panel-grid-cell panel-grid-cell-empty\" ><\/div><\/div><div id=\"pg-2439-6\"  class=\"panel-grid panel-no-style\" ><div id=\"pgc-2439-6-0\"  class=\"panel-grid-cell panel-grid-cell-empty\" ><\/div><div id=\"pgc-2439-6-1\"  class=\"panel-grid-cell\" ><div id=\"panel-2439-6-1-0\" class=\"so-panel widget widget_media_image panel-first-child panel-last-child\" data-index=\"11\" ><div class=\"panel-widget-style panel-widget-style-for-2439-6-1-0\" ><img loading=\"lazy\" decoding=\"async\" width=\"200\" height=\"300\" src=\"https:\/\/assemblee-nationale.bj\/wp-content\/uploads\/2017\/09\/Hugues_PATINVOH_Attach\u00e9_de_Presse.png\" class=\"image wp-image-615  attachment-full size-full\" alt=\"\" style=\"max-width: 100%; height: auto;\" \/><\/div><\/div><\/div><div id=\"pgc-2439-6-2\"  class=\"panel-grid-cell panel-grid-cell-mobile-last\" ><div id=\"panel-2439-6-2-0\" class=\"so-panel widget widget_text panel-first-child panel-last-child\" data-index=\"12\" ><div class=\"panel-widget-style panel-widget-style-for-2439-6-2-0\" >\t\t\t<div class=\"textwidget\"><p>M. Hugues PATINVOH<\/p>\n<p>Attach\u00e9 de presse<\/p>\n<\/div>\n\t\t<\/div><\/div><\/div><div id=\"pgc-2439-6-3\"  class=\"panel-grid-cell panel-grid-cell-empty\" ><\/div><\/div><div id=\"pg-2439-7\"  class=\"panel-grid panel-no-style\" ><div id=\"pgc-2439-7-0\"  class=\"panel-grid-cell panel-grid-cell-empty\" ><\/div><div id=\"pgc-2439-7-1\"  class=\"panel-grid-cell\" ><div id=\"panel-2439-7-1-0\" class=\"so-panel widget widget_media_image panel-first-child panel-last-child\" data-index=\"13\" ><img loading=\"lazy\" decoding=\"async\" width=\"200\" height=\"246\" src=\"https:\/\/assemblee-nationale.bj\/wp-content\/uploads\/2017\/09\/Elie_COMLAN_Conseiller_technique_\u00e0_lEnergie_Mines_et_Hydrolique.png\" class=\"image wp-image-622  attachment-full size-full\" alt=\"\" style=\"max-width: 100%; height: auto;\" \/><\/div><\/div><div id=\"pgc-2439-7-2\"  class=\"panel-grid-cell panel-grid-cell-mobile-last\" ><div id=\"panel-2439-7-2-0\" class=\"so-panel widget widget_text panel-first-child panel-last-child\" data-index=\"14\" ><div class=\"panel-widget-style panel-widget-style-for-2439-7-2-0\" >\t\t\t<div class=\"textwidget\"><p>M. Elie COMLAN<\/p>\n<p>Conseiller technique \u00e0 l&rsquo;Hydraulique, mines, et \u00c9nergie<\/p>\n<\/div>\n\t\t<\/div><\/div><\/div><div id=\"pgc-2439-7-3\"  class=\"panel-grid-cell panel-grid-cell-empty\" ><\/div><\/div><div id=\"pg-2439-8\"  class=\"panel-grid panel-no-style\" ><div id=\"pgc-2439-8-0\"  class=\"panel-grid-cell panel-grid-cell-empty\" ><\/div><div id=\"pgc-2439-8-1\"  class=\"panel-grid-cell panel-grid-cell-mobile-last\" ><div id=\"panel-2439-8-1-0\" class=\"so-panel widget widget_text panel-first-child panel-last-child\" data-index=\"15\" >\t\t\t<div class=\"textwidget\"><p>&nbsp;<\/p>\n<p>&nbsp;<\/p>\n<\/div>\n\t\t<\/div><\/div><div id=\"pgc-2439-8-2\"  class=\"panel-grid-cell panel-grid-cell-empty\" ><\/div><\/div><\/div>","protected":false},"excerpt":{"rendered":"<p>Cabinet du pr\u00e9sident &nbsp; &nbsp; Le Cabinet, c&rsquo;est l&rsquo;administration rapproch\u00e9e du Pr\u00e9sident de l&rsquo;Assembl\u00e9e Nationale. Il est directement plac\u00e9 sous son autorit\u00e9. Conform\u00e9ment aux articles 133 et 134 du R\u00e8glement int\u00e9rieur, le cabinet du Pr\u00e9sident de l&rsquo;Assembl\u00e9e Nationale comprend : &#8211; un (01) Directeur de cabinet; &#8211; un (01) Secr\u00e9taire particulier ; &#8211; un (01) [&hellip;]<\/p>\n","protected":false},"author":10,"featured_media":0,"parent":1414,"menu_order":0,"comment_status":"closed","ping_status":"closed","template":"","meta":{"footnotes":""},"categories":[1],"tags":[],"class_list":["post-2439","page","type-page","status-publish","hentry","category-uncategorized"],"_links":{"self":[{"href":"https:\/\/assemblee-nationale.bj\/index.php\/wp-json\/wp\/v2\/pages\/2439","targetHints":{"allow":["GET"]}}],"collection":[{"href":"https:\/\/assemblee-nationale.bj\/index.php\/wp-json\/wp\/v2\/pages"}],"about":[{"href":"https:\/\/assemblee-nationale.bj\/index.php\/wp-json\/wp\/v2\/types\/page"}],"author":[{"embeddable":true,"href":"https:\/\/assemblee-nationale.bj\/index.php\/wp-json\/wp\/v2\/users\/10"}],"replies":[{"embeddable":true,"href":"https:\/\/assemblee-nationale.bj\/index.php\/wp-json\/wp\/v2\/comments?post=2439"}],"version-history":[{"count":1,"href":"https:\/\/assemblee-nationale.bj\/index.php\/wp-json\/wp\/v2\/pages\/2439\/revisions"}],"predecessor-version":[{"id":2440,"href":"https:\/\/assemblee-nationale.bj\/index.php\/wp-json\/wp\/v2\/pages\/2439\/revisions\/2440"}],"up":[{"embeddable":true,"href":"https:\/\/assemblee-nationale.bj\/index.php\/wp-json\/wp\/v2\/pages\/1414"}],"wp:attachment":[{"href":"https:\/\/assemblee-nationale.bj\/index.php\/wp-json\/wp\/v2\/media?parent=2439"}],"wp:term":[{"taxonomy":"category","embeddable":true,"href":"https:\/\/assemblee-nationale.bj\/index.php\/wp-json\/wp\/v2\/categories?post=2439"},{"taxonomy":"post_tag","embeddable":true,"href":"https:\/\/assemblee-nationale.bj\/index.php\/wp-json\/wp\/v2\/tags?post=2439"}],"curies":[{"name":"wp","href":"https:\/\/api.w.org\/{rel}","templated":true}]}}