
{"id":3510,"date":"2020-03-20T15:32:15","date_gmt":"2020-03-20T14:32:15","guid":{"rendered":"https:\/\/assemblee-nationale.bj\/?page_id=3510"},"modified":"2020-03-21T13:38:21","modified_gmt":"2020-03-21T12:38:21","slug":"repertoire-des-lois-promulguees-en-matiere-des-droits-de-lhomme","status":"publish","type":"page","link":"https:\/\/assemblee-nationale.bj\/index.php\/repertoire-des-lois\/lois-votees\/repertoire-des-lois-promulguees-en-matiere-des-droits-de-lhomme\/","title":{"rendered":"R\u00e9pertoire des lois promulgu\u00e9es en mati\u00e8re des droits de l&rsquo;homme"},"content":{"rendered":"<div id=\"pl-3510\"  class=\"panel-layout\" ><div id=\"pg-3510-0\"  class=\"panel-grid panel-no-style\" ><div id=\"pgc-3510-0-0\"  class=\"panel-grid-cell panel-grid-cell-empty\" ><\/div><div id=\"pgc-3510-0-1\"  class=\"panel-grid-cell panel-grid-cell-mobile-last\" ><div id=\"panel-3510-0-1-0\" class=\"so-panel widget widget_text panel-first-child\" data-index=\"0\" ><div class=\"panel-widget-style panel-widget-style-for-3510-0-1-0\" >\t\t\t<div class=\"textwidget\"><p>R\u00e9pertoire des lois promulgu\u00e9es en mati\u00e8re des droits de l&rsquo;homme<\/p>\n<\/div>\n\t\t<\/div><\/div><div id=\"panel-3510-0-1-1\" class=\"so-panel widget widget_text panel-last-child\" data-index=\"1\" >\t\t\t<div class=\"textwidget\"><p>&nbsp;<\/p>\n<p>&nbsp;<\/p>\n<\/div>\n\t\t<\/div><\/div><div id=\"pgc-3510-0-2\"  class=\"panel-grid-cell panel-grid-cell-empty\" ><\/div><\/div><div id=\"pg-3510-1\"  class=\"panel-grid panel-no-style\" ><div id=\"pgc-3510-1-0\"  class=\"panel-grid-cell panel-grid-cell-empty\" ><\/div><div id=\"pgc-3510-1-1\"  class=\"panel-grid-cell panel-grid-cell-mobile-last\" ><div id=\"panel-3510-1-1-0\" class=\"so-panel widget widget_text panel-first-child\" data-index=\"2\" >\t\t\t<div class=\"textwidget\">\n<table id=\"tablepress-59\" class=\"tablepress tablepress-id-59\">\n<thead>\n<tr class=\"row-1 odd\">\n\t<th class=\"column-1\">N\u00b0 D'ORDRE<\/th><th class=\"column-2\">LEGISLATURE<\/th><th class=\"column-3\">INTITULE<\/th><th class=\"column-4\">DATE D'ADOPTION<\/th><th class=\"column-5\">ACTIONS<\/th>\n<\/tr>\n<\/thead>\n<tbody class=\"row-hover\">\n<tr class=\"row-2 even\">\n\t<td class=\"column-1\">1<\/td><td class=\"column-2\">Avant 1990<\/td><td class=\"column-3\">Loi n\u00b0 65-17, du 23 juin 1965, portant Code de nationalit\u00e9 Dahom\u00e9enne<\/td><td class=\"column-4\">23\/06\/1965<\/td><td class=\"column-5\"><a href=\"https:\/\/assemblee-nationale.bj\/wp-content\/uploads\/2020\/03\/code-de-la-nationalite.pdf\" target=\"_blank\" class=\"btn read-more\">T\u00e9l\u00e9charger <\/a><\/td>\n<\/tr>\n<tr class=\"row-3 odd\">\n\t<td class=\"column-1\">2<\/td><td class=\"column-2\">Avant 1990<\/td><td class=\"column-3\">Loi n\u00b0 89-004, du 12 mai 1989, portant institution de la Commission b\u00e9ninoise des droits de l\u2019homme<\/td><td class=\"column-4\">12\/05\/1989<\/td><td class=\"column-5\"><a href=\"https:\/\/assemblee-nationale.bj\/wp-content\/uploads\/2020\/03\/Loi_89-004.pdf\" target=\"_blank\" class=\"btn read-more\">T\u00e9l\u00e9charger <\/a><\/td>\n<\/tr>\n<tr class=\"row-4 even\">\n\t<td class=\"column-1\">3<\/td><td class=\"column-2\">Deuxi\u00e8me l\u00e9gislature<br \/>\n(1995-1999)<\/td><td class=\"column-3\">Loi n\u00b0 98-004, du 27 janvier 1998, portant Code du Travail<\/td><td class=\"column-4\">27\/01\/1998<\/td><td class=\"column-5\"><a href=\"https:\/\/assemblee-nationale.bj\/wp-content\/uploads\/2020\/03\/code-du-travail.pdf\" target=\"_blank\" class=\"btn read-more\">T\u00e9l\u00e9charger <\/a><\/td>\n<\/tr>\n<tr class=\"row-5 odd\">\n\t<td class=\"column-1\">4<\/td><td class=\"column-2\">Troisi\u00e8me l\u00e9gislature<br \/>\n(1999-2003)<\/td><td class=\"column-3\">Loi n\u00b0 2001-09, du 21 juin 2002, portant exercice du droit de gr\u00e8ve en R\u00e9publique du B\u00e9nin<\/td><td class=\"column-4\">21\/06\/2002<\/td><td class=\"column-5\"><a href=\"https:\/\/assemblee-nationale.bj\/wp-content\/uploads\/2020\/03\/loi-2001-09-exercice-droit-de-greve.pdf\" target=\"_blank\" class=\"btn read-more\">T\u00e9l\u00e9charger <\/a><\/td>\n<\/tr>\n<tr class=\"row-6 even\">\n\t<td class=\"column-1\">5<\/td><td class=\"column-2\">Troisi\u00e8me l\u00e9gislature<br \/>\n(1999-2003)<\/td><td class=\"column-3\">Loi n\u00b0 2003-03 du 03 Mars 2003, portant r\u00e9pression de la pratique des mutilations g\u00e9nitales f\u00e9minines en R\u00e9publique du B\u00e9nin.<\/td><td class=\"column-4\">03\/03\/2003<\/td><td class=\"column-5\"><a href=\"https:\/\/assemblee-nationale.bj\/wp-content\/uploads\/2020\/03\/l-2003-03-repression-pratiques-mutiations-genitales-feminines.pdf\" target=\"_blank\" class=\"btn read-more\">T\u00e9l\u00e9charger <\/a><\/td>\n<\/tr>\n<tr class=\"row-7 odd\">\n\t<td class=\"column-1\">6<\/td><td class=\"column-2\">Troisi\u00e8me l\u00e9gislature<br \/>\n(1999-2003)<\/td><td class=\"column-3\">Loi n\u00b0 2003-04 du 03 mars 2003, relative \u00e0 la sant\u00e9  sexuelle et \u00e0 la reproduction.<\/td><td class=\"column-4\">03\/03\/2003<\/td><td class=\"column-5\"><a href=\"https:\/\/assemblee-nationale.bj\/wp-content\/uploads\/2020\/03\/l-2003-04-sante-sexuelle-et-reproduction.pdf\" target=\"_blank\" class=\"btn read-more\">T\u00e9l\u00e9charger <\/a><\/td>\n<\/tr>\n<tr class=\"row-8 even\">\n\t<td class=\"column-1\">7<\/td><td class=\"column-2\">Quatri\u00e8me l\u00e9gislature<br \/>\n(2003-2007)<\/td><td class=\"column-3\">Loi n\u00b0 2005-31 du 10 avril 2006, portant pr\u00e9vention, prise en charge et contr\u00f4le du VIH\/SIDA en R\u00e9publique du B\u00e9nin.<\/td><td class=\"column-4\">10\/04\/2006<\/td><td class=\"column-5\"><a href=\"https:\/\/assemblee-nationale.bj\/wp-content\/uploads\/2020\/03\/l-2005-31-prevention-prise-en-charge-vih.pdf\" target=\"_blank\" class=\"btn read-more\">T\u00e9l\u00e9charger <\/a><\/td>\n<\/tr>\n<tr class=\"row-9 odd\">\n\t<td class=\"column-1\">8<\/td><td class=\"column-2\">Quatri\u00e8me l\u00e9gislature<br \/>\n(2003-2007)<\/td><td class=\"column-3\">Loi n\u00b0 2006-04, du 10 avril 2006, portant conditions de placement des mineurs et r\u00e9pression de la traite d\u2019enfants en R\u00e9publique du B\u00e9nin<\/td><td class=\"column-4\">10\/04\/2006<\/td><td class=\"column-5\"><a href=\"https:\/\/assemblee-nationale.bj\/wp-content\/uploads\/2020\/03\/loi-portant-sur-les-conditions-de-deplacement-des-mineurs-et-la-repression-de-la-traite-des-enfants-au.pdf\" target=\"_blank\" class=\"btn read-more\">T\u00e9l\u00e9charger <\/a><\/td>\n<\/tr>\n<tr class=\"row-10 even\">\n\t<td class=\"column-1\">9<\/td><td class=\"column-2\">Quatri\u00e8me l\u00e9gislature<br \/>\n(2003-2007)<\/td><td class=\"column-3\">Loi n\u00b0 2006-19, du 17 juillet 2006, portant r\u00e9pression du harc\u00e8lement sexuel et protection des victimes en R\u00e9publique du B\u00e9nin<\/td><td class=\"column-4\">17\/07\/2006<\/td><td class=\"column-5\"><a href=\"https:\/\/assemblee-nationale.bj\/wp-content\/uploads\/2020\/03\/loi-portant-repression-du-harcelement-sexuel.pdf\" target=\"_blank\" class=\"btn read-more\">T\u00e9l\u00e9charger <\/a><\/td>\n<\/tr>\n<tr class=\"row-11 odd\">\n\t<td class=\"column-1\">10<\/td><td class=\"column-2\">Cinqui\u00e8me l\u00e9gislature<br \/>\n(2007-2011)<\/td><td class=\"column-3\">Loi n\u00b0 2007-21, du 16 octobre 2007, portant protection du consommateur en R\u00e9publique du B\u00e9nin<\/td><td class=\"column-4\">17\/10\/2007<\/td><td class=\"column-5\"><a href=\"https:\/\/assemblee-nationale.bj\/wp-content\/uploads\/2020\/03\/Loi-portant-protection-du-consommateur-au-Benin.pdf\" target=\"_blank\" class=\"btn read-more\">T\u00e9l\u00e9charger <\/a><\/td>\n<\/tr>\n<tr class=\"row-12 even\">\n\t<td class=\"column-1\">11<\/td><td class=\"column-2\">Sixi\u00e8me l\u00e9gislature<br \/>\n(2011-2015)<\/td><td class=\"column-3\">Loi n\u00b0 2010-10 du 22 mars 2010, modifiant et compl\u00e9tant les dispositions des articles 93 et 146 de la loi n\u00b0 98-019 du 21 mars 2003 portant code de s\u00e9curit\u00e9 sociale en R\u00e9publique du B\u00e9nin.<\/td><td class=\"column-4\">22\/03\/2010<\/td><td class=\"column-5\"><a href=\"https:\/\/assemblee-nationale.bj\/wp-content\/uploads\/2020\/03\/l-2010-10-securite-sociale.pdf\" target=\"_blank\" class=\"btn read-more\">T\u00e9l\u00e9charger <\/a><\/td>\n<\/tr>\n<tr class=\"row-13 odd\">\n\t<td class=\"column-1\">12<\/td><td class=\"column-2\">Sixi\u00e8me l\u00e9gislature<br \/>\n(2011-2015)<\/td><td class=\"column-3\">Loi n\u00b0 2011-26, du 09 janvier 2012, portant pr\u00e9vention et r\u00e9pression des violences faites aux femmes<\/td><td class=\"column-4\">09\/01\/2012<\/td><td class=\"column-5\"><a href=\"https:\/\/assemblee-nationale.bj\/wp-content\/uploads\/2020\/03\/loi-portant-prevention-et-repression-des-violences-faites-aux-femmes.pdf\" target=\"_blank\" class=\"btn read-more\">T\u00e9l\u00e9charger <\/a><\/td>\n<\/tr>\n<tr class=\"row-14 even\">\n\t<td class=\"column-1\">13<\/td><td class=\"column-2\">Sixi\u00e8me l\u00e9gislature<br \/>\n(2011-2015)<\/td><td class=\"column-3\">Loi n\u00b0 2012-36, du 17 d\u00e9cembre 2012, portant cr\u00e9ation de la Commission b\u00e9ninoise des droits de l\u2019homme (CBDH)<\/td><td class=\"column-4\">17\/12\/2012<\/td><td class=\"column-5\"><a href=\"https:\/\/assemblee-nationale.bj\/wp-content\/uploads\/2020\/03\/loi-portant-creation-de-la-cbdh.pdf\" target=\"_blank\" class=\"btn read-more\">T\u00e9l\u00e9charger <\/a><\/td>\n<\/tr>\n<tr class=\"row-15 odd\">\n\t<td class=\"column-1\">14<\/td><td class=\"column-2\">Sixi\u00e8me l\u00e9gislature<br \/>\n(2011-2015)<\/td><td class=\"column-3\">Loi n\u2022 2012-15 du 18 mars 2013 Portant code de proc\u00e9dure p\u00e9nale en R\u00e9publique du Benin.<\/td><td class=\"column-4\">18\/04\/2013<\/td><td class=\"column-5\"><a href=\"https:\/\/assemblee-nationale.bj\/wp-content\/uploads\/2020\/03\/l-2012-15-code-de-procedure-penale.pdf\" target=\"_blank\" class=\"btn read-more\">T\u00e9l\u00e9charger <\/a><\/td>\n<\/tr>\n<tr class=\"row-16 even\">\n\t<td class=\"column-1\">15<\/td><td class=\"column-2\">Sixi\u00e8me l\u00e9gislature<br \/>\n(2011-2015)<\/td><td class=\"column-3\">Loi n\u00b0 2015-08, du 23 janvier 2015, portant Code de l\u2019enfant<\/td><td class=\"column-4\">23\/01\/2015<\/td><td class=\"column-5\"><a href=\"https:\/\/assemblee-nationale.bj\/wp-content\/uploads\/2020\/03\/code-de-l-enfant.pdf\" target=\"_blank\" class=\"btn read-more\">T\u00e9l\u00e9charger <\/a><\/td>\n<\/tr>\n<tr class=\"row-17 odd\">\n\t<td class=\"column-1\">16<\/td><td class=\"column-2\">Septi\u00e8me l\u00e9gislature<br \/>\n(2015-2019)<\/td><td class=\"column-3\">Loi n\u00b0 2015-42 portant institution du R\u00e9gime d'Assurance Maladie Universelle (RAMU) en R\u00e9publique du B\u00e9nin.<\/td><td class=\"column-4\"><\/td><td class=\"column-5\"><a href=\"https:\/\/assemblee-nationale.bj\/wp-content\/uploads\/2020\/03\/Loi_2015-42.pdf\" target=\"_blank\" class=\"btn read-more\">T\u00e9l\u00e9charger <\/a><\/td>\n<\/tr>\n<tr class=\"row-18 even\">\n\t<td class=\"column-1\">17<\/td><td class=\"column-2\">Septi\u00e8me l\u00e9gislature<br \/>\n(2015-2019)<\/td><td class=\"column-3\">Loi n\u00b0 2017-08 du 19 juin 2017 portant identification des personnes physiques en R\u00e9publique du B\u00e9nin<\/td><td class=\"column-4\">18\/06\/2017<\/td><td class=\"column-5\"><a href=\"https:\/\/assemblee-nationale.bj\/wp-content\/uploads\/2020\/03\/loi-2017-08-identification-des-personnes-physiques.pdf\" target=\"_blank\" class=\"btn read-more\">T\u00e9l\u00e9charger <\/a><\/td>\n<\/tr>\n<tr class=\"row-19 odd\">\n\t<td class=\"column-1\">18<\/td><td class=\"column-2\">Septi\u00e8me l\u00e9gislature<br \/>\n(2015-2019)<\/td><td class=\"column-3\">Loi n\u00b0 2017-06, du 29 septembre 2017, portant protection et promotion des droits des personnes handicap\u00e9es en R\u00e9publique du B\u00e9nin<\/td><td class=\"column-4\">29\/09\/2017<\/td><td class=\"column-5\"><a href=\"https:\/\/assemblee-nationale.bj\/wp-content\/uploads\/2020\/03\/loi-portant-protection-et-promotion-des-personnes-handicapees.pdf\" target=\"_blank\" class=\"btn read-more\">T\u00e9l\u00e9charger <\/a><\/td>\n<\/tr>\n<tr class=\"row-20 even\">\n\t<td class=\"column-1\">19<\/td><td class=\"column-2\">Septi\u00e8me l\u00e9gislature<br \/>\n(2015-2019)<\/td><td class=\"column-3\">Loi n\u00b0 2018-16, du 4 juin 2018, portant Code p\u00e9nal<\/td><td class=\"column-4\">04\/06\/2018<\/td><td class=\"column-5\"><a href=\"https:\/\/assemblee-nationale.bj\/wp-content\/uploads\/2020\/03\/le-nouveau-code-penal-2018.pdf\" target=\"_blank\" class=\"btn read-more\">T\u00e9l\u00e9charger <\/a><\/td>\n<\/tr>\n<tr class=\"row-21 odd\">\n\t<td class=\"column-1\">20<\/td><td class=\"column-2\">Septi\u00e8me l\u00e9gislature<br \/>\n(2015-2019)<\/td><td class=\"column-3\">Loi n\u00b0 2018-34 du 5 octobre 2018, modifiant et compl\u00e9tant la Loi n\u00b0 2001-09, du 21 juin 2002, portant exercice du droit de gr\u00e8ve en R\u00e9publique du B\u00e9nin<\/td><td class=\"column-4\">05\/10\/2018<\/td><td class=\"column-5\"><a href=\"https:\/\/assemblee-nationale.bj\/wp-content\/uploads\/2020\/03\/loi-2018-34-modifiant-le-droit-de-greve-au-benin.pdf\" target=\"_blank\" class=\"btn read-more\">T\u00e9l\u00e9charger <\/a><\/td>\n<\/tr>\n<\/tbody>\n<\/table>\n<!-- #tablepress-59 from cache -->\n<\/div>\n\t\t<\/div><div id=\"panel-3510-1-1-1\" class=\"so-panel widget widget_text panel-last-child\" data-index=\"3\" >\t\t\t<div class=\"textwidget\"><\/div>\n\t\t<\/div><\/div><div id=\"pgc-3510-1-2\"  class=\"panel-grid-cell panel-grid-cell-empty\" ><\/div><\/div><div id=\"pg-3510-2\"  class=\"panel-grid panel-no-style\" ><div id=\"pgc-3510-2-0\"  class=\"panel-grid-cell panel-grid-cell-empty\" ><\/div><div id=\"pgc-3510-2-1\"  class=\"panel-grid-cell panel-grid-cell-mobile-last\" ><div id=\"panel-3510-2-1-0\" class=\"so-panel widget widget_text panel-first-child panel-last-child\" data-index=\"4\" >\t\t\t<div class=\"textwidget\"><p>&nbsp;<\/p>\n<p>&nbsp;<\/p>\n<\/div>\n\t\t<\/div><\/div><div id=\"pgc-3510-2-2\"  class=\"panel-grid-cell panel-grid-cell-empty\" ><\/div><\/div><\/div>","protected":false},"excerpt":{"rendered":"<p>R\u00e9pertoire des lois promulgu\u00e9es en mati\u00e8re des droits de l&rsquo;homme &nbsp; &nbsp;<\/p>\n","protected":false},"author":10,"featured_media":0,"parent":1426,"menu_order":0,"comment_status":"closed","ping_status":"closed","template":"","meta":{"footnotes":""},"categories":[1],"tags":[],"class_list":["post-3510","page","type-page","status-publish","hentry","category-uncategorized"],"_links":{"self":[{"href":"https:\/\/assemblee-nationale.bj\/index.php\/wp-json\/wp\/v2\/pages\/3510","targetHints":{"allow":["GET"]}}],"collection":[{"href":"https:\/\/assemblee-nationale.bj\/index.php\/wp-json\/wp\/v2\/pages"}],"about":[{"href":"https:\/\/assemblee-nationale.bj\/index.php\/wp-json\/wp\/v2\/types\/page"}],"author":[{"embeddable":true,"href":"https:\/\/assemblee-nationale.bj\/index.php\/wp-json\/wp\/v2\/users\/10"}],"replies":[{"embeddable":true,"href":"https:\/\/assemblee-nationale.bj\/index.php\/wp-json\/wp\/v2\/comments?post=3510"}],"version-history":[{"count":3,"href":"https:\/\/assemblee-nationale.bj\/index.php\/wp-json\/wp\/v2\/pages\/3510\/revisions"}],"predecessor-version":[{"id":3526,"href":"https:\/\/assemblee-nationale.bj\/index.php\/wp-json\/wp\/v2\/pages\/3510\/revisions\/3526"}],"up":[{"embeddable":true,"href":"https:\/\/assemblee-nationale.bj\/index.php\/wp-json\/wp\/v2\/pages\/1426"}],"wp:attachment":[{"href":"https:\/\/assemblee-nationale.bj\/index.php\/wp-json\/wp\/v2\/media?parent=3510"}],"wp:term":[{"taxonomy":"category","embeddable":true,"href":"https:\/\/assemblee-nationale.bj\/index.php\/wp-json\/wp\/v2\/categories?post=3510"},{"taxonomy":"post_tag","embeddable":true,"href":"https:\/\/assemblee-nationale.bj\/index.php\/wp-json\/wp\/v2\/tags?post=3510"}],"curies":[{"name":"wp","href":"https:\/\/api.w.org\/{rel}","templated":true}]}}