
{"id":352,"date":"2017-09-13T12:28:58","date_gmt":"2017-09-13T11:28:58","guid":{"rendered":"https:\/\/assemblee-nationale.bj\/?page_id=352"},"modified":"2017-10-19T19:14:09","modified_gmt":"2017-10-19T18:14:09","slug":"procedures_legislatives","status":"publish","type":"page","link":"https:\/\/assemblee-nationale.bj\/index.php\/activites-parlementaires\/sessions\/procedures_legislatives\/","title":{"rendered":"Proc\u00e9dures l\u00e9gislatives"},"content":{"rendered":"<div id=\"pl-352\"  class=\"panel-layout\" ><div id=\"pg-352-0\"  class=\"panel-grid panel-no-style\" ><div id=\"pgc-352-0-0\"  class=\"panel-grid-cell panel-grid-cell-empty\" ><\/div><div id=\"pgc-352-0-1\"  class=\"panel-grid-cell panel-grid-cell-mobile-last\" ><div id=\"panel-352-0-1-0\" class=\"so-panel widget widget_text panel-first-child\" data-index=\"0\" ><div class=\"panel-widget-style panel-widget-style-for-352-0-1-0\" >\t\t\t<div class=\"textwidget\"><p>Proc\u00e9dures l\u00e9gislatives<\/p>\n<\/div>\n\t\t<\/div><\/div><div id=\"panel-352-0-1-1\" class=\"so-panel widget widget_text panel-last-child\" data-index=\"1\" >\t\t\t<div class=\"textwidget\"><p>&nbsp;<\/p>\n<p>&nbsp;<\/p>\n<\/div>\n\t\t<\/div><\/div><div id=\"pgc-352-0-2\"  class=\"panel-grid-cell panel-grid-cell-empty\" ><\/div><\/div><div id=\"pg-352-1\"  class=\"panel-grid panel-has-style\" ><div class=\"panel-row-style panel-row-style-for-352-1\" ><div id=\"pgc-352-1-0\"  class=\"panel-grid-cell panel-grid-cell-empty\" ><\/div><div id=\"pgc-352-1-1\"  class=\"panel-grid-cell panel-grid-cell-mobile-last\" ><div id=\"panel-352-1-1-0\" class=\"so-panel widget widget_text panel-first-child panel-last-child\" data-index=\"2\" ><div class=\"panel-widget-style panel-widget-style-for-352-1-1-0\" >\t\t\t<div class=\"textwidget\"><h3 style = \"color: #04373e;\">Proc\u00e9dure L\u00e9gislative Ordinaire<\/h3>\n<\/div>\n\t\t<\/div><\/div><\/div><div id=\"pgc-352-1-2\"  class=\"panel-grid-cell panel-grid-cell-empty\" ><\/div><\/div><\/div><div id=\"pg-352-2\"  class=\"panel-grid panel-has-style\" ><div class=\"panel-row-style panel-row-style-for-352-2\" ><div id=\"pgc-352-2-0\"  class=\"panel-grid-cell panel-grid-cell-empty\" ><\/div><div id=\"pgc-352-2-1\"  class=\"panel-grid-cell panel-grid-cell-mobile-last\" ><div id=\"panel-352-2-1-0\" class=\"so-panel widget widget_text panel-first-child panel-last-child\" data-index=\"3\" >\t\t\t<div class=\"textwidget\"><p><strong>Projet de loi<\/strong><\/p>\n<\/div>\n\t\t<\/div><\/div><div id=\"pgc-352-2-2\"  class=\"panel-grid-cell panel-grid-cell-empty\" ><\/div><\/div><\/div><div id=\"pg-352-3\"  class=\"panel-grid panel-has-style\" ><div class=\"panel-row-style panel-row-style-for-352-3\" ><div id=\"pgc-352-3-0\"  class=\"panel-grid-cell panel-grid-cell-empty\" ><\/div><div id=\"pgc-352-3-1\"  class=\"panel-grid-cell panel-grid-cell-mobile-last\" ><div id=\"panel-352-3-1-0\" class=\"so-panel widget widget_text panel-first-child panel-last-child\" data-index=\"4\" ><div class=\"panel-widget-style panel-widget-style-for-352-3-1-0\" >\t\t\t<div class=\"textwidget\"><p>&#8211; Saisine de l&rsquo;Assembl\u00e9e Nationale du projet de loi Enregistrement. (Secr\u00e9tariat g\u00e9n\u00e9ral)<\/p>\n<p>&#8211; Avis de recevabilit\u00e9 par le Directeur des Services L\u00e9gislatifs<\/p>\n<p>&#8211; Annonce en s\u00e9ance publique du projet et affectation par le Pr\u00e9sident de l&rsquo;Assembl\u00e9e Nationale.<\/p>\n<p>&#8211; Envoi du projet \u00e0 la Commission comp\u00e9tente par la Direction des Services L\u00e9gislatifs<\/p>\n<p>&#8211; Programmation de l&rsquo;\u00e9tude du dossier par le bureau de la Commission.<\/p>\n<p>&#8211; Convocation des membres de la Commission 48 heures avant la r\u00e9union (en session) et une semaine (en intersession). (Services L\u00e9gislatifs)<\/p>\n<p>&#8211; Lettre d&rsquo;information du Pr\u00e9sident de la R\u00e9publique, des travaux de la Commission et d&rsquo;invitation des membres du Gouvernement aux travaux en Commission.<\/p>\n<p>&#8211; Invitation des personnes ressources indispensables \u00e0 l&rsquo;\u00e9tude du dossier. (Services L\u00e9gislatifs)<\/p>\n<p>&#8211; \u00c9tude en Commission au cours de plusieurs s\u00e9ances. Feuille de pr\u00e9sence des d\u00e9put\u00e9s<\/p>\n<p>&#8211; Rapport des travaux en Commission transmis au Pr\u00e9sident de l&rsquo;Assembl\u00e9e Nationale.<\/p>\n<p>&#8211; Reprographie dudit rapport en attendant inscription du dossier \u00e0 l&rsquo;ordre du jour de la pl\u00e9ni\u00e8re. (Services L\u00e9gislatifs)<\/p>\n<p>&#8211; Distribution du rapport aux d\u00e9put\u00e9s au plus tard 48 heures avant discussion g\u00e9n\u00e9rale.<\/p>\n<p>&#8211; Communication ordre du jour de la pl\u00e9ni\u00e8re au Pr\u00e9sident de la R\u00e9publique 48 heures au moins avant ouverture s\u00e9ance pl\u00e9ni\u00e8re.<\/p>\n<p>&#8211; Transmission Rapports de Commission au Gouvernement d\u00e8s sa multiplication. (Lettre de transmission initi\u00e9e par les Services L\u00e9gislatifs)<\/p>\n<p>&#8211; Examen du Rapport et vote de la loi.<\/p>\n<p>&#8211; Mise en forme de la loi et transmission en quatre (4) exemplaires sous 48 heures de ladite loi au Pr\u00e9sident de la R\u00e9publique pour promulgation (Services L\u00e9gislatifs)<\/p>\n<p>&#8211; Archivage loi promulgu\u00e9e.<\/p>\n<\/div>\n\t\t<\/div><\/div><\/div><div id=\"pgc-352-3-2\"  class=\"panel-grid-cell panel-grid-cell-empty\" ><\/div><\/div><\/div><div id=\"pg-352-4\"  class=\"panel-grid panel-has-style\" ><div class=\"panel-row-style panel-row-style-for-352-4\" ><div id=\"pgc-352-4-0\"  class=\"panel-grid-cell panel-grid-cell-empty\" ><\/div><div id=\"pgc-352-4-1\"  class=\"panel-grid-cell panel-grid-cell-mobile-last\" ><div id=\"panel-352-4-1-0\" class=\"so-panel widget widget_text panel-first-child panel-last-child\" data-index=\"5\" ><div class=\"panel-widget-style panel-widget-style-for-352-4-1-0\" >\t\t\t<div class=\"textwidget\"><p><strong>Proposition<\/strong><\/p>\n<p>La proc\u00e9dure est la m\u00eame que celle suivie pour les projets de loi \u00e0 cette exception pr\u00e8s que la transmission de la proposition de loi au Pr\u00e9sident de la R\u00e9publique est faite 48 heures suivant l&rsquo;annonce de son d\u00e9p\u00f4t : Lettre de transmission du Pr\u00e9sident de l&rsquo;Assembl\u00e9e Nationale au Pr\u00e9sident de la R\u00e9publique. (Services L\u00e9gislatifs)<\/p>\n<\/div>\n\t\t<\/div><\/div><\/div><div id=\"pgc-352-4-2\"  class=\"panel-grid-cell panel-grid-cell-empty\" ><\/div><\/div><\/div><div id=\"pg-352-5\"  class=\"panel-grid panel-has-style\" ><div class=\"panel-row-style panel-row-style-for-352-5\" ><div id=\"pgc-352-5-0\"  class=\"panel-grid-cell panel-grid-cell-empty\" ><\/div><div id=\"pgc-352-5-1\"  class=\"panel-grid-cell panel-grid-cell-mobile-last\" ><div id=\"panel-352-5-1-0\" class=\"so-panel widget widget_text panel-first-child panel-last-child\" data-index=\"6\" ><div class=\"panel-widget-style panel-widget-style-for-352-5-1-0\" >\t\t\t<div class=\"textwidget\"><h3 style=\"color: #04373e;\">Proc\u00e9dure relative aux lois de finances<\/h3>\n<\/div>\n\t\t<\/div><\/div><\/div><div id=\"pgc-352-5-2\"  class=\"panel-grid-cell panel-grid-cell-empty\" ><\/div><\/div><\/div><div id=\"pg-352-6\"  class=\"panel-grid panel-has-style\" ><div class=\"panel-row-style panel-row-style-for-352-6\" ><div id=\"pgc-352-6-0\"  class=\"panel-grid-cell panel-grid-cell-empty\" ><\/div><div id=\"pgc-352-6-1\"  class=\"panel-grid-cell panel-grid-cell-mobile-last\" ><div id=\"panel-352-6-1-0\" class=\"so-panel widget widget_text panel-first-child panel-last-child\" data-index=\"7\" ><div class=\"panel-widget-style panel-widget-style-for-352-6-1-0\" >\t\t\t<div class=\"textwidget\"><p>Saisine de l&rsquo;Assembl\u00e9e Nationale du projet de loi de finances au plus tard une semaine avant ouverture session d&rsquo;octobre ; cela suppose :<\/p>\n<p>&#8211; Lettre d&rsquo;Information du Pr\u00e9sident de la R\u00e9publique de la date d&rsquo;ouverture solennelle de la session budg\u00e9taire. (Services L\u00e9gislatifs)<\/p>\n<p>&#8211; Apr\u00e8s ouverture solennelle, distribution les jours suivants du projet de loi de finances et du Programme d&rsquo;investissements publics (PIP).<\/p>\n<p>&#8211; Distribution du projet d&rsquo;ordre du jour et de l&rsquo;ordre du jour.<\/p>\n<p>&#8211; Communication au Gouvernement du calendrier des travaux budg\u00e9taires. (Services L\u00e9gislatifs)<\/p>\n<p>&#8211; Suivi des travaux budg\u00e9taires : Liste de pr\u00e9sence des d\u00e9put\u00e9s (Services L\u00e9gislatifs)<\/p>\n<p>&#8211; Mise en forme des rapports budg\u00e9taires, distribution aux d\u00e9put\u00e9s et transmission de quatre (4) exemplaires au Gouvernement.<\/p>\n<p>&#8211; R\u00e9ception par la Commission des finances des amendements au projet de loi de finances dans les quatre (4) jours suivant la distribution du rapport g\u00e9n\u00e9ral.<\/p>\n<p>&#8211; Collecte des amendements au niveau du service des Commissions et transmission \u00e0 la Commission des finances.<\/p>\n<p>&#8211; Examen du Rapport G\u00e9n\u00e9ral et vote de la loi de finances et du Programme d&rsquo;Investissements Publics.<\/p>\n<p>&#8211; Mise en forme et transmission en quatre (4) exemplaires, sous 48 heures au Pr\u00e9sident de la R\u00e9publique pour promulgation.<\/p>\n<\/div>\n\t\t<\/div><\/div><\/div><div id=\"pgc-352-6-2\"  class=\"panel-grid-cell panel-grid-cell-empty\" ><\/div><\/div><\/div><div id=\"pg-352-7\"  class=\"panel-grid panel-no-style\" ><div id=\"pgc-352-7-0\"  class=\"panel-grid-cell panel-grid-cell-empty\" ><\/div><div id=\"pgc-352-7-1\"  class=\"panel-grid-cell panel-grid-cell-mobile-last\" ><div id=\"panel-352-7-1-0\" class=\"so-panel widget widget_text panel-first-child panel-last-child\" data-index=\"8\" >\t\t\t<div class=\"textwidget\"><p>&nbsp;<\/p>\n<p>&nbsp;<\/p>\n<\/div>\n\t\t<\/div><\/div><div id=\"pgc-352-7-2\"  class=\"panel-grid-cell panel-grid-cell-empty\" ><\/div><\/div><\/div>","protected":false},"excerpt":{"rendered":"<p>Proc\u00e9dures l\u00e9gislatives &nbsp; &nbsp; Proc\u00e9dure L\u00e9gislative Ordinaire<\/p>\n","protected":false},"author":10,"featured_media":0,"parent":1389,"menu_order":0,"comment_status":"closed","ping_status":"closed","template":"","meta":{"footnotes":""},"categories":[1],"tags":[],"class_list":["post-352","page","type-page","status-publish","hentry","category-uncategorized"],"_links":{"self":[{"href":"https:\/\/assemblee-nationale.bj\/index.php\/wp-json\/wp\/v2\/pages\/352","targetHints":{"allow":["GET"]}}],"collection":[{"href":"https:\/\/assemblee-nationale.bj\/index.php\/wp-json\/wp\/v2\/pages"}],"about":[{"href":"https:\/\/assemblee-nationale.bj\/index.php\/wp-json\/wp\/v2\/types\/page"}],"author":[{"embeddable":true,"href":"https:\/\/assemblee-nationale.bj\/index.php\/wp-json\/wp\/v2\/users\/10"}],"replies":[{"embeddable":true,"href":"https:\/\/assemblee-nationale.bj\/index.php\/wp-json\/wp\/v2\/comments?post=352"}],"version-history":[{"count":2,"href":"https:\/\/assemblee-nationale.bj\/index.php\/wp-json\/wp\/v2\/pages\/352\/revisions"}],"predecessor-version":[{"id":1454,"href":"https:\/\/assemblee-nationale.bj\/index.php\/wp-json\/wp\/v2\/pages\/352\/revisions\/1454"}],"up":[{"embeddable":true,"href":"https:\/\/assemblee-nationale.bj\/index.php\/wp-json\/wp\/v2\/pages\/1389"}],"wp:attachment":[{"href":"https:\/\/assemblee-nationale.bj\/index.php\/wp-json\/wp\/v2\/media?parent=352"}],"wp:term":[{"taxonomy":"category","embeddable":true,"href":"https:\/\/assemblee-nationale.bj\/index.php\/wp-json\/wp\/v2\/categories?post=352"},{"taxonomy":"post_tag","embeddable":true,"href":"https:\/\/assemblee-nationale.bj\/index.php\/wp-json\/wp\/v2\/tags?post=352"}],"curies":[{"name":"wp","href":"https:\/\/api.w.org\/{rel}","templated":true}]}}