
{"id":362,"date":"2023-02-13T23:19:25","date_gmt":"2023-02-13T22:19:25","guid":{"rendered":"https:\/\/assemblee-nationale.bj\/?page_id=362"},"modified":"2023-02-13T23:39:09","modified_gmt":"2023-02-13T22:39:09","slug":"bureau","status":"publish","type":"page","link":"https:\/\/assemblee-nationale.bj\/index.php\/presentation\/organisation_et_fonctionnement\/bureau\/","title":{"rendered":"Bureau"},"content":{"rendered":"<div id=\"pl-362\"  class=\"panel-layout\" ><div id=\"pg-362-0\"  class=\"panel-grid panel-no-style\" ><div id=\"pgc-362-0-0\"  class=\"panel-grid-cell panel-grid-cell-empty\" ><\/div><div id=\"pgc-362-0-1\"  class=\"panel-grid-cell panel-grid-cell-mobile-last\" ><div id=\"panel-362-0-1-0\" class=\"so-panel widget widget_text panel-first-child\" data-index=\"0\" ><div class=\"panel-widget-style panel-widget-style-for-362-0-1-0\" >\t\t\t<div class=\"textwidget\"><p>Bureau<\/p>\n<\/div>\n\t\t<\/div><\/div><div id=\"panel-362-0-1-1\" class=\"so-panel widget widget_text panel-last-child\" data-index=\"1\" >\t\t\t<div class=\"textwidget\"><p>&nbsp;<\/p>\n<p>&nbsp;<\/p>\n<\/div>\n\t\t<\/div><\/div><div id=\"pgc-362-0-2\"  class=\"panel-grid-cell panel-grid-cell-empty\" ><\/div><\/div><div id=\"pg-362-1\"  class=\"panel-grid panel-no-style\" ><div id=\"pgc-362-1-0\"  class=\"panel-grid-cell panel-grid-cell-empty\" ><\/div><div id=\"pgc-362-1-1\"  class=\"panel-grid-cell panel-grid-cell-mobile-last\" ><div id=\"panel-362-1-1-0\" class=\"so-panel widget widget_text panel-first-child panel-last-child\" data-index=\"2\" ><div class=\"panel-widget-style panel-widget-style-for-362-1-1-0\" >\t\t\t<div class=\"textwidget\"><p>Le Bureau est un organe de sept (07) membres qui assiste le Pr\u00e9sident dans sa fonction de direction de l&rsquo;Assembl\u00e9e Nationale (article 17 du R.I.). Ses membres sont \u00e9lus, poste par poste, dans les m\u00eames conditions, et au cours de la m\u00eame s\u00e9ance, que le Pr\u00e9sident du Parlement (article 15 du R.I.).<\/p>\n<p>Le Bureau de l&rsquo;Assembl\u00e9e Nationale du B\u00e9nin se compose d&rsquo;un :<\/p>\n<p>&#8211; Pr\u00e9sident ;<\/p>\n<p>&#8211; Premier Vice-Pr\u00e9sident ;<\/p>\n<p>&#8211; Deuxi\u00e8me Vice-Pr\u00e9sident ;<\/p>\n<p>&#8211; Premier Questeur ;<\/p>\n<p>&#8211; Deuxi\u00e8me Questeur ;<\/p>\n<p>&#8211; Premier Secr\u00e9taire parlementaire ;<\/p>\n<p>&#8211; Deuxi\u00e8me Secr\u00e9taire parlementaire.<\/p>\n<p>Les membres du Bureau sont \u00e9lus au cours de la premi\u00e8re s\u00e9ance de la l\u00e9gislature. Cette s\u00e9ance est dirig\u00e9e par le bureau d&rsquo;\u00e2ge compos\u00e9 du Doyen d&rsquo;\u00e2ge de l&rsquo;Assembl\u00e9e Nationale, assist\u00e9 des deux (02) plus jeunes d\u00e9put\u00e9s qui jouent le r\u00f4le de secr\u00e9taires.<\/p>\n<p>Le bureau d&rsquo;\u00e2ge a pour attributions la discussion des questions urgentes d&rsquo;int\u00e9r\u00eat imm\u00e9diat, l&rsquo;\u00e9lection du Bureau, la discussion des questions relatives aux vacances, \u00e0 la d\u00e9mission et \u00e0 l&rsquo;invalidation des d\u00e9put\u00e9s. Aucun autre d\u00e9bat ne peut avoir lieu sous la pr\u00e9sidence du doyen d&rsquo;\u00e2ge.<\/p>\n<p>Le Bureau assiste le Pr\u00e9sident dans sa fonction de direction de l&rsquo;Assembl\u00e9e Nationale.<\/p>\n<\/div>\n\t\t<\/div><\/div><\/div><div id=\"pgc-362-1-2\"  class=\"panel-grid-cell panel-grid-cell-empty\" ><\/div><\/div><div id=\"pg-362-2\"  class=\"panel-grid panel-no-style\" ><div id=\"pgc-362-2-0\"  class=\"panel-grid-cell\" ><div id=\"panel-362-2-0-0\" class=\"so-panel widget widget_text panel-first-child panel-last-child\" data-index=\"3\" >\t\t\t<div class=\"textwidget\"><p>&nbsp;<\/p>\n<p>&nbsp;<\/p>\n<\/div>\n\t\t<\/div><\/div><\/div><div id=\"pg-362-3\"  class=\"panel-grid panel-no-style\" ><div id=\"pgc-362-3-0\"  class=\"panel-grid-cell panel-grid-cell-empty\" ><\/div><div id=\"pgc-362-3-1\"  class=\"panel-grid-cell panel-grid-cell-empty\" ><\/div><div id=\"pgc-362-3-2\"  class=\"panel-grid-cell\" ><div id=\"panel-362-3-2-0\" class=\"so-panel widget widget_media_image panel-first-child\" data-index=\"4\" ><div class=\"panel-widget-style panel-widget-style-for-362-3-2-0\" ><img loading=\"lazy\" decoding=\"async\" width=\"217\" height=\"300\" src=\"https:\/\/assemblee-nationale.bj\/wp-content\/uploads\/2023\/02\/vlavonou-louis-gbhounou_52685275061_o-217x300.jpg\" class=\"image wp-image-5272  attachment-medium size-medium\" alt=\"\" style=\"max-width: 100%; height: auto;\" srcset=\"https:\/\/assemblee-nationale.bj\/wp-content\/uploads\/2023\/02\/vlavonou-louis-gbhounou_52685275061_o-217x300.jpg 217w, https:\/\/assemblee-nationale.bj\/wp-content\/uploads\/2023\/02\/vlavonou-louis-gbhounou_52685275061_o-768x1063.jpg 768w, https:\/\/assemblee-nationale.bj\/wp-content\/uploads\/2023\/02\/vlavonou-louis-gbhounou_52685275061_o-740x1024.jpg 740w\" sizes=\"auto, (max-width: 217px) 100vw, 217px\" \/><\/div><\/div><div id=\"panel-362-3-2-1\" class=\"so-panel widget widget_text panel-last-child\" data-index=\"5\" ><div class=\"panel-widget-style panel-widget-style-for-362-3-2-1\" >\t\t\t<div class=\"textwidget\"><p><strong>Pr\u00e9sident<\/strong><\/p>\n<\/div>\n\t\t<\/div><\/div><\/div><div id=\"pgc-362-3-3\"  class=\"panel-grid-cell panel-grid-cell-empty panel-grid-cell-mobile-last\" ><\/div><div id=\"pgc-362-3-4\"  class=\"panel-grid-cell panel-grid-cell-empty\" ><\/div><\/div><div id=\"pg-362-4\"  class=\"panel-grid panel-no-style\" ><div id=\"pgc-362-4-0\"  class=\"panel-grid-cell panel-grid-cell-empty\" ><\/div><div id=\"pgc-362-4-1\"  class=\"panel-grid-cell\" ><div id=\"panel-362-4-1-0\" class=\"so-panel widget widget_media_image panel-first-child\" data-index=\"6\" ><div class=\"panel-widget-style panel-widget-style-for-362-4-1-0\" ><a href=\"https:\/\/assemblee-nationale.bj\/wp-content\/uploads\/2023\/02\/kassa-barthlmy_52684783352_o.jpg\"><img loading=\"lazy\" decoding=\"async\" width=\"217\" height=\"300\" src=\"https:\/\/assemblee-nationale.bj\/wp-content\/uploads\/2023\/02\/kassa-barthlmy_52684783352_o-217x300.jpg\" class=\"image wp-image-5226  attachment-medium size-medium\" alt=\"\" style=\"max-width: 100%; height: auto;\" srcset=\"https:\/\/assemblee-nationale.bj\/wp-content\/uploads\/2023\/02\/kassa-barthlmy_52684783352_o-217x300.jpg 217w, https:\/\/assemblee-nationale.bj\/wp-content\/uploads\/2023\/02\/kassa-barthlmy_52684783352_o-768x1063.jpg 768w, https:\/\/assemblee-nationale.bj\/wp-content\/uploads\/2023\/02\/kassa-barthlmy_52684783352_o-740x1024.jpg 740w\" sizes=\"auto, (max-width: 217px) 100vw, 217px\" \/><\/a><\/div><\/div><div id=\"panel-362-4-1-1\" class=\"so-panel widget widget_text panel-last-child\" data-index=\"7\" ><div class=\"panel-widget-style panel-widget-style-for-362-4-1-1\" >\t\t\t<div class=\"textwidget\"><p class=\"wp-caption-text\"><strong>Premier Vice-Pr\u00e9sident<\/strong><\/p>\n<\/div>\n\t\t<\/div><\/div><\/div><div id=\"pgc-362-4-2\"  class=\"panel-grid-cell panel-grid-cell-empty\" ><\/div><div id=\"pgc-362-4-3\"  class=\"panel-grid-cell panel-grid-cell-mobile-last\" ><div id=\"panel-362-4-3-0\" class=\"so-panel widget widget_media_image panel-first-child\" data-index=\"8\" ><div class=\"panel-widget-style panel-widget-style-for-362-4-3-0\" ><a href=\"https:\/\/assemblee-nationale.bj\/wp-content\/uploads\/2023\/02\/ahossi-lon_52685307801_o.jpg\"><img loading=\"lazy\" decoding=\"async\" width=\"217\" height=\"300\" src=\"https:\/\/assemblee-nationale.bj\/wp-content\/uploads\/2023\/02\/ahossi-lon_52685307801_o-217x300.jpg\" class=\"image wp-image-5176  attachment-medium size-medium\" alt=\"\" style=\"max-width: 100%; height: auto;\" srcset=\"https:\/\/assemblee-nationale.bj\/wp-content\/uploads\/2023\/02\/ahossi-lon_52685307801_o-217x300.jpg 217w, https:\/\/assemblee-nationale.bj\/wp-content\/uploads\/2023\/02\/ahossi-lon_52685307801_o-768x1063.jpg 768w, https:\/\/assemblee-nationale.bj\/wp-content\/uploads\/2023\/02\/ahossi-lon_52685307801_o-740x1024.jpg 740w\" sizes=\"auto, (max-width: 217px) 100vw, 217px\" \/><\/a><\/div><\/div><div id=\"panel-362-4-3-1\" class=\"so-panel widget widget_text panel-last-child\" data-index=\"9\" ><div class=\"panel-widget-style panel-widget-style-for-362-4-3-1\" >\t\t\t<div class=\"textwidget\"><p><strong>Deuxi\u00e8me Vice-Pr\u00e9sident<\/strong><\/p>\n<\/div>\n\t\t<\/div><\/div><\/div><div id=\"pgc-362-4-4\"  class=\"panel-grid-cell panel-grid-cell-empty\" ><\/div><\/div><div id=\"pg-362-5\"  class=\"panel-grid panel-no-style\" ><div id=\"pgc-362-5-0\"  class=\"panel-grid-cell\" ><div id=\"panel-362-5-0-0\" class=\"so-panel widget widget_text panel-first-child panel-last-child\" data-index=\"10\" >\t\t\t<div class=\"textwidget\"><p>&nbsp;<\/p>\n<p>&nbsp;<\/p>\n<\/div>\n\t\t<\/div><\/div><\/div><div id=\"pg-362-6\"  class=\"panel-grid panel-no-style\" ><div id=\"pgc-362-6-0\"  class=\"panel-grid-cell panel-grid-cell-empty\" ><\/div><div id=\"pgc-362-6-1\"  class=\"panel-grid-cell\" ><div id=\"panel-362-6-1-0\" class=\"so-panel widget widget_media_image panel-first-child\" data-index=\"11\" ><div class=\"panel-widget-style panel-widget-style-for-362-6-1-0\" ><img loading=\"lazy\" decoding=\"async\" width=\"217\" height=\"300\" src=\"https:\/\/assemblee-nationale.bj\/wp-content\/uploads\/2023\/02\/amadou-djibril-labiou__52684798492_o-217x300.jpg\" class=\"image wp-image-5187  attachment-medium size-medium\" alt=\"\" style=\"max-width: 100%; height: auto;\" srcset=\"https:\/\/assemblee-nationale.bj\/wp-content\/uploads\/2023\/02\/amadou-djibril-labiou__52684798492_o-217x300.jpg 217w, https:\/\/assemblee-nationale.bj\/wp-content\/uploads\/2023\/02\/amadou-djibril-labiou__52684798492_o-768x1063.jpg 768w, https:\/\/assemblee-nationale.bj\/wp-content\/uploads\/2023\/02\/amadou-djibril-labiou__52684798492_o-740x1024.jpg 740w\" sizes=\"auto, (max-width: 217px) 100vw, 217px\" \/><\/div><\/div><div id=\"panel-362-6-1-1\" class=\"so-panel widget widget_text panel-last-child\" data-index=\"12\" ><div class=\"panel-widget-style panel-widget-style-for-362-6-1-1\" >\t\t\t<div class=\"textwidget\"><p><strong>Premier Questeur<\/strong><\/p>\n<\/div>\n\t\t<\/div><\/div><\/div><div id=\"pgc-362-6-2\"  class=\"panel-grid-cell panel-grid-cell-empty\" ><\/div><div id=\"pgc-362-6-3\"  class=\"panel-grid-cell panel-grid-cell-mobile-last\" ><div id=\"panel-362-6-3-0\" class=\"so-panel widget widget_media_image panel-first-child\" data-index=\"13\" ><div class=\"panel-widget-style panel-widget-style-for-362-6-3-0\" ><a href=\"https:\/\/assemblee-nationale.bj\/wp-content\/uploads\/2023\/02\/ahyi-chantal_52685731860_o.jpg\"><img loading=\"lazy\" decoding=\"async\" width=\"217\" height=\"300\" src=\"https:\/\/assemblee-nationale.bj\/wp-content\/uploads\/2023\/02\/ahyi-chantal_52685731860_o-217x300.jpg\" class=\"image wp-image-5179  attachment-medium size-medium\" alt=\"\" style=\"max-width: 100%; height: auto;\" srcset=\"https:\/\/assemblee-nationale.bj\/wp-content\/uploads\/2023\/02\/ahyi-chantal_52685731860_o-217x300.jpg 217w, https:\/\/assemblee-nationale.bj\/wp-content\/uploads\/2023\/02\/ahyi-chantal_52685731860_o-768x1063.jpg 768w, https:\/\/assemblee-nationale.bj\/wp-content\/uploads\/2023\/02\/ahyi-chantal_52685731860_o-740x1024.jpg 740w\" sizes=\"auto, (max-width: 217px) 100vw, 217px\" \/><\/a><\/div><\/div><div id=\"panel-362-6-3-1\" class=\"so-panel widget widget_text panel-last-child\" data-index=\"14\" ><div class=\"panel-widget-style panel-widget-style-for-362-6-3-1\" >\t\t\t<div class=\"textwidget\"><p><strong>Deuxi\u00e8me Questeur<\/strong><\/p>\n<\/div>\n\t\t<\/div><\/div><\/div><div id=\"pgc-362-6-4\"  class=\"panel-grid-cell panel-grid-cell-empty\" ><\/div><\/div><div id=\"pg-362-7\"  class=\"panel-grid panel-no-style\" ><div id=\"pgc-362-7-0\"  class=\"panel-grid-cell\" ><div id=\"panel-362-7-0-0\" class=\"so-panel widget widget_text panel-first-child panel-last-child\" data-index=\"15\" >\t\t\t<div class=\"textwidget\"><p>&nbsp;<\/p>\n<p>&nbsp;<\/p>\n<\/div>\n\t\t<\/div><\/div><\/div><div id=\"pg-362-8\"  class=\"panel-grid panel-no-style\" ><div id=\"pgc-362-8-0\"  class=\"panel-grid-cell panel-grid-cell-empty\" ><\/div><div id=\"pgc-362-8-1\"  class=\"panel-grid-cell\" ><div id=\"panel-362-8-1-0\" class=\"so-panel widget widget_media_image panel-first-child\" data-index=\"16\" ><div class=\"panel-widget-style panel-widget-style-for-362-8-1-0\" ><img loading=\"lazy\" decoding=\"async\" width=\"217\" height=\"300\" src=\"https:\/\/assemblee-nationale.bj\/wp-content\/uploads\/2023\/02\/kakpo-mahougnon-thomas__52685315051_o-217x300.jpg\" class=\"image wp-image-5224  attachment-medium size-medium\" alt=\"\" style=\"max-width: 100%; height: auto;\" srcset=\"https:\/\/assemblee-nationale.bj\/wp-content\/uploads\/2023\/02\/kakpo-mahougnon-thomas__52685315051_o-217x300.jpg 217w, https:\/\/assemblee-nationale.bj\/wp-content\/uploads\/2023\/02\/kakpo-mahougnon-thomas__52685315051_o-768x1063.jpg 768w, https:\/\/assemblee-nationale.bj\/wp-content\/uploads\/2023\/02\/kakpo-mahougnon-thomas__52685315051_o-740x1024.jpg 740w\" sizes=\"auto, (max-width: 217px) 100vw, 217px\" \/><\/div><\/div><div id=\"panel-362-8-1-1\" class=\"so-panel widget widget_text panel-last-child\" data-index=\"17\" ><div class=\"panel-widget-style panel-widget-style-for-362-8-1-1\" >\t\t\t<div class=\"textwidget\"><p><strong>Premier Secr\u00e9taire Parlementaire<\/strong><\/p>\n<\/div>\n\t\t<\/div><\/div><\/div><div id=\"pgc-362-8-2\"  class=\"panel-grid-cell panel-grid-cell-empty\" ><\/div><div id=\"pgc-362-8-3\"  class=\"panel-grid-cell panel-grid-cell-mobile-last\" ><div id=\"panel-362-8-3-0\" class=\"so-panel widget widget_media_image panel-first-child\" data-index=\"18\" ><div class=\"panel-widget-style panel-widget-style-for-362-8-3-0\" ><img loading=\"lazy\" decoding=\"async\" width=\"217\" height=\"300\" src=\"https:\/\/assemblee-nationale.bj\/wp-content\/uploads\/2023\/02\/houinsa-godonou-david__52685741185_o-217x300.jpg\" class=\"image wp-image-5215  attachment-medium size-medium\" alt=\"\" style=\"max-width: 100%; height: auto;\" srcset=\"https:\/\/assemblee-nationale.bj\/wp-content\/uploads\/2023\/02\/houinsa-godonou-david__52685741185_o-217x300.jpg 217w, https:\/\/assemblee-nationale.bj\/wp-content\/uploads\/2023\/02\/houinsa-godonou-david__52685741185_o-768x1063.jpg 768w, https:\/\/assemblee-nationale.bj\/wp-content\/uploads\/2023\/02\/houinsa-godonou-david__52685741185_o-740x1024.jpg 740w\" sizes=\"auto, (max-width: 217px) 100vw, 217px\" \/><\/div><\/div><div id=\"panel-362-8-3-1\" class=\"so-panel widget widget_text panel-last-child\" data-index=\"19\" ><div class=\"panel-widget-style panel-widget-style-for-362-8-3-1\" >\t\t\t<div class=\"textwidget\"><p><strong>Deuxi\u00e8me Secr\u00e9taire Parlementaire<\/strong><\/p>\n<\/div>\n\t\t<\/div><\/div><\/div><div id=\"pgc-362-8-4\"  class=\"panel-grid-cell panel-grid-cell-empty\" ><\/div><\/div><div id=\"pg-362-9\"  class=\"panel-grid panel-no-style\" ><div id=\"pgc-362-9-0\"  class=\"panel-grid-cell panel-grid-cell-empty\" ><\/div><div id=\"pgc-362-9-1\"  class=\"panel-grid-cell panel-grid-cell-mobile-last\" ><div id=\"panel-362-9-1-0\" class=\"so-panel widget widget_text panel-first-child panel-last-child\" data-index=\"20\" >\t\t\t<div class=\"textwidget\"><p>&nbsp;<\/p>\n<p>&nbsp;<\/p>\n<\/div>\n\t\t<\/div><\/div><div id=\"pgc-362-9-2\"  class=\"panel-grid-cell panel-grid-cell-empty\" ><\/div><\/div><\/div>","protected":false},"excerpt":{"rendered":"<p>Bureau &nbsp; &nbsp; Le Bureau est un organe de sept (07) membres qui assiste le Pr\u00e9sident dans sa fonction de direction de l&rsquo;Assembl\u00e9e Nationale (article 17 du R.I.). Ses membres sont \u00e9lus, poste par poste, dans les m\u00eames conditions, et au cours de la m\u00eame s\u00e9ance, que le Pr\u00e9sident du Parlement (article 15 du R.I.). [&hellip;]<\/p>\n","protected":false},"author":10,"featured_media":0,"parent":1381,"menu_order":0,"comment_status":"closed","ping_status":"closed","template":"","meta":{"footnotes":""},"categories":[1],"tags":[],"class_list":["post-362","page","type-page","status-publish","hentry","category-uncategorized"],"_links":{"self":[{"href":"https:\/\/assemblee-nationale.bj\/index.php\/wp-json\/wp\/v2\/pages\/362","targetHints":{"allow":["GET"]}}],"collection":[{"href":"https:\/\/assemblee-nationale.bj\/index.php\/wp-json\/wp\/v2\/pages"}],"about":[{"href":"https:\/\/assemblee-nationale.bj\/index.php\/wp-json\/wp\/v2\/types\/page"}],"author":[{"embeddable":true,"href":"https:\/\/assemblee-nationale.bj\/index.php\/wp-json\/wp\/v2\/users\/10"}],"replies":[{"embeddable":true,"href":"https:\/\/assemblee-nationale.bj\/index.php\/wp-json\/wp\/v2\/comments?post=362"}],"version-history":[{"count":3,"href":"https:\/\/assemblee-nationale.bj\/index.php\/wp-json\/wp\/v2\/pages\/362\/revisions"}],"predecessor-version":[{"id":5278,"href":"https:\/\/assemblee-nationale.bj\/index.php\/wp-json\/wp\/v2\/pages\/362\/revisions\/5278"}],"up":[{"embeddable":true,"href":"https:\/\/assemblee-nationale.bj\/index.php\/wp-json\/wp\/v2\/pages\/1381"}],"wp:attachment":[{"href":"https:\/\/assemblee-nationale.bj\/index.php\/wp-json\/wp\/v2\/media?parent=362"}],"wp:term":[{"taxonomy":"category","embeddable":true,"href":"https:\/\/assemblee-nationale.bj\/index.php\/wp-json\/wp\/v2\/categories?post=362"},{"taxonomy":"post_tag","embeddable":true,"href":"https:\/\/assemblee-nationale.bj\/index.php\/wp-json\/wp\/v2\/tags?post=362"}],"curies":[{"name":"wp","href":"https:\/\/api.w.org\/{rel}","templated":true}]}}