
{"id":370,"date":"2017-09-13T12:56:01","date_gmt":"2017-09-13T11:56:01","guid":{"rendered":"https:\/\/assemblee-nationale.bj\/?page_id=370"},"modified":"2019-06-05T11:15:54","modified_gmt":"2019-06-05T10:15:54","slug":"conference_president","status":"publish","type":"page","link":"https:\/\/assemblee-nationale.bj\/index.php\/presentation\/organisation_et_fonctionnement\/conference_president\/","title":{"rendered":"Conf\u00e9rence des pr\u00e9sidents"},"content":{"rendered":"<div id=\"pl-370\"  class=\"panel-layout\" ><div id=\"pg-370-0\"  class=\"panel-grid panel-no-style\" ><div id=\"pgc-370-0-0\"  class=\"panel-grid-cell panel-grid-cell-empty\" ><\/div><div id=\"pgc-370-0-1\"  class=\"panel-grid-cell panel-grid-cell-mobile-last\" ><div id=\"panel-370-0-1-0\" class=\"so-panel widget widget_text panel-first-child\" data-index=\"0\" ><div class=\"panel-widget-style panel-widget-style-for-370-0-1-0\" >\t\t\t<div class=\"textwidget\"><p>Conf\u00e9rence des pr\u00e9sidents<\/p>\n<\/div>\n\t\t<\/div><\/div><div id=\"panel-370-0-1-1\" class=\"so-panel widget widget_text panel-last-child\" data-index=\"1\" >\t\t\t<div class=\"textwidget\"><p>&nbsp;<\/p>\n<p>&nbsp;<\/p>\n<\/div>\n\t\t<\/div><\/div><div id=\"pgc-370-0-2\"  class=\"panel-grid-cell panel-grid-cell-empty\" ><\/div><\/div><div id=\"pg-370-1\"  class=\"panel-grid panel-no-style\" ><div id=\"pgc-370-1-0\"  class=\"panel-grid-cell panel-grid-cell-empty\" ><\/div><div id=\"pgc-370-1-1\"  class=\"panel-grid-cell panel-grid-cell-mobile-last\" ><div id=\"panel-370-1-1-0\" class=\"so-panel widget widget_text panel-first-child panel-last-child\" data-index=\"2\" >\t\t\t<div class=\"textwidget\"><p>La Conf\u00e9rence des Pr\u00e9sidents est le regroupement des membres du Bureau et des pr\u00e9sidents des diff\u00e9rents organes de l\u2019Assembl\u00e9e Nationale.<\/p>\n<p>Elle comprend \u00e0 la date d\u2019aujourd\u2019hui quatorze (14) membres ci-apr\u00e8s :<\/p>\n<p>&#8211; Le Pr\u00e9sident de l\u2019Assembl\u00e9e Nationale (01) ;<\/p>\n<p>&#8211; Les autres membres du Bureau (06) ;<\/p>\n<p>&#8211; Les Pr\u00e9sidents des Commissions Permanentes\u00a0 (05) ;<\/p>\n<p>&#8211; Les Pr\u00e9sidents des Groupes Parlementaires (02).<\/p>\n<p>La Conf\u00e9rence des Pr\u00e9sidents donne un avis sur l\u2019ordre du jour des travaux de l\u2019Assembl\u00e9e Nationale propos\u00e9 par son Pr\u00e9sident. Elle peut \u00eatre consult\u00e9e sur tout autre sujet par tout membre de la dite Conf\u00e9rence.<\/p>\n<\/div>\n\t\t<\/div><\/div><div id=\"pgc-370-1-2\"  class=\"panel-grid-cell panel-grid-cell-empty\" ><\/div><\/div><div id=\"pg-370-2\"  class=\"panel-grid panel-no-style\" ><div id=\"pgc-370-2-0\"  class=\"panel-grid-cell panel-grid-cell-empty\" ><\/div><div id=\"pgc-370-2-1\"  class=\"panel-grid-cell panel-grid-cell-mobile-last\" ><div id=\"panel-370-2-1-0\" class=\"so-panel widget widget_text panel-first-child panel-last-child\" data-index=\"3\" >\t\t\t<div class=\"textwidget\"><p>&nbsp;<\/p>\n<p>&nbsp;<\/p>\n<\/div>\n\t\t<\/div><\/div><div id=\"pgc-370-2-2\"  class=\"panel-grid-cell panel-grid-cell-empty\" ><\/div><\/div><\/div>","protected":false},"excerpt":{"rendered":"<p>Conf\u00e9rence des pr\u00e9sidents &nbsp; &nbsp; La Conf\u00e9rence des Pr\u00e9sidents est le regroupement des membres du Bureau et des pr\u00e9sidents des diff\u00e9rents organes de l\u2019Assembl\u00e9e Nationale. Elle comprend \u00e0 la date d\u2019aujourd\u2019hui quatorze (14) membres ci-apr\u00e8s : &#8211; Le Pr\u00e9sident de l\u2019Assembl\u00e9e Nationale (01) ; &#8211; Les autres membres du Bureau (06) ; &#8211; Les Pr\u00e9sidents [&hellip;]<\/p>\n","protected":false},"author":10,"featured_media":0,"parent":1381,"menu_order":0,"comment_status":"closed","ping_status":"closed","template":"","meta":{"footnotes":""},"categories":[1],"tags":[],"class_list":["post-370","page","type-page","status-publish","hentry","category-uncategorized"],"_links":{"self":[{"href":"https:\/\/assemblee-nationale.bj\/index.php\/wp-json\/wp\/v2\/pages\/370","targetHints":{"allow":["GET"]}}],"collection":[{"href":"https:\/\/assemblee-nationale.bj\/index.php\/wp-json\/wp\/v2\/pages"}],"about":[{"href":"https:\/\/assemblee-nationale.bj\/index.php\/wp-json\/wp\/v2\/types\/page"}],"author":[{"embeddable":true,"href":"https:\/\/assemblee-nationale.bj\/index.php\/wp-json\/wp\/v2\/users\/10"}],"replies":[{"embeddable":true,"href":"https:\/\/assemblee-nationale.bj\/index.php\/wp-json\/wp\/v2\/comments?post=370"}],"version-history":[{"count":4,"href":"https:\/\/assemblee-nationale.bj\/index.php\/wp-json\/wp\/v2\/pages\/370\/revisions"}],"predecessor-version":[{"id":1525,"href":"https:\/\/assemblee-nationale.bj\/index.php\/wp-json\/wp\/v2\/pages\/370\/revisions\/1525"}],"up":[{"embeddable":true,"href":"https:\/\/assemblee-nationale.bj\/index.php\/wp-json\/wp\/v2\/pages\/1381"}],"wp:attachment":[{"href":"https:\/\/assemblee-nationale.bj\/index.php\/wp-json\/wp\/v2\/media?parent=370"}],"wp:term":[{"taxonomy":"category","embeddable":true,"href":"https:\/\/assemblee-nationale.bj\/index.php\/wp-json\/wp\/v2\/categories?post=370"},{"taxonomy":"post_tag","embeddable":true,"href":"https:\/\/assemblee-nationale.bj\/index.php\/wp-json\/wp\/v2\/tags?post=370"}],"curies":[{"name":"wp","href":"https:\/\/api.w.org\/{rel}","templated":true}]}}