
{"id":378,"date":"2017-09-13T13:05:08","date_gmt":"2017-09-13T12:05:08","guid":{"rendered":"https:\/\/assemblee-nationale.bj\/?page_id=378"},"modified":"2017-10-25T08:47:36","modified_gmt":"2017-10-25T07:47:36","slug":"histoire_patrimoine","status":"publish","type":"page","link":"https:\/\/assemblee-nationale.bj\/index.php\/presentation\/histoire_patrimoine\/","title":{"rendered":"Histoire et Patrimoine de l&rsquo;AN"},"content":{"rendered":"<div id=\"pl-378\"  class=\"panel-layout\" ><div id=\"pg-378-0\"  class=\"panel-grid panel-no-style\" ><div id=\"pgc-378-0-0\"  class=\"panel-grid-cell panel-grid-cell-empty\" ><\/div><div id=\"pgc-378-0-1\"  class=\"panel-grid-cell panel-grid-cell-mobile-last\" ><div id=\"panel-378-0-1-0\" class=\"so-panel widget widget_text panel-first-child\" data-index=\"0\" ><div class=\"panel-widget-style panel-widget-style-for-378-0-1-0\" >\t\t\t<div class=\"textwidget\"><p>Histoire et Patrimoine<\/p>\n<\/div>\n\t\t<\/div><\/div><div id=\"panel-378-0-1-1\" class=\"so-panel widget widget_text panel-last-child\" data-index=\"1\" >\t\t\t<div class=\"textwidget\"><p>&nbsp;<\/p>\n<p>&nbsp;<\/p>\n<\/div>\n\t\t<\/div><\/div><div id=\"pgc-378-0-2\"  class=\"panel-grid-cell panel-grid-cell-empty\" ><\/div><\/div><div id=\"pg-378-1\"  class=\"panel-grid panel-no-style\" ><div id=\"pgc-378-1-0\"  class=\"panel-grid-cell panel-grid-cell-empty\" ><\/div><div id=\"pgc-378-1-1\"  class=\"panel-grid-cell panel-grid-cell-mobile-last\" ><div id=\"panel-378-1-1-1\" class=\"so-panel widget widget_text panel-last-child\" data-index=\"3\" >\t\t\t<div class=\"textwidget\"><h2><span class=\"subheading-category\">Histoire &#038; patrimoine<\/span><\/h2>\n<div class=\"category-desc\"><\/div>\n<div class=\"items-leading\">\n<div class=\"leading-0\">\n<div><strong>Historique<\/p>\n<p><\/strong><\/div>\n<div>L&rsquo;Assembl\u00e9e Nationale est la deuxi\u00e8me Institution de l&rsquo;Etat. Son histoire montre qu&rsquo;elle a \u00e9t\u00e9 tr\u00e8s mouvement\u00e9e et faite jusqu&rsquo;ici d&rsquo;une succession d&rsquo;exp\u00e9riences aussi vari\u00e9es les unes que les autres.<\/p>\n<\/div>\n<div><strong>1\u00e8re exp\u00e9rience<\/p>\n<p><\/strong><\/div>\n<div>La premi\u00e8re exp\u00e9rience faite dans le cadre institutionnel d\u00e9fini par la Constitution du 28 f\u00e9vrier 1959, a dur\u00e9 d&rsquo;avril 1959 \u00e0 novembre 1960. Elle a \u00e9t\u00e9 pr\u00e9sid\u00e9e par feu Justin Tom\u00e8tin AHOMADEGBE.<\/p>\n<\/div>\n<div><strong>2\u00e8me exp\u00e9rience<\/p>\n<p><\/strong><\/div>\n<div>La deuxi\u00e8me exp\u00e9rience parlementaire a fonctionn\u00e9 du 04 novembre 1960 au 28 octobre 1963, dans le cadre de la Constitution du 26 novembre 1960, adopt\u00e9e apr\u00e8s l&rsquo;accession du Dahomey \u00e0 la souverainet\u00e9 internationale. Son Pr\u00e9sident fut feu Valentin Djibod\u00e9 AKPLOGAN.<\/p>\n<\/div>\n<div><strong>3\u00e8me exp\u00e9rience<\/p>\n<p><\/strong><\/div>\n<div>La troisi\u00e8me exp\u00e9rience parlementaire, dont le Pr\u00e9sident fut feu Ta\u00efrou CONGACOU, a dur\u00e9 de janvier 1964 \u00e0 novembre 1965. Les diff\u00e9rentes caract\u00e9ristiques de cette l\u00e9gislature \u00e9taient dans la Constitution du 11 janvier 1964.<\/p>\n<\/div>\n<div><strong>4\u00e8me exp\u00e9rience<\/p>\n<p><\/strong><\/div>\n<div>Apr\u00e8s les parenth\u00e8ses de 1964 \u00e0 1979 o\u00f9 diverses formes de r\u00e9gime avaient \u00e9t\u00e9 exp\u00e9riment\u00e9es, la mise en application de la Constitution du 09 septembre 1977 (appel\u00e9e Loi fondamentale) a permis de faire la quatri\u00e8me exp\u00e9rience parlementaire au B\u00e9nin.<\/p>\n<\/div>\n<div>Le parlement \u00e9tait alors appel\u00e9 Assembl\u00e9e Nationale R\u00e9volutionnaire (ANR). La loi fondamentale a \u00e9t\u00e9 amend\u00e9e par la loi constitutionnelle du 06 mars 1984. Sous ce dispositif, la premi\u00e8re l\u00e9gislature de l&rsquo;Assembl\u00e9e Nationale R\u00e9volutionnaire a fonctionn\u00e9 du 04 f\u00e9vrier au 17 octobre 1982, avec pour pr\u00e9sident feu Ignace ADJO BOCO. La deuxi\u00e8me l\u00e9gislature de l&rsquo;ANR a fonctionn\u00e9 du 27 juillet 1984 au 28 f\u00e9vrier 1989 et a \u00e9t\u00e9 dirig\u00e9e par M. Romain VILON-GUEZO qui a d&rsquo;abord termin\u00e9 celle d&rsquo;Ignace ADJO BOCO. Il a \u00e9galement pr\u00e9sid\u00e9 la troisi\u00e8me l\u00e9gislature de l&rsquo;Assembl\u00e9e Nationale R\u00e9volutionnaire qui a dur\u00e9 de juillet 1989 \u00e0 f\u00e9vrier 1990.<\/p>\n<\/div>\n<div><strong>5\u00e8me exp\u00e9rience<\/p>\n<p><\/strong><\/div>\n<div>La cinqui\u00e8me exp\u00e9rience de parlement au B\u00e9nin a \u00e9t\u00e9 faite sous le Haut Conseil de la R\u00e9publique (HCR) qui, apr\u00e8s la conf\u00e9rence nationale des Forces Vives de la Nation avait \u00e0 la fois, la mission d&rsquo;un parlement et de la Cour Constitutionnelle, sous le r\u00e9gime de la Loi constitutionnelle du 13 ao\u00fbt 1990. Elle a \u00e9t\u00e9 pr\u00e9sid\u00e9e par feu Monseigneur Isidore de SOUZA et a fonctionn\u00e9 du 28 f\u00e9vrier 1990 au 31 mars 1991.<\/p>\n<\/div>\n<div><strong>6\u00e8me exp\u00e9rience<\/p>\n<p><\/strong><\/div>\n<div>La Constitution du 11 d\u00e9cembre 1990 a inaugur\u00e9 la sixi\u00e8me exp\u00e9rience parlementaire de l&rsquo;histoire politique de la R\u00e9publique du B\u00e9nin.<\/p>\n<\/div>\n<div>La premi\u00e8re l\u00e9gislature de cette nouvelle exp\u00e9rience parlementaire, a dur\u00e9 du 1er avril 1991 au 31 mars 1995 avec pour Pr\u00e9sident Me Adrien HOUNGBEDJI.<\/p>\n<\/div>\n<div>La deuxi\u00e8me l\u00e9gislature qui a dur\u00e9 du 04 avril 1995 au 19 avril 1999 \u00e9tait pr\u00e9sid\u00e9e par Monsieur Bruno AMOUSSOU.<\/p>\n<\/div>\n<div>La troisi\u00e8me l\u00e9gislature pr\u00e9sid\u00e9e par Me Adrien HOUNGBEDJI a dur\u00e9 du 20 avril 1999 au 19 avril 2003.<\/p>\n<\/div>\n<div>La quatri\u00e8me l\u00e9gislature qui a dur\u00e9 du 22 avril 2003 au 02 avril 2007, a eu comme Pr\u00e9sident M. Antoine Kolawol\u00e9 IDJI.<\/p>\n<\/div>\n<div>La cinqui\u00e8me l\u00e9gislature issue des \u00e9lections de mars 2007 a d\u00e9marr\u00e9 le 23 avril avec pour Pr\u00e9sident, le Professeur Mathurin Coffi NAGO.<\/p>\n<p>La sixi\u00e8me l\u00e9gislature issue des \u00e9lections de mars 2011, et qui a d\u00e9marr\u00e9 depuis le 25 avril 2011 avec pour Pr\u00e9sident le Professeur Mathurin Coffi NAGO.<\/p>\n<\/div>\n<div>L&rsquo;Assembl\u00e9e Nationale compte aujourd&rsquo;hui quatre vingt trois (83) d\u00e9put\u00e9s.<a class=\"wf_file\" href=\"http:\/\/www.assemblee-nationale.bj\/images\/docman\/telechargement\/Histoire%20et%20patrimoine.pdf\" target=\"_blank\" rel=\"noopener\"><br \/>\n<img decoding=\"async\" class=\"wf_file_icon\" src=\"http:\/\/www.assemblee-nationale.bj\/media\/jce\/icons\/pdf.png\" alt=\"pdf\" \/><span class=\"wf_file_text\">T\u00e9l\u00e9charger la version d\u00e9taill\u00e9e ici<\/span><span class=\"wf_file_size\">1019.82 Ko<\/span><\/a><\/div>\n<\/div>\n<\/div>\n<\/div>\n\t\t<\/div><\/div><div id=\"pgc-378-1-2\"  class=\"panel-grid-cell panel-grid-cell-empty\" ><\/div><\/div><div id=\"pg-378-2\"  class=\"panel-grid panel-no-style\" ><div id=\"pgc-378-2-0\"  class=\"panel-grid-cell panel-grid-cell-empty\" ><\/div><div id=\"pgc-378-2-1\"  class=\"panel-grid-cell panel-grid-cell-mobile-last\" ><div id=\"panel-378-2-1-0\" class=\"so-panel widget widget_text panel-first-child panel-last-child\" data-index=\"4\" >\t\t\t<div class=\"textwidget\"><p>&nbsp;<\/p>\n<p>&nbsp;<\/p>\n<\/div>\n\t\t<\/div><\/div><div id=\"pgc-378-2-2\"  class=\"panel-grid-cell panel-grid-cell-empty\" ><\/div><\/div><\/div>","protected":false},"excerpt":{"rendered":"<p>Histoire et Patrimoine &nbsp; &nbsp; Histoire &#038; patrimoine Historique L&rsquo;Assembl\u00e9e Nationale est la deuxi\u00e8me Institution de l&rsquo;Etat. Son histoire montre qu&rsquo;elle a \u00e9t\u00e9 tr\u00e8s mouvement\u00e9e et faite jusqu&rsquo;ici d&rsquo;une succession d&rsquo;exp\u00e9riences aussi vari\u00e9es les unes que les autres. 1\u00e8re exp\u00e9rience La premi\u00e8re exp\u00e9rience faite dans le cadre institutionnel d\u00e9fini par la Constitution du 28 f\u00e9vrier [&hellip;]<\/p>\n","protected":false},"author":10,"featured_media":0,"parent":1830,"menu_order":0,"comment_status":"closed","ping_status":"closed","template":"","meta":{"footnotes":""},"categories":[1],"tags":[],"class_list":["post-378","page","type-page","status-publish","hentry","category-uncategorized"],"_links":{"self":[{"href":"https:\/\/assemblee-nationale.bj\/index.php\/wp-json\/wp\/v2\/pages\/378","targetHints":{"allow":["GET"]}}],"collection":[{"href":"https:\/\/assemblee-nationale.bj\/index.php\/wp-json\/wp\/v2\/pages"}],"about":[{"href":"https:\/\/assemblee-nationale.bj\/index.php\/wp-json\/wp\/v2\/types\/page"}],"author":[{"embeddable":true,"href":"https:\/\/assemblee-nationale.bj\/index.php\/wp-json\/wp\/v2\/users\/10"}],"replies":[{"embeddable":true,"href":"https:\/\/assemblee-nationale.bj\/index.php\/wp-json\/wp\/v2\/comments?post=378"}],"version-history":[{"count":3,"href":"https:\/\/assemblee-nationale.bj\/index.php\/wp-json\/wp\/v2\/pages\/378\/revisions"}],"predecessor-version":[{"id":1890,"href":"https:\/\/assemblee-nationale.bj\/index.php\/wp-json\/wp\/v2\/pages\/378\/revisions\/1890"}],"up":[{"embeddable":true,"href":"https:\/\/assemblee-nationale.bj\/index.php\/wp-json\/wp\/v2\/pages\/1830"}],"wp:attachment":[{"href":"https:\/\/assemblee-nationale.bj\/index.php\/wp-json\/wp\/v2\/media?parent=378"}],"wp:term":[{"taxonomy":"category","embeddable":true,"href":"https:\/\/assemblee-nationale.bj\/index.php\/wp-json\/wp\/v2\/categories?post=378"},{"taxonomy":"post_tag","embeddable":true,"href":"https:\/\/assemblee-nationale.bj\/index.php\/wp-json\/wp\/v2\/tags?post=378"}],"curies":[{"name":"wp","href":"https:\/\/api.w.org\/{rel}","templated":true}]}}