
{"id":381,"date":"2017-09-13T13:10:29","date_gmt":"2017-09-13T12:10:29","guid":{"rendered":"https:\/\/assemblee-nationale.bj\/?page_id=381"},"modified":"2022-07-25T09:02:23","modified_gmt":"2022-07-25T08:02:23","slug":"secretariat_general","status":"publish","type":"page","link":"https:\/\/assemblee-nationale.bj\/index.php\/presentation\/administration_parlementaire\/secretariat_general\/","title":{"rendered":"S\u00e9cretariat G\u00e9n\u00e9ral Administratif"},"content":{"rendered":"<div id=\"pl-381\"  class=\"panel-layout\" ><div id=\"pg-381-0\"  class=\"panel-grid panel-no-style\" ><div id=\"pgc-381-0-0\"  class=\"panel-grid-cell panel-grid-cell-empty\" ><\/div><div id=\"pgc-381-0-1\"  class=\"panel-grid-cell panel-grid-cell-mobile-last\" ><div id=\"panel-381-0-1-0\" class=\"so-panel widget widget_text panel-first-child\" data-index=\"0\" ><div class=\"panel-widget-style panel-widget-style-for-381-0-1-0\" >\t\t\t<div class=\"textwidget\"><p>Secr\u00e9tariat G\u00e9n\u00e9ral Administratif<\/p>\n<\/div>\n\t\t<\/div><\/div><div id=\"panel-381-0-1-1\" class=\"so-panel widget widget_text panel-last-child\" data-index=\"1\" >\t\t\t<div class=\"textwidget\"><p>&nbsp;<\/p>\n<p>&nbsp;<\/p>\n<\/div>\n\t\t<\/div><\/div><div id=\"pgc-381-0-2\"  class=\"panel-grid-cell panel-grid-cell-empty\" ><\/div><\/div><div id=\"pg-381-1\"  class=\"panel-grid panel-no-style\" ><div id=\"pgc-381-1-0\"  class=\"panel-grid-cell panel-grid-cell-empty\" ><\/div><div id=\"pgc-381-1-1\"  class=\"panel-grid-cell\" ><div id=\"panel-381-1-1-0\" class=\"so-panel widget widget_media_image panel-first-child\" data-index=\"2\" ><div class=\"panel-widget-style panel-widget-style-for-381-1-1-0\" ><img loading=\"lazy\" decoding=\"async\" width=\"225\" height=\"300\" src=\"https:\/\/assemblee-nationale.bj\/wp-content\/uploads\/2019\/10\/SGA-225x300.jpg\" class=\"image wp-image-3405  attachment-medium size-medium\" alt=\"\" style=\"max-width: 100%; height: auto;\" srcset=\"https:\/\/assemblee-nationale.bj\/wp-content\/uploads\/2019\/10\/SGA-225x300.jpg 225w, https:\/\/assemblee-nationale.bj\/wp-content\/uploads\/2019\/10\/SGA-768x1024.jpg 768w, https:\/\/assemblee-nationale.bj\/wp-content\/uploads\/2019\/10\/SGA.jpg 1905w\" sizes=\"auto, (max-width: 225px) 100vw, 225px\" \/><\/div><\/div><div id=\"panel-381-1-1-1\" class=\"so-panel widget widget_text\" data-index=\"3\" ><div class=\"panel-widget-style panel-widget-style-for-381-1-1-1\" >\t\t\t<div class=\"textwidget\"><p>OGOUTOLOU Mariano,<\/p>\n<p>Secr\u00e9taire G\u00e9n\u00e9ral Administratif<\/p>\n<\/div>\n\t\t<\/div><\/div><div id=\"panel-381-1-1-2\" class=\"so-panel widget widget_text\" data-index=\"4\" >\t\t\t<div class=\"textwidget\"><\/div>\n\t\t<\/div><div id=\"panel-381-1-1-3\" class=\"so-panel widget widget_media_image\" data-index=\"5\" ><div class=\"panel-widget-style panel-widget-style-for-381-1-1-3\" ><img loading=\"lazy\" decoding=\"async\" width=\"225\" height=\"300\" src=\"https:\/\/assemblee-nationale.bj\/wp-content\/uploads\/2022\/07\/HOUINOU-EBO-Cl\u00e9ment-225x300.png\" class=\"image wp-image-4101  attachment-medium size-medium\" alt=\"\" style=\"max-width: 100%; height: auto;\" \/><\/div><\/div><div id=\"panel-381-1-1-4\" class=\"so-panel widget widget_text panel-last-child\" data-index=\"6\" ><div class=\"panel-widget-style panel-widget-style-for-381-1-1-4\" >\t\t\t<div class=\"textwidget\"><p>HOUINOU EBO Cl\u00e9ment<\/p>\n<p>Secr\u00e9taire G\u00e9n\u00e9ral Administratif Adjoint<\/p>\n<\/div>\n\t\t<\/div><\/div><\/div><div id=\"pgc-381-1-2\"  class=\"panel-grid-cell panel-grid-cell-mobile-last\" ><div id=\"panel-381-1-2-0\" class=\"so-panel widget widget_text panel-first-child\" data-index=\"7\" ><div class=\"panel-widget-style panel-widget-style-for-381-1-2-0\" >\t\t\t<div class=\"textwidget\"><p>Le Secr\u00e9taire G\u00e9n\u00e9ral Administratif est nomm\u00e9 par le Pr\u00e9sident de l\u2019Assembl\u00e9e Nationale et est assist\u00e9 dans ses fonctions par un Secr\u00e9taire G\u00e9n\u00e9ral Administratif Adjoint (SGAA). Ce dernier est \u00e9galement nomm\u00e9 par le Pr\u00e9sident de l\u2019Assembl\u00e9e Nationale.<\/p>\n<p>Pour mener \u00e0 bien les t\u00e2ches qui sont les leurs, les d\u00e9put\u00e9s sont appuy\u00e9s dans leur travail par le Secr\u00e9tariat G\u00e9n\u00e9ral Administratif compos\u00e9 deux (02) Directions Techniques que sont la Direction des Services L\u00e9gislatifs et la Direction de la Questure.<\/p>\n<p>Il est \u00e9galement assist\u00e9 dans sa mission de trois (03) projets d\u2019appui. En outre quatre (04) autres services sont directement rattach\u00e9s au Secr\u00e9tariat G\u00e9n\u00e9ral Administratif dans l\u2019accomplissement de sa mission.<\/p>\n<p>Le Secr\u00e9tariat G\u00e9n\u00e9ral Administratif regroupe l\u2019ensemble des organes administratifs de l\u2019Assembl\u00e9e Nationale. Il veille \u00e0 la bonne marche des activit\u00e9s de l\u2019Assembl\u00e9e Nationale \u00e0 travers ses directions techniques. A cet effet, il supervise l\u2019\u00e9tablissement des comptes rendus et des proc\u00e8s-verbaux des s\u00e9ances pl\u00e9ni\u00e8res et assiste le Pr\u00e9sident de l\u2019Assembl\u00e9e Nationale en s\u00e9ance pl\u00e9ni\u00e8re.<\/p>\n<p>Le Secr\u00e9tariat G\u00e9n\u00e9ral Administratif g\u00e8re les relations entre l\u2019Assembl\u00e9e Nationale et les autres Institutions de l\u2019Etat (Cour Constitutionnelle, Gouvernement, Pr\u00e9sidence de la R\u00e9publique, Haute Autorit\u00e9 de l\u2019Audiovisuelle et de la Communication, Cour Supr\u00eame, Haute Cour de Justice, Conseil Economique et Social etc.).<br \/>\nIl s\u2019occupe de l\u2019ex\u00e9cution des d\u00e9cisions financi\u00e8res de l\u2019Assembl\u00e9e Nationale et de la transmission de tous documents au Journal Officiel pour publication.<\/p>\n<p>&nbsp;<\/p>\n<p>&nbsp;<\/p>\n<p>&nbsp;<\/p>\n<\/div>\n\t\t<\/div><\/div><div id=\"panel-381-1-2-1\" class=\"so-panel widget widget_text\" data-index=\"8\" >\t\t\t<div class=\"textwidget\"><\/div>\n\t\t<\/div><div id=\"panel-381-1-2-2\" class=\"so-panel widget widget_text panel-last-child\" data-index=\"9\" ><div class=\"panel-widget-style panel-widget-style-for-381-1-2-2\" >\t\t\t<div class=\"textwidget\"><p><em><img decoding=\"async\" style=\"width: 12px; height: 12px;\" src=\"\/wp-content\/uploads\/2017\/08\/logo-AN.png\" alt=\"benin flag\" \/><span class=\"item-title\"><a href=\"\/index.php\/structures_rattachees\/\"><span style=\"color: #04373e;\"> Structures rattach\u00e9es<\/span><\/a><\/span><\/em><\/p>\n<p><em><img decoding=\"async\" style=\"width: 12px; height: 12px;\" src=\"\/wp-content\/uploads\/2017\/08\/logo-AN.png\" alt=\"benin flag\" \/><span class=\"item-title\"><a href=\"\/index.php\/personne-responsable-des-marches-publics\/\"><span style=\"color: #04373e;\"> Personne Responsable des March\u00e9s Publics (PRMP)<\/span><\/a><\/span><\/em><\/p>\n<p><em><img decoding=\"async\" style=\"width: 12px; height: 12px;\" src=\"\/wp-content\/uploads\/2017\/08\/logo-AN.png\" alt=\"benin flag\" \/><span class=\"item-title\"><a href=\"\/index.php\/cellule-de-controle-des-marches-publics\"><span style=\"color: #04373e;\"> Cellule de Contr\u00f4le des March\u00e9s Publics (CCMP)<\/span><\/a><\/span><\/em><\/p>\n<p><em><img decoding=\"async\" style=\"width: 12px; height: 12px;\" src=\"\/wp-content\/uploads\/2017\/08\/logo-AN.png\" alt=\"benin flag\" \/><span class=\"item-title\"><a href=\"\/index.php\/direction_services_legistatifs\/\"><span style=\"color: #04373e;\"> Direction des services l\u00e9gislatifs (DSL)<\/span><\/a><\/span><\/em><\/p>\n<p><em><img decoding=\"async\" style=\"width: 12px; height: 12px;\" src=\"\/wp-content\/uploads\/2017\/08\/logo-AN.png\" alt=\"benin flag\" \/><span class=\"item-title\"><a href=\"\/index.php\/direction-de-la-questure\/\"><span style=\"color: #04373e;\"> Direction de la Questure<\/span><\/a><\/span><\/em><\/p>\n<p><em><img decoding=\"async\" style=\"width: 12px; height: 12px;\" src=\"\/wp-content\/uploads\/2017\/08\/logo-AN.png\" alt=\"benin flag\" \/><span class=\"item-title\"><a href=\"\/index.php\/direction-des-services-de-linformation-et-de-la-communication\/\"><span style=\"color: #04373e;\"> Direction des Services de l\u2019Information et de la Communication (DSICom)<\/span><\/a><\/span><\/em><\/p>\n<p><em><img decoding=\"async\" style=\"width: 12px; height: 12px;\" src=\"\/wp-content\/uploads\/2017\/08\/logo-AN.png\" alt=\"benin flag\" \/><span class=\"item-title\"><a href=\"\/index.php\/unite-danalyse-de-controle-et-devaluation-du-budget-de-letat\"><span style=\"color: #04373e;\"> UNit\u00e9 d\u2019Analyse, de Contr\u00f4le et d\u2019\u00c9valuation du Budget de l\u2019Etat (UNACEB)<\/span><\/a><\/span><\/em><\/p>\n<p><em><img decoding=\"async\" style=\"width: 12px; height: 12px;\" src=\"\/wp-content\/uploads\/2017\/08\/logo-AN.png\" alt=\"benin flag\" \/><span class=\"item-title\"><a href=\"\/index.php\/institut-parlementaire-du-benin\/\"><span style=\"color: #04373e;\"> Institut Parlementaire du B\u00e9nin (IPaB)<\/span><\/a><\/span><\/em><\/p>\n<\/div>\n\t\t<\/div><\/div><\/div><div id=\"pgc-381-1-3\"  class=\"panel-grid-cell panel-grid-cell-empty\" ><\/div><\/div><div id=\"pg-381-2\"  class=\"panel-grid panel-no-style\" ><div id=\"pgc-381-2-0\"  class=\"panel-grid-cell panel-grid-cell-empty\" ><\/div><div id=\"pgc-381-2-1\"  class=\"panel-grid-cell panel-grid-cell-mobile-last\" ><div id=\"panel-381-2-1-0\" class=\"so-panel widget widget_text panel-first-child panel-last-child\" data-index=\"10\" >\t\t\t<div class=\"textwidget\"><p>&nbsp;<\/p>\n<p>&nbsp;<\/p>\n<\/div>\n\t\t<\/div><\/div><div id=\"pgc-381-2-2\"  class=\"panel-grid-cell panel-grid-cell-empty\" ><\/div><\/div><\/div>","protected":false},"excerpt":{"rendered":"<p>Secr\u00e9tariat G\u00e9n\u00e9ral Administratif &nbsp; &nbsp; OGOUTOLOU Mariano, Secr\u00e9taire G\u00e9n\u00e9ral Administratif HOUINOU EBO Cl\u00e9ment Secr\u00e9taire G\u00e9n\u00e9ral Administratif Adjoint Le Secr\u00e9taire G\u00e9n\u00e9ral Administratif est nomm\u00e9 par le Pr\u00e9sident de l\u2019Assembl\u00e9e Nationale et est assist\u00e9 dans ses fonctions par un Secr\u00e9taire G\u00e9n\u00e9ral Administratif Adjoint (SGAA). Ce dernier est \u00e9galement nomm\u00e9 par le Pr\u00e9sident de l\u2019Assembl\u00e9e Nationale. Pour mener [&hellip;]<\/p>\n","protected":false},"author":10,"featured_media":0,"parent":1385,"menu_order":0,"comment_status":"closed","ping_status":"closed","template":"","meta":{"footnotes":""},"categories":[1],"tags":[],"class_list":["post-381","page","type-page","status-publish","hentry","category-uncategorized"],"_links":{"self":[{"href":"https:\/\/assemblee-nationale.bj\/index.php\/wp-json\/wp\/v2\/pages\/381","targetHints":{"allow":["GET"]}}],"collection":[{"href":"https:\/\/assemblee-nationale.bj\/index.php\/wp-json\/wp\/v2\/pages"}],"about":[{"href":"https:\/\/assemblee-nationale.bj\/index.php\/wp-json\/wp\/v2\/types\/page"}],"author":[{"embeddable":true,"href":"https:\/\/assemblee-nationale.bj\/index.php\/wp-json\/wp\/v2\/users\/10"}],"replies":[{"embeddable":true,"href":"https:\/\/assemblee-nationale.bj\/index.php\/wp-json\/wp\/v2\/comments?post=381"}],"version-history":[{"count":2,"href":"https:\/\/assemblee-nationale.bj\/index.php\/wp-json\/wp\/v2\/pages\/381\/revisions"}],"predecessor-version":[{"id":1460,"href":"https:\/\/assemblee-nationale.bj\/index.php\/wp-json\/wp\/v2\/pages\/381\/revisions\/1460"}],"up":[{"embeddable":true,"href":"https:\/\/assemblee-nationale.bj\/index.php\/wp-json\/wp\/v2\/pages\/1385"}],"wp:attachment":[{"href":"https:\/\/assemblee-nationale.bj\/index.php\/wp-json\/wp\/v2\/media?parent=381"}],"wp:term":[{"taxonomy":"category","embeddable":true,"href":"https:\/\/assemblee-nationale.bj\/index.php\/wp-json\/wp\/v2\/categories?post=381"},{"taxonomy":"post_tag","embeddable":true,"href":"https:\/\/assemblee-nationale.bj\/index.php\/wp-json\/wp\/v2\/tags?post=381"}],"curies":[{"name":"wp","href":"https:\/\/api.w.org\/{rel}","templated":true}]}}