
{"id":4111,"date":"2022-07-22T17:28:25","date_gmt":"2022-07-22T16:28:25","guid":{"rendered":"https:\/\/assemblee-nationale.bj\/?page_id=4111"},"modified":"2023-05-23T13:34:47","modified_gmt":"2023-05-23T12:34:47","slug":"direction-de-la-questure","status":"publish","type":"page","link":"https:\/\/assemblee-nationale.bj\/index.php\/presentation\/administration_parlementaire\/secretariat_general\/direction-de-la-questure\/","title":{"rendered":"Direction de la Questure"},"content":{"rendered":"<div id=\"pl-4111\"  class=\"panel-layout\" ><div id=\"pg-4111-0\"  class=\"panel-grid panel-no-style\" ><div id=\"pgc-4111-0-0\"  class=\"panel-grid-cell panel-grid-cell-empty\" ><\/div><div id=\"pgc-4111-0-1\"  class=\"panel-grid-cell panel-grid-cell-mobile-last\" ><div id=\"panel-4111-0-1-0\" class=\"so-panel widget widget_text panel-first-child\" data-index=\"0\" ><div class=\"panel-widget-style panel-widget-style-for-4111-0-1-0\" >\t\t\t<div class=\"textwidget\"><p><span class=\"subheading-category\">Direction de la Questure<\/span><\/p>\n<\/div>\n\t\t<\/div><\/div><div id=\"panel-4111-0-1-1\" class=\"so-panel widget widget_text panel-last-child\" data-index=\"1\" >\t\t\t<div class=\"textwidget\"><p>&nbsp;<\/p>\n<p>&nbsp;<\/p>\n<\/div>\n\t\t<\/div><\/div><div id=\"pgc-4111-0-2\"  class=\"panel-grid-cell panel-grid-cell-empty\" ><\/div><\/div><div id=\"pg-4111-1\"  class=\"panel-grid panel-has-style\" ><div class=\"panel-row-style panel-row-style-for-4111-1\" ><div id=\"pgc-4111-1-0\"  class=\"panel-grid-cell panel-grid-cell-empty\" ><\/div><div id=\"pgc-4111-1-1\"  class=\"panel-grid-cell panel-grid-cell-mobile-last\" ><div id=\"panel-4111-1-1-0\" class=\"so-panel widget widget_text panel-first-child panel-last-child\" data-index=\"2\" ><div class=\"panel-widget-style panel-widget-style-for-4111-1-1-0\" >\t\t\t<div class=\"textwidget\"><p><strong>ATTRIBUTION<\/strong><\/p>\n<\/div>\n\t\t<\/div><\/div><\/div><div id=\"pgc-4111-1-2\"  class=\"panel-grid-cell panel-grid-cell-empty\" ><\/div><\/div><\/div><div id=\"pg-4111-2\"  class=\"panel-grid panel-no-style\" ><div id=\"pgc-4111-2-0\"  class=\"panel-grid-cell panel-grid-cell-empty\" ><\/div><div id=\"pgc-4111-2-1\"  class=\"panel-grid-cell\" ><div id=\"panel-4111-2-1-0\" class=\"so-panel widget widget_text panel-first-child\" data-index=\"3\" ><div class=\"panel-widget-style panel-widget-style-for-4111-2-1-0\" >\t\t\t<div class=\"textwidget\"><div align=\"center\" style=\"padding-top:20px\"><img loading=\"lazy\" decoding=\"async\" src=\"https:\/\/assemblee-nationale.bj\/wp-content\/uploads\/2022\/07\/Yai-Bienvenu-225x300.png\" alt=\"\" width=\"225\" height=\"300\" class=\"alignnone size-full wp-image-17\" \/><\/div>\n<\/div>\n\t\t<\/div><\/div><div id=\"panel-4111-2-1-1\" class=\"so-panel widget widget_text panel-last-child\" data-index=\"4\" ><div class=\"panel-widget-style panel-widget-style-for-4111-2-1-1\" >\t\t\t<div class=\"textwidget\"><div align=\"center\"><strong>YA\u00cf Bienvenu<\/strong><strong><br \/>\n<\/strong><\/p>\n<p><em>Directeur de la questure<\/em><\/div>\n<\/div>\n\t\t<\/div><\/div><\/div><div id=\"pgc-4111-2-2\"  class=\"panel-grid-cell\" ><div id=\"panel-4111-2-2-0\" class=\"so-panel widget widget_text panel-first-child panel-last-child\" data-index=\"5\" ><div class=\"panel-widget-style panel-widget-style-for-4111-2-2-0\" >\t\t\t<div class=\"textwidget\"><p>&nbsp;<\/p>\n<p>La Direction de la questure est charg\u00e9e :<br \/>\n&#8211; d&rsquo;\u00e9laborer et d&rsquo;ex\u00e9cuter le budget de l&rsquo;Assembl\u00e9e nationale ;<br \/>\n&#8211; de g\u00e9rer la carri\u00e8re administrative du personnel parlementaire ;<br \/>\n&#8211; de g\u00e9rer les dossiers individuels des d\u00e9put\u00e9s ;<br \/>\n&#8211; d\u2019assurer la gestion des biens meubles et immeubles appartenant \u00e0 l&rsquo;Assembl\u00e9e nationale ;<br \/>\n&#8211; de g\u00e9rer la restauration ;<br \/>\n&#8211; d\u2019assurer la gestion de l\u2019h\u00e9bergement des d\u00e9put\u00e9s ;<br \/>\n&#8211; d\u2019assurer la gestion du protocole de l\u2019Assembl\u00e9e nationale.<\/p>\n<\/div>\n\t\t<\/div><\/div><\/div><div id=\"pgc-4111-2-3\"  class=\"panel-grid-cell panel-grid-cell-mobile-last\" ><div id=\"panel-4111-2-3-0\" class=\"so-panel widget widget_text panel-first-child\" data-index=\"6\" ><div class=\"panel-widget-style panel-widget-style-for-4111-2-3-0\" >\t\t\t<div class=\"textwidget\"><div align=\"center\" style=\"padding-top:20px\"><img loading=\"lazy\" decoding=\"async\" src=\"https:\/\/assemblee-nationale.bj\/wp-content\/uploads\/2017\/08\/logo-AN.png\" alt=\"\" width=\"177\" height=\"153\" class=\"alignnone size-full wp-image-17\" \/><\/div>\n<\/div>\n\t\t<\/div><\/div><div id=\"panel-4111-2-3-1\" class=\"so-panel widget widget_text panel-last-child\" data-index=\"7\" ><div class=\"panel-widget-style panel-widget-style-for-4111-2-3-1\" >\t\t\t<div class=\"textwidget\"><div align=\"center\"><strong>ABIOLA Djima Vincent<\/strong><strong><br \/>\n<\/strong><\/p>\n<p><em>Directeur Adjoint de la questure<\/em><\/div>\n<\/div>\n\t\t<\/div><\/div><\/div><div id=\"pgc-4111-2-4\"  class=\"panel-grid-cell panel-grid-cell-empty\" ><\/div><\/div><div id=\"pg-4111-3\"  class=\"panel-grid panel-has-style\" ><div class=\"panel-row-style panel-row-style-for-4111-3\" ><div id=\"pgc-4111-3-0\"  class=\"panel-grid-cell panel-grid-cell-empty\" ><\/div><div id=\"pgc-4111-3-1\"  class=\"panel-grid-cell panel-grid-cell-mobile-last\" ><div id=\"panel-4111-3-1-0\" class=\"so-panel widget widget_text panel-first-child panel-last-child\" data-index=\"8\" ><div class=\"panel-widget-style panel-widget-style-for-4111-3-1-0\" >\t\t\t<div class=\"textwidget\"><p><strong>ORGANISATION<\/strong><\/p>\n<\/div>\n\t\t<\/div><\/div><\/div><div id=\"pgc-4111-3-2\"  class=\"panel-grid-cell panel-grid-cell-empty\" ><\/div><\/div><\/div><div id=\"pg-4111-4\"  class=\"panel-grid panel-no-style\" ><div id=\"pgc-4111-4-0\"  class=\"panel-grid-cell panel-grid-cell-empty\" ><\/div><div id=\"pgc-4111-4-1\"  class=\"panel-grid-cell panel-grid-cell-mobile-last\" ><div id=\"panel-4111-4-1-0\" class=\"so-panel widget widget_text panel-first-child panel-last-child\" data-index=\"9\" ><div class=\"panel-widget-style panel-widget-style-for-4111-4-1-0\" >\t\t\t<div class=\"textwidget\"><p>La Direction de la questure est dirig\u00e9e par un Directeur assist\u00e9 d\u2019un adjoint. Il dispose d\u2019un assistant au TIC.<br \/>\nLa Direction de la questure comprend<br \/>\n&#8211; le service des ressources humaines ;<br \/>\n&#8211; le service du budget et de la comptabilit\u00e9 ;<br \/>\n&#8211; le service financier ;<br \/>\n&#8211; le service du patrimoine non financier et de l\u2019entretien ;<br \/>\n&#8211; le service du protocole ;<br \/>\n&#8211; le service de la restauration et de l&rsquo;h\u00f4tellerie.<\/p>\n<\/div>\n\t\t<\/div><\/div><\/div><div id=\"pgc-4111-4-2\"  class=\"panel-grid-cell panel-grid-cell-empty\" ><\/div><\/div><div id=\"pg-4111-5\"  class=\"panel-grid panel-no-style\" ><div id=\"pgc-4111-5-0\"  class=\"panel-grid-cell panel-grid-cell-empty\" ><\/div><div id=\"pgc-4111-5-1\"  class=\"panel-grid-cell panel-grid-cell-mobile-last\" ><div id=\"panel-4111-5-1-0\" class=\"so-panel widget widget_text panel-first-child\" data-index=\"10\" >\t\t\t<div class=\"textwidget\"><div class=\"wonderpluginslider-container\" id=\"wonderpluginslider-container-3\" style=\"max-width:300px;margin:0 auto;padding-left:0px;padding-right:0px;padding-top:0px;padding-bottom:0px;\"><div class=\"wonderpluginslider\" id=\"wonderpluginslider-3\" data-sliderid=\"3\" data-width=\"300\" data-height=\"400\" data-skin=\"cube\" data-playmutedandinlinewhenautoplay=\"false\" data-addextraattributes=\"false\" data-autoplay=\"true\" data-randomplay=\"false\" data-loadimageondemand=\"false\" data-transitiononfirstslide=\"false\" data-autoplayvideo=\"false\" data-isresponsive=\"true\" data-fullwidth=\"false\" data-isfullscreen=\"false\" data-ratioresponsive=\"false\" data-showtext=\"true\" data-showtimer=\"true\" data-showbottomshadow=\"true\" data-navshowpreview=\"true\" data-textautohide=\"true\" data-pauseonmouseover=\"false\" data-lightboxresponsive=\"true\" data-lightboxshownavigation=\"false\" data-lightboxshowtitle=\"true\" data-lightboxshowdescription=\"false\" data-texteffectresponsive=\"true\" data-donotinit=\"false\" data-addinitscript=\"false\" data-lightboxfullscreenmode=\"false\" data-lightboxcloseonoverlay=\"true\" data-lightboxvideohidecontrols=\"false\" data-lightboxnogroup=\"false\" data-shownav=\"true\" data-navthumbresponsive=\"false\" data-navshowfeaturedarrow=\"false\" data-lightboxshowsocial=\"false\" data-lightboxshowfacebook=\"true\" data-lightboxshowtwitter=\"true\" data-lightboxshowpinterest=\"true\" data-lightboxsocialrotateeffect=\"true\" data-showsocial=\"false\" data-showfacebook=\"true\" data-showtwitter=\"true\" data-showpinterest=\"true\" data-socialrotateeffect=\"true\" data-disableinlinecss=\"false\" data-triggerresize=\"false\" data-lightboxautoslide=\"false\" data-lightboxshowtimer=\"true\" data-lightboxshowplaybutton=\"true\" data-lightboxalwaysshownavarrows=\"false\" data-lightboxshowtitleprefix=\"true\" data-titleusealt=\"false\" data-outputtext=\"false\" data-titletag=\"h1\" data-descriptiontag=\"h2\" data-scalemode=\"fill\" data-arrowstyle=\"always\" data-transition=\"slice\" data-loop=\"0\" data-border=\"0\" data-slideinterval=\"8000\" data-arrowimage=\"arrows-36-80-0.png\" data-arrowwidth=\"36\" data-arrowheight=\"80\" data-arrowtop=\"50\" data-arrowmargin=\"-18\" data-navstyle=\"bullets\" data-navimage=\"bullet-24-24-1.png\" data-navwidth=\"24\" data-navheight=\"24\" data-navspacing=\"8\" data-navmarginx=\"16\" data-navmarginy=\"16\" data-navposition=\"bottom\" data-navthumbnavigationstyle=\"arrow\" data-navthumbnavigationarrowimage=\"carouselarrows-32-32-0.png\" data-navthumbnavigationarrowimagewidth=\"32\" data-navthumbnavigationarrowimageheight=\"32\" data-playvideoimage=\"playvideo-64-64-0.png\" data-playvideoimagewidth=\"64\" data-playvideoimageheight=\"64\" data-lightboxthumbwidth=\"90\" data-lightboxthumbheight=\"60\" data-lightboxthumbtopmargin=\"12\" data-lightboxthumbbottommargin=\"4\" data-lightboxbarheight=\"64\" data-lightboxtitlebottomcss=\"color:#333; font-size:14px; font-family:Armata,sans-serif,Arial; overflow:hidden; text-align:left;\" data-lightboxdescriptionbottomcss=\"color:#333; font-size:12px; font-family:Arial,Helvetica,sans-serif; overflow:hidden; text-align:left; margin:4px 0px 0px; padding: 0px;\" data-textformat=\"Blue box\" data-textpositionstatic=\"bottom\" data-textpositiondynamic=\"bottomleft\" data-paddingleft=\"0\" data-paddingright=\"0\" data-paddingtop=\"0\" data-paddingbottom=\"0\" data-texteffectresponsivesize=\"640\" data-textleftrightpercentforstatic=\"40\" data-fadeduration=\"1000\" data-crossfadeduration=\"1000\" data-fadeoutfadeinduration=\"2000\" data-slideduration=\"1000\" data-cssslideduration=\"1000\" data-elasticduration=\"1000\" data-sliceduration=\"1500\" data-blindsduration=\"1500\" data-blocksduration=\"1500\" data-shuffleduration=\"1500\" data-tilesduration=\"2000\" data-kenburnsduration=\"5000\" data-flipduration=\"1500\" data-flipwithzoomduration=\"2000\" data-threedduration=\"1500\" data-threedhorizontalduration=\"1500\" data-threedwithzoomduration=\"2500\" data-threedhorizontalwithzoomduration=\"2200\" data-threedflipduration=\"1500\" data-threedflipwithzoomduration=\"2000\" data-threedtilesduration=\"2000\" data-threedfallback=\"flip\" data-threedhorizontalfallback=\"flip\" data-threedwithzoomfallback=\"flipwithzoom\" data-threedhorizontalwithzoomfallback=\"flipwithzoom\" data-threedflipfallback=\"flip\" data-threedflipwithzoomfallback=\"flipwithzoom\" data-threedtilesfallback=\"tiles\" data-ratiomediumscreen=\"800\" data-ratiomediumheight=\"1.2\" data-ratiosmallscreen=\"480\" data-ratiosmallheight=\"1.6\" data-socialmode=\"mouseover\" data-socialposition=\"position:absolute;top:8px;right:8px;\" data-socialpositionsmallscreen=\"position:absolute;top:8px;right:8px;\" data-socialdirection=\"horizontal\" data-socialbuttonsize=\"32\" data-socialbuttonfontsize=\"18\" data-navthumbcolumn=\"5\" data-navthumbtitleheight=\"20\" data-navthumbtitlewidth=\"120\" data-navthumbresponsivemode=\"samesize\" data-navthumbstyle=\"imageonly\" data-navthumbmediumsize=\"900\" data-navthumbmediumwidth=\"64\" data-navthumbmediumheight=\"64\" data-navthumbmediumcolumn=\"4\" data-navthumbmediumtitleheight=\"18\" data-navthumbmediumtitlewidth=\"120\" data-navthumbsmallsize=\"600\" data-navthumbsmallwidth=\"48\" data-navthumbsmallheight=\"48\" data-navthumbsmallcolumn=\"3\" data-navthumbsmalltitleheight=\"18\" data-navthumbsmalltitlewidth=\"120\" data-lightboxsocialposition=\"position:absolute;top:100%;right:0;\" data-lightboxsocialpositionsmallscreen=\"position:absolute;top:100%;right:0;left:0;\" data-lightboxsocialdirection=\"horizontal\" data-lightboxsocialbuttonsize=\"32\" data-lightboxsocialbuttonfontsize=\"18\" data-lightboxtitlestyle=\"bottom\" data-lightboximagepercentage=\"75\" data-lightboxdefaultvideovolume=\"1\" data-lightboxoverlaybgcolor=\"#000\" data-lightboxoverlayopacity=\"0.9\" data-lightboxbgcolor=\"#fff\" data-lightboxtitleprefix=\"%NUM \/ %TOTAL\" data-lightboxtitleinsidecss=\"color:#fff; font-size:16px; font-family:Arial,Helvetica,sans-serif; overflow:hidden; text-align:left;\" data-lightboxdescriptioninsidecss=\"color:#fff; font-size:12px; font-family:Arial,Helvetica,sans-serif; overflow:hidden; text-align:left; margin:4px 0px 0px; padding: 0px;\" data-triggerresizedelay=\"100\" data-lightboxslideinterval=\"5000\" data-lightboxtimerposition=\"bottom\" data-lightboxtimercolor=\"#dc572e\" data-lightboxtimeropacity=\"1\" data-lightboxbordersize=\"8\" data-lightboxborderradius=\"0\" data-textcss=\"display:block; padding:8px 16px; text-align:left;\" data-textbgcss=\"display:none;\" data-titlecss=\"display:table; position:relative; font:16px &quot;Lucida Sans Unicode&quot;,&quot;Lucida Grande&quot;,sans-serif,Arial; color:#fff; white-space:nowrap; background-color:#00ccff; padding:10px;\" data-descriptioncss=\"display:block; position:relative; font:14px &quot;Lucida Sans Unicode&quot;,&quot;Lucida Grande&quot;,sans-serif,Arial; color:#00ccff;  background-color:#fff; margin-top:10px; padding:10px;\" data-buttoncss=\"display:block; position:relative; margin-top:10px;\" data-titlecssresponsive=\"font-size:12px;\" data-descriptioncssresponsive=\"display:none !important;\" data-buttoncssresponsive=\"\" data-jsfolder=\"https:\/\/assemblee-nationale.bj\/wp-content\/plugins\/wonderplugin-slider-lite\/engine\/\" style=\"display:none;\" ><ul class=\"amazingslider-slides\"  style=\"display:none;\"><li><img decoding=\"async\" class=\"amazingslider-img-elem amazingsliderimg\" src=\"https:\/\/assemblee-nationale.bj\/wp-content\/uploads\/2019\/12\/CS-Protocole-AMADOU-Deen.jpg\" alt=\"AMADOU Aliou Deen - Chef Service du Protocole\" title=\"AMADOU Aliou Deen - Chef Service du Protocole\" data-description=\"\" \/><\/li><li><img decoding=\"async\" class=\"amazingslider-img-elem amazingsliderimg\" src=\"https:\/\/assemblee-nationale.bj\/wp-content\/uploads\/2019\/12\/Chef-SP-ODON-ARO-Andr\u00e9.jpg\" alt=\"ODON-ARO Adja\u00ef Andr\u00e9 - Chef service des ressources humaines, de la solde et de la formation\" title=\"ODON-ARO Adja\u00ef Andr\u00e9 - Chef service des ressources humaines, de la solde et de la formation\" data-description=\"\" \/><\/li><li><img decoding=\"async\" class=\"amazingslider-img-elem amazingsliderimg\" src=\"https:\/\/assemblee-nationale.bj\/wp-content\/uploads\/2019\/12\/CSF-MITILI-YEHAMA-Sabi.jpg\" alt=\"MITILI YEHAMA Sabi - Chef service financier\" title=\"MITILI YEHAMA Sabi - Chef service financier\" data-description=\"\" \/><\/li><li><img decoding=\"async\" class=\"amazingslider-img-elem amazingsliderimg\" src=\"https:\/\/assemblee-nationale.bj\/wp-content\/uploads\/2017\/11\/KOUKOUI-C\u00e9lestine-Chef-service-restauration-et-h\u00f4telleriep.png\" alt=\"KOUKOUI C\u00e9lestine - Chef service de la restauration et de l&#39;h\u00f4tellerie\" title=\"KOUKOUI C\u00e9lestine - Chef service de la restauration et de l&#39;h\u00f4tellerie\" data-description=\"\" \/><\/li><li><img decoding=\"async\" class=\"amazingslider-img-elem amazingsliderimg\" src=\"https:\/\/assemblee-nationale.bj\/wp-content\/uploads\/2022\/07\/SOSSOU-Noris.png\" alt=\"SOSSOU Noris - Chef Service du Patrimoine non Financier et de l\u2019Entretien\" title=\"SOSSOU Noris - Chef Service du Patrimoine non Financier et de l\u2019Entretien\" data-description=\"\" \/><\/li><li><img decoding=\"async\" class=\"amazingslider-img-elem amazingsliderimg\" src=\"https:\/\/assemblee-nationale.bj\/wp-content\/uploads\/2022\/07\/HOUNKPE-SAGBO-Kristelle.png\" alt=\"HOUNKPE SAGBO Kristelle - Chef Service du budget et de la comptabilit\u00e9 administrative\" title=\"HOUNKPE SAGBO Kristelle - Chef Service du budget et de la comptabilit\u00e9 administrative\" data-description=\"\" \/><\/li><\/ul><ul class=\"amazingslider-thumbnails\"  style=\"display:none;\"><li><img decoding=\"async\" class=\"amazingslider-thumbnail-elem amazingsliderthumbnailimg\" src=\"https:\/\/assemblee-nationale.bj\/wp-content\/uploads\/2019\/12\/CS-Protocole-AMADOU-Deen-682x1024.jpg\" alt=\"AMADOU Aliou Deen - Chef Service du Protocole\" title=\"AMADOU Aliou Deen - Chef Service du Protocole\" data-description=\"\" \/><\/li><li><img decoding=\"async\" class=\"amazingslider-thumbnail-elem amazingsliderthumbnailimg\" src=\"https:\/\/assemblee-nationale.bj\/wp-content\/uploads\/2019\/12\/Chef-SP-ODON-ARO-Andr\u00e9-683x1024.jpg\" alt=\"ODON-ARO Adja\u00ef Andr\u00e9 - Chef service des ressources humaines, de la solde et de la formation\" title=\"ODON-ARO Adja\u00ef Andr\u00e9 - Chef service des ressources humaines, de la solde et de la formation\" data-description=\"\" \/><\/li><li><img decoding=\"async\" class=\"amazingslider-thumbnail-elem amazingsliderthumbnailimg\" src=\"https:\/\/assemblee-nationale.bj\/wp-content\/uploads\/2019\/12\/CSF-MITILI-YEHAMA-Sabi-683x1024.jpg\" alt=\"MITILI YEHAMA Sabi - Chef service financier\" title=\"MITILI YEHAMA Sabi - Chef service financier\" data-description=\"\" \/><\/li><li><img decoding=\"async\" class=\"amazingslider-thumbnail-elem amazingsliderthumbnailimg\" src=\"https:\/\/assemblee-nationale.bj\/wp-content\/uploads\/2017\/11\/KOUKOUI-C\u00e9lestine-Chef-service-restauration-et-h\u00f4telleriep-150x150.png\" alt=\"KOUKOUI C\u00e9lestine - Chef service de la restauration et de l&#39;h\u00f4tellerie\" title=\"KOUKOUI C\u00e9lestine - Chef service de la restauration et de l&#39;h\u00f4tellerie\" data-description=\"\" \/><\/li><li><img decoding=\"async\" class=\"amazingslider-thumbnail-elem amazingsliderthumbnailimg\" src=\"https:\/\/assemblee-nationale.bj\/wp-content\/uploads\/2022\/07\/SOSSOU-Noris-225x300.png\" alt=\"SOSSOU Noris - Chef Service du Patrimoine non Financier et de l\u2019Entretien\" title=\"SOSSOU Noris - Chef Service du Patrimoine non Financier et de l\u2019Entretien\" data-description=\"\" \/><\/li><li><img decoding=\"async\" class=\"amazingslider-thumbnail-elem amazingsliderthumbnailimg\" src=\"https:\/\/assemblee-nationale.bj\/wp-content\/uploads\/2022\/07\/HOUNKPE-SAGBO-Kristelle-225x300.png\" alt=\"HOUNKPE SAGBO Kristelle - Chef Service du budget et de la comptabilit\u00e9 administrative\" title=\"HOUNKPE SAGBO Kristelle - Chef Service du budget et de la comptabilit\u00e9 administrative\" data-description=\"\" \/><\/li><\/ul><\/div><\/div><div id=\"amazingslider_customtexteffect_3\" style=\"display:none;\" data-texteffect=\"{&quot;Blue box&quot;:{&quot;textstyle&quot;:&quot;dynamic&quot;,&quot;textpositionstatic&quot;:&quot;bottom&quot;,&quot;textautohide&quot;:true,&quot;textpositionmarginstatic&quot;:0,&quot;textpositiondynamic&quot;:&quot;bottomleft&quot;,&quot;textpositionmarginleft&quot;:24,&quot;textpositionmarginright&quot;:24,&quot;textpositionmargintop&quot;:24,&quot;textpositionmarginbottom&quot;:24,&quot;texteffect&quot;:&quot;slide&quot;,&quot;texteffecteasing&quot;:&quot;easeOutCubic&quot;,&quot;texteffectduration&quot;:600,&quot;texteffectslidedirection&quot;:&quot;bottom&quot;,&quot;texteffectslidedistance&quot;:10,&quot;texteffectdelay&quot;:800,&quot;texteffectseparate&quot;:true,&quot;texteffect1&quot;:&quot;slide&quot;,&quot;texteffectslidedirection1&quot;:&quot;bottom&quot;,&quot;texteffectslidedistance1&quot;:10,&quot;texteffecteasing1&quot;:&quot;easeOutCubic&quot;,&quot;texteffectduration1&quot;:800,&quot;texteffectdelay1&quot;:1000,&quot;texteffect2&quot;:&quot;slide&quot;,&quot;texteffectslidedirection2&quot;:&quot;bottom&quot;,&quot;texteffectslidedistance2&quot;:10,&quot;texteffecteasing2&quot;:&quot;easeOutCubic&quot;,&quot;texteffectduration2&quot;:800,&quot;texteffectdelay2&quot;:1500,&quot;textcss&quot;:&quot;display:block; padding:8px 16px; text-align:left;&quot;,&quot;textbgcss&quot;:&quot;display:none;&quot;,&quot;titlecss&quot;:&quot;display:table; position:relative; font:16px \\&quot;Lucida Sans Unicode\\&quot;,\\&quot;Lucida Grande\\&quot;,sans-serif,Arial; color:#fff; white-space:nowrap; background-color:#00ccff; padding:10px;&quot;,&quot;descriptioncss&quot;:&quot;display:block; position:relative; font:14px \\&quot;Lucida Sans Unicode\\&quot;,\\&quot;Lucida Grande\\&quot;,sans-serif,Arial; color:#00ccff;  background-color:#fff; margin-top:10px; padding:10px;&quot;,&quot;buttoncss&quot;:&quot;display:block; position:relative; margin-top:10px;&quot;,&quot;texteffectresponsive&quot;:true,&quot;texteffectresponsivesize&quot;:640,&quot;titlecssresponsive&quot;:&quot;font-size:12px;&quot;,&quot;descriptioncssresponsive&quot;:&quot;display:none !important;&quot;,&quot;buttoncssresponsive&quot;:&quot;&quot;,&quot;addgooglefonts&quot;:false,&quot;googlefonts&quot;:&quot;&quot;,&quot;textleftrightpercentforstatic&quot;:40}}\"><\/div>\n<\/div>\n\t\t<\/div><div id=\"panel-4111-5-1-1\" class=\"so-panel widget widget_text panel-last-child\" data-index=\"11\" >\t\t\t<div class=\"textwidget\"><p>&nbsp;<\/p>\n<p>&nbsp;<\/p>\n<\/div>\n\t\t<\/div><\/div><div id=\"pgc-4111-5-2\"  class=\"panel-grid-cell panel-grid-cell-empty\" ><\/div><\/div><div id=\"pg-4111-6\"  class=\"panel-grid panel-no-style\" ><div id=\"pgc-4111-6-0\"  class=\"panel-grid-cell panel-grid-cell-empty\" ><\/div><div id=\"pgc-4111-6-1\"  class=\"panel-grid-cell panel-grid-cell-mobile-last\" ><div id=\"panel-4111-6-1-0\" class=\"so-panel widget widget_text panel-first-child panel-last-child\" data-index=\"12\" >\t\t\t<div class=\"textwidget\"><p>&nbsp;<\/p>\n<p>&nbsp;<\/p>\n<\/div>\n\t\t<\/div><\/div><div id=\"pgc-4111-6-2\"  class=\"panel-grid-cell panel-grid-cell-empty\" ><\/div><\/div><\/div>","protected":false},"excerpt":{"rendered":"<p>Direction de la Questure &nbsp; &nbsp; ATTRIBUTION<\/p>\n","protected":false},"author":13,"featured_media":0,"parent":381,"menu_order":0,"comment_status":"closed","ping_status":"closed","template":"","meta":{"footnotes":""},"categories":[],"tags":[],"class_list":["post-4111","page","type-page","status-publish","hentry"],"_links":{"self":[{"href":"https:\/\/assemblee-nationale.bj\/index.php\/wp-json\/wp\/v2\/pages\/4111","targetHints":{"allow":["GET"]}}],"collection":[{"href":"https:\/\/assemblee-nationale.bj\/index.php\/wp-json\/wp\/v2\/pages"}],"about":[{"href":"https:\/\/assemblee-nationale.bj\/index.php\/wp-json\/wp\/v2\/types\/page"}],"author":[{"embeddable":true,"href":"https:\/\/assemblee-nationale.bj\/index.php\/wp-json\/wp\/v2\/users\/13"}],"replies":[{"embeddable":true,"href":"https:\/\/assemblee-nationale.bj\/index.php\/wp-json\/wp\/v2\/comments?post=4111"}],"version-history":[{"count":1,"href":"https:\/\/assemblee-nationale.bj\/index.php\/wp-json\/wp\/v2\/pages\/4111\/revisions"}],"predecessor-version":[{"id":4112,"href":"https:\/\/assemblee-nationale.bj\/index.php\/wp-json\/wp\/v2\/pages\/4111\/revisions\/4112"}],"up":[{"embeddable":true,"href":"https:\/\/assemblee-nationale.bj\/index.php\/wp-json\/wp\/v2\/pages\/381"}],"wp:attachment":[{"href":"https:\/\/assemblee-nationale.bj\/index.php\/wp-json\/wp\/v2\/media?parent=4111"}],"wp:term":[{"taxonomy":"category","embeddable":true,"href":"https:\/\/assemblee-nationale.bj\/index.php\/wp-json\/wp\/v2\/categories?post=4111"},{"taxonomy":"post_tag","embeddable":true,"href":"https:\/\/assemblee-nationale.bj\/index.php\/wp-json\/wp\/v2\/tags?post=4111"}],"curies":[{"name":"wp","href":"https:\/\/api.w.org\/{rel}","templated":true}]}}