
{"id":4116,"date":"2022-07-25T08:55:09","date_gmt":"2022-07-25T07:55:09","guid":{"rendered":"https:\/\/assemblee-nationale.bj\/?page_id=4116"},"modified":"2023-05-23T13:34:50","modified_gmt":"2023-05-23T12:34:50","slug":"unite-danalyse-de-controle-et-devaluation-du-budget-de-letat","status":"publish","type":"page","link":"https:\/\/assemblee-nationale.bj\/index.php\/presentation\/administration_parlementaire\/secretariat_general\/unite-danalyse-de-controle-et-devaluation-du-budget-de-letat\/","title":{"rendered":"UNit\u00e9 d\u2019Analyse, de Contr\u00f4le et d\u2019\u00c9valuation du Budget de l\u2019Etat"},"content":{"rendered":"<div id=\"pl-4116\"  class=\"panel-layout\" ><div id=\"pg-4116-0\"  class=\"panel-grid panel-no-style\" ><div id=\"pgc-4116-0-0\"  class=\"panel-grid-cell panel-grid-cell-empty\" ><\/div><div id=\"pgc-4116-0-1\"  class=\"panel-grid-cell panel-grid-cell-mobile-last\" ><div id=\"panel-4116-0-1-0\" class=\"so-panel widget widget_text panel-first-child\" data-index=\"0\" ><div class=\"panel-widget-style panel-widget-style-for-4116-0-1-0\" >\t\t\t<div class=\"textwidget\"><p><span class=\"subheading-category\">UNit\u00e9 d\u2019Analyse, de Contr\u00f4le et d\u2019\u00c9valuation du Budget de l\u2019Etat<\/span><\/p>\n<\/div>\n\t\t<\/div><\/div><div id=\"panel-4116-0-1-1\" class=\"so-panel widget widget_text panel-last-child\" data-index=\"1\" >\t\t\t<div class=\"textwidget\"><p>&nbsp;<\/p>\n<p>&nbsp;<\/p>\n<\/div>\n\t\t<\/div><\/div><div id=\"pgc-4116-0-2\"  class=\"panel-grid-cell panel-grid-cell-empty\" ><\/div><\/div><div id=\"pg-4116-1\"  class=\"panel-grid panel-has-style\" ><div class=\"panel-row-style panel-row-style-for-4116-1\" ><div id=\"pgc-4116-1-0\"  class=\"panel-grid-cell panel-grid-cell-empty\" ><\/div><div id=\"pgc-4116-1-1\"  class=\"panel-grid-cell panel-grid-cell-mobile-last\" ><div id=\"panel-4116-1-1-0\" class=\"so-panel widget widget_text panel-first-child panel-last-child\" data-index=\"2\" ><div class=\"panel-widget-style panel-widget-style-for-4116-1-1-0\" >\t\t\t<div class=\"textwidget\"><p><strong>ATTRIBUTION<\/strong><\/p>\n<\/div>\n\t\t<\/div><\/div><\/div><div id=\"pgc-4116-1-2\"  class=\"panel-grid-cell panel-grid-cell-empty\" ><\/div><\/div><\/div><div id=\"pg-4116-2\"  class=\"panel-grid panel-no-style\" ><div id=\"pgc-4116-2-0\"  class=\"panel-grid-cell panel-grid-cell-empty\" ><\/div><div id=\"pgc-4116-2-1\"  class=\"panel-grid-cell\" ><div id=\"panel-4116-2-1-0\" class=\"so-panel widget widget_text panel-first-child\" data-index=\"3\" ><div class=\"panel-widget-style panel-widget-style-for-4116-2-1-0\" >\t\t\t<div class=\"textwidget\"><div align=\"center\" style=\"padding-top:20px\"><img loading=\"lazy\" decoding=\"async\" src=\"https:\/\/assemblee-nationale.bj\/wp-content\/uploads\/2019\/10\/DQ-291x300.png\" alt=\"\" width=\"225\" height=\"300\" class=\"alignnone size-medium wp-image-4100\"\/><\/div>\n<\/div>\n\t\t<\/div><\/div><div id=\"panel-4116-2-1-1\" class=\"so-panel widget widget_text panel-last-child\" data-index=\"4\" ><div class=\"panel-widget-style panel-widget-style-for-4116-2-1-1\" >\t\t\t<div class=\"textwidget\"><div align=\"center\"><strong>QUENUM Simplice Serge<\/strong><strong><br \/>\n<\/strong><\/p>\n<p><em>Directeur de l&rsquo;UNACEB<\/em><\/div>\n<\/div>\n\t\t<\/div><\/div><\/div><div id=\"pgc-4116-2-2\"  class=\"panel-grid-cell\" ><div id=\"panel-4116-2-2-0\" class=\"so-panel widget widget_text panel-first-child panel-last-child\" data-index=\"5\" ><div class=\"panel-widget-style panel-widget-style-for-4116-2-2-0\" >\t\t\t<div class=\"textwidget\"><p>&nbsp;<\/p>\n<p>L\u2019unit\u00e9 d\u2019analyse, de contr\u00f4le et d\u2019\u00e9valuation du budget de l\u2019Etat a pour attributions :<br \/>\n&#8211; d\u2019\u00e9tudier les projets de loi des finances ;<br \/>\n&#8211; de veiller \u00e0 l\u2019\u00e9valuation p\u00e9riodique de l\u2019ex\u00e9cution du budget de l\u2019Etat ;<br \/>\n&#8211; d\u2019analyser des projets de loi de r\u00e8glement ;<br \/>\n&#8211; d\u2019appuyer les missions de contr\u00f4le et de v\u00e9rification diligent\u00e9es par l\u2019Assembl\u00e9e nationale ;<br \/>\n&#8211; d\u2019assurer un appui technique \u00e0 la commission charg\u00e9e des finances lors de l\u2019examen des projets de lois de finances ;<br \/>\n&#8211; d\u2019assurer un appui technique aux d\u00e9put\u00e9s lors de l\u2019\u00e9tude des accords de ratification des cr\u00e9dits et de tout dossier \u00e0 caract\u00e8re \u00e9conomique et financier ;<br \/>\n&#8211; d\u2019assurer un appui technique \u00e0 la commission charg\u00e9e des finances pour le contr\u00f4le financier des entreprises publiques et semi-publiques ;<br \/>\n&#8211; d\u2019\u00e9valuer l\u2019incidence financi\u00e8re d\u00e9coulant de certaines dispositions  des textes de loi soumis au vote du parlement ;<br \/>\n&#8211; de suivre les r\u00e9formes des finances publiques ;<br \/>\n&#8211; de r\u00e9aliser les \u00e9tudes socio\u00e9conomiques et financi\u00e8res ;<br \/>\n&#8211; de publier les documents relatifs \u00e0 la politique budg\u00e9taire de l\u2019Etat ;<br \/>\n&#8211; d\u2019assurer un appui technique aux d\u00e9put\u00e9s lors des audiences publiques ;<br \/>\n&#8211; d\u2019assurer le renforcement des capacit\u00e9s des d\u00e9put\u00e9s, des fonctionnaires parlementaires et de la soci\u00e9t\u00e9 civile en mati\u00e8re d\u2019analyse, de contr\u00f4le et d\u2019\u00e9valuation du budget de l\u2019Etat.<\/p>\n<\/div>\n\t\t<\/div><\/div><\/div><div id=\"pgc-4116-2-3\"  class=\"panel-grid-cell panel-grid-cell-mobile-last\" ><div id=\"panel-4116-2-3-0\" class=\"so-panel widget widget_text panel-first-child\" data-index=\"6\" ><div class=\"panel-widget-style panel-widget-style-for-4116-2-3-0\" >\t\t\t<div class=\"textwidget\"><div align=\"center\" style=\"padding-top:20px\"><img loading=\"lazy\" decoding=\"async\" src=\"https:\/\/assemblee-nationale.bj\/wp-content\/uploads\/2022\/07\/IKOAFE-Carole-225x300.png\" alt=\"\" width=\"225\" height=\"300\" class=\"alignnone size-medium wp-image-4121\" \/><\/div>\n<\/div>\n\t\t<\/div><\/div><div id=\"panel-4116-2-3-1\" class=\"so-panel widget widget_text panel-last-child\" data-index=\"7\" ><div class=\"panel-widget-style panel-widget-style-for-4116-2-3-1\" >\t\t\t<div class=\"textwidget\"><div align=\"center\"><strong>IKOAFE Carole<\/strong><strong><br \/>\n<\/strong><\/p>\n<p><em>Directrice Adjointe de l&rsquo;UNACEB<\/em><\/div>\n<\/div>\n\t\t<\/div><\/div><\/div><div id=\"pgc-4116-2-4\"  class=\"panel-grid-cell panel-grid-cell-empty\" ><\/div><\/div><div id=\"pg-4116-3\"  class=\"panel-grid panel-has-style\" ><div class=\"panel-row-style panel-row-style-for-4116-3\" ><div id=\"pgc-4116-3-0\"  class=\"panel-grid-cell panel-grid-cell-empty\" ><\/div><div id=\"pgc-4116-3-1\"  class=\"panel-grid-cell panel-grid-cell-mobile-last\" ><div id=\"panel-4116-3-1-0\" class=\"so-panel widget widget_text panel-first-child panel-last-child\" data-index=\"8\" ><div class=\"panel-widget-style panel-widget-style-for-4116-3-1-0\" >\t\t\t<div class=\"textwidget\"><p><strong>ORGANISATION<\/strong><\/p>\n<\/div>\n\t\t<\/div><\/div><\/div><div id=\"pgc-4116-3-2\"  class=\"panel-grid-cell panel-grid-cell-empty\" ><\/div><\/div><\/div><div id=\"pg-4116-4\"  class=\"panel-grid panel-no-style\" ><div id=\"pgc-4116-4-0\"  class=\"panel-grid-cell panel-grid-cell-empty\" ><\/div><div id=\"pgc-4116-4-1\"  class=\"panel-grid-cell panel-grid-cell-mobile-last\" ><div id=\"panel-4116-4-1-0\" class=\"so-panel widget widget_text panel-first-child panel-last-child\" data-index=\"9\" ><div class=\"panel-widget-style panel-widget-style-for-4116-4-1-0\" >\t\t\t<div class=\"textwidget\"><p>L\u2019Unit\u00e9 d\u2019analyse, de contr\u00f4le et d\u2019\u00e9valuation du budget de l\u2019Etat est dirig\u00e9e par un Directeur assist\u00e9 d\u2019un adjoint et est dot\u00e9e :<br \/>\n&#8211; de sp\u00e9cialistes ;<br \/>\n&#8211; de personnel d\u2019appui.<br \/>\nLes sp\u00e9cialistes ont les avantages de chefs de service.<\/p>\n<\/div>\n\t\t<\/div><\/div><\/div><div id=\"pgc-4116-4-2\"  class=\"panel-grid-cell panel-grid-cell-empty\" ><\/div><\/div><div id=\"pg-4116-5\"  class=\"panel-grid panel-no-style\" ><div id=\"pgc-4116-5-0\"  class=\"panel-grid-cell panel-grid-cell-empty\" ><\/div><div id=\"pgc-4116-5-1\"  class=\"panel-grid-cell panel-grid-cell-mobile-last\" ><div id=\"panel-4116-5-1-0\" class=\"so-panel widget widget_text panel-first-child\" data-index=\"10\" >\t\t\t<div class=\"textwidget\"><div class=\"wonderpluginslider-container\" id=\"wonderpluginslider-container-7\" style=\"max-width:300px;margin:0 auto;padding-left:0px;padding-right:0px;padding-top:0px;padding-bottom:0px;\"><div class=\"wonderpluginslider\" id=\"wonderpluginslider-7\" data-sliderid=\"7\" data-width=\"300\" data-height=\"400\" data-skin=\"content\" data-playmutedandinlinewhenautoplay=\"false\" data-addextraattributes=\"false\" data-autoplay=\"true\" data-randomplay=\"false\" data-loadimageondemand=\"false\" data-transitiononfirstslide=\"false\" data-autoplayvideo=\"false\" data-isresponsive=\"true\" data-fullwidth=\"false\" data-isfullscreen=\"false\" data-ratioresponsive=\"false\" data-showtext=\"true\" data-showtimer=\"true\" data-showbottomshadow=\"true\" data-navshowpreview=\"false\" data-textautohide=\"true\" data-pauseonmouseover=\"false\" data-lightboxresponsive=\"true\" data-lightboxshownavigation=\"false\" data-lightboxshowtitle=\"true\" data-lightboxshowdescription=\"false\" data-texteffectresponsive=\"true\" data-donotinit=\"false\" data-addinitscript=\"false\" data-lightboxfullscreenmode=\"false\" data-lightboxcloseonoverlay=\"true\" data-lightboxvideohidecontrols=\"false\" data-lightboxnogroup=\"false\" data-shownav=\"true\" data-navthumbresponsive=\"false\" data-navshowfeaturedarrow=\"false\" data-lightboxshowsocial=\"false\" data-lightboxshowfacebook=\"true\" data-lightboxshowtwitter=\"true\" data-lightboxshowpinterest=\"true\" data-lightboxsocialrotateeffect=\"true\" data-showsocial=\"false\" data-showfacebook=\"true\" data-showtwitter=\"true\" data-showpinterest=\"true\" data-socialrotateeffect=\"true\" data-disableinlinecss=\"false\" data-triggerresize=\"false\" data-lightboxautoslide=\"false\" data-lightboxshowtimer=\"true\" data-lightboxshowplaybutton=\"true\" data-lightboxalwaysshownavarrows=\"false\" data-lightboxshowtitleprefix=\"true\" data-titleusealt=\"false\" data-outputtext=\"false\" data-titletag=\"h1\" data-descriptiontag=\"h2\" data-scalemode=\"fill\" data-arrowstyle=\"mouseover\" data-transition=\"fade,crossfade,slide,elastic,slice,blinds,shuffle,threed,threedwithzoom\" data-loop=\"0\" data-border=\"0\" data-slideinterval=\"8000\" data-arrowimage=\"arrows-32-32-4.png\" data-arrowwidth=\"32\" data-arrowheight=\"32\" data-arrowtop=\"50\" data-arrowmargin=\"0\" data-navstyle=\"bullets\" data-navimage=\"bullet-16-16-1.png\" data-navwidth=\"16\" data-navheight=\"16\" data-navspacing=\"8\" data-navmarginx=\"16\" data-navmarginy=\"16\" data-navposition=\"bottom\" data-navthumbnavigationstyle=\"arrow\" data-navthumbnavigationarrowimage=\"carouselarrows-32-32-0.png\" data-navthumbnavigationarrowimagewidth=\"32\" data-navthumbnavigationarrowimageheight=\"32\" data-playvideoimage=\"playvideo-64-64-0.png\" data-playvideoimagewidth=\"64\" data-playvideoimageheight=\"64\" data-lightboxthumbwidth=\"90\" data-lightboxthumbheight=\"60\" data-lightboxthumbtopmargin=\"12\" data-lightboxthumbbottommargin=\"4\" data-lightboxbarheight=\"64\" data-lightboxtitlebottomcss=\"color:#333; font-size:14px; font-family:Armata,sans-serif,Arial; overflow:hidden; text-align:left;\" data-lightboxdescriptionbottomcss=\"color:#333; font-size:12px; font-family:Arial,Helvetica,sans-serif; overflow:hidden; text-align:left; margin:4px 0px 0px; padding: 0px;\" data-textformat=\"Grey box\" data-textpositionstatic=\"bottom\" data-textpositiondynamic=\"bottomleft\" data-paddingleft=\"0\" data-paddingright=\"0\" data-paddingtop=\"0\" data-paddingbottom=\"0\" data-texteffectresponsivesize=\"640\" data-textleftrightpercentforstatic=\"40\" data-fadeduration=\"1000\" data-crossfadeduration=\"1000\" data-fadeoutfadeinduration=\"2000\" data-slideduration=\"1000\" data-cssslideduration=\"1000\" data-elasticduration=\"1000\" data-sliceduration=\"1500\" data-blindsduration=\"1500\" data-blocksduration=\"1500\" data-shuffleduration=\"1500\" data-tilesduration=\"2000\" data-kenburnsduration=\"5000\" data-flipduration=\"1500\" data-flipwithzoomduration=\"2000\" data-threedduration=\"1500\" data-threedhorizontalduration=\"1500\" data-threedwithzoomduration=\"2500\" data-threedhorizontalwithzoomduration=\"2200\" data-threedflipduration=\"1500\" data-threedflipwithzoomduration=\"2000\" data-threedtilesduration=\"2000\" data-threedfallback=\"flip\" data-threedhorizontalfallback=\"flip\" data-threedwithzoomfallback=\"flipwithzoom\" data-threedhorizontalwithzoomfallback=\"flipwithzoom\" data-threedflipfallback=\"flip\" data-threedflipwithzoomfallback=\"flipwithzoom\" data-threedtilesfallback=\"tiles\" data-ratiomediumscreen=\"800\" data-ratiomediumheight=\"1.2\" data-ratiosmallscreen=\"480\" data-ratiosmallheight=\"1.6\" data-socialmode=\"mouseover\" data-socialposition=\"position:absolute;top:8px;right:8px;\" data-socialpositionsmallscreen=\"position:absolute;top:8px;right:8px;\" data-socialdirection=\"horizontal\" data-socialbuttonsize=\"32\" data-socialbuttonfontsize=\"18\" data-navthumbcolumn=\"5\" data-navthumbtitleheight=\"20\" data-navthumbtitlewidth=\"120\" data-navthumbresponsivemode=\"samesize\" data-navthumbstyle=\"imageonly\" data-navthumbmediumsize=\"900\" data-navthumbmediumwidth=\"64\" data-navthumbmediumheight=\"64\" data-navthumbmediumcolumn=\"4\" data-navthumbmediumtitleheight=\"18\" data-navthumbmediumtitlewidth=\"120\" data-navthumbsmallsize=\"600\" data-navthumbsmallwidth=\"48\" data-navthumbsmallheight=\"48\" data-navthumbsmallcolumn=\"3\" data-navthumbsmalltitleheight=\"18\" data-navthumbsmalltitlewidth=\"120\" data-lightboxsocialposition=\"position:absolute;top:100%;right:0;\" data-lightboxsocialpositionsmallscreen=\"position:absolute;top:100%;right:0;left:0;\" data-lightboxsocialdirection=\"horizontal\" data-lightboxsocialbuttonsize=\"32\" data-lightboxsocialbuttonfontsize=\"18\" data-lightboxtitlestyle=\"bottom\" data-lightboximagepercentage=\"75\" data-lightboxdefaultvideovolume=\"1\" data-lightboxoverlaybgcolor=\"#000\" data-lightboxoverlayopacity=\"0.9\" data-lightboxbgcolor=\"#fff\" data-lightboxtitleprefix=\"%NUM \/ %TOTAL\" data-lightboxtitleinsidecss=\"color:#fff; font-size:16px; font-family:Arial,Helvetica,sans-serif; overflow:hidden; text-align:left;\" data-lightboxdescriptioninsidecss=\"color:#fff; font-size:12px; font-family:Arial,Helvetica,sans-serif; overflow:hidden; text-align:left; margin:4px 0px 0px; padding: 0px;\" data-triggerresizedelay=\"100\" data-lightboxslideinterval=\"5000\" data-lightboxtimerposition=\"bottom\" data-lightboxtimercolor=\"#dc572e\" data-lightboxtimeropacity=\"1\" data-lightboxbordersize=\"8\" data-lightboxborderradius=\"0\" data-textcss=\"display:block; padding:8px 16px; text-align:left;\" data-textbgcss=\"display:block; position:absolute; top:0px; left:0px; width:100%; height:100%; background-color:#333; opacity:0.7; filter:alpha(opacity=70);\" data-titlecss=\"display:block; position:relative; font:bold 14px &quot;Lucida Sans Unicode&quot;,&quot;Lucida Grande&quot;,sans-serif,Arial; color:#fff; white-space:nowrap;\" data-descriptioncss=\"display:block; position:relative; font:12px &quot;Lucida Sans Unicode&quot;,&quot;Lucida Grande&quot;,sans-serif,Arial; color:#fff; margin-top:8px;\" data-buttoncss=\"display:block; position:relative; margin-top:8px;\" data-titlecssresponsive=\"font-size:12px;\" data-descriptioncssresponsive=\"display:none !important;\" data-buttoncssresponsive=\"\" data-jsfolder=\"https:\/\/assemblee-nationale.bj\/wp-content\/plugins\/wonderplugin-slider-lite\/engine\/\" style=\"display:none;\" ><ul class=\"amazingslider-slides\"  style=\"display:none;\"><li><img decoding=\"async\" class=\"amazingslider-img-elem amazingsliderimg\" src=\"https:\/\/assemblee-nationale.bj\/wp-content\/uploads\/2022\/08\/M.-DOHATO-Fayoyi-Sp\u00e9cialiste-des-March\u00e9s-Publics.jpeg\" alt=\"M. DOHATO Fayoyi - Sp\u00e9cialiste des March\u00e9s Publics\" title=\"M. DOHATO Fayoyi - Sp\u00e9cialiste des March\u00e9s Publics\" data-description=\"\" \/><\/li><li><img decoding=\"async\" class=\"amazingslider-img-elem amazingsliderimg\" src=\"https:\/\/assemblee-nationale.bj\/wp-content\/uploads\/2022\/08\/ZINSOU-Lopez-Henri-Sp\u00e9cialiste-du-Num\u00e9rique-et-de-la-Digitalisation.jpeg\" alt=\"ZINSOU Lopez Henri - Sp\u00e9cialiste du Num\u00e9rique et de la Digitalisation\" title=\"ZINSOU Lopez Henri - Sp\u00e9cialiste du Num\u00e9rique et de la Digitalisation\" data-description=\"\" \/><\/li><li><img decoding=\"async\" class=\"amazingslider-img-elem amazingsliderimg\" src=\"https:\/\/assemblee-nationale.bj\/wp-content\/uploads\/2022\/08\/HOUDE-Aditi-Maurice-Sp\u00e9cialiste-en-Finances-et-Tr\u00e9sor-Public.jpeg\" alt=\"HOUDE Aditi Maurice - Sp\u00e9cialiste en Finances et Tr\u00e9sor Public\" title=\"HOUDE Aditi Maurice - Sp\u00e9cialiste en Finances et Tr\u00e9sor Public\" data-description=\"\" \/><\/li><li><img decoding=\"async\" class=\"amazingslider-img-elem amazingsliderimg\" src=\"https:\/\/assemblee-nationale.bj\/wp-content\/uploads\/2022\/08\/COMAHOUE-Vid\u00e9c\u00e9-Parfait-Sp\u00e9cialiste-en-Finances-Banque-et-Cont\u00f4le.jpeg\" alt=\"COMAHOUE Vid\u00e9c\u00e9 Parfait - Sp\u00e9cialiste en Finances, Banque et Cont\u00f4le\" title=\"COMAHOUE Vid\u00e9c\u00e9 Parfait - Sp\u00e9cialiste en Finances, Banque et Cont\u00f4le\" data-description=\"\" \/><\/li><li><img decoding=\"async\" class=\"amazingslider-img-elem amazingsliderimg\" src=\"https:\/\/assemblee-nationale.bj\/wp-content\/uploads\/2022\/08\/OROBIYI-Cyprien-Sp\u00e9cialiste-en-\u00c9conomie.jpeg\" alt=\"OROBIYI Cyprien - Sp\u00e9cialiste en \u00c9conomie\" title=\"OROBIYI Cyprien - Sp\u00e9cialiste en \u00c9conomie\" data-description=\"\" \/><\/li><li><img decoding=\"async\" class=\"amazingslider-img-elem amazingsliderimg\" src=\"https:\/\/assemblee-nationale.bj\/wp-content\/uploads\/2022\/08\/AHLONSOU-Serge-Secr\u00e9taire.jpeg\" alt=\"AHLONSOU Serge - Secr\u00e9taire\" title=\"AHLONSOU Serge - Secr\u00e9taire\" data-description=\"\" \/><\/li><li><img decoding=\"async\" class=\"amazingslider-img-elem amazingsliderimg\" src=\"https:\/\/assemblee-nationale.bj\/wp-content\/uploads\/2022\/08\/ASSAH-Geoffroy-Messan-Agent.jpeg\" alt=\"ASSAH Geoffroy Messan - Agent\" title=\"ASSAH Geoffroy Messan - Agent\" data-description=\"\" \/><\/li><\/ul><\/div><\/div><div id=\"amazingslider_customtexteffect_7\" style=\"display:none;\" data-texteffect=\"{&quot;Grey box&quot;:{&quot;textstyle&quot;:&quot;dynamic&quot;,&quot;textpositionstatic&quot;:&quot;bottom&quot;,&quot;textautohide&quot;:true,&quot;textpositionmarginstatic&quot;:0,&quot;textpositiondynamic&quot;:&quot;bottomleft&quot;,&quot;textpositionmarginleft&quot;:24,&quot;textpositionmarginright&quot;:24,&quot;textpositionmargintop&quot;:24,&quot;textpositionmarginbottom&quot;:24,&quot;texteffect&quot;:&quot;slide&quot;,&quot;texteffecteasing&quot;:&quot;easeOutCubic&quot;,&quot;texteffectduration&quot;:600,&quot;texteffectslidedirection&quot;:&quot;left&quot;,&quot;texteffectslidedistance&quot;:30,&quot;texteffectdelay&quot;:500,&quot;texteffectseparate&quot;:false,&quot;texteffect1&quot;:&quot;slide&quot;,&quot;texteffectslidedirection1&quot;:&quot;right&quot;,&quot;texteffectslidedistance1&quot;:120,&quot;texteffecteasing1&quot;:&quot;easeOutCubic&quot;,&quot;texteffectduration1&quot;:600,&quot;texteffectdelay1&quot;:1000,&quot;texteffect2&quot;:&quot;slide&quot;,&quot;texteffectslidedirection2&quot;:&quot;right&quot;,&quot;texteffectslidedistance2&quot;:120,&quot;texteffecteasing2&quot;:&quot;easeOutCubic&quot;,&quot;texteffectduration2&quot;:600,&quot;texteffectdelay2&quot;:1500,&quot;textcss&quot;:&quot;display:block; padding:8px 16px; text-align:left;&quot;,&quot;textbgcss&quot;:&quot;display:block; position:absolute; top:0px; left:0px; width:100%; height:100%; background-color:#333; opacity:0.7; filter:alpha(opacity=70);&quot;,&quot;titlecss&quot;:&quot;display:block; position:relative; font:bold 14px \\&quot;Lucida Sans Unicode\\&quot;,\\&quot;Lucida Grande\\&quot;,sans-serif,Arial; color:#fff; white-space:nowrap;&quot;,&quot;descriptioncss&quot;:&quot;display:block; position:relative; font:12px \\&quot;Lucida Sans Unicode\\&quot;,\\&quot;Lucida Grande\\&quot;,sans-serif,Arial; color:#fff; margin-top:8px;&quot;,&quot;buttoncss&quot;:&quot;display:block; position:relative; margin-top:8px;&quot;,&quot;texteffectresponsive&quot;:true,&quot;texteffectresponsivesize&quot;:640,&quot;titlecssresponsive&quot;:&quot;font-size:12px;&quot;,&quot;descriptioncssresponsive&quot;:&quot;display:none !important;&quot;,&quot;buttoncssresponsive&quot;:&quot;&quot;,&quot;addgooglefonts&quot;:false,&quot;googlefonts&quot;:&quot;&quot;,&quot;textleftrightpercentforstatic&quot;:40}}\"><\/div>\n<\/div>\n\t\t<\/div><div id=\"panel-4116-5-1-1\" class=\"so-panel widget widget_text panel-last-child\" data-index=\"11\" >\t\t\t<div class=\"textwidget\"><p>&nbsp;<\/p>\n<p>&nbsp;<\/p>\n<\/div>\n\t\t<\/div><\/div><div id=\"pgc-4116-5-2\"  class=\"panel-grid-cell panel-grid-cell-empty\" ><\/div><\/div><div id=\"pg-4116-6\"  class=\"panel-grid panel-no-style\" ><div id=\"pgc-4116-6-0\"  class=\"panel-grid-cell panel-grid-cell-empty\" ><\/div><div id=\"pgc-4116-6-1\"  class=\"panel-grid-cell panel-grid-cell-mobile-last\" ><div id=\"panel-4116-6-1-0\" class=\"so-panel widget widget_text panel-first-child panel-last-child\" data-index=\"12\" >\t\t\t<div class=\"textwidget\"><p>&nbsp;<\/p>\n<p>&nbsp;<\/p>\n<\/div>\n\t\t<\/div><\/div><div id=\"pgc-4116-6-2\"  class=\"panel-grid-cell panel-grid-cell-empty\" ><\/div><\/div><\/div>","protected":false},"excerpt":{"rendered":"<p>UNit\u00e9 d\u2019Analyse, de Contr\u00f4le et d\u2019\u00c9valuation du Budget de l\u2019Etat &nbsp; &nbsp; ATTRIBUTION<\/p>\n","protected":false},"author":13,"featured_media":0,"parent":381,"menu_order":0,"comment_status":"closed","ping_status":"closed","template":"","meta":{"footnotes":""},"categories":[],"tags":[],"class_list":["post-4116","page","type-page","status-publish","hentry"],"_links":{"self":[{"href":"https:\/\/assemblee-nationale.bj\/index.php\/wp-json\/wp\/v2\/pages\/4116","targetHints":{"allow":["GET"]}}],"collection":[{"href":"https:\/\/assemblee-nationale.bj\/index.php\/wp-json\/wp\/v2\/pages"}],"about":[{"href":"https:\/\/assemblee-nationale.bj\/index.php\/wp-json\/wp\/v2\/types\/page"}],"author":[{"embeddable":true,"href":"https:\/\/assemblee-nationale.bj\/index.php\/wp-json\/wp\/v2\/users\/13"}],"replies":[{"embeddable":true,"href":"https:\/\/assemblee-nationale.bj\/index.php\/wp-json\/wp\/v2\/comments?post=4116"}],"version-history":[{"count":2,"href":"https:\/\/assemblee-nationale.bj\/index.php\/wp-json\/wp\/v2\/pages\/4116\/revisions"}],"predecessor-version":[{"id":4124,"href":"https:\/\/assemblee-nationale.bj\/index.php\/wp-json\/wp\/v2\/pages\/4116\/revisions\/4124"}],"up":[{"embeddable":true,"href":"https:\/\/assemblee-nationale.bj\/index.php\/wp-json\/wp\/v2\/pages\/381"}],"wp:attachment":[{"href":"https:\/\/assemblee-nationale.bj\/index.php\/wp-json\/wp\/v2\/media?parent=4116"}],"wp:term":[{"taxonomy":"category","embeddable":true,"href":"https:\/\/assemblee-nationale.bj\/index.php\/wp-json\/wp\/v2\/categories?post=4116"},{"taxonomy":"post_tag","embeddable":true,"href":"https:\/\/assemblee-nationale.bj\/index.php\/wp-json\/wp\/v2\/tags?post=4116"}],"curies":[{"name":"wp","href":"https:\/\/api.w.org\/{rel}","templated":true}]}}