
{"id":423,"date":"2017-09-13T14:56:59","date_gmt":"2017-09-13T13:56:59","guid":{"rendered":"https:\/\/assemblee-nationale.bj\/?page_id=423"},"modified":"2022-07-20T11:13:14","modified_gmt":"2022-07-20T10:13:14","slug":"debats_parlementaires","status":"publish","type":"page","link":"https:\/\/assemblee-nationale.bj\/index.php\/activites-parlementaires\/sessions\/debats_parlementaires\/","title":{"rendered":"D\u00e9bats parlementaires"},"content":{"rendered":"<div id=\"pl-423\"  class=\"panel-layout\" ><div id=\"pg-423-0\"  class=\"panel-grid panel-no-style\" ><div id=\"pgc-423-0-0\"  class=\"panel-grid-cell panel-grid-cell-empty\" ><\/div><div id=\"pgc-423-0-1\"  class=\"panel-grid-cell panel-grid-cell-mobile-last\" ><div id=\"panel-423-0-1-0\" class=\"so-panel widget widget_text panel-first-child\" data-index=\"0\" ><div class=\"panel-widget-style panel-widget-style-for-423-0-1-0\" >\t\t\t<div class=\"textwidget\"><p>D\u00e9bats parlementaires<\/p>\n<\/div>\n\t\t<\/div><\/div><div id=\"panel-423-0-1-1\" class=\"so-panel widget widget_text panel-last-child\" data-index=\"1\" >\t\t\t<div class=\"textwidget\"><p>&nbsp;<\/p>\n<p>&nbsp;<\/p>\n<\/div>\n\t\t<\/div><\/div><div id=\"pgc-423-0-2\"  class=\"panel-grid-cell panel-grid-cell-empty\" ><\/div><\/div><div id=\"pg-423-1\"  class=\"panel-grid panel-no-style\" ><div id=\"pgc-423-1-0\"  class=\"panel-grid-cell panel-grid-cell-empty\" ><\/div><div id=\"pgc-423-1-1\"  class=\"panel-grid-cell panel-grid-cell-mobile-last\" ><div id=\"panel-423-1-1-1\" class=\"so-panel widget widget_text panel-last-child\" data-index=\"3\" >\t\t\t<div class=\"textwidget\"><p>Nous vous prions de trouver ci-dessous les comptes rendus int\u00e9graux de toutes les s\u00e9ances pl\u00e9ni\u00e8res de la premi\u00e8re session ordinaire de l&rsquo;ann\u00e9e 2022 couvrant la p\u00e9riode du jeudi 14 avril au mercredi 13 juillet.<\/p>\n<\/div>\n\t\t<\/div><\/div><div id=\"pgc-423-1-2\"  class=\"panel-grid-cell panel-grid-cell-empty\" ><\/div><\/div><div id=\"pg-423-2\"  class=\"panel-grid panel-no-style\" ><div id=\"pgc-423-2-0\"  class=\"panel-grid-cell panel-grid-cell-empty\" ><\/div><div id=\"pgc-423-2-1\"  class=\"panel-grid-cell panel-grid-cell-mobile-last\" ><div id=\"panel-423-2-1-0\" class=\"so-panel widget widget_text panel-first-child\" data-index=\"4\" >\t\t\t<div class=\"textwidget\"><p><em>Veuillez cliquer sur l&rsquo;intitul\u00e9 du d\u00e9bat pour acc\u00e9der au document pdf associ\u00e9<\/em><\/p>\n<\/div>\n\t\t<\/div><div id=\"panel-423-2-1-1\" class=\"so-panel widget widget_text panel-last-child\" data-index=\"5\" >\t\t\t<div class=\"textwidget\">\n<table id=\"tablepress-62\" class=\"tablepress tablepress-id-62\">\n<thead>\n<tr class=\"row-1 odd\">\n\t<th class=\"column-1\">N\u00b0<\/th><th class=\"column-2\">R\u00e9f\u00e9rences<\/th><th class=\"column-3\">Intitul\u00e9<\/th><th class=\"column-4\">Date des s\u00e9ances<\/th><th class=\"column-5\">Observations<\/th>\n<\/tr>\n<\/thead>\n<tbody class=\"row-hover\">\n<tr class=\"row-2 even\">\n\t<td class=\"column-1\">01<\/td><td class=\"column-2\"><a target=\"_blank\" href=\"https:\/\/assemblee-nationale.bj\/wp-content\/uploads\/2022\/12\/3-CRI-S\u00e9ance-du-11-octobre-2022.pdf\">S\u00e9ance du 11 octobre 2022<\/a><\/td><td class=\"column-3\"><a target=\"_blank\" href=\"https:\/\/assemblee-nationale.bj\/wp-content\/uploads\/2022\/12\/3-CRI-S\u00e9ance-du-11-octobre-2022.pdf\">4\u00e8me Session extraordinaire de l'ann\u00e9e 2022<\/a><\/td><td class=\"column-4\">Du - Au -<\/td><td class=\"column-5\"><\/td>\n<\/tr>\n<tr class=\"row-3 odd\">\n\t<td class=\"column-1\">01<\/td><td class=\"column-2\"><a target=\"_blank\" href=\"https:\/\/assemblee-nationale.bj\/wp-content\/uploads\/2022\/12\/2-CRI-S\u00e9ance-du-4-octobre-2022.pdf\">S\u00e9ance du 04 octobre 2022<\/a><\/td><td class=\"column-3\"><a target=\"_blank\" href=\"https:\/\/assemblee-nationale.bj\/wp-content\/uploads\/2022\/12\/2-CRI-S\u00e9ance-du-4-octobre-2022.pdf\">4\u00e8me Session extraordinaire de l'ann\u00e9e 2022<\/a><\/td><td class=\"column-4\">Du - Au -<\/td><td class=\"column-5\"><\/td>\n<\/tr>\n<tr class=\"row-4 even\">\n\t<td class=\"column-1\">01<\/td><td class=\"column-2\"><a target=\"_blank\" href=\"https:\/\/assemblee-nationale.bj\/wp-content\/uploads\/2022\/12\/1-CRI-S\u00e9ance-du-4-octobre-2022.pdf\">S\u00e9ance du 04 octobre 2022<\/a><\/td><td class=\"column-3\"><a target=\"_blank\" href=\"https:\/\/assemblee-nationale.bj\/wp-content\/uploads\/2022\/12\/1-CRI-S\u00e9ance-du-4-octobre-2022.pdf\">3\u00e8me Session extraordinaire de l'ann\u00e9e 2022<\/a><\/td><td class=\"column-4\">Du - Au -<\/td><td class=\"column-5\"><\/td>\n<\/tr>\n<tr class=\"row-5 odd\">\n\t<td class=\"column-1\">01<\/td><td class=\"column-2\"><a target=\"_blank\" href=\"https:\/\/assemblee-nationale.bj\/wp-content\/uploads\/2022\/07\/2-CRI-S\u00e9ance-du-13-juillet-2022.pdf\">S\u00e9ance du 13 juillet 2022<\/a><\/td><td class=\"column-3\"><a target=\"_blank\" href=\"https:\/\/assemblee-nationale.bj\/wp-content\/uploads\/2022\/07\/2-CRI-S\u00e9ance-du-13-juillet-2022.pdf\">1\u00e8re session ordinaire du jeudi 14 avril au mercredi 13 juillet 2022<\/a><\/td><td class=\"column-4\">Du 14\/04\/2022 Au 13\/07\/2022<\/td><td class=\"column-5\"><\/td>\n<\/tr>\n<tr class=\"row-6 even\">\n\t<td class=\"column-1\">02<\/td><td class=\"column-2\"><a target=\"_blank\" href=\"https:\/\/assemblee-nationale.bj\/wp-content\/uploads\/2022\/07\/1-CRI-S\u00e9ance-du-7-juillet-2022.pdf\">S\u00e9ance du 07 juillet 2022<\/a><\/td><td class=\"column-3\"><a target=\"_blank\" href=\"https:\/\/assemblee-nationale.bj\/wp-content\/uploads\/2022\/07\/1-CRI-S\u00e9ance-du-7-juillet-2022.pdf\">1\u00e8re session ordinaire du jeudi 14 avril au mercredi 13 juillet 2022<\/a><\/td><td class=\"column-4\">Du 14\/04\/2022 Au 13\/07\/2022<\/td><td class=\"column-5\"><\/td>\n<\/tr>\n<tr class=\"row-7 odd\">\n\t<td class=\"column-1\">03<\/td><td class=\"column-2\"><a target=\"_blank\" href=\"https:\/\/assemblee-nationale.bj\/wp-content\/uploads\/2022\/07\/7-CRI-S\u00e9ance-du-27-juin-2022.pdf\">S\u00e9ance du 27 juin 2022<\/a><\/td><td class=\"column-3\"><a target=\"_blank\" href=\"https:\/\/assemblee-nationale.bj\/wp-content\/uploads\/2022\/07\/7-CRI-S\u00e9ance-du-27-juin-2022.pdf\">1\u00e8re session ordinaire du jeudi 14 avril au mercredi 13 juillet 2022<\/a><\/td><td class=\"column-4\">Du 14\/04\/2022 Au 13\/07\/2022<\/td><td class=\"column-5\"><\/td>\n<\/tr>\n<tr class=\"row-8 even\">\n\t<td class=\"column-1\">04<\/td><td class=\"column-2\"><a target=\"_blank\" href=\"https:\/\/assemblee-nationale.bj\/wp-content\/uploads\/2022\/07\/5-CRI-S\u00e9ance-du-21-juin-2022.pdf\">S\u00e9ance du 21 juin 2022<\/a><\/td><td class=\"column-3\"><a target=\"_blank\" href=\"https:\/\/assemblee-nationale.bj\/wp-content\/uploads\/2022\/07\/5-CRI-S\u00e9ance-du-21-juin-2022.pdf\">1\u00e8re session ordinaire du jeudi 14 avril au mercredi 13 juillet 2022<\/a><\/td><td class=\"column-4\">Du 14\/04\/2022 Au 13\/07\/2022<\/td><td class=\"column-5\"><\/td>\n<\/tr>\n<tr class=\"row-9 odd\">\n\t<td class=\"column-1\">05<\/td><td class=\"column-2\"><a target=\"_blank\" href=\"https:\/\/assemblee-nationale.bj\/wp-content\/uploads\/2022\/07\/4-CRI-S\u00e9ance-du-16-juin-2022.pdf\">S\u00e9ance du 16 juin 2022<\/a><\/td><td class=\"column-3\"><a target=\"_blank\" href=\"https:\/\/assemblee-nationale.bj\/wp-content\/uploads\/2022\/07\/4-CRI-S\u00e9ance-du-16-juin-2022.pdf\">1\u00e8re session ordinaire du jeudi 14 avril au mercredi 13 juillet 2022<\/a><\/td><td class=\"column-4\">Du 14\/04\/2022 Au 13\/07\/2022<\/td><td class=\"column-5\"><\/td>\n<\/tr>\n<tr class=\"row-10 even\">\n\t<td class=\"column-1\">06<\/td><td class=\"column-2\"><a target=\"_blank\" href=\"https:\/\/assemblee-nationale.bj\/wp-content\/uploads\/2022\/07\/3-CRI-S\u00e9ance-du-14-juin-2022.pdf\">S\u00e9ance du 14 juin 2022<\/a><\/td><td class=\"column-3\"><a target=\"_blank\" href=\"https:\/\/assemblee-nationale.bj\/wp-content\/uploads\/2022\/07\/3-CRI-S\u00e9ance-du-14-juin-2022.pdf\">1\u00e8re session ordinaire du jeudi 14 avril au mercredi 13 juillet 2022<\/a><\/td><td class=\"column-4\">Du 14\/04\/2022 Au 13\/07\/2022<\/td><td class=\"column-5\"><\/td>\n<\/tr>\n<tr class=\"row-11 odd\">\n\t<td class=\"column-1\">07<\/td><td class=\"column-2\"><a target=\"_blank\" href=\"https:\/\/assemblee-nationale.bj\/wp-content\/uploads\/2022\/07\/2-CRI-S\u00e9ance-du-07-juin-2022.pdf\">S\u00e9ance du 07 juin 2022<\/a><\/td><td class=\"column-3\"><a target=\"_blank\" href=\"https:\/\/assemblee-nationale.bj\/wp-content\/uploads\/2022\/07\/2-CRI-S\u00e9ance-du-07-juin-2022.pdf\">1\u00e8re session ordinaire du jeudi 14 avril au mercredi 13 juillet 2022<\/a><\/td><td class=\"column-4\">Du 14\/04\/2022 Au 13\/07\/2022<\/td><td class=\"column-5\"><\/td>\n<\/tr>\n<tr class=\"row-12 even\">\n\t<td class=\"column-1\">08<\/td><td class=\"column-2\"><a target=\"_blank\" href=\"https:\/\/assemblee-nationale.bj\/wp-content\/uploads\/2022\/07\/1-CRI-S\u00e9ance-du-02-juin-2022.pdf\">S\u00e9ance du 02 juin 2022<\/a><\/td><td class=\"column-3\"><a target=\"_blank\" href=\"https:\/\/assemblee-nationale.bj\/wp-content\/uploads\/2022\/07\/1-CRI-S\u00e9ance-du-02-juin-2022.pdf\">1\u00e8re session ordinaire du jeudi 14 avril au mercredi 13 juillet 2022<\/a><\/td><td class=\"column-4\">Du 14\/04\/2022 Au 13\/07\/2022<\/td><td class=\"column-5\"><\/td>\n<\/tr>\n<tr class=\"row-13 odd\">\n\t<td class=\"column-1\">09<\/td><td class=\"column-2\"><a target=\"_blank\" href=\"https:\/\/assemblee-nationale.bj\/wp-content\/uploads\/2022\/07\/2-CRI-S\u00e9ance-du-31-mai-2022.pdf\">S\u00e9ance du 31 mai 2022<\/a><\/td><td class=\"column-3\"><a target=\"_blank\" href=\"https:\/\/assemblee-nationale.bj\/wp-content\/uploads\/2022\/07\/2-CRI-S\u00e9ance-du-31-mai-2022.pdf\">1\u00e8re session ordinaire du jeudi 14 avril au mercredi 13 juillet 2022<\/a><\/td><td class=\"column-4\">Du 14\/04\/2022 Au 13\/07\/2022<\/td><td class=\"column-5\"><\/td>\n<\/tr>\n<tr class=\"row-14 even\">\n\t<td class=\"column-1\">10<\/td><td class=\"column-2\"><a target=\"_blank\" href=\"https:\/\/assemblee-nationale.bj\/wp-content\/uploads\/2022\/07\/1-CRI-S\u00e9ance-du-5-mai-2022.pdf\">S\u00e9ance du 05 mai 2022<\/a><\/td><td class=\"column-3\"><a target=\"_blank\" href=\"https:\/\/assemblee-nationale.bj\/wp-content\/uploads\/2022\/07\/1-CRI-S\u00e9ance-du-5-mai-2022.pdf\">1\u00e8re session ordinaire du jeudi 14 avril au mercredi 13 juillet 2022<\/a><\/td><td class=\"column-4\">Du 14\/04\/2022 Au 13\/07\/2022<\/td><td class=\"column-5\"><\/td>\n<\/tr>\n<tr class=\"row-15 odd\">\n\t<td class=\"column-1\">11<\/td><td class=\"column-2\"><a target=\"_blank\" href=\"https:\/\/assemblee-nationale.bj\/wp-content\/uploads\/2022\/07\/3-CRI-S\u00e9ance-du-28-avril-2022.pdf\">S\u00e9ance du 28 avril 2022<\/a><\/td><td class=\"column-3\"><a target=\"_blank\" href=\"https:\/\/assemblee-nationale.bj\/wp-content\/uploads\/2022\/07\/3-CRI-S\u00e9ance-du-28-avril-2022.pdf\">1\u00e8re session ordinaire du jeudi 14 avril au mercredi 13 juillet 2022<\/a><\/td><td class=\"column-4\">Du 14\/04\/2022 Au 13\/07\/2022<\/td><td class=\"column-5\"><\/td>\n<\/tr>\n<tr class=\"row-16 even\">\n\t<td class=\"column-1\">12<\/td><td class=\"column-2\"><a target=\"_blank\" href=\"https:\/\/assemblee-nationale.bj\/wp-content\/uploads\/2022\/07\/2-CRI-S\u00e9ance-du-21-avril-2022.pdf\">S\u00e9ance du 21 avril 2022<\/a><\/td><td class=\"column-3\"><a target=\"_blank\" href=\"https:\/\/assemblee-nationale.bj\/wp-content\/uploads\/2022\/07\/2-CRI-S\u00e9ance-du-21-avril-2022.pdf\">1\u00e8re session ordinaire du jeudi 14 avril au mercredi 13 juillet 2022<\/a><\/td><td class=\"column-4\">Du 14\/04\/2022 Au 13\/07\/2022<\/td><td class=\"column-5\"><\/td>\n<\/tr>\n<tr class=\"row-17 odd\">\n\t<td class=\"column-1\">13<\/td><td class=\"column-2\"><a target=\"_blank\" href=\"https:\/\/assemblee-nationale.bj\/wp-content\/uploads\/2022\/07\/1-CRI-S\u00e9ance-du-14-avril-2022.pdf\">S\u00e9ance du 14 avril 2022<\/a><\/td><td class=\"column-3\"><a target=\"_blank\" href=\"https:\/\/assemblee-nationale.bj\/wp-content\/uploads\/2022\/07\/1-CRI-S\u00e9ance-du-14-avril-2022.pdf\">1\u00e8re session ordinaire du jeudi 14 avril au mercredi 13 juillet 2022<\/a><\/td><td class=\"column-4\">Du 14\/04\/2022 Au 13\/07\/2022<\/td><td class=\"column-5\"><\/td>\n<\/tr>\n<\/tbody>\n<\/table>\n<!-- #tablepress-62 from cache -->\n<\/div>\n\t\t<\/div><\/div><div id=\"pgc-423-2-2\"  class=\"panel-grid-cell panel-grid-cell-empty\" ><\/div><\/div><div id=\"pg-423-3\"  class=\"panel-grid panel-no-style\" ><div id=\"pgc-423-3-0\"  class=\"panel-grid-cell panel-grid-cell-empty\" ><\/div><div id=\"pgc-423-3-1\"  class=\"panel-grid-cell panel-grid-cell-mobile-last\" ><div id=\"panel-423-3-1-0\" class=\"so-panel widget widget_text panel-first-child panel-last-child\" data-index=\"6\" >\t\t\t<div class=\"textwidget\"><p>&nbsp;<\/p>\n<p>&nbsp;<\/p>\n<\/div>\n\t\t<\/div><\/div><div id=\"pgc-423-3-2\"  class=\"panel-grid-cell panel-grid-cell-empty\" ><\/div><\/div><\/div>","protected":false},"excerpt":{"rendered":"<p>D\u00e9bats parlementaires &nbsp; &nbsp; Nous vous prions de trouver ci-dessous les comptes rendus int\u00e9graux de toutes les s\u00e9ances pl\u00e9ni\u00e8res de la premi\u00e8re session ordinaire de l&rsquo;ann\u00e9e 2022 couvrant la p\u00e9riode du jeudi 14 avril au mercredi 13 juillet.<\/p>\n","protected":false},"author":10,"featured_media":0,"parent":1389,"menu_order":0,"comment_status":"closed","ping_status":"closed","template":"","meta":{"footnotes":""},"categories":[1],"tags":[],"class_list":["post-423","page","type-page","status-publish","hentry","category-uncategorized"],"_links":{"self":[{"href":"https:\/\/assemblee-nationale.bj\/index.php\/wp-json\/wp\/v2\/pages\/423","targetHints":{"allow":["GET"]}}],"collection":[{"href":"https:\/\/assemblee-nationale.bj\/index.php\/wp-json\/wp\/v2\/pages"}],"about":[{"href":"https:\/\/assemblee-nationale.bj\/index.php\/wp-json\/wp\/v2\/types\/page"}],"author":[{"embeddable":true,"href":"https:\/\/assemblee-nationale.bj\/index.php\/wp-json\/wp\/v2\/users\/10"}],"replies":[{"embeddable":true,"href":"https:\/\/assemblee-nationale.bj\/index.php\/wp-json\/wp\/v2\/comments?post=423"}],"version-history":[{"count":2,"href":"https:\/\/assemblee-nationale.bj\/index.php\/wp-json\/wp\/v2\/pages\/423\/revisions"}],"predecessor-version":[{"id":1456,"href":"https:\/\/assemblee-nationale.bj\/index.php\/wp-json\/wp\/v2\/pages\/423\/revisions\/1456"}],"up":[{"embeddable":true,"href":"https:\/\/assemblee-nationale.bj\/index.php\/wp-json\/wp\/v2\/pages\/1389"}],"wp:attachment":[{"href":"https:\/\/assemblee-nationale.bj\/index.php\/wp-json\/wp\/v2\/media?parent=423"}],"wp:term":[{"taxonomy":"category","embeddable":true,"href":"https:\/\/assemblee-nationale.bj\/index.php\/wp-json\/wp\/v2\/categories?post=423"},{"taxonomy":"post_tag","embeddable":true,"href":"https:\/\/assemblee-nationale.bj\/index.php\/wp-json\/wp\/v2\/tags?post=423"}],"curies":[{"name":"wp","href":"https:\/\/api.w.org\/{rel}","templated":true}]}}