
{"id":429,"date":"2026-02-15T16:30:16","date_gmt":"2026-02-15T15:30:16","guid":{"rendered":"https:\/\/assemblee-nationale.bj\/?page_id=429"},"modified":"2026-02-15T16:40:38","modified_gmt":"2026-02-15T15:40:38","slug":"mot-du-president","status":"publish","type":"page","link":"https:\/\/assemblee-nationale.bj\/index.php\/president-2\/le-president\/mot-du-president\/","title":{"rendered":"Mot du pr\u00e9sident"},"content":{"rendered":"<div id=\"pl-429\"  class=\"panel-layout\" ><div id=\"pg-429-0\"  class=\"panel-grid panel-no-style\" ><div id=\"pgc-429-0-0\"  class=\"panel-grid-cell panel-grid-cell-empty\" ><\/div><div id=\"pgc-429-0-1\"  class=\"panel-grid-cell panel-grid-cell-mobile-last\" ><div id=\"panel-429-0-1-0\" class=\"so-panel widget widget_text panel-first-child\" data-index=\"0\" ><div class=\"panel-widget-style panel-widget-style-for-429-0-1-0\" >\t\t\t<div class=\"textwidget\"><p>Mot du pr\u00e9sident<\/p>\n<\/div>\n\t\t<\/div><\/div><div id=\"panel-429-0-1-1\" class=\"so-panel widget widget_text panel-last-child\" data-index=\"1\" >\t\t\t<div class=\"textwidget\"><p>&nbsp;<\/p>\n<p>&nbsp;<\/p>\n<\/div>\n\t\t<\/div><\/div><div id=\"pgc-429-0-2\"  class=\"panel-grid-cell panel-grid-cell-empty\" ><\/div><\/div><div id=\"pg-429-1\"  class=\"panel-grid panel-no-style\" ><div id=\"pgc-429-1-0\"  class=\"panel-grid-cell panel-grid-cell-empty\" ><\/div><div id=\"pgc-429-1-1\"  class=\"panel-grid-cell\" ><div id=\"panel-429-1-1-0\" class=\"so-panel widget widget_media_image panel-first-child panel-last-child\" data-index=\"2\" ><div class=\"panel-widget-style panel-widget-style-for-429-1-1-0\" ><div style=\"width: 623px\" class=\"wp-caption alignnone\"><img loading=\"lazy\" decoding=\"async\" width=\"613\" height=\"1024\" src=\"https:\/\/assemblee-nationale.bj\/wp-content\/uploads\/PAN-DJOGBENOU-Joseph-Fifamin-613x1024.png\" class=\"image wp-image-15678  attachment-large size-large\" alt=\"\" style=\"max-width: 100%; height: auto;\" srcset=\"https:\/\/assemblee-nationale.bj\/wp-content\/uploads\/PAN-DJOGBENOU-Joseph-Fifamin-613x1024.png 613w, https:\/\/assemblee-nationale.bj\/wp-content\/uploads\/PAN-DJOGBENOU-Joseph-Fifamin-180x300.png 180w, https:\/\/assemblee-nationale.bj\/wp-content\/uploads\/PAN-DJOGBENOU-Joseph-Fifamin-768x1283.png 768w, https:\/\/assemblee-nationale.bj\/wp-content\/uploads\/PAN-DJOGBENOU-Joseph-Fifamin.png 1170w\" sizes=\"auto, (max-width: 613px) 100vw, 613px\" \/><p class=\"wp-caption-text\">Joseph Fifamin DJOGBENOU, Pr\u00e9sident de l'Assembl\u00e9e nationale du B\u00e9nin<\/p><\/div><\/div><\/div><\/div><div id=\"pgc-429-1-2\"  class=\"panel-grid-cell panel-grid-cell-mobile-last\" ><div id=\"panel-429-1-2-0\" class=\"so-panel widget widget_text panel-first-child panel-last-child\" data-index=\"3\" ><div class=\"panel-widget-style panel-widget-style-for-429-1-2-0\" >\t\t\t<div class=\"textwidget\"><p><strong>Discours du pr\u00e9sident Joseph Fifamin DJOGBENOU apr\u00e8s son installation<\/strong><\/p>\n<p>Monsieur le Ministre en charge de la Justice et de la L\u00e9gislation,<\/p>\n<p>Mesdames, Messieurs les membres du gouvernement,<\/p>\n<p>Mesdames, Messieurs les d\u00e9put\u00e9s, mes chers coll\u00e8gues,<\/p>\n<p>Les premiers mots, en ces circonstances, sont des mots de gratitude. D&rsquo;abord, en votre nom, \u00e0 l&rsquo;endroit de ce peuple, de cette nation qui, dans sa diversit\u00e9, a fait \u00e0 chacune et \u00e0 chacun de nous confiance, nous a transmis sa confiance pour la repr\u00e9senter. Je voudrais, en votre nom, \u00e0 nous tous, lui adresser notre reconnaissance et nos gratitudes.<br \/>\nCette confiance sera honor\u00e9e.<\/p>\n<p>Ensuite, au nom des membres du Bureau, \u00e0 votre endroit, mes chers coll\u00e8gues, pour nous honorer de votre confiance \u00e0 l&rsquo;effet de vous repr\u00e9senter et d&rsquo;incarner, en votre nom, la repr\u00e9sentation nationale, je voudrais vous remercier pour cet acte majeur que vous accomplissez ce jour. Je voudrais aussi, et toujours en votre nom, remercier le doyen d&rsquo;\u00e2ge et les membres du Bureau d&rsquo;\u00e2ge.<\/p>\n<p>Monsieur le doyen d&rsquo;\u00e2ge, chers coll\u00e8gues, vous \u00eates d&rsquo;une jeunesse prodigieuse et inspirante, et nous vous remercions, nous tous, d&rsquo;avoir conduit l&rsquo;installation des membres de l&rsquo;Assembl\u00e9e nationale, dixi\u00e8me l\u00e9gislature, et l&rsquo;\u00e9lection des membres du Bureau.<\/p>\n<p>Mesdames et Messieurs, chers coll\u00e8gues, la dixi\u00e8me l\u00e9gislature s&rsquo;installe dans un contexte que chacun conna\u00eet, au plan national, au plan r\u00e9gional, au plan international. De tous c\u00f4t\u00e9s, \u00e0 tous points de vue, c&rsquo;est un contexte de grande concurrence internationale o\u00f9 il faut chercher le n\u00e9cessaire pour honorer et assurer l&rsquo;\u00e9panouissement de chacune et de chacun de nos concitoyens.<\/p>\n<p>Nous sommes honor\u00e9s de contribuer \u00e0 cet exercice dans la mise en \u0153uvre du pouvoir l\u00e9gislatif. Le contexte national est celui de l&rsquo;actualisation, de la concr\u00e9tisation des grandes r\u00e9formes que le pr\u00e9sident Patrice Talon a inspir\u00e9es et conduites. Je voudrais, en ces lieux et de cette tribune, lui adresser notre sinc\u00e8re reconnaissance et nos gratitudes pour son courage, sa pugnacit\u00e9, sa rigueur, pour faire en sorte que le B\u00e9nin compte. Nous entamons, dans le cadre de ces r\u00e9formes, le premier des septennats.<\/p>\n<p>Bient\u00f4t, il y aura l&rsquo;\u00e9lection du pr\u00e9sident de la R\u00e9publique.<br \/>\nJe veux vous dire, \u00e0 chacune et \u00e0 chacun, que d\u00e9marre aujourd&rsquo;hui la premi\u00e8re marche vers l&rsquo;\u00e9lection du candidat que, de tous les bords ici, nous avons choisi pour l&rsquo;\u00e9lection du pr\u00e9sident de la R\u00e9publique. <\/p>\n<p>Je voudrais surtout et enfin remercier le pr\u00e9sident Aboulaye Bio Tchan\u00e9 et l&rsquo;ensemble des dirigeants du Bloc r\u00e9publicain.<br \/>\nRemercier l&rsquo;ensemble des dirigeants de l&rsquo;Union progressiste le Renouveau.<br \/>\nRemercier les militantes et les militants de chacun des partis.<br \/>\nRemercier chaque citoyenne et chaque citoyen, encore une fois, de l&rsquo;honneur qu&rsquo;ils nous ont fait pour faire en sorte que nous soyons ici pr\u00e9sents et contribuer, avec l&rsquo;ex\u00e9cutif, \u00e0 la repr\u00e9sentation du B\u00e9nin et \u00e0 la d\u00e9fense de notre nation.<\/p>\n<p>Mesdames et Messieurs, mes chers coll\u00e8gues, nous entamons cette dixi\u00e8me l\u00e9gislature avec une pens\u00e9e profonde. D&rsquo;abord pour chaque citoyenne et chaque citoyen qui sont sur les diff\u00e9rents th\u00e9\u00e2tres pour assurer la protection de notre pays. Dans les centres de sant\u00e9, sur les th\u00e9\u00e2tres de combat, pour assurer le bien, pour assurer le pain, pour assurer le vin, pour chacune et chacun de nos compatriotes.<\/p>\n<p>Nous entamons cette dixi\u00e8me l\u00e9gislature, enfin, avec une pens\u00e9e profonde pour les B\u00e9ninoises et les B\u00e9ninois qui sont dans la peine. Nous allons agir de sorte \u00e0 diminuer cette peine, quelle que soit la source, quelle que soit la cause. Nous entamons cette dixi\u00e8me l\u00e9gislature sous la protection de Dieu, sous la protection des m\u00e2nes de nos anc\u00eatres. Que Dieu prot\u00e8ge le B\u00e9nin.<\/p>\n<p>Je vous remercie.<\/p>\n<\/div>\n\t\t<\/div><\/div><\/div><div id=\"pgc-429-1-3\"  class=\"panel-grid-cell panel-grid-cell-empty\" ><\/div><\/div><div id=\"pg-429-2\"  class=\"panel-grid panel-no-style\" ><div id=\"pgc-429-2-0\"  class=\"panel-grid-cell panel-grid-cell-empty\" ><\/div><div id=\"pgc-429-2-1\"  class=\"panel-grid-cell panel-grid-cell-mobile-last\" ><div id=\"panel-429-2-1-0\" class=\"so-panel widget widget_text panel-first-child panel-last-child\" data-index=\"4\" >\t\t\t<div class=\"textwidget\"><p>&nbsp;<\/p>\n<p>&nbsp;<\/p>\n<\/div>\n\t\t<\/div><\/div><div id=\"pgc-429-2-2\"  class=\"panel-grid-cell panel-grid-cell-empty\" ><\/div><\/div><\/div>","protected":false},"excerpt":{"rendered":"<p>Mot du pr\u00e9sident &nbsp; &nbsp; Discours du pr\u00e9sident Joseph Fifamin DJOGBENOU apr\u00e8s son installation Monsieur le Ministre en charge de la Justice et de la L\u00e9gislation, Mesdames, Messieurs les membres du gouvernement, Mesdames, Messieurs les d\u00e9put\u00e9s, mes chers coll\u00e8gues, Les premiers mots, en ces circonstances, sont des mots de gratitude. D&rsquo;abord, en votre nom, \u00e0 [&hellip;]<\/p>\n","protected":false},"author":10,"featured_media":0,"parent":1414,"menu_order":0,"comment_status":"closed","ping_status":"closed","template":"","meta":{"footnotes":""},"categories":[1],"tags":[],"class_list":["post-429","page","type-page","status-publish","hentry","category-uncategorized"],"_links":{"self":[{"href":"https:\/\/assemblee-nationale.bj\/index.php\/wp-json\/wp\/v2\/pages\/429","targetHints":{"allow":["GET"]}}],"collection":[{"href":"https:\/\/assemblee-nationale.bj\/index.php\/wp-json\/wp\/v2\/pages"}],"about":[{"href":"https:\/\/assemblee-nationale.bj\/index.php\/wp-json\/wp\/v2\/types\/page"}],"author":[{"embeddable":true,"href":"https:\/\/assemblee-nationale.bj\/index.php\/wp-json\/wp\/v2\/users\/10"}],"replies":[{"embeddable":true,"href":"https:\/\/assemblee-nationale.bj\/index.php\/wp-json\/wp\/v2\/comments?post=429"}],"version-history":[{"count":4,"href":"https:\/\/assemblee-nationale.bj\/index.php\/wp-json\/wp\/v2\/pages\/429\/revisions"}],"predecessor-version":[{"id":15679,"href":"https:\/\/assemblee-nationale.bj\/index.php\/wp-json\/wp\/v2\/pages\/429\/revisions\/15679"}],"up":[{"embeddable":true,"href":"https:\/\/assemblee-nationale.bj\/index.php\/wp-json\/wp\/v2\/pages\/1414"}],"wp:attachment":[{"href":"https:\/\/assemblee-nationale.bj\/index.php\/wp-json\/wp\/v2\/media?parent=429"}],"wp:term":[{"taxonomy":"category","embeddable":true,"href":"https:\/\/assemblee-nationale.bj\/index.php\/wp-json\/wp\/v2\/categories?post=429"},{"taxonomy":"post_tag","embeddable":true,"href":"https:\/\/assemblee-nationale.bj\/index.php\/wp-json\/wp\/v2\/tags?post=429"}],"curies":[{"name":"wp","href":"https:\/\/api.w.org\/{rel}","templated":true}]}}