
{"id":438,"date":"2017-09-13T17:21:10","date_gmt":"2017-09-13T16:21:10","guid":{"rendered":"https:\/\/assemblee-nationale.bj\/?page_id=438"},"modified":"2018-02-12T11:39:14","modified_gmt":"2018-02-12T10:39:14","slug":"controle_gouvernementale","status":"publish","type":"page","link":"https:\/\/assemblee-nationale.bj\/index.php\/activites-parlementaires\/controles_parlementaires\/controle_gouvernementale\/","title":{"rendered":"Contr\u00f4le de l&rsquo;action gouvernementale"},"content":{"rendered":"<div id=\"pl-438\"  class=\"panel-layout\" ><div id=\"pg-438-0\"  class=\"panel-grid panel-no-style\" ><div id=\"pgc-438-0-0\"  class=\"panel-grid-cell panel-grid-cell-empty\" ><\/div><div id=\"pgc-438-0-1\"  class=\"panel-grid-cell panel-grid-cell-mobile-last\" ><div id=\"panel-438-0-1-0\" class=\"so-panel widget widget_text panel-first-child\" data-index=\"0\" ><div class=\"panel-widget-style panel-widget-style-for-438-0-1-0\" >\t\t\t<div class=\"textwidget\"><p>Contr\u00f4le de l\u2019action gouvernementale<\/p>\n<\/div>\n\t\t<\/div><\/div><div id=\"panel-438-0-1-1\" class=\"so-panel widget widget_text panel-last-child\" data-index=\"1\" >\t\t\t<div class=\"textwidget\"><p>&nbsp;<\/p>\n<p>&nbsp;<\/p>\n<\/div>\n\t\t<\/div><\/div><div id=\"pgc-438-0-2\"  class=\"panel-grid-cell panel-grid-cell-empty\" ><\/div><\/div><div id=\"pg-438-1\"  class=\"panel-grid panel-no-style\" ><div id=\"pgc-438-1-0\"  class=\"panel-grid-cell panel-grid-cell-empty\" ><\/div><div id=\"pgc-438-1-1\"  class=\"panel-grid-cell panel-grid-cell-mobile-last\" ><div id=\"panel-438-1-1-0\" class=\"so-panel widget widget_text panel-first-child panel-last-child\" data-index=\"2\" >\t\t\t<div class=\"textwidget\"><p>Les moyens dont disposent les d\u00e9put\u00e9s pour contr\u00f4ler l&rsquo;action du Gouvernement sont les suivants :<\/p>\n<p>&#8211; <span>Questions orales<\/span>;<br \/>\n&#8211; <span>Questions \u00e9crites<\/span>;<br \/>\n&#8211; <span>Questions d&rsquo;actualit\u00e9<\/span>;<br \/>\n&#8211; <span>Interpellation<\/span>;<br \/>\n&#8211; <span>Commissions parlementaires d&rsquo;information, d&rsquo;enqu\u00eate et de contr\u00f4le<\/span>.<\/p>\n<p>Chacun de ces m\u00e9canismes s&rsquo;utilise suivant une proc\u00e9dure sp\u00e9cifique.<\/p>\n<\/div>\n\t\t<\/div><\/div><div id=\"pgc-438-1-2\"  class=\"panel-grid-cell panel-grid-cell-empty\" ><\/div><\/div><div id=\"pg-438-2\"  class=\"panel-grid panel-no-style\" ><div id=\"pgc-438-2-0\"  class=\"panel-grid-cell panel-grid-cell-empty\" ><\/div><div id=\"pgc-438-2-1\"  class=\"panel-grid-cell panel-grid-cell-mobile-last\" ><div id=\"panel-438-2-1-0\" class=\"so-panel widget widget_text panel-first-child panel-last-child\" data-index=\"3\" >\t\t\t<div class=\"textwidget\"><p>&nbsp;<\/p>\n<p>&nbsp;<\/p>\n<\/div>\n\t\t<\/div><\/div><div id=\"pgc-438-2-2\"  class=\"panel-grid-cell panel-grid-cell-empty\" ><\/div><\/div><\/div>","protected":false},"excerpt":{"rendered":"<p>Contr\u00f4le de l\u2019action gouvernementale &nbsp; &nbsp; Les moyens dont disposent les d\u00e9put\u00e9s pour contr\u00f4ler l&rsquo;action du Gouvernement sont les suivants : &#8211; Questions orales; &#8211; Questions \u00e9crites; &#8211; Questions d&rsquo;actualit\u00e9; &#8211; Interpellation; &#8211; Commissions parlementaires d&rsquo;information, d&rsquo;enqu\u00eate et de contr\u00f4le. Chacun de ces m\u00e9canismes s&rsquo;utilise suivant une proc\u00e9dure sp\u00e9cifique.<\/p>\n","protected":false},"author":10,"featured_media":0,"parent":425,"menu_order":0,"comment_status":"closed","ping_status":"closed","template":"","meta":{"footnotes":""},"categories":[1],"tags":[],"class_list":["post-438","page","type-page","status-publish","hentry","category-uncategorized"],"_links":{"self":[{"href":"https:\/\/assemblee-nationale.bj\/index.php\/wp-json\/wp\/v2\/pages\/438","targetHints":{"allow":["GET"]}}],"collection":[{"href":"https:\/\/assemblee-nationale.bj\/index.php\/wp-json\/wp\/v2\/pages"}],"about":[{"href":"https:\/\/assemblee-nationale.bj\/index.php\/wp-json\/wp\/v2\/types\/page"}],"author":[{"embeddable":true,"href":"https:\/\/assemblee-nationale.bj\/index.php\/wp-json\/wp\/v2\/users\/10"}],"replies":[{"embeddable":true,"href":"https:\/\/assemblee-nationale.bj\/index.php\/wp-json\/wp\/v2\/comments?post=438"}],"version-history":[{"count":2,"href":"https:\/\/assemblee-nationale.bj\/index.php\/wp-json\/wp\/v2\/pages\/438\/revisions"}],"predecessor-version":[{"id":1440,"href":"https:\/\/assemblee-nationale.bj\/index.php\/wp-json\/wp\/v2\/pages\/438\/revisions\/1440"}],"up":[{"embeddable":true,"href":"https:\/\/assemblee-nationale.bj\/index.php\/wp-json\/wp\/v2\/pages\/425"}],"wp:attachment":[{"href":"https:\/\/assemblee-nationale.bj\/index.php\/wp-json\/wp\/v2\/media?parent=438"}],"wp:term":[{"taxonomy":"category","embeddable":true,"href":"https:\/\/assemblee-nationale.bj\/index.php\/wp-json\/wp\/v2\/categories?post=438"},{"taxonomy":"post_tag","embeddable":true,"href":"https:\/\/assemblee-nationale.bj\/index.php\/wp-json\/wp\/v2\/tags?post=438"}],"curies":[{"name":"wp","href":"https:\/\/api.w.org\/{rel}","templated":true}]}}