
{"id":546,"date":"2017-09-13T21:44:28","date_gmt":"2017-09-13T20:44:28","guid":{"rendered":"https:\/\/assemblee-nationale.bj\/?page_id=546"},"modified":"2019-05-30T15:29:12","modified_gmt":"2019-05-30T14:29:12","slug":"ahyi-dedevi-eugenie-chantal","status":"publish","type":"page","link":"https:\/\/assemblee-nationale.bj\/index.php\/depute\/menu-liste-des-deputes\/liste-des-deputes\/ahyi-dedevi-eugenie-chantal\/","title":{"rendered":"AHYI D\u00e9d\u00e9vi Eugenie Chantal"},"content":{"rendered":"<div id=\"pl-546\"  class=\"panel-layout\" ><div id=\"pg-546-0\"  class=\"panel-grid panel-no-style\" ><div id=\"pgc-546-0-0\"  class=\"panel-grid-cell panel-grid-cell-empty\" ><\/div><div id=\"pgc-546-0-1\"  class=\"panel-grid-cell panel-grid-cell-mobile-last\" ><div id=\"panel-546-0-1-0\" class=\"so-panel widget widget_text panel-first-child\" data-index=\"0\" ><div class=\"panel-widget-style panel-widget-style-for-546-0-1-0\" >\t\t\t<div class=\"textwidget\"><p>AHYI D\u00e9d\u00e9vi Eugenie Chantal<\/p>\n<\/div>\n\t\t<\/div><\/div><div id=\"panel-546-0-1-1\" class=\"so-panel widget widget_text panel-last-child\" data-index=\"1\" >\t\t\t<div class=\"textwidget\"><p>&nbsp;<\/p>\n<p>&nbsp;<\/p>\n<\/div>\n\t\t<\/div><\/div><div id=\"pgc-546-0-2\"  class=\"panel-grid-cell panel-grid-cell-empty\" ><\/div><\/div><div id=\"pg-546-1\"  class=\"panel-grid panel-no-style\" ><div id=\"pgc-546-1-0\"  class=\"panel-grid-cell panel-grid-cell-empty\" ><\/div><div id=\"pgc-546-1-1\"  class=\"panel-grid-cell\" ><div id=\"panel-546-1-1-0\" class=\"so-panel widget widget_media_image panel-first-child panel-last-child\" data-index=\"2\" ><img loading=\"lazy\" decoding=\"async\" width=\"200\" height=\"300\" src=\"https:\/\/assemblee-nationale.bj\/wp-content\/uploads\/2019\/05\/D\u00e9d\u00e9vi-Eug\u00e9nie-Chantal-AHYI-BR-200x300.jpg\" class=\"image wp-image-2783  attachment-medium size-medium\" alt=\"\" style=\"max-width: 100%; height: auto;\" srcset=\"https:\/\/assemblee-nationale.bj\/wp-content\/uploads\/2019\/05\/D\u00e9d\u00e9vi-Eug\u00e9nie-Chantal-AHYI-BR-200x300.jpg 200w, https:\/\/assemblee-nationale.bj\/wp-content\/uploads\/2019\/05\/D\u00e9d\u00e9vi-Eug\u00e9nie-Chantal-AHYI-BR-768x1152.jpg 768w, https:\/\/assemblee-nationale.bj\/wp-content\/uploads\/2019\/05\/D\u00e9d\u00e9vi-Eug\u00e9nie-Chantal-AHYI-BR-682x1024.jpg 682w, https:\/\/assemblee-nationale.bj\/wp-content\/uploads\/2019\/05\/D\u00e9d\u00e9vi-Eug\u00e9nie-Chantal-AHYI-BR.jpg 907w\" sizes=\"auto, (max-width: 200px) 100vw, 200px\" \/><\/div><\/div><div id=\"pgc-546-1-2\"  class=\"panel-grid-cell\" ><div id=\"panel-546-1-2-0\" class=\"so-panel widget widget_text panel-first-child panel-last-child\" data-index=\"3\" >\t\t\t<div class=\"textwidget\"><\/div>\n\t\t<\/div><\/div><div id=\"pgc-546-1-3\"  class=\"panel-grid-cell panel-grid-cell-mobile-last\" ><div id=\"panel-546-1-3-0\" class=\"so-panel widget widget_text panel-first-child panel-last-child\" data-index=\"4\" >\t\t\t<div class=\"textwidget\"><\/div>\n\t\t<\/div><\/div><div id=\"pgc-546-1-4\"  class=\"panel-grid-cell panel-grid-cell-empty\" ><\/div><\/div><div id=\"pg-546-2\"  class=\"panel-grid panel-no-style\" ><div id=\"pgc-546-2-0\"  class=\"panel-grid-cell panel-grid-cell-empty\" ><\/div><div id=\"pgc-546-2-1\"  class=\"panel-grid-cell panel-grid-cell-mobile-last\" ><div id=\"panel-546-2-1-0\" class=\"so-panel widget widget_text panel-first-child panel-last-child\" data-index=\"5\" >\t\t\t<div class=\"textwidget\"><p>&nbsp;<\/p>\n<p>&nbsp;<\/p>\n<\/div>\n\t\t<\/div><\/div><div id=\"pgc-546-2-2\"  class=\"panel-grid-cell panel-grid-cell-empty\" ><\/div><\/div><\/div>","protected":false},"excerpt":{"rendered":"<p>AHYI D\u00e9d\u00e9vi Eugenie Chantal &nbsp; &nbsp;<\/p>\n","protected":false},"author":10,"featured_media":0,"parent":965,"menu_order":0,"comment_status":"closed","ping_status":"closed","template":"","meta":{"footnotes":""},"categories":[1],"tags":[],"class_list":["post-546","page","type-page","status-publish","hentry","category-uncategorized"],"_links":{"self":[{"href":"https:\/\/assemblee-nationale.bj\/index.php\/wp-json\/wp\/v2\/pages\/546","targetHints":{"allow":["GET"]}}],"collection":[{"href":"https:\/\/assemblee-nationale.bj\/index.php\/wp-json\/wp\/v2\/pages"}],"about":[{"href":"https:\/\/assemblee-nationale.bj\/index.php\/wp-json\/wp\/v2\/types\/page"}],"author":[{"embeddable":true,"href":"https:\/\/assemblee-nationale.bj\/index.php\/wp-json\/wp\/v2\/users\/10"}],"replies":[{"embeddable":true,"href":"https:\/\/assemblee-nationale.bj\/index.php\/wp-json\/wp\/v2\/comments?post=546"}],"version-history":[{"count":3,"href":"https:\/\/assemblee-nationale.bj\/index.php\/wp-json\/wp\/v2\/pages\/546\/revisions"}],"predecessor-version":[{"id":2785,"href":"https:\/\/assemblee-nationale.bj\/index.php\/wp-json\/wp\/v2\/pages\/546\/revisions\/2785"}],"up":[{"embeddable":true,"href":"https:\/\/assemblee-nationale.bj\/index.php\/wp-json\/wp\/v2\/pages\/965"}],"wp:attachment":[{"href":"https:\/\/assemblee-nationale.bj\/index.php\/wp-json\/wp\/v2\/media?parent=546"}],"wp:term":[{"taxonomy":"category","embeddable":true,"href":"https:\/\/assemblee-nationale.bj\/index.php\/wp-json\/wp\/v2\/categories?post=546"},{"taxonomy":"post_tag","embeddable":true,"href":"https:\/\/assemblee-nationale.bj\/index.php\/wp-json\/wp\/v2\/tags?post=546"}],"curies":[{"name":"wp","href":"https:\/\/api.w.org\/{rel}","templated":true}]}}