
{"id":547,"date":"2017-09-13T21:44:18","date_gmt":"2017-09-13T20:44:18","guid":{"rendered":"https:\/\/assemblee-nationale.bj\/?page_id=547"},"modified":"2017-11-15T16:23:32","modified_gmt":"2017-11-15T15:23:32","slug":"ateliers","status":"publish","type":"page","link":"https:\/\/assemblee-nationale.bj\/index.php\/activites-parlementaires\/seminaires-ateliers-et-voyages\/ateliers\/","title":{"rendered":"Ateliers"},"content":{"rendered":"<div id=\"pl-547\"  class=\"panel-layout\" ><div id=\"pg-547-0\"  class=\"panel-grid panel-no-style\" ><div id=\"pgc-547-0-0\"  class=\"panel-grid-cell panel-grid-cell-empty\" ><\/div><div id=\"pgc-547-0-1\"  class=\"panel-grid-cell panel-grid-cell-mobile-last\" ><div id=\"panel-547-0-1-0\" class=\"so-panel widget widget_text panel-first-child\" data-index=\"0\" ><div class=\"panel-widget-style panel-widget-style-for-547-0-1-0\" >\t\t\t<div class=\"textwidget\"><p>Ateliers<\/p>\n<\/div>\n\t\t<\/div><\/div><div id=\"panel-547-0-1-1\" class=\"so-panel widget widget_text panel-last-child\" data-index=\"1\" >\t\t\t<div class=\"textwidget\"><p>&nbsp;<\/p>\n<p>&nbsp;<\/p>\n<\/div>\n\t\t<\/div><\/div><div id=\"pgc-547-0-2\"  class=\"panel-grid-cell panel-grid-cell-empty\" ><\/div><\/div><div id=\"pg-547-1\"  class=\"panel-grid panel-no-style\" ><div id=\"pgc-547-1-0\"  class=\"panel-grid-cell panel-grid-cell-empty\" ><\/div><div id=\"pgc-547-1-1\"  class=\"panel-grid-cell panel-grid-cell-mobile-last\" ><div id=\"panel-547-1-1-0\" class=\"so-panel widget widget_text panel-first-child panel-last-child\" data-index=\"2\" ><div class=\"panel-widget-style panel-widget-style-for-547-1-1-0\" >\t\t\t<div class=\"textwidget\"><p><em>Veuiller cliquer sur l&rsquo;intitul\u00e9 du rapport pour acc\u00e9der au document pdf associ\u00e9<\/em><\/p>\n\n<table id=\"tablepress-40\" class=\"tablepress tablepress-id-40\">\n<thead>\n<tr class=\"row-1 odd\">\n\t<th class=\"column-1\">N\u00b0<\/th><th class=\"column-2\">R\u00e9f\u00e9rences <\/th><th class=\"column-3\">Intutil\u00e9<\/th><th class=\"column-4\">Date d'adoption<\/th><th class=\"column-5\">Observations<\/th>\n<\/tr>\n<\/thead>\n<tbody class=\"row-hover\">\n<tr class=\"row-2 even\">\n\t<td class=\"column-1\">01<\/td><td class=\"column-2\"><\/td><td class=\"column-3\"><\/td><td class=\"column-4\"><\/td><td class=\"column-5\">Contenu non encore disponible<\/td>\n<\/tr>\n<\/tbody>\n<\/table>\n<!-- #tablepress-40 from cache -->\n<\/div>\n\t\t<\/div><\/div><\/div><div id=\"pgc-547-1-2\"  class=\"panel-grid-cell panel-grid-cell-empty\" ><\/div><\/div><\/div>","protected":false},"excerpt":{"rendered":"<p>Ateliers &nbsp; &nbsp; Veuiller cliquer sur l&rsquo;intitul\u00e9 du rapport pour acc\u00e9der au document pdf associ\u00e9<\/p>\n","protected":false},"author":10,"featured_media":0,"parent":1446,"menu_order":0,"comment_status":"closed","ping_status":"closed","template":"","meta":{"footnotes":""},"categories":[1],"tags":[],"class_list":["post-547","page","type-page","status-publish","hentry","category-uncategorized"],"_links":{"self":[{"href":"https:\/\/assemblee-nationale.bj\/index.php\/wp-json\/wp\/v2\/pages\/547","targetHints":{"allow":["GET"]}}],"collection":[{"href":"https:\/\/assemblee-nationale.bj\/index.php\/wp-json\/wp\/v2\/pages"}],"about":[{"href":"https:\/\/assemblee-nationale.bj\/index.php\/wp-json\/wp\/v2\/types\/page"}],"author":[{"embeddable":true,"href":"https:\/\/assemblee-nationale.bj\/index.php\/wp-json\/wp\/v2\/users\/10"}],"replies":[{"embeddable":true,"href":"https:\/\/assemblee-nationale.bj\/index.php\/wp-json\/wp\/v2\/comments?post=547"}],"version-history":[{"count":1,"href":"https:\/\/assemblee-nationale.bj\/index.php\/wp-json\/wp\/v2\/pages\/547\/revisions"}],"predecessor-version":[{"id":548,"href":"https:\/\/assemblee-nationale.bj\/index.php\/wp-json\/wp\/v2\/pages\/547\/revisions\/548"}],"up":[{"embeddable":true,"href":"https:\/\/assemblee-nationale.bj\/index.php\/wp-json\/wp\/v2\/pages\/1446"}],"wp:attachment":[{"href":"https:\/\/assemblee-nationale.bj\/index.php\/wp-json\/wp\/v2\/media?parent=547"}],"wp:term":[{"taxonomy":"category","embeddable":true,"href":"https:\/\/assemblee-nationale.bj\/index.php\/wp-json\/wp\/v2\/categories?post=547"},{"taxonomy":"post_tag","embeddable":true,"href":"https:\/\/assemblee-nationale.bj\/index.php\/wp-json\/wp\/v2\/tags?post=547"}],"curies":[{"name":"wp","href":"https:\/\/api.w.org\/{rel}","templated":true}]}}