
{"id":551,"date":"2017-09-13T21:47:49","date_gmt":"2017-09-13T20:47:49","guid":{"rendered":"https:\/\/assemblee-nationale.bj\/?page_id=551"},"modified":"2017-11-15T16:26:22","modified_gmt":"2017-11-15T15:26:22","slug":"voyages_echange","status":"publish","type":"page","link":"https:\/\/assemblee-nationale.bj\/index.php\/activites-parlementaires\/seminaires-ateliers-et-voyages\/voyages_echange\/","title":{"rendered":"Voyages d&rsquo;\u00e9change"},"content":{"rendered":"<div id=\"pl-551\"  class=\"panel-layout\" ><div id=\"pg-551-0\"  class=\"panel-grid panel-no-style\" ><div id=\"pgc-551-0-0\"  class=\"panel-grid-cell panel-grid-cell-empty\" ><\/div><div id=\"pgc-551-0-1\"  class=\"panel-grid-cell panel-grid-cell-mobile-last\" ><div id=\"panel-551-0-1-0\" class=\"so-panel widget widget_text panel-first-child\" data-index=\"0\" ><div class=\"panel-widget-style panel-widget-style-for-551-0-1-0\" >\t\t\t<div class=\"textwidget\"><p>Voyages d&rsquo;\u00e9change<\/p>\n<\/div>\n\t\t<\/div><\/div><div id=\"panel-551-0-1-1\" class=\"so-panel widget widget_text panel-last-child\" data-index=\"1\" >\t\t\t<div class=\"textwidget\"><p>&nbsp;<\/p>\n<p>&nbsp;<\/p>\n<\/div>\n\t\t<\/div><\/div><div id=\"pgc-551-0-2\"  class=\"panel-grid-cell panel-grid-cell-empty\" ><\/div><\/div><div id=\"pg-551-1\"  class=\"panel-grid panel-no-style\" ><div id=\"pgc-551-1-0\"  class=\"panel-grid-cell panel-grid-cell-empty\" ><\/div><div id=\"pgc-551-1-1\"  class=\"panel-grid-cell panel-grid-cell-mobile-last\" ><div id=\"panel-551-1-1-0\" class=\"so-panel widget widget_text panel-first-child panel-last-child\" data-index=\"2\" ><div class=\"panel-widget-style panel-widget-style-for-551-1-1-0\" >\t\t\t<div class=\"textwidget\"><p><em>Veuiller cliquer sur l&rsquo;intitul\u00e9 du rapport pour acc\u00e9der au document pdf associ\u00e9<\/em><\/p>\n\n<table id=\"tablepress-41\" class=\"tablepress tablepress-id-41\">\n<thead>\n<tr class=\"row-1 odd\">\n\t<th class=\"column-1\">N\u00b0<\/th><th class=\"column-2\">R\u00e9f\u00e9rences <\/th><th class=\"column-3\">Intutil\u00e9<\/th><th class=\"column-4\">Date d'adoption<\/th><th class=\"column-5\">Observations<\/th>\n<\/tr>\n<\/thead>\n<tbody class=\"row-hover\">\n<tr class=\"row-2 even\">\n\t<td class=\"column-1\">01<\/td><td class=\"column-2\"><\/td><td class=\"column-3\"><\/td><td class=\"column-4\"><\/td><td class=\"column-5\">Contenu non encore disponible<\/td>\n<\/tr>\n<\/tbody>\n<\/table>\n<!-- #tablepress-41 from cache -->\n<\/div>\n\t\t<\/div><\/div><\/div><div id=\"pgc-551-1-2\"  class=\"panel-grid-cell panel-grid-cell-empty\" ><\/div><\/div><\/div>","protected":false},"excerpt":{"rendered":"<p>Voyages d&rsquo;\u00e9change &nbsp; &nbsp; Veuiller cliquer sur l&rsquo;intitul\u00e9 du rapport pour acc\u00e9der au document pdf associ\u00e9<\/p>\n","protected":false},"author":10,"featured_media":0,"parent":1446,"menu_order":0,"comment_status":"closed","ping_status":"closed","template":"","meta":{"footnotes":""},"categories":[1],"tags":[],"class_list":["post-551","page","type-page","status-publish","hentry","category-uncategorized"],"_links":{"self":[{"href":"https:\/\/assemblee-nationale.bj\/index.php\/wp-json\/wp\/v2\/pages\/551","targetHints":{"allow":["GET"]}}],"collection":[{"href":"https:\/\/assemblee-nationale.bj\/index.php\/wp-json\/wp\/v2\/pages"}],"about":[{"href":"https:\/\/assemblee-nationale.bj\/index.php\/wp-json\/wp\/v2\/types\/page"}],"author":[{"embeddable":true,"href":"https:\/\/assemblee-nationale.bj\/index.php\/wp-json\/wp\/v2\/users\/10"}],"replies":[{"embeddable":true,"href":"https:\/\/assemblee-nationale.bj\/index.php\/wp-json\/wp\/v2\/comments?post=551"}],"version-history":[{"count":2,"href":"https:\/\/assemblee-nationale.bj\/index.php\/wp-json\/wp\/v2\/pages\/551\/revisions"}],"predecessor-version":[{"id":1450,"href":"https:\/\/assemblee-nationale.bj\/index.php\/wp-json\/wp\/v2\/pages\/551\/revisions\/1450"}],"up":[{"embeddable":true,"href":"https:\/\/assemblee-nationale.bj\/index.php\/wp-json\/wp\/v2\/pages\/1446"}],"wp:attachment":[{"href":"https:\/\/assemblee-nationale.bj\/index.php\/wp-json\/wp\/v2\/media?parent=551"}],"wp:term":[{"taxonomy":"category","embeddable":true,"href":"https:\/\/assemblee-nationale.bj\/index.php\/wp-json\/wp\/v2\/categories?post=551"},{"taxonomy":"post_tag","embeddable":true,"href":"https:\/\/assemblee-nationale.bj\/index.php\/wp-json\/wp\/v2\/tags?post=551"}],"curies":[{"name":"wp","href":"https:\/\/api.w.org\/{rel}","templated":true}]}}