
{"id":588,"date":"2017-09-14T09:51:58","date_gmt":"2017-09-14T08:51:58","guid":{"rendered":"https:\/\/assemblee-nationale.bj\/?page_id=588"},"modified":"2017-10-23T11:39:12","modified_gmt":"2017-10-23T10:39:12","slug":"groupes_amitie","status":"publish","type":"page","link":"https:\/\/assemblee-nationale.bj\/index.php\/cooperations-interparlementaires\/missions-interparlementaires\/groupes_amitie\/","title":{"rendered":"Groupes d&rsquo;amiti\u00e9"},"content":{"rendered":"<div id=\"pl-588\"  class=\"panel-layout\" ><div id=\"pg-588-0\"  class=\"panel-grid panel-no-style\" ><div id=\"pgc-588-0-0\"  class=\"panel-grid-cell panel-grid-cell-empty\" ><\/div><div id=\"pgc-588-0-1\"  class=\"panel-grid-cell panel-grid-cell-mobile-last\" ><div id=\"panel-588-0-1-0\" class=\"so-panel widget widget_text panel-first-child\" data-index=\"0\" ><div class=\"panel-widget-style panel-widget-style-for-588-0-1-0\" >\t\t\t<div class=\"textwidget\"><p>Groupes d\u2019amiti\u00e9<\/p>\n<\/div>\n\t\t<\/div><\/div><div id=\"panel-588-0-1-1\" class=\"so-panel widget widget_text panel-last-child\" data-index=\"1\" >\t\t\t<div class=\"textwidget\"><p>&nbsp;<\/p>\n<p>&nbsp;<\/p>\n<\/div>\n\t\t<\/div><\/div><div id=\"pgc-588-0-2\"  class=\"panel-grid-cell panel-grid-cell-empty\" ><\/div><\/div><div id=\"pg-588-1\"  class=\"panel-grid panel-no-style\" ><div id=\"pgc-588-1-0\"  class=\"panel-grid-cell panel-grid-cell-empty\" ><\/div><div id=\"pgc-588-1-1\"  class=\"panel-grid-cell panel-grid-cell-mobile-last\" ><div id=\"panel-588-1-1-0\" class=\"so-panel widget widget_text panel-first-child panel-last-child\" data-index=\"2\" ><div class=\"panel-widget-style panel-widget-style-for-588-1-1-0\" >\t\t\t<div class=\"textwidget\"><p>\u00a0<br \/>\nLes groupes interparlementaires d&rsquo;amiti\u00e9 de l&rsquo;Assembl\u00e9e Nationale du B\u00e9nin regroupent les d\u00e9put\u00e9s, sans consid\u00e9ration de leur ob\u00e9dience politique, qui manifestent un int\u00e9r\u00eat particulier pour un pays (ou un groupe de pays) \u00e9tranger(s) donn\u00e9(s). Leur but est de tisser et\/ou renforcer les liens entre parlementaires b\u00e9ninois et \u00e9trangers. A ce titre, ils contribuent \u00e0 la mise en \u0153uvre de la politique \u00e9trang\u00e8re du B\u00e9nin et constituent des instruments du rayonnement international de l&rsquo;Assembl\u00e9e nationale.<\/p>\n<p>Le r\u00f4le majeur d&rsquo;un groupe interparlementaire d&rsquo;amiti\u00e9 consiste, comme son nom l&rsquo;indique, \u00e0 tisser un r\u00e9seau de liens personnels entre les parlementaires b\u00e9ninois, leurs homologues \u00e9trangers et les acteurs de la vie politique, \u00e9conomique, sociale et culturelle du pays concern\u00e9.<\/p>\n<p>En conduisant ces activit\u00e9s, les groupes interparlementaires d&rsquo;amiti\u00e9 donnent une dimension parlementaire aux relations diplomatiques traditionnelles. Les missions ou r\u00e9ceptions qu&rsquo;ils organisent, de m\u00eame que leurs auditions, peuvent ainsi contribuer \u00e0 r\u00e9activer ou \u00e0 enrichir les relations avec le pays concern\u00e9. Les groupes interparlementaires d&rsquo;amiti\u00e9 servent \u00e9galement de point d&rsquo;appui \u00e0 des actions de coop\u00e9ration interparlementaire ou de coop\u00e9ration d\u00e9centralis\u00e9e.<\/p>\n<p>Au del\u00e0 des relations d&rsquo;amiti\u00e9 qu&rsquo;ils ont traditionnellement pour vocation d&rsquo;entretenir, ces groupes constituent un relais parlementaire auquel les Ambassades du B\u00e9nin \u00e0 l&rsquo;\u00e9tranger, les Ambassades \u00e9trang\u00e8res au B\u00e9nin et le Minist\u00e8re en charge des affaires \u00e9trang\u00e8res peuvent recourir dans l&rsquo;exercice de leurs activit\u00e9s.<\/p>\n<p>\u00a0<\/p>\n<\/div>\n\t\t<\/div><\/div><\/div><div id=\"pgc-588-1-2\"  class=\"panel-grid-cell panel-grid-cell-empty\" ><\/div><\/div><div id=\"pg-588-2\"  class=\"panel-grid panel-has-style\" ><div class=\"panel-row-style panel-row-style-for-588-2\" ><div id=\"pgc-588-2-0\"  class=\"panel-grid-cell panel-grid-cell-empty\" ><\/div><div id=\"pgc-588-2-1\"  class=\"panel-grid-cell\" ><div id=\"panel-588-2-1-0\" class=\"so-panel widget widget_text panel-first-child panel-last-child\" data-index=\"3\" ><div class=\"panel-widget-style panel-widget-style-for-588-2-1-0\" >\t\t\t<div class=\"textwidget\"><p><span class=\"wf_file_text\">Synth\u00e8se des Groupes Interparlementaires d&rsquo;Amiti\u00e9 (GIA) de la sixi\u00e8me l\u00e9gislature<\/span><\/p>\n<\/div>\n\t\t<\/div><\/div><\/div><div id=\"pgc-588-2-2\"  class=\"panel-grid-cell\" ><div id=\"panel-588-2-2-0\" class=\"so-panel widget widget_text panel-first-child panel-last-child\" data-index=\"4\" >\t\t\t<div class=\"textwidget\"><p>234.82 k0<\/p>\n<\/div>\n\t\t<\/div><\/div><div id=\"pgc-588-2-3\"  class=\"panel-grid-cell panel-grid-cell-mobile-last\" ><div id=\"panel-588-2-3-0\" class=\"so-panel widget widget_text panel-first-child panel-last-child\" data-index=\"5\" >\t\t\t<div class=\"textwidget\"><p><a href=\"\/wp-content\/uploads\/2017\/10\/Synth\u00e8se_des_Groupes_Interparlementaires_dAmiti\u00e9_GIA_de_la_sixi\u00e8me_l\u00e9gislature.pdf\"> <button>T\u00e9l\u00e9charger<\/button><\/a><\/p>\n<\/div>\n\t\t<\/div><\/div><div id=\"pgc-588-2-4\"  class=\"panel-grid-cell panel-grid-cell-empty\" ><\/div><\/div><\/div><div id=\"pg-588-3\"  class=\"panel-grid panel-no-style\" ><div id=\"pgc-588-3-0\"  class=\"panel-grid-cell\" ><div id=\"panel-588-3-0-0\" class=\"so-panel widget widget_text panel-first-child panel-last-child\" data-index=\"6\" >\t\t\t<div class=\"textwidget\"><p>&nbsp;<\/p>\n<p>&nbsp;<\/p>\n<\/div>\n\t\t<\/div><\/div><\/div><\/div>","protected":false},"excerpt":{"rendered":"<p>Groupes d\u2019amiti\u00e9 &nbsp; &nbsp; \u00a0 Les groupes interparlementaires d&rsquo;amiti\u00e9 de l&rsquo;Assembl\u00e9e Nationale du B\u00e9nin regroupent les d\u00e9put\u00e9s, sans consid\u00e9ration de leur ob\u00e9dience politique, qui manifestent un int\u00e9r\u00eat particulier pour un pays (ou un groupe de pays) \u00e9tranger(s) donn\u00e9(s). Leur but est de tisser et\/ou renforcer les liens entre parlementaires b\u00e9ninois et \u00e9trangers. A ce titre, [&hellip;]<\/p>\n","protected":false},"author":10,"featured_media":0,"parent":1431,"menu_order":0,"comment_status":"closed","ping_status":"closed","template":"template-parallax.php","meta":{"footnotes":""},"categories":[1],"tags":[],"class_list":["post-588","page","type-page","status-publish","hentry","category-uncategorized"],"_links":{"self":[{"href":"https:\/\/assemblee-nationale.bj\/index.php\/wp-json\/wp\/v2\/pages\/588","targetHints":{"allow":["GET"]}}],"collection":[{"href":"https:\/\/assemblee-nationale.bj\/index.php\/wp-json\/wp\/v2\/pages"}],"about":[{"href":"https:\/\/assemblee-nationale.bj\/index.php\/wp-json\/wp\/v2\/types\/page"}],"author":[{"embeddable":true,"href":"https:\/\/assemblee-nationale.bj\/index.php\/wp-json\/wp\/v2\/users\/10"}],"replies":[{"embeddable":true,"href":"https:\/\/assemblee-nationale.bj\/index.php\/wp-json\/wp\/v2\/comments?post=588"}],"version-history":[{"count":3,"href":"https:\/\/assemblee-nationale.bj\/index.php\/wp-json\/wp\/v2\/pages\/588\/revisions"}],"predecessor-version":[{"id":1748,"href":"https:\/\/assemblee-nationale.bj\/index.php\/wp-json\/wp\/v2\/pages\/588\/revisions\/1748"}],"up":[{"embeddable":true,"href":"https:\/\/assemblee-nationale.bj\/index.php\/wp-json\/wp\/v2\/pages\/1431"}],"wp:attachment":[{"href":"https:\/\/assemblee-nationale.bj\/index.php\/wp-json\/wp\/v2\/media?parent=588"}],"wp:term":[{"taxonomy":"category","embeddable":true,"href":"https:\/\/assemblee-nationale.bj\/index.php\/wp-json\/wp\/v2\/categories?post=588"},{"taxonomy":"post_tag","embeddable":true,"href":"https:\/\/assemblee-nationale.bj\/index.php\/wp-json\/wp\/v2\/tags?post=588"}],"curies":[{"name":"wp","href":"https:\/\/api.w.org\/{rel}","templated":true}]}}