
{"id":590,"date":"2017-09-14T10:00:58","date_gmt":"2017-09-14T09:00:58","guid":{"rendered":"https:\/\/assemblee-nationale.bj\/?page_id=590"},"modified":"2017-10-16T18:36:50","modified_gmt":"2017-10-16T17:36:50","slug":"reseaux_interparlementaires","status":"publish","type":"page","link":"https:\/\/assemblee-nationale.bj\/index.php\/cooperations-interparlementaires\/missions-interparlementaires\/reseaux_interparlementaires\/","title":{"rendered":"R\u00e9seaux interparlementaires"},"content":{"rendered":"<div id=\"pl-590\"  class=\"panel-layout\" ><div id=\"pg-590-0\"  class=\"panel-grid panel-no-style\" ><div id=\"pgc-590-0-0\"  class=\"panel-grid-cell panel-grid-cell-empty\" ><\/div><div id=\"pgc-590-0-1\"  class=\"panel-grid-cell panel-grid-cell-mobile-last\" ><div id=\"panel-590-0-1-0\" class=\"so-panel widget widget_text panel-first-child\" data-index=\"0\" ><div class=\"panel-widget-style panel-widget-style-for-590-0-1-0\" >\t\t\t<div class=\"textwidget\"><p>R\u00e9seaux interparlementaires<\/p>\n<\/div>\n\t\t<\/div><\/div><div id=\"panel-590-0-1-1\" class=\"so-panel widget widget_text panel-last-child\" data-index=\"1\" >\t\t\t<div class=\"textwidget\"><p>\u00a0<\/p>\n<p>\u00a0<\/p>\n<\/div>\n\t\t<\/div><\/div><div id=\"pgc-590-0-2\"  class=\"panel-grid-cell panel-grid-cell-empty\" ><\/div><\/div><div id=\"pg-590-1\"  class=\"panel-grid panel-has-style\" ><div class=\"panel-row-style panel-row-style-for-590-1\" ><div id=\"pgc-590-1-0\"  class=\"panel-grid-cell panel-grid-cell-empty\" ><\/div><div id=\"pgc-590-1-1\"  class=\"panel-grid-cell panel-grid-cell-mobile-last\" ><div id=\"panel-590-1-1-0\" class=\"so-panel widget widget_text panel-first-child panel-last-child\" data-index=\"2\" ><div class=\"panel-widget-style panel-widget-style-for-590-1-1-0\" >\t\t\t<div class=\"textwidget\"><p><strong>Les parlements internationaux<\/strong><\/p>\n<\/div>\n\t\t<\/div><\/div><\/div><div id=\"pgc-590-1-2\"  class=\"panel-grid-cell panel-grid-cell-empty\" ><\/div><\/div><\/div><div id=\"pg-590-2\"  class=\"panel-grid panel-no-style\" ><div id=\"pgc-590-2-0\"  class=\"panel-grid-cell panel-grid-cell-empty\" ><\/div><div id=\"pgc-590-2-1\"  class=\"panel-grid-cell panel-grid-cell-mobile-last\" ><div id=\"panel-590-2-1-0\" class=\"so-panel widget widget_text panel-first-child panel-last-child\" data-index=\"3\" ><div class=\"panel-widget-style panel-widget-style-for-590-2-1-0\" >\t\t\t<div class=\"textwidget\"><p>Les parlements internationaux dont le B\u00e9nin est membre sont le Comit\u00e9 Interparlementaire de l&rsquo;UEMOA (CIP-UEMOA), le Parlement de la CEDEAO et le Parlement Panafricain (PAP).<\/p>\n<p>\u00a0<\/p>\n<p><strong>a. Le CIP-UEMOA<\/strong><\/p>\n<p>Le CIP-UEMOA est n\u00e9 le 27 mars 1998 \u00e0 Bamako. Il a \u00e9t\u00e9 cr\u00e9\u00e9 conform\u00e9ment aux dispositions de l&rsquo;article 35 du Trait\u00e9 de l&rsquo;UEMOA, en pr\u00e9lude \u00e0 la mise en place du Parlement de l&rsquo;Union, objet du Trait\u00e9 du 29 janvier 2003 portant cr\u00e9ation du Parlement de l&rsquo;UEMOA. En cons\u00e9quence, le Trait\u00e9 du 10 janvier 1994 a c\u00e9d\u00e9 la place au Trait\u00e9 modifi\u00e9 de l&rsquo;UEMOA sign\u00e9 le 29 janvier 2003 et ratifi\u00e9 par tous les pays membres.<br \/>\nLe Comit\u00e9 a pour vocation d&rsquo;exercer des pouvoirs de contr\u00f4le d\u00e9mocratique limit\u00e9 jusqu&rsquo;\u00e0 la mise en place du Parlement de l&rsquo;Union. Il est compos\u00e9 de cinq (05) membres par Etat, d\u00e9sign\u00e9s par l&rsquo;organe l\u00e9gislatif de chacun des huit (08) Etats membres de l&rsquo;espace UEMOA que sont le B\u00e9nin, le Burkina Faso, la C\u00f4te d&rsquo;Ivoire, la Guin\u00e9e Bissau, le Mali, le Niger, le S\u00e9n\u00e9gal et le Togo. Le CIP-UEMOA contribue par le dialogue et le d\u00e9bat au processus d&rsquo;int\u00e9gration de l&rsquo;Union dans les domaines d&rsquo;activit\u00e9s d\u00e9finis par le trait\u00e9.<br \/>\nDes r\u00e9formes sont pr\u00e9sentement en cours pour transformer le CIP-UEMOA en un v\u00e9ritable parlement dot\u00e9 de pouvoirs l\u00e9gislatifs \u00e9tendus. Le si\u00e8ge du CIP-UEMOA se trouve \u00e0 Bamako (Mali). Son adresse mail est :<a href=\"mailto:cipuemoa@orangemali.net\">cipuemoa@orangemali.net<\/a><\/p>\n<p>\u00a0<\/p>\n<p><strong>b. Le Parlement de la CEDEAO<\/strong><\/p>\n<p>Le Parlement de la CEDEAO a \u00e9t\u00e9 cr\u00e9\u00e9 conform\u00e9ment aux dispositions des articles 6 et 13 du Trait\u00e9 de la CEDEAO. Le Protocole instituant le parlement a \u00e9t\u00e9 sign\u00e9 \u00e0 Abuja (Nigeria) le 06 ao\u00fbt 1994. Il est entr\u00e9 en vigueur le 14 mars 2002. Le Protocole instituant le parlement dispose que les d\u00e9put\u00e9s communautaires sont \u00e9lus au suffrage universel direct par les citoyens des Etats membres. Toutefois, en attendant que cette disposition soit mise en vigueur, les assembl\u00e9es nationales des Etats membres d\u00e9signent en leur sein leurs repr\u00e9sentants. Le Parlement de la CEDEAO a essentiellement une fonction consultative en attendant qu&rsquo;il soit dot\u00e9 de pleins pouvoirs l\u00e9gislatifs. Des r\u00e9formes sont pr\u00e9sentement en cours au niveau de la Communaut\u00e9 pour passer de la CEDEAO des Etats \u00e0 la CEDEAO des peuples. Dans cette dynamique, le parlement de la CEDEAO a un grand r\u00f4le \u00e0 jouer. L&rsquo;adresse \u00e9lectronique du parlement de la CEDEAO est :<a href=\"mailto:parliament@parl.ecowas.int\">parliament@parl.ecowas.int<\/a><\/p>\n<p>\u00a0<\/p>\n<p><strong>c. Le Parlement Panafricain (PAP)<\/strong><\/p>\n<p>Le PAP est cr\u00e9\u00e9 en mars 2004 par l&rsquo;Acte consultatif de l&rsquo;Union Africaine, en son article 17, comme un des neuf (09) organes pr\u00e9vus par le Trait\u00e9 instituant la Communaut\u00e9 Economique Africaine sign\u00e9 \u00e0 Abuja, au Nigeria en 1991.<br \/>\nLa cr\u00e9ation du Parlement Panafricain est fond\u00e9e sur l&rsquo;id\u00e9e de donner une plate-forme commune aux peuples africains et leurs organisations de masses afin qu&rsquo;ils soient plus impliqu\u00e9s dans les d\u00e9bats et prises de d\u00e9cisions concernant les probl\u00e8mes et d\u00e9fis auxquels le continent est confront\u00e9. Le si\u00e8ge du Parlement Panafricain se trouve \u00e0 Midrand, en Afrique du Sud. Il compte deux cent quarante (240) parlementaires membres \u00e0 raison de cinq (05) si\u00e8ges par parlement national.<br \/>\nConform\u00e9ment \u00e0 l&rsquo;article 2 du Protocole additionnel au Trait\u00e9 instituant la Communaut\u00e9 Economique Africaine relative au Parlement Panafricain, les parlementaires panafricains repr\u00e9sentent toutes les populations africaines et l&rsquo;objectif du PAP est de devenir, \u00e0 terme, une institution dot\u00e9e de pleins pouvoirs sur le plan l\u00e9gislatif dont les membres sont \u00e9lus au suffrage universel direct.<br \/>\nToutefois, jusqu&rsquo;\u00e0 ce que les Etats en d\u00e9cident autrement par amendement du Protocole, le PAP ne dispose que de pouvoirs consultatifs et chaque assembl\u00e9e est repr\u00e9sent\u00e9e par cinq (05) membres dont au moins une femme.<br \/>\nLe site Web est : <a href=\"http:\/\/www.pan-african-parliament.org\/\">www.pan-african-parliament.org<\/a><\/p>\n<\/div>\n\t\t<\/div><\/div><\/div><div id=\"pgc-590-2-2\"  class=\"panel-grid-cell panel-grid-cell-empty\" ><\/div><\/div><div id=\"pg-590-3\"  class=\"panel-grid panel-has-style\" ><div class=\"panel-row-style panel-row-style-for-590-3\" ><div id=\"pgc-590-3-0\"  class=\"panel-grid-cell panel-grid-cell-empty\" ><\/div><div id=\"pgc-590-3-1\"  class=\"panel-grid-cell panel-grid-cell-mobile-last\" ><div id=\"panel-590-3-1-0\" class=\"so-panel widget widget_text panel-first-child panel-last-child\" data-index=\"4\" >\t\t\t<div class=\"textwidget\"><p><strong>Les organisations interparlementaires<\/strong><\/p>\n<\/div>\n\t\t<\/div><\/div><div id=\"pgc-590-3-2\"  class=\"panel-grid-cell panel-grid-cell-empty\" ><\/div><\/div><\/div><div id=\"pg-590-4\"  class=\"panel-grid panel-no-style\" ><div id=\"pgc-590-4-0\"  class=\"panel-grid-cell panel-grid-cell-empty\" ><\/div><div id=\"pgc-590-4-1\"  class=\"panel-grid-cell panel-grid-cell-mobile-last\" ><div id=\"panel-590-4-1-0\" class=\"so-panel widget widget_text panel-first-child panel-last-child\" data-index=\"5\" ><div class=\"panel-widget-style panel-widget-style-for-590-4-1-0\" >\t\t\t<div class=\"textwidget\"><p>L&rsquo;Assembl\u00e9e Nationale du B\u00e9nin participe activement aux travaux de cinq (05) organisations interparlementaires que sont :<\/p>\n<p>&nbsp;<\/p>\n<p><strong>a. L&rsquo;Union Interparlementaire Africaine (UPA)<\/strong><\/p>\n<p>Elle est n\u00e9e \u00e0 Abidjan le 13 f\u00e9vrier 1976 et contribue \u00e0 la r\u00e9alisation des objectifs de l&rsquo;Union Africaine. Les statuts actuels qui r\u00e9gissent cette organisation sont adopt\u00e9s \u00e0 la 22\u00e8me Conf\u00e9rence tenue \u00e0 Luanda (Angola) en septembre 1999. L&rsquo;UPA est cr\u00e9\u00e9e en vue de la r\u00e9alisation de trois (03) principaux objectifs \u00e0 savoir :<br \/>\n&#8211; cr\u00e9er de trait d&rsquo;union entre les institutions parlementaires en Afrique ;<br \/>\n&#8211; promouvoir la communication entre les parlementaires africains et entre ces derniers et leurs coll\u00e8gues des autres continents ;<br \/>\n&#8211; contribuer au renforcement de l&rsquo;institution parlementaire, de la d\u00e9mocratie et des droits de l&rsquo;Homme en Afrique.<br \/>\nL&rsquo;UPA a son si\u00e8ge \u00e0 Abidjan et dispose d&rsquo;un site Web qui est le suivant : www.africanpu.org<\/p>\n<p>&nbsp;<\/p>\n<p><strong>b. L&rsquo;Union Interparlementaire (UIP)<\/strong><\/p>\n<p>L&rsquo;UIP est cr\u00e9\u00e9e en 1889 \u00e0 l&rsquo;initiative de deux \u00e9minents pacifiques parlementaires William Randal Cremer du Royaume Uni et Fr\u00e9d\u00e9ric Passy de la France. L&rsquo;UIP est pour les parlements, ce que repr\u00e9sente l&rsquo;ONU pour les gouvernements. A ce titre, l&rsquo;UIP \u0153uvre pour la paix et la coop\u00e9ration entre les peuples en vue de l&rsquo;affermissement des institutions repr\u00e9sentatives.<br \/>\nLe B\u00e9nin a adh\u00e9r\u00e9 \u00e0 l&rsquo;UIP en 1960 qui compte \u00e0 nos jours 155 parlements nationaux et neuf (09) membres associ\u00e9s. Notre parlement y joue un r\u00f4le tr\u00e8s actif et a occup\u00e9 d&rsquo;importants postes.<br \/>\nSon site Web est : www.ipu.org<\/p>\n<p>&nbsp;<\/p>\n<p><strong>c. L&rsquo;Assembl\u00e9e Parlementaire Paritaire des ACP-UE (APP\/ACP-UE)<\/strong><\/p>\n<p>L&rsquo;APP\/ACP-UE est une assembl\u00e9e n\u00e9e du partenariat entre les pays d&rsquo;Afrique, du Cara\u00efbe et du Pacifique (ACP). Ce partenariat est bas\u00e9 sur l&rsquo;Accord de Cotonou du 23 juin 2000. Conclu pour sur une p\u00e9riode de 20 ans, il est entr\u00e9 en vigueur en avril 2003. Il a \u00e9t\u00e9 r\u00e9vis\u00e9 pour la premi\u00e8re fois en juin 2005. La r\u00e9vision est entr\u00e9e en vigueur en le 1er juillet 2008. Elle est compos\u00e9e en nombre \u00e9gal, d&rsquo;une part, de membres du Parlement Europ\u00e9en et, d&rsquo;autre part, de parlementaires des pays d&rsquo;Afrique, du Cara\u00efbe et du Pacifique (ACP). Elle est n\u00e9e des liens historiques entre les pays ACP et les pays de l&rsquo;Union europ\u00e9enne (UE). Les membres de l&rsquo;Assembl\u00e9e Parlementaire Paritaire (APP) sont d&rsquo;une part des membres du Parlement Europ\u00e9en et, d&rsquo;autre part des parlementaires ou, \u00e0 d\u00e9faut, des repr\u00e9sentants d\u00e9sign\u00e9s par le Parlement de chaque Etat ACP. En l&rsquo;absence de Parlement, la participation d&rsquo;un repr\u00e9sentant de l&rsquo;Etat ACP concern\u00e9 est soumise \u00e0 l&rsquo;approbation pr\u00e9alable de l&rsquo;Assembl\u00e9e Parlementaire Paritaire.<br \/>\nLes \u00e9lus parlementaires des 78 pays ACP et 78 membres du parlement europ\u00e9en se r\u00e9unissent deux fois par an dans l&rsquo;Assembl\u00e9e Parlementaire Paritaire ACP-UE, une fois dans le pays UE qui d\u00e9tient la pr\u00e9sidence du Conseil UE et une fois dans un pays choisi par les ACP.<br \/>\nL&rsquo;APP\/ACP-UE, en tant qu&rsquo;organe consultatif, est charg\u00e9 de promouvoir les processus d\u00e9mocratiques par le dialogue et la concertation, de permettre une plus grande compr\u00e9hension entre les peuples de l&rsquo;Union Europ\u00e9enne et des Etats ACP et de sensibiliser les opinions publiques aux questions de d\u00e9veloppement, d&rsquo;examiner les questions relatives au d\u00e9veloppement et au partenariat ACP-UE. A cet effet, elle adopte des r\u00e9solutions et adresse des recommandations au Conseil des Ministres.<br \/>\nLes activit\u00e9s de l&rsquo;Assembl\u00e9e Parlementaire Paritaire ACP-UE au plan national son anim\u00e9es par le groupe national ACP-UE. Le groupe national prend part r\u00e9guli\u00e8rement aux assises de l&rsquo;APP\/ACP-UE. Ses membres y ont occup\u00e9 de hautes fonctions au sein de cette instance.<br \/>\nLe site Web de l&rsquo;APP\/ACP-UE est <a href=\"http:\/\/www.acp.int\/\">www.acp.int<\/a><\/p>\n<p>&nbsp;<\/p>\n<p><strong>d. L&rsquo;Assembl\u00e9e Parlementaire de la Francophonie (APF)<\/strong><\/p>\n<p>L&rsquo;APF est l&rsquo;organisation interparlementaire des pays francophones. A sa naissance en mai 1967 \u00e0 Luxembourg, elle s&rsquo;appelait \u00ab\u00a0Association Internationale des Parlementaires de Langue Fran\u00e7aise\u00a0\u00bb (AIPLF). Elle avait pour objectifs essentiels de contribuer au rayonnement de la langue fran\u00e7aise et au renforcement du pluralisme culturel des peuples de la francophonie. En 1989, l&rsquo;AIPLF est devenue \u00ab\u00a0Assembl\u00e9e Internationale des Parlementaires de Langue Fran\u00e7aise\u00a0\u00bb (AIPLF) puis en 1998, \u00ab\u00a0Assembl\u00e9e Parlementaire de la Francophonie\u00a0\u00bb (APF).<br \/>\nL&rsquo;APF se veut un creuset privil\u00e9gi\u00e9 des parlements francophones pour la promotion de la d\u00e9mocratie et des droits de l&rsquo;Homme en plus de son r\u00f4le originel du rayonnement de la langue fran\u00e7aise et du renforcement du pluralisme culturel. Les activit\u00e9s de l&rsquo;APF sont anim\u00e9es par la section nationale APF.<br \/>\nLe site Web de l&rsquo;APF est : <a href=\"http:\/\/apf.francophonie.org\/\">apf.francophonie.org<\/a><\/p>\n<p>&nbsp;<\/p>\n<p><strong><em>e. L&rsquo;Union Parlementaire des Etats membres de l&rsquo;Organisation de la Conf\u00e9rence Islamique (UPMOCI)<\/em><\/strong><\/p>\n<p>L&rsquo;UPMOCI a tenu sa conf\u00e9rence constitutive le 17 juin 1999 \u00e0 T\u00e9h\u00e9ran (R\u00e9publique Islamique d&rsquo;Iran). Elle a son si\u00e8ge \u00e0 T\u00e9h\u00e9ran et est compos\u00e9e de 150 pays membres dont le B\u00e9nin avec onze (11) organisations r\u00e9gionales, internationales et des observateurs.<br \/>\nSes objectifs sont les suivants :<br \/>\n&#8211; expliquer et diffuser les principes de l&rsquo;Islam avec un accent particulier sur les aspects de la civilisation islamique ;<br \/>\n&#8211; renforcer la mise en \u0153uvre du principe islamique de consultation (Choua) dans tous les Etats membres de l&rsquo;OCI en tenant compte des sp\u00e9cificit\u00e9s de chaque Etat ;<br \/>\n&#8211; cr\u00e9er un cadre de coop\u00e9ration globale entre les parlements des Etats membres de l&rsquo;OCI ;<br \/>\n&#8211; promouvoir le dialogue entre les parlements des Etats membres de l&rsquo;OCI ;<br \/>\n&#8211; promouvoir les \u00e9changes d&rsquo;exp\u00e9riences sur les plans parlementaire, \u00e9conomique, politique, social et culturel entre parlements membres ;<br \/>\n&#8211; renforcer la coop\u00e9ration avec les autres organisations parlementaires en vue d&rsquo;atteindre des objectifs communs ;<br \/>\n&#8211; renforcer la coop\u00e9ration entre les peuples des Etats de l&rsquo;espace OCI en vue du respect et de la protection des droits de l&rsquo;Homme, de la justice et de la paix.<br \/>\nSon site internet est : www.puic.org<\/p>\n<p>&nbsp;<\/p>\n<p><strong>f. La Conf\u00e9rence des Pr\u00e9sidents d&rsquo;Assembl\u00e9e de l&rsquo;Afrique de l&rsquo;Ouest (CPAO)<\/strong><\/p>\n<p>La CPAO est une initiative de Monsieur M\u00e9l\u00e9gu\u00e9 TRAORE, ancien Pr\u00e9sident de l&rsquo;Assembl\u00e9e Nationale du Burkina-Faso. En mars 1998, alors qu&rsquo;il venait de proc\u00e9der \u00e0 l&rsquo;ouverture de la premi\u00e8re session ordinaire de l&rsquo;ann\u00e9e, il a organis\u00e9 un d\u00eener aux personnalit\u00e9s invit\u00e9es \u00e0 sa r\u00e9sidence. Au cours de ce diner, il a \u00e9mis l&rsquo;id\u00e9e que les Chefs des parlements se r\u00e9unissent en conf\u00e9rence une fois par an, \u00e0 l&rsquo;instar des Ex\u00e9cutifs.<br \/>\nTous les Pr\u00e9sidents de parlement pr\u00e9sents \u00e0 ce diner ont unanimement adh\u00e9r\u00e9 \u00e0 l&rsquo;id\u00e9e et les r\u00e9flexions s&rsquo;\u00e9taient poursuivies. Au nombre des id\u00e9es \u00e9mises, figurait celle de renforcer les efforts et l&rsquo;action des Chefs d&rsquo;Etat pour l&rsquo;int\u00e9gration sous-r\u00e9gionale. Pour les Pr\u00e9sidents d&rsquo;Assembl\u00e9e, la vision \u00e9tait celle de l&rsquo;int\u00e9gration dans un cadre spatial global, ne tenant pas en compte des vieux clivages h\u00e9rit\u00e9s de la colonisation qui caract\u00e9risaient l&rsquo;Afrique de l&rsquo;Ouest. Il a \u00e9t\u00e9 retenu ce soir-l\u00e0 m\u00eame l&rsquo;initiative d&rsquo;une premi\u00e8re rencontre \u00e0 Accra au Ghana pour poursuivre les r\u00e9flexions. Elle a eu lieu du 3 au 5 mai 1999 et la c\u00e9r\u00e9monie d&rsquo;ouverture a \u00e9t\u00e9 pr\u00e9sid\u00e9e par Son Excellence, J. Jerry RAWLINGS alors Pr\u00e9sident de la R\u00e9publique du Ghana. Ainsi naissait la CPAO. La ferveur et l&rsquo;enthousiasme de Ouagadougou et de Accra vont s&rsquo;\u00e9tioler au fil des ans et plonger la CPAO dans la torpeur. Il a fallu l&rsquo;engagement, la d\u00e9termination et la t\u00e9nacit\u00e9 de Son Excellence Professeur Mathurin Coffi NAGO, Pr\u00e9sident de l&rsquo;Assembl\u00e9e Nationale du B\u00e9nin et du S\u00e9nateur Ike EKWEREMADU, Pr\u00e9sident du Parlement de la CEDEAO pour la sortir de son long sommeil les 14 et 15 septembre 2013 \u00e0 Abuja au Nigeria.<br \/>\nLe parlement du B\u00e9nin est membre de ces parlements internationaux et organisations interparlementaires pr\u00e9cit\u00e9s et y joue un r\u00f4le tr\u00e8s actif. La Cellule charg\u00e9e de la Coop\u00e9ration Interparlementaire appuie les missions des d\u00e9put\u00e9s dans ces diff\u00e9rentes instances.<\/p>\n<\/div>\n\t\t<\/div><\/div><\/div><div id=\"pgc-590-4-2\"  class=\"panel-grid-cell panel-grid-cell-empty\" ><\/div><\/div><div id=\"pg-590-5\"  class=\"panel-grid panel-no-style\" ><div id=\"pgc-590-5-0\"  class=\"panel-grid-cell\" ><div id=\"panel-590-5-0-0\" class=\"so-panel widget widget_text panel-first-child panel-last-child\" data-index=\"6\" >\t\t\t<div class=\"textwidget\"><p>&nbsp;<\/p>\n<p>&nbsp;<\/p>\n<\/div>\n\t\t<\/div><\/div><\/div><\/div>","protected":false},"excerpt":{"rendered":"<p>R\u00e9seaux interparlementaires \u00a0 \u00a0 Les parlements internationaux<\/p>\n","protected":false},"author":10,"featured_media":0,"parent":1431,"menu_order":0,"comment_status":"closed","ping_status":"closed","template":"","meta":{"footnotes":""},"categories":[1],"tags":[],"class_list":["post-590","page","type-page","status-publish","hentry","category-uncategorized"],"_links":{"self":[{"href":"https:\/\/assemblee-nationale.bj\/index.php\/wp-json\/wp\/v2\/pages\/590","targetHints":{"allow":["GET"]}}],"collection":[{"href":"https:\/\/assemblee-nationale.bj\/index.php\/wp-json\/wp\/v2\/pages"}],"about":[{"href":"https:\/\/assemblee-nationale.bj\/index.php\/wp-json\/wp\/v2\/types\/page"}],"author":[{"embeddable":true,"href":"https:\/\/assemblee-nationale.bj\/index.php\/wp-json\/wp\/v2\/users\/10"}],"replies":[{"embeddable":true,"href":"https:\/\/assemblee-nationale.bj\/index.php\/wp-json\/wp\/v2\/comments?post=590"}],"version-history":[{"count":2,"href":"https:\/\/assemblee-nationale.bj\/index.php\/wp-json\/wp\/v2\/pages\/590\/revisions"}],"predecessor-version":[{"id":1434,"href":"https:\/\/assemblee-nationale.bj\/index.php\/wp-json\/wp\/v2\/pages\/590\/revisions\/1434"}],"up":[{"embeddable":true,"href":"https:\/\/assemblee-nationale.bj\/index.php\/wp-json\/wp\/v2\/pages\/1431"}],"wp:attachment":[{"href":"https:\/\/assemblee-nationale.bj\/index.php\/wp-json\/wp\/v2\/media?parent=590"}],"wp:term":[{"taxonomy":"category","embeddable":true,"href":"https:\/\/assemblee-nationale.bj\/index.php\/wp-json\/wp\/v2\/categories?post=590"},{"taxonomy":"post_tag","embeddable":true,"href":"https:\/\/assemblee-nationale.bj\/index.php\/wp-json\/wp\/v2\/tags?post=590"}],"curies":[{"name":"wp","href":"https:\/\/api.w.org\/{rel}","templated":true}]}}