
{"id":634,"date":"2017-09-15T10:10:55","date_gmt":"2017-09-15T09:10:55","guid":{"rendered":"https:\/\/assemblee-nationale.bj\/?page_id=634"},"modified":"2017-10-16T15:59:34","modified_gmt":"2017-10-16T14:59:34","slug":"rapports-dactivites","status":"publish","type":"page","link":"https:\/\/assemblee-nationale.bj\/index.php\/president-2\/le-president\/activites-du-president\/rapports-dactivites\/","title":{"rendered":"Rapports d&rsquo;activit\u00e9s"},"content":{"rendered":"<div id=\"pl-634\"  class=\"panel-layout\" ><div id=\"pg-634-0\"  class=\"panel-grid panel-no-style\" ><div id=\"pgc-634-0-0\"  class=\"panel-grid-cell panel-grid-cell-empty\" ><\/div><div id=\"pgc-634-0-1\"  class=\"panel-grid-cell panel-grid-cell-mobile-last\" ><div id=\"panel-634-0-1-0\" class=\"so-panel widget widget_text panel-first-child\" data-index=\"0\" ><div class=\"panel-widget-style panel-widget-style-for-634-0-1-0\" >\t\t\t<div class=\"textwidget\"><p>Rapports d&rsquo;activit\u00e9s<\/p>\n<\/div>\n\t\t<\/div><\/div><div id=\"panel-634-0-1-1\" class=\"so-panel widget widget_text panel-last-child\" data-index=\"1\" >\t\t\t<div class=\"textwidget\"><p>&nbsp;<\/p>\n<p>&nbsp;<\/p>\n<\/div>\n\t\t<\/div><\/div><div id=\"pgc-634-0-2\"  class=\"panel-grid-cell panel-grid-cell-empty\" ><\/div><\/div><div id=\"pg-634-1\"  class=\"panel-grid panel-no-style\" ><div id=\"pgc-634-1-0\"  class=\"panel-grid-cell panel-grid-cell-empty\" ><\/div><div id=\"pgc-634-1-1\"  class=\"panel-grid-cell panel-grid-cell-mobile-last\" ><div id=\"panel-634-1-1-1\" class=\"so-panel widget widget_text panel-last-child\" data-index=\"3\" >\t\t\t<div class=\"textwidget\"><\/div>\n\t\t<\/div><\/div><div id=\"pgc-634-1-2\"  class=\"panel-grid-cell panel-grid-cell-empty\" ><\/div><\/div><div id=\"pg-634-2\"  class=\"panel-grid panel-no-style\" ><div id=\"pgc-634-2-0\"  class=\"panel-grid-cell panel-grid-cell-empty\" ><\/div><div id=\"pgc-634-2-1\"  class=\"panel-grid-cell panel-grid-cell-mobile-last\" ><div id=\"panel-634-2-1-0\" class=\"so-panel widget widget_text panel-first-child\" data-index=\"4\" >\t\t\t<div class=\"textwidget\"><p><em>Veuiller cliquer sur l&rsquo;intitul\u00e9 du rapport pour acc\u00e9der au document pdf associ\u00e9<\/em><\/p>\n<\/div>\n\t\t<\/div><div id=\"panel-634-2-1-1\" class=\"so-panel widget widget_text panel-last-child\" data-index=\"5\" >\t\t\t<div class=\"textwidget\">\n<table id=\"tablepress-13\" class=\"tablepress tablepress-id-13\">\n<thead>\n<tr class=\"row-1 odd\">\n\t<th class=\"column-1\">N\u00b0<\/th><th class=\"column-2\">Intitul\u00e9<\/th><th class=\"column-3\">P\u00e9riode<\/th><th class=\"column-4\">Observations<\/th>\n<\/tr>\n<\/thead>\n<tbody class=\"row-hover\">\n<tr class=\"row-2 even\">\n\t<td class=\"column-1\">14<\/td><td class=\"column-2\"><a href=\"https:\/\/assemblee-nationale.bj\/wp-content\/uploads\/2022\/07\/2022-SO1-RAPPORT-DACTIVITES-DU-PAN-PREMIERE-SO-2022-1er-octobre-2021-au-31-mars-2022-20.04.2022-V.Finale.pdf\" rel=\"noopener\" target=\"_blank\">Rapport d'activit\u00e9s du pr\u00e9sident de l'Assembl\u00e9e Nationale<\/a><\/td><td class=\"column-3\">Du 01\/10\/2021 Au 31\/03\/2022<\/td><td class=\"column-4\"><\/td>\n<\/tr>\n<tr class=\"row-3 odd\">\n\t<td class=\"column-1\">13<\/td><td class=\"column-2\"><a href=\"https:\/\/assemblee-nationale.bj\/wp-content\/uploads\/2022\/07\/2021-SO2-RAPPORT-DACTIVITES-DU-PAN-VERS-FINAL-OCTOBRE-21-relu-PAN.pdf\" rel=\"noopener\" target=\"_blank\">Rapport d'activit\u00e9s du pr\u00e9sident de l'Assembl\u00e9e Nationale<\/a><\/td><td class=\"column-3\">Du 01\/04\/2021 Au 30\/09\/2021<\/td><td class=\"column-4\"><\/td>\n<\/tr>\n<tr class=\"row-4 even\">\n\t<td class=\"column-1\">12<\/td><td class=\"column-2\"><a href=\"https:\/\/assemblee-nationale.bj\/wp-content\/uploads\/2021\/04\/rapport-dactivit\u00e9-avril-2021.pdf\" rel=\"noopener\" target=\"_blank\">Rapport d'activit\u00e9s du pr\u00e9sident de l'Assembl\u00e9e Nationale<\/a><\/td><td class=\"column-3\">Du 01\/10\/2020 Au 31\/03\/2021<\/td><td class=\"column-4\"><\/td>\n<\/tr>\n<tr class=\"row-5 odd\">\n\t<td class=\"column-1\">11<\/td><td class=\"column-2\"><a href=\"https:\/\/assemblee-nationale.bj\/wp-content\/uploads\/2020\/11\/RAPPORT-DACTIVITES-DU-PAN-DEUXIEME-SESSION-ORDINAIRE-DE-LANNEE-2020-corrig\u00e9-sign\u00e9-et-fin.pdf\" rel=\"noopener\" target=\"_blank\">Rapport d'activit\u00e9s du pr\u00e9sident de l'Assembl\u00e9e Nationale<\/a><\/td><td class=\"column-3\">Du 01\/04\/2020 Au 30\/09\/2020<\/td><td class=\"column-4\"><\/td>\n<\/tr>\n<tr class=\"row-6 even\">\n\t<td class=\"column-1\">10<\/td><td class=\"column-2\"><a href=\"https:\/\/assemblee-nationale.bj\/wp-content\/uploads\/2020\/11\/1er-RAPPORT-DACTIVITE-PAN-2020-.pdf\" rel=\"noopener\" target=\"_blank\">Rapport d'activit\u00e9s du pr\u00e9sident de l'Assembl\u00e9e Nationale<\/a><\/td><td class=\"column-3\">Du 01\/10\/2019 Au 31\/03\/2020<\/td><td class=\"column-4\"><\/td>\n<\/tr>\n<tr class=\"row-7 odd\">\n\t<td class=\"column-1\">09<\/td><td class=\"column-2\"><a href=\"\/wp-content\/uploads\/2019\/10\/RAPPORT-D\u2019ACTIVITES-FINAL-DU-PRESIDENT-ASS.-NAT.-_2e.S.O-2019_P\u00e9riode-du-1er-Avril-au-30-Sept.-2019.pdf\" rel=\"noopener\" target=\"_blank\">Rapport d'activit\u00e9s du pr\u00e9sident de l'Assembl\u00e9e Nationale<\/a><\/td><td class=\"column-3\">Du 01\/04\/2019 Au 30\/09\/2019<\/td><td class=\"column-4\"><\/td>\n<\/tr>\n<tr class=\"row-8 even\">\n\t<td class=\"column-1\">08<\/td><td class=\"column-2\"><a target=\"_blank\" href=\"\/wp-content\/uploads\/2018\/12\/RAPPORT-DACTIVITES-DU-PAN-1ER-AVRIL-AU-30-SEPTEMBRE-2018.pdf\">Rapport d'activit\u00e9s du pr\u00e9sident de l'Assembl\u00e9e Nationale<\/a><\/td><td class=\"column-3\">Du 1\/04\/2018 Au 30\/09\/2018<\/td><td class=\"column-4\"><\/td>\n<\/tr>\n<tr class=\"row-9 odd\">\n\t<td class=\"column-1\">07<\/td><td class=\"column-2\"><a target=\"_blank\" href=\"\/wp-content\/uploads\/2018\/12\/RAPPORT-DACTIVITES-DU-PAN-PERIODE-DU-1ER-OCTOBRE-2017-AU-31-MARS-2018.pdf\">Rapport d'activit\u00e9s du pr\u00e9sident de l'Assembl\u00e9e Nationale<\/a><\/td><td class=\"column-3\">Du 1\/10\/2017  Au 31\/03\/2018<\/td><td class=\"column-4\"><\/td>\n<\/tr>\n<tr class=\"row-10 even\">\n\t<td class=\"column-1\">06<\/td><td class=\"column-2\"><a target=\"_blank\" href=\"\/wp-content\/uploads\/2017\/11\/Rapport-dactivit\u00e9s-du-pt-session-ordinaire-de-lann\u00e9e-2017.pdf\">Rapport d'activit\u00e9s du pr\u00e9sident de l'Assembl\u00e9e Nationale<\/a><\/td><td class=\"column-3\">Du 01\/04\/2017 Au 30\/09\/2017<\/td><td class=\"column-4\"><\/td>\n<\/tr>\n<tr class=\"row-11 odd\">\n\t<td class=\"column-1\">05<\/td><td class=\"column-2\"><a target=\"_blank\" href=\"\/wp-content\/uploads\/2017\/09\/RAPPORT-DACTIVITES-PRESIDENT-AN-SO2-2011.pdf\">Rapport d'activit\u00e9s du pr\u00e9sident de l'Assembl\u00e9e Nationale<\/a><\/td><td class=\"column-3\">Du 20\/05\/2011 Au 20\/10\/2011<\/td><td class=\"column-4\"><\/td>\n<\/tr>\n<tr class=\"row-12 even\">\n\t<td class=\"column-1\">04<\/td><td class=\"column-2\"><a target=\"_blank\" href=\"\/wp-content\/uploads\/2017\/09\/RAPPORT-DACTIVITES-PRESIDENT-AN-01-04-AU-30-09-12.pdf\">Rapport d'activit\u00e9s du pr\u00e9sident de l'Assembl\u00e9e Nationale<\/a><\/td><td class=\"column-3\">Du 01\/04\/2012 Au 30\/09\/2012<\/td><td class=\"column-4\"><\/td>\n<\/tr>\n<tr class=\"row-13 odd\">\n\t<td class=\"column-1\">03<\/td><td class=\"column-2\"><a target=\"_blank\" href=\"\/wp-content\/uploads\/2017\/09\/RAPPORT-DACTIVITES-PRESIDENT-AN-PREMIERE-SESSION-ORDINAIRE-2012.pdf\">Rapport d'activit\u00e9s du pr\u00e9sident de l'Assembl\u00e9e Nationale<\/a><\/td><td class=\"column-3\">Du 21\/10\/2011 Au 31\/03\/2012<\/td><td class=\"column-4\"><\/td>\n<\/tr>\n<tr class=\"row-14 even\">\n\t<td class=\"column-1\">02<\/td><td class=\"column-2\"><a target=\"_blank\" href=\"\/wp-content\/uploads\/2017\/09\/RAPPORT-DACTIVITES-PRESIDENT-AN-PREMIERE-SESSION-ORDINAIRE-2013.pdf\">Rapport d'activit\u00e9s du pr\u00e9sident de l'Assembl\u00e9e Nationale<\/a><\/td><td class=\"column-3\">Du 01\/10\/2012 Au 31\/03\/2013<\/td><td class=\"column-4\"><\/td>\n<\/tr>\n<tr class=\"row-15 odd\">\n\t<td class=\"column-1\">01<\/td><td class=\"column-2\"><a target=\"_blank\" href=\"\/wp-content\/uploads\/2017\/09\/RAPPORT-DACTIVITES-PRESIDENT-AN-SO2-2011.pdf\">Rapport d'activit\u00e9s du pr\u00e9sident de l'Assembl\u00e9e Nationale<\/a><\/td><td class=\"column-3\">Du 01\/04\/2014 Au 30\/09\/2014<\/td><td class=\"column-4\"><\/td>\n<\/tr>\n<\/tbody>\n<\/table>\n<!-- #tablepress-13 from cache -->\n<\/div>\n\t\t<\/div><\/div><div id=\"pgc-634-2-2\"  class=\"panel-grid-cell panel-grid-cell-empty\" ><\/div><\/div><div id=\"pg-634-3\"  class=\"panel-grid panel-no-style\" ><div id=\"pgc-634-3-0\"  class=\"panel-grid-cell panel-grid-cell-empty\" ><\/div><div id=\"pgc-634-3-1\"  class=\"panel-grid-cell panel-grid-cell-mobile-last\" ><div id=\"panel-634-3-1-0\" class=\"so-panel widget widget_text panel-first-child panel-last-child\" data-index=\"6\" >\t\t\t<div class=\"textwidget\"><p>&nbsp;<\/p>\n<p>&nbsp;<\/p>\n<\/div>\n\t\t<\/div><\/div><div id=\"pgc-634-3-2\"  class=\"panel-grid-cell panel-grid-cell-empty\" ><\/div><\/div><\/div>","protected":false},"excerpt":{"rendered":"<p>Rapports d&rsquo;activit\u00e9s &nbsp; &nbsp;<\/p>\n","protected":false},"author":10,"featured_media":0,"parent":631,"menu_order":0,"comment_status":"closed","ping_status":"closed","template":"","meta":{"footnotes":""},"categories":[1],"tags":[],"class_list":["post-634","page","type-page","status-publish","hentry","category-uncategorized"],"_links":{"self":[{"href":"https:\/\/assemblee-nationale.bj\/index.php\/wp-json\/wp\/v2\/pages\/634","targetHints":{"allow":["GET"]}}],"collection":[{"href":"https:\/\/assemblee-nationale.bj\/index.php\/wp-json\/wp\/v2\/pages"}],"about":[{"href":"https:\/\/assemblee-nationale.bj\/index.php\/wp-json\/wp\/v2\/types\/page"}],"author":[{"embeddable":true,"href":"https:\/\/assemblee-nationale.bj\/index.php\/wp-json\/wp\/v2\/users\/10"}],"replies":[{"embeddable":true,"href":"https:\/\/assemblee-nationale.bj\/index.php\/wp-json\/wp\/v2\/comments?post=634"}],"version-history":[{"count":2,"href":"https:\/\/assemblee-nationale.bj\/index.php\/wp-json\/wp\/v2\/pages\/634\/revisions"}],"predecessor-version":[{"id":639,"href":"https:\/\/assemblee-nationale.bj\/index.php\/wp-json\/wp\/v2\/pages\/634\/revisions\/639"}],"up":[{"embeddable":true,"href":"https:\/\/assemblee-nationale.bj\/index.php\/wp-json\/wp\/v2\/pages\/631"}],"wp:attachment":[{"href":"https:\/\/assemblee-nationale.bj\/index.php\/wp-json\/wp\/v2\/media?parent=634"}],"wp:term":[{"taxonomy":"category","embeddable":true,"href":"https:\/\/assemblee-nationale.bj\/index.php\/wp-json\/wp\/v2\/categories?post=634"},{"taxonomy":"post_tag","embeddable":true,"href":"https:\/\/assemblee-nationale.bj\/index.php\/wp-json\/wp\/v2\/tags?post=634"}],"curies":[{"name":"wp","href":"https:\/\/api.w.org\/{rel}","templated":true}]}}