
{"id":724,"date":"2017-09-16T13:59:59","date_gmt":"2017-09-16T12:59:59","guid":{"rendered":"https:\/\/assemblee-nationale.bj\/?page_id=724"},"modified":"2017-10-13T11:32:20","modified_gmt":"2017-10-13T10:32:20","slug":"discours-et-allocutions","status":"publish","type":"page","link":"https:\/\/assemblee-nationale.bj\/index.php\/president-2\/le-president\/activites-du-president\/discours-et-allocutions\/","title":{"rendered":"Discours et Allocutions"},"content":{"rendered":"<div id=\"pl-724\"  class=\"panel-layout\" ><div id=\"pg-724-0\"  class=\"panel-grid panel-no-style\" ><div id=\"pgc-724-0-0\"  class=\"panel-grid-cell panel-grid-cell-empty\" ><\/div><div id=\"pgc-724-0-1\"  class=\"panel-grid-cell panel-grid-cell-mobile-last\" ><div id=\"panel-724-0-1-0\" class=\"so-panel widget widget_text panel-first-child\" data-index=\"0\" ><div class=\"panel-widget-style panel-widget-style-for-724-0-1-0\" >\t\t\t<div class=\"textwidget\"><p>Discours et Allocutions<\/p>\n<\/div>\n\t\t<\/div><\/div><div id=\"panel-724-0-1-1\" class=\"so-panel widget widget_text panel-last-child\" data-index=\"1\" >\t\t\t<div class=\"textwidget\"><p>&nbsp;<\/p>\n<p>&nbsp;<\/p>\n<\/div>\n\t\t<\/div><\/div><div id=\"pgc-724-0-2\"  class=\"panel-grid-cell panel-grid-cell-empty\" ><\/div><\/div><div id=\"pg-724-1\"  class=\"panel-grid panel-no-style\" ><div id=\"pgc-724-1-0\"  class=\"panel-grid-cell panel-grid-cell-empty\" ><\/div><div id=\"pgc-724-1-1\"  class=\"panel-grid-cell panel-grid-cell-mobile-last\" ><div id=\"panel-724-1-1-1\" class=\"so-panel widget widget_text panel-last-child\" data-index=\"3\" >\t\t\t<div class=\"textwidget\"><\/div>\n\t\t<\/div><\/div><div id=\"pgc-724-1-2\"  class=\"panel-grid-cell panel-grid-cell-empty\" ><\/div><\/div><div id=\"pg-724-2\"  class=\"panel-grid panel-no-style\" ><div id=\"pgc-724-2-0\"  class=\"panel-grid-cell panel-grid-cell-empty\" ><\/div><div id=\"pgc-724-2-1\"  class=\"panel-grid-cell panel-grid-cell-mobile-last\" ><div id=\"panel-724-2-1-0\" class=\"so-panel widget widget_text panel-first-child\" data-index=\"4\" >\t\t\t<div class=\"textwidget\"><p><em>Veuiller cliquer sur l&rsquo;intitul\u00e9 du discours pour acc\u00e9der au document pdf associ\u00e9<\/em><\/p>\n<\/div>\n\t\t<\/div><div id=\"panel-724-2-1-1\" class=\"so-panel widget widget_text panel-last-child\" data-index=\"5\" >\t\t\t<div class=\"textwidget\">\n<table id=\"tablepress-12\" class=\"tablepress tablepress-id-12\">\n<thead>\n<tr class=\"row-1 odd\">\n\t<th class=\"column-1\">N\u00b0<\/th><th class=\"column-2\">R\u00e9f\u00e9rences<\/th><th class=\"column-3\">Intitul\u00e9<\/th><th class=\"column-4\">Observations<\/th>\n<\/tr>\n<\/thead>\n<tbody class=\"row-hover\">\n<tr class=\"row-2 even\">\n\t<td class=\"column-1\">12<\/td><td class=\"column-2\"><a href=\"\/wp-content\/uploads\/2019\/10\/DISCOURS-PAN-DERNIERE-VERSION_1__1_.pdf\" rel=\"noopener\" target=\"_blank\">Ouverture solennelle de la deuxi\u00e8me session ordinaire de l'ann\u00e9e 2019.<\/a><\/td><td class=\"column-3\"><a href=\"\/wp-content\/uploads\/2019\/10\/DISCOURS-PAN-DERNIERE-VERSION_1__1_.pdf\" rel=\"noopener\" target=\"_blank\">Discours de son Excellence Monsieur Louis Gb\u00e8hounou VLAVONOU, Pr\u00e9sident de l'Assembl\u00e9e nationale du B\u00e9nin.<\/a><\/td><td class=\"column-4\"><\/td>\n<\/tr>\n<tr class=\"row-3 odd\">\n\t<td class=\"column-1\">11<\/td><td class=\"column-2\"><a target=\"_blank\" href=\"\/wp-content\/uploads\/2018\/12\/Allocution-du-president-\u00e0-la-cedeao.pdf\">Discours de son Excellence Ma\u00eetre Adrien Houngb\u00e9dji, Pr\u00e9sident de l'Assembl\u00e9e nationale du B\u00e9nin<\/a><\/td><td class=\"column-3\"><a target=\"_blank\" href=\"\/wp-content\/uploads\/2018\/12\/Allocution-du-president-\u00e0-la-cedeao.pdf\">Allocution du Pr\u00e9sident de l\u2019Assembl\u00e9e nationale Me Adrien HOUNGBEDJI \u00e0 l\u2019ouverture de la R\u00e9union de mise en place du Comit\u00e9 Interparlementaire de la CEDEAO, de la Mauritanie et du Tchad sur la mise en \u0153uvre de la D\u00e9claration d'Ouagadougou pour le financement ad\u00e9quat de la sant\u00e9, le dividende d\u00e9mographique et les politiques de population<\/a><\/td><td class=\"column-4\"><\/td>\n<\/tr>\n<tr class=\"row-4 even\">\n\t<td class=\"column-1\">10<\/td><td class=\"column-2\"><a target=\"_blank\" href=\"\/wp-content\/uploads\/2018\/12\/Allocution-du-Pr\u00e9sident-\u00e0-lacp-ue.pdf\">Discours de son Excellence Ma\u00eetre Adrien Houngb\u00e9dji, Pr\u00e9sident de l'Assembl\u00e9e nationale du B\u00e9nin<\/a><\/td><td class=\"column-3\"><a target=\"_blank\" href=\"\/wp-content\/uploads\/2018\/12\/Allocution-du-Pr\u00e9sident-\u00e0-lacp-ue.pdf\">Allocution du Pr\u00e9sident de l\u2019Assembl\u00e9e nationale Me Adrien HOUNGBEDJI \u00e0 l\u2019ouverture de la 36\u00e8me Session de l\u2019Assembl\u00e9e Parlementaire Paritaire ACP-UE<br \/>\nCotonou, le 03 D\u00e9cembre 2018<br \/>\n<\/a><\/td><td class=\"column-4\"><\/td>\n<\/tr>\n<tr class=\"row-5 odd\">\n\t<td class=\"column-1\">09<\/td><td class=\"column-2\"><a target=\"_blank\" href=\"\/wp-content\/uploads\/2017\/09\/ALLOCUTION-ATELIER-PARL-CODE-ELECTORAL.pdf\">Discours de son Excellence Monsieur le Pr\u00e9sident de l'Assembl\u00e9e nationale du B\u00e9nin<\/a><\/td><td class=\"column-3\"><a target=\"_blank\" href=\"\/wp-content\/uploads\/2017\/09\/ALLOCUTION-ATELIER-PARL-CODE-ELECTORAL.pdf\">A l'ouverture de l'atelier parlementaire sur la proposition de loi portant code \u00e9lectoral en R\u00e9publique du B\u00e9nin<\/a><\/td><td class=\"column-4\"><\/td>\n<\/tr>\n<tr class=\"row-6 even\">\n\t<td class=\"column-1\">08<\/td><td class=\"column-2\"><a target=\"_blank\" href=\"\/wp-content\/uploads\/2017\/09\/Allocution-du-PT-AN-SEMINAIRE-DINFORMATION-PAR-FMI.pdf\">Discours de son Excellence Professeur Mathurin Coffi NAGO, Pr\u00e9sident de l'Assembl\u00e9e nationale du B\u00e9nin<\/a><\/td><td class=\"column-3\"><a target=\"_blank\" href=\"\/wp-content\/uploads\/2017\/09\/Allocution-du-PT-AN-SEMINAIRE-DINFORMATION-PAR-FMI.pdf\">A l'occasion du s\u00e9minaire d'information et d'\u00e9changes sur la situation de l'\u00e9conomie mondiale : le r\u00f4le et les interventions du FMI au B\u00e9nin<br \/>\nCotonou, le 18 janvier 2012<\/a><\/td><td class=\"column-4\"><\/td>\n<\/tr>\n<tr class=\"row-7 odd\">\n\t<td class=\"column-1\">07<\/td><td class=\"column-2\"><a target=\"_blank\" href=\"\/wp-content\/uploads\/2017\/09\/ALLOCUTION-PST-AN-ATELIER-RFFP-GD-POPO-PAUVRETE.pdf\">Allocution de son Excellence Professeur Mathurin Coffi NAGO, Pr\u00e9sident de l'Assembl\u00e9e Nationale du B\u00e9nin<\/a><\/td><td class=\"column-3\"><a target=\"_blank\" href=\"\/wp-content\/uploads\/2017\/09\/ALLOCUTION-PST-AN-ATELIER-RFFP-GD-POPO-PAUVRETE.pdf\">A l'ouverture du forum du r\u00e9seau des femmes fonctionnaires parlementaires<br \/>\n<br \/>\nSur le th\u00e8me : Approche genre et strat\u00e9gies de lutte contre la pauvret\u00e9 : le r\u00f4le du parlement b\u00e9ninois<\/a><\/td><td class=\"column-4\"><\/td>\n<\/tr>\n<tr class=\"row-8 even\">\n\t<td class=\"column-1\">06<\/td><td class=\"column-2\"><a target=\"_blank\" href=\"\/wp-content\/uploads\/2017\/09\/ALLOCUTION_DU_PRESIDENT_KAMPALA.pdf\">Discours du Professeur Mathurin Coffi NAGO \u00e0 la 126\u00e8me Assembl\u00e9e de l'UIP<\/a><\/td><td class=\"column-3\"><a target=\"_blank\" href=\"\/wp-content\/uploads\/2017\/09\/ALLOCUTION_DU_PRESIDENT_KAMPALA.pdf\">Th\u00e8me : \"La promotion et la pratique de la bonne gouvernance comme moyen de favoriser la paix et la s\u00e9curit\u00e9 : tirer des enseignements des \u00e9v\u00e9nements r\u00e9cents au Moyen-Orient et en Afrique du Nord)<br \/>\nKAMPALA, du 31 mars au 05 avril 2012<\/a><\/td><td class=\"column-4\"><\/td>\n<\/tr>\n<tr class=\"row-9 odd\">\n\t<td class=\"column-1\">05<\/td><td class=\"column-2\"><a target=\"_blank\" href=\"\/wp-content\/uploads\/2017\/09\/ALLOCUTION-DU-PRESIDENT-A-LA-SESSION-DE-LOME.pdf\">Discours de son Excellence Professeur Mathurin Coffi NAGO, Pr\u00e9sident de l'Assembl\u00e9e nationale du B\u00e9nin<\/a><\/td><td class=\"column-3\"><a target=\"_blank\" href=\"\/wp-content\/uploads\/2017\/09\/ALLOCUTION-DU-PRESIDENT-A-LA-SESSION-DE-LOME.pdf\">A la C\u00e9r\u00e9monie d'ouverture de la deuxi\u00e8me session ordinaire de l'ann\u00e9e 2013 de l'Assembl\u00e9e Nationale du Togo.<br \/>\nLom\u00e9, le 1er octobre 2013<\/a><\/td><td class=\"column-4\"><\/td>\n<\/tr>\n<tr class=\"row-10 even\">\n\t<td class=\"column-1\">04<\/td><td class=\"column-2\"><a target=\"_blank\" href=\"\/wp-content\/uploads\/2017\/09\/ALLOCUTION-DU-PT-AN-A-LAPF-COTONOU.pdf\">Discours de son Excellence Professeur Mathurin Coffi NAGO, Pr\u00e9sident de l'Assembl\u00e9e nationale du B\u00e9nin<\/a><\/td><td class=\"column-3\"><a target=\"_blank\" href=\"\/wp-content\/uploads\/2017\/09\/ALLOCUTION-DU-PT-AN-A-LAPF-COTONOU.pdf\">A la XX\u00e8me Assembl\u00e9e R\u00e9gionale Afrique de l'Assembl\u00e9e Parlementaire de la francophonie (A.P.F.)<br \/>\nCotonou, du 14 au 17 mai 2012<\/a><\/td><td class=\"column-4\"><\/td>\n<\/tr>\n<tr class=\"row-11 odd\">\n\t<td class=\"column-1\">03<\/td><td class=\"column-2\"><a target=\"_blank\" href=\"\/wp-content\/uploads\/2017\/09\/ALLOCUTION-DU-PT-AN-RECEPTION-GRAND-CROIX-ONB.pdf\">Discours du Professeur Mathurin Coffi NAGO, grand croix de l'Ordre national du B\u00e9nin<\/a><\/td><td class=\"column-3\"><a target=\"_blank\" href=\"\/wp-content\/uploads\/2017\/09\/ALLOCUTION-DU-PT-AN-RECEPTION-GRAND-CROIX-ONB.pdf\">A l'occasion de la r\u00e9ception de 43 professeurs titulaires dans l'ordre national du B\u00e9nin et de la cl\u00f4ture officielle des assises du cames, \u00e9dition 2012<br \/>\nParakou, le 21 mai 2012<\/a><\/td><td class=\"column-4\"><\/td>\n<\/tr>\n<tr class=\"row-12 even\">\n\t<td class=\"column-1\">02<\/td><td class=\"column-2\"><a target=\"_blank\" href=\"\/wp-content\/uploads\/2017\/09\/DISCOURS_D_INSTALLATION_DU_PARLEMENT_DES_JEUNES_.pdf\">Discours d'installation officielle du parlement des jeunes du B\u00e9nin><\/a><\/td><td class=\"column-3\"><a target=\"_blank\" href=\"\/wp-content\/uploads\/2017\/09\/DISCOURS_D_INSTALLATION_DU_PARLEMENT_DES_JEUNES_.pdf\">Installation officielle du parlement des jeunes du B\u00e9nin<br \/>\nPorto-novo, le 02 Septembre 2014<\/a><\/td><td class=\"column-4\"><\/td>\n<\/tr>\n<tr class=\"row-13 odd\">\n\t<td class=\"column-1\">01<\/td><td class=\"column-2\"><a target=\"_blank\" href=\"\/wp-content\/uploads\/2017\/09\/DISCOURS_PT_AN_SESSION_OUV._SESSION_ORD._OCT._2014.pdf\">Discours d\u2019ouverture solennelle de la deuxi\u00e8me session ordinaire de l\u2019ann\u00e9e 2014<\/a><\/td><td class=\"column-3\"><a target=\"_blank\" href=\"\/wp-content\/uploads\/2017\/09\/DISCOURS_PT_AN_SESSION_OUV._SESSION_ORD._OCT._2014.pdf\">Installation officielle du parlement des jeunes du B\u00e9nin<br \/>\nPorto-novo, le 02 Septembre 2014<\/a><\/td><td class=\"column-4\"><\/td>\n<\/tr>\n<\/tbody>\n<\/table>\n\n<\/div>\n\t\t<\/div><\/div><div id=\"pgc-724-2-2\"  class=\"panel-grid-cell panel-grid-cell-empty\" ><\/div><\/div><div id=\"pg-724-3\"  class=\"panel-grid panel-no-style\" ><div id=\"pgc-724-3-0\"  class=\"panel-grid-cell panel-grid-cell-empty\" ><\/div><div id=\"pgc-724-3-1\"  class=\"panel-grid-cell panel-grid-cell-mobile-last\" ><div id=\"panel-724-3-1-0\" class=\"so-panel widget widget_text panel-first-child panel-last-child\" data-index=\"6\" >\t\t\t<div class=\"textwidget\"><p>&nbsp;<\/p>\n<p>&nbsp;<\/p>\n<\/div>\n\t\t<\/div><\/div><div id=\"pgc-724-3-2\"  class=\"panel-grid-cell panel-grid-cell-empty\" ><\/div><\/div><\/div>","protected":false},"excerpt":{"rendered":"<p>Discours et Allocutions &nbsp; &nbsp;<\/p>\n","protected":false},"author":10,"featured_media":0,"parent":631,"menu_order":0,"comment_status":"closed","ping_status":"closed","template":"","meta":{"footnotes":""},"categories":[],"tags":[],"class_list":["post-724","page","type-page","status-publish","hentry"],"_links":{"self":[{"href":"https:\/\/assemblee-nationale.bj\/index.php\/wp-json\/wp\/v2\/pages\/724","targetHints":{"allow":["GET"]}}],"collection":[{"href":"https:\/\/assemblee-nationale.bj\/index.php\/wp-json\/wp\/v2\/pages"}],"about":[{"href":"https:\/\/assemblee-nationale.bj\/index.php\/wp-json\/wp\/v2\/types\/page"}],"author":[{"embeddable":true,"href":"https:\/\/assemblee-nationale.bj\/index.php\/wp-json\/wp\/v2\/users\/10"}],"replies":[{"embeddable":true,"href":"https:\/\/assemblee-nationale.bj\/index.php\/wp-json\/wp\/v2\/comments?post=724"}],"version-history":[{"count":1,"href":"https:\/\/assemblee-nationale.bj\/index.php\/wp-json\/wp\/v2\/pages\/724\/revisions"}],"predecessor-version":[{"id":725,"href":"https:\/\/assemblee-nationale.bj\/index.php\/wp-json\/wp\/v2\/pages\/724\/revisions\/725"}],"up":[{"embeddable":true,"href":"https:\/\/assemblee-nationale.bj\/index.php\/wp-json\/wp\/v2\/pages\/631"}],"wp:attachment":[{"href":"https:\/\/assemblee-nationale.bj\/index.php\/wp-json\/wp\/v2\/media?parent=724"}],"wp:term":[{"taxonomy":"category","embeddable":true,"href":"https:\/\/assemblee-nationale.bj\/index.php\/wp-json\/wp\/v2\/categories?post=724"},{"taxonomy":"post_tag","embeddable":true,"href":"https:\/\/assemblee-nationale.bj\/index.php\/wp-json\/wp\/v2\/tags?post=724"}],"curies":[{"name":"wp","href":"https:\/\/api.w.org\/{rel}","templated":true}]}}