
{"id":769,"date":"2017-09-18T09:00:18","date_gmt":"2017-09-18T08:00:18","guid":{"rendered":"https:\/\/assemblee-nationale.bj\/?page_id=769"},"modified":"2017-10-16T15:55:09","modified_gmt":"2017-10-16T14:55:09","slug":"espace_depute","status":"publish","type":"page","link":"https:\/\/assemblee-nationale.bj\/index.php\/acces-directs\/espace_depute\/","title":{"rendered":"Espace D\u00e9put\u00e9s"},"content":{"rendered":"<div id=\"pl-769\"  class=\"panel-layout\" ><div id=\"pg-769-0\"  class=\"panel-grid panel-no-style\" ><div id=\"pgc-769-0-0\"  class=\"panel-grid-cell panel-grid-cell-empty\" ><\/div><div id=\"pgc-769-0-1\"  class=\"panel-grid-cell panel-grid-cell-mobile-last\" ><div id=\"panel-769-0-1-0\" class=\"so-panel widget widget_text panel-first-child\" data-index=\"0\" ><div class=\"panel-widget-style panel-widget-style-for-769-0-1-0\" >\t\t\t<div class=\"textwidget\"><p>Espace\u00a0 d\u00e9put\u00e9s<\/p>\n<\/div>\n\t\t<\/div><\/div><div id=\"panel-769-0-1-1\" class=\"so-panel widget widget_text panel-last-child\" data-index=\"1\" >\t\t\t<div class=\"textwidget\"><p>&nbsp;<\/p>\n<p>&nbsp;<\/p>\n<\/div>\n\t\t<\/div><\/div><div id=\"pgc-769-0-2\"  class=\"panel-grid-cell panel-grid-cell-empty\" ><\/div><\/div><div id=\"pg-769-1\"  class=\"panel-grid panel-no-style\" ><div id=\"pgc-769-1-0\"  class=\"panel-grid-cell panel-grid-cell-empty\" ><\/div><div id=\"pgc-769-1-1\"  class=\"panel-grid-cell panel-grid-cell-mobile-last\" ><div id=\"panel-769-1-1-0\" class=\"so-panel widget widget_text panel-first-child panel-last-child\" data-index=\"2\" ><div class=\"panel-widget-style panel-widget-style-for-769-1-1-0\" >\t\t\t<div class=\"textwidget\"><h3>Chers\u00a0<span class=\"p11\">Honorables<\/span><span class=\"p11\">\u00a0 D\u00e9put\u00e9s, pour acc\u00e9der\u00a0au module\u00a0<\/span>\u00ab\u00a0Espace\u00a0D\u00e9put\u00e9s Priv\u00e9\u00a0\u00bb, Veuillez\u00a0cliquer\u00a0<a href=\"\/index.php\/connexion_depute\/\" target=\"_self\"><span style=\"color: blue;\"><strong>ici<\/strong> <\/span><\/a><\/h3>\n<\/div>\n\t\t<\/div><\/div><\/div><div id=\"pgc-769-1-2\"  class=\"panel-grid-cell panel-grid-cell-empty\" ><\/div><\/div><div id=\"pg-769-2\"  class=\"panel-grid panel-no-style\" ><div id=\"pgc-769-2-0\"  class=\"panel-grid-cell panel-grid-cell-empty\" ><\/div><div id=\"pgc-769-2-1\"  class=\"panel-grid-cell\" ><div id=\"panel-769-2-1-0\" class=\"so-panel widget widget_media_image panel-first-child panel-last-child\" data-index=\"3\" ><img loading=\"lazy\" decoding=\"async\" width=\"300\" height=\"200\" src=\"https:\/\/assemblee-nationale.bj\/wp-content\/uploads\/2017\/09\/AIMDBK_0122-300x200.png\" class=\"image wp-image-768  attachment-medium size-medium\" alt=\"\" style=\"max-width: 100%; height: auto;\" srcset=\"https:\/\/assemblee-nationale.bj\/wp-content\/uploads\/2017\/09\/AIMDBK_0122-300x200.png 300w, https:\/\/assemblee-nationale.bj\/wp-content\/uploads\/2017\/09\/AIMDBK_0122-380x254.png 380w, https:\/\/assemblee-nationale.bj\/wp-content\/uploads\/2017\/09\/AIMDBK_0122-285x190.png 285w, https:\/\/assemblee-nationale.bj\/wp-content\/uploads\/2017\/09\/AIMDBK_0122.png 480w\" sizes=\"auto, (max-width: 300px) 100vw, 300px\" \/><\/div><\/div><div id=\"pgc-769-2-2\"  class=\"panel-grid-cell panel-grid-cell-mobile-last\" ><div id=\"panel-769-2-2-0\" class=\"so-panel widget widget_text panel-first-child panel-last-child\" data-index=\"4\" ><div class=\"panel-widget-style panel-widget-style-for-769-2-2-0\" >\t\t\t<div class=\"textwidget\"><p>Le d\u00e9put\u00e9 est l&rsquo;\u00e9lu de toute la nation. Le d\u00e9put\u00e9 est le repr\u00e9sentant non pas de la circonscription \u00e9lectorale dans laquelle il est \u00e9lu, mais de toute la nation (article 80 de la Constitution). Cette disposition de la Constitution impose au d\u00e9put\u00e9 le d\u00e9fi de ne d\u00e9fendre que les int\u00e9r\u00eats de toute la Nation et non des int\u00e9r\u00eats particuliers (r\u00e9gionaux, professionnels, confessionnels, etc.).<\/p>\n<p>Les obligations normales du d\u00e9put\u00e9 sont de divers ordres, notamment :<\/p>\n<p>&#8211; l&rsquo;appartenance \u00e0 une et une seule commission permanente ;<\/p>\n<p>&#8211; la participation effective aux travaux en commission ;<br \/>\n&#8211; l&rsquo;interdiction de fumer dans la salle de d\u00e9lib\u00e9ration ;<br \/>\n&#8211; l&rsquo;interdiction de toute attaque personnelle, de toute irruption ou manifestation troublant l&rsquo;ordre ;<br \/>\n&#8211; l&rsquo;interdiction de prendre la parole sans l&rsquo;avoir demand\u00e9e et obtenue du Pr\u00e9sident.<\/p>\n<\/div>\n\t\t<\/div><\/div><\/div><div id=\"pgc-769-2-3\"  class=\"panel-grid-cell panel-grid-cell-empty\" ><\/div><\/div><div id=\"pg-769-3\"  class=\"panel-grid panel-no-style\" ><div id=\"pgc-769-3-0\"  class=\"panel-grid-cell panel-grid-cell-empty\" ><\/div><div id=\"pgc-769-3-1\"  class=\"panel-grid-cell panel-grid-cell-mobile-last\" ><div id=\"panel-769-3-1-0\" class=\"so-panel widget widget_text panel-first-child panel-last-child\" data-index=\"5\" >\t\t\t<div class=\"textwidget\"><p>&nbsp;<\/p>\n<p>&nbsp;<\/p>\n<\/div>\n\t\t<\/div><\/div><div id=\"pgc-769-3-2\"  class=\"panel-grid-cell panel-grid-cell-empty\" ><\/div><\/div><\/div>","protected":false},"excerpt":{"rendered":"<p>Espace\u00a0 d\u00e9put\u00e9s &nbsp; &nbsp; Chers\u00a0Honorables\u00a0 D\u00e9put\u00e9s, pour acc\u00e9der\u00a0au module\u00a0\u00ab\u00a0Espace\u00a0D\u00e9put\u00e9s Priv\u00e9\u00a0\u00bb, Veuillez\u00a0cliquer\u00a0ici<\/p>\n","protected":false},"author":10,"featured_media":0,"parent":1468,"menu_order":0,"comment_status":"closed","ping_status":"closed","template":"","meta":{"footnotes":""},"categories":[1],"tags":[],"class_list":["post-769","page","type-page","status-publish","hentry","category-uncategorized"],"_links":{"self":[{"href":"https:\/\/assemblee-nationale.bj\/index.php\/wp-json\/wp\/v2\/pages\/769","targetHints":{"allow":["GET"]}}],"collection":[{"href":"https:\/\/assemblee-nationale.bj\/index.php\/wp-json\/wp\/v2\/pages"}],"about":[{"href":"https:\/\/assemblee-nationale.bj\/index.php\/wp-json\/wp\/v2\/types\/page"}],"author":[{"embeddable":true,"href":"https:\/\/assemblee-nationale.bj\/index.php\/wp-json\/wp\/v2\/users\/10"}],"replies":[{"embeddable":true,"href":"https:\/\/assemblee-nationale.bj\/index.php\/wp-json\/wp\/v2\/comments?post=769"}],"version-history":[{"count":4,"href":"https:\/\/assemblee-nationale.bj\/index.php\/wp-json\/wp\/v2\/pages\/769\/revisions"}],"predecessor-version":[{"id":1482,"href":"https:\/\/assemblee-nationale.bj\/index.php\/wp-json\/wp\/v2\/pages\/769\/revisions\/1482"}],"up":[{"embeddable":true,"href":"https:\/\/assemblee-nationale.bj\/index.php\/wp-json\/wp\/v2\/pages\/1468"}],"wp:attachment":[{"href":"https:\/\/assemblee-nationale.bj\/index.php\/wp-json\/wp\/v2\/media?parent=769"}],"wp:term":[{"taxonomy":"category","embeddable":true,"href":"https:\/\/assemblee-nationale.bj\/index.php\/wp-json\/wp\/v2\/categories?post=769"},{"taxonomy":"post_tag","embeddable":true,"href":"https:\/\/assemblee-nationale.bj\/index.php\/wp-json\/wp\/v2\/tags?post=769"}],"curies":[{"name":"wp","href":"https:\/\/api.w.org\/{rel}","templated":true}]}}