
{"id":834,"date":"2017-09-19T08:47:27","date_gmt":"2017-09-19T07:47:27","guid":{"rendered":"https:\/\/assemblee-nationale.bj\/?page_id=834"},"modified":"2017-10-16T15:56:31","modified_gmt":"2017-10-16T14:56:31","slug":"espace_presse","status":"publish","type":"page","link":"https:\/\/assemblee-nationale.bj\/index.php\/acces-directs\/espace_presse\/","title":{"rendered":"Espace Presse"},"content":{"rendered":"<div id=\"pl-834\"  class=\"panel-layout\" ><div id=\"pg-834-0\"  class=\"panel-grid panel-no-style\" ><div id=\"pgc-834-0-0\"  class=\"panel-grid-cell panel-grid-cell-empty\" ><\/div><div id=\"pgc-834-0-1\"  class=\"panel-grid-cell panel-grid-cell-mobile-last\" ><div id=\"panel-834-0-1-0\" class=\"so-panel widget widget_text panel-first-child\" data-index=\"0\" ><div class=\"panel-widget-style panel-widget-style-for-834-0-1-0\" >\t\t\t<div class=\"textwidget\"><p>Espace Presse<\/p>\n<\/div>\n\t\t<\/div><\/div><div id=\"panel-834-0-1-1\" class=\"so-panel widget widget_text panel-last-child\" data-index=\"1\" >\t\t\t<div class=\"textwidget\"><p>&nbsp;<\/p>\n<p>&nbsp;<\/p>\n<\/div>\n\t\t<\/div><\/div><div id=\"pgc-834-0-2\"  class=\"panel-grid-cell panel-grid-cell-empty\" ><\/div><\/div><div id=\"pg-834-1\"  class=\"panel-grid panel-no-style\" ><div id=\"pgc-834-1-0\"  class=\"panel-grid-cell panel-grid-cell-empty\" ><\/div><div id=\"pgc-834-1-1\"  class=\"panel-grid-cell panel-grid-cell-mobile-last\" ><div id=\"panel-834-1-1-0\" class=\"so-panel widget widget_text panel-first-child panel-last-child\" data-index=\"2\" ><div class=\"panel-widget-style panel-widget-style-for-834-1-1-0\" >\t\t\t<div class=\"textwidget\"><p><strong style=\"color: red;\"><em>NB : Un passeport de connexion est exig\u00e9 pour acc\u00e9der \u00e0 <span style=\"color: green;\"> \u00ab\u00a0l\u2019Espace Presse priv\u00e9\u00a0\u00bb <\/span> des journalistes accr\u00e9dit\u00e9s au parlement, en cliquant <a href=\"\/index.php\/connexion_presse\"><span style=\"color: green;\"><strong>ic<\/strong>i <\/span><\/a><br \/>\n<\/em><\/strong><\/p>\n<h2>Devenir journaliste accr\u00e9dit\u00e9 au parlement b\u00e9ninois :<\/h2>\n<\/div>\n\t\t<\/div><\/div><\/div><div id=\"pgc-834-1-2\"  class=\"panel-grid-cell panel-grid-cell-empty\" ><\/div><\/div><div id=\"pg-834-2\"  class=\"panel-grid panel-no-style\" ><div id=\"pgc-834-2-0\"  class=\"panel-grid-cell panel-grid-cell-empty\" ><\/div><div id=\"pgc-834-2-1\"  class=\"panel-grid-cell\" ><div id=\"panel-834-2-1-0\" class=\"so-panel widget widget_media_image panel-first-child panel-last-child\" data-index=\"3\" ><div style=\"width: 276px\" class=\"wp-caption alignnone\"><img loading=\"lazy\" decoding=\"async\" width=\"266\" height=\"300\" src=\"https:\/\/assemblee-nationale.bj\/wp-content\/uploads\/2017\/09\/Adjamossi-Max-266x300.png\" class=\"image wp-image-835  attachment-medium size-medium\" alt=\"\" style=\"max-width: 100%; height: auto;\" srcset=\"https:\/\/assemblee-nationale.bj\/wp-content\/uploads\/2017\/09\/Adjamossi-Max-266x300.png 266w, https:\/\/assemblee-nationale.bj\/wp-content\/uploads\/2017\/09\/Adjamossi-Max-768x868.png 768w, https:\/\/assemblee-nationale.bj\/wp-content\/uploads\/2017\/09\/Adjamossi-Max-906x1024.png 906w, https:\/\/assemblee-nationale.bj\/wp-content\/uploads\/2017\/09\/Adjamossi-Max.png 970w\" sizes=\"auto, (max-width: 266px) 100vw, 266px\" \/><p class=\"wp-caption-text\">Max Gaspard ADJAMOSSI \nPr\u00e9sident ReJAP<\/p><\/div><\/div><\/div><div id=\"pgc-834-2-2\"  class=\"panel-grid-cell panel-grid-cell-mobile-last\" ><div id=\"panel-834-2-2-0\" class=\"so-panel widget widget_text panel-first-child panel-last-child\" data-index=\"4\" ><div class=\"panel-widget-style panel-widget-style-for-834-2-2-0\" >\t\t\t<div class=\"textwidget\"><p>C\u2019est le Pr\u00e9sident de l\u2019Assembl\u00e9e Nationale, le Professeur Mathurin Coffi NAGO qui a su bien d\u00e9finir la mission du journaliste accr\u00e9dit\u00e9 au Parlement dans son allocution du 28 septembre 2008 : \u00abLes journalistes accr\u00e9dit\u00e9s au Parlement, partenaires privil\u00e9gi\u00e9s et fid\u00e8les de l\u2019Assembl\u00e9e Nationale, se sont donn\u00e9s le m\u00eame emploi du temps que les d\u00e9put\u00e9s. Venus tr\u00e8s t\u00f4t le matin, ils ne quittent le Palais des gouverneurs (si\u00e8ge de l\u2019Assembl\u00e9e nationale) qu\u2019apr\u00e8s s\u2019\u00eatre assur\u00e9 que le dernier d\u00e9put\u00e9 est rentr\u00e9 et qu\u2019il n\u2019y a plus d\u2019\u00e9v\u00e8nement. Mais \u00e0 la diff\u00e9rence des d\u00e9put\u00e9s, les journalistes accr\u00e9dit\u00e9s au Parlement ont une obligation de r\u00e9sultat et de compte rendu au quotidien. Ils doivent chaque soir, tous les soirs et m\u00eame parfois la nuit profonde rechercher le dernier \u00abcyber centre\u00bb encore ouvert pour envoyer leurs articles ou prendre la route de leur r\u00e9daction\u00bb.<\/p>\n<\/div>\n\t\t<\/div><\/div><\/div><div id=\"pgc-834-2-3\"  class=\"panel-grid-cell panel-grid-cell-empty\" ><\/div><\/div><div id=\"pg-834-3\"  class=\"panel-grid panel-no-style\" ><div id=\"pgc-834-3-0\"  class=\"panel-grid-cell panel-grid-cell-empty\" ><\/div><div id=\"pgc-834-3-1\"  class=\"panel-grid-cell panel-grid-cell-mobile-last\" ><div id=\"panel-834-3-1-0\" class=\"so-panel widget widget_text panel-first-child panel-last-child\" data-index=\"5\" ><div class=\"panel-widget-style panel-widget-style-for-834-3-1-0\" >\t\t\t<div class=\"textwidget\"><p>Tout journaliste postulant \u00e0 l\u2019accr\u00e9ditation doit d\u00e9poser un dossier au Secr\u00e9tariat G\u00e9n\u00e9ral Administratif de l\u2019Assembl\u00e9e Nationale. Ledit dossier doit comporter les pi\u00e8ces ci-apr\u00e8s :<\/p>\n<p>\u2022 une (01) demande d\u2019accr\u00e9ditation du responsable de l\u2019organe mentionnant les nom et pr\u00e9nom du journaliste, adress\u00e9e au\u00a0 Secr\u00e9taire G\u00e9n\u00e9ral Administratif du Parlement ;<\/p>\n<p>\u2022 une (01) photocopie de la carte de presse de la Haute Autorit\u00e9 de l\u2019Audiovisuel et de la Communication (HAAC) ;<\/p>\n<p>\u2022 deux (02) photos d\u2019identit\u00e9 r\u00e9centes.<\/p>\n<p>L\u2019administration parlementaire examine le dossier et r\u00e9pond au postulant par la division Presse et Accr\u00e9ditation. Lorsque le dossier est accept\u00e9, le journaliste est accr\u00e9dit\u00e9 au Parlement. Il re\u00e7oit alors sa carte d\u2019accr\u00e9ditation sign\u00e9e par le Secr\u00e9taire G\u00e9n\u00e9ral Administratif de l\u2019Assembl\u00e9e Nationale.<\/p>\n<p>Les journalistes accr\u00e9dit\u00e9s au Parlement ont un r\u00e9seau : le R\u00e9seau des Journalistes Accr\u00e9dit\u00e9s au Parlement (ReJAP). Il est dirig\u00e9 par un bureau de neuf (09) membres qui a \u00e0 sa t\u00eate Monsieur Max Gaspard ADJAMOSSI.<\/p>\n<p><strong>BUREAU DU ReJAP :<\/strong><\/p>\n<p>1. Pr\u00e9sident : Max Gaspard <strong>ADJAMOSSI<\/strong><\/p>\n<p>2. Vice Pr\u00e9sident : Fortun\u00e9 <strong>AGUEH<\/strong><\/p>\n<p>3. Secr\u00e9taire G\u00e9n\u00e9ral : Tobi <strong>AHLONSOU<\/strong><\/p>\n<p>4. Secr\u00e9taire charg\u00e9 de la Formation : Nicaise <strong>AZOMAHOU<\/strong><\/p>\n<p>5. Tr\u00e9sorier G\u00e9n\u00e9ral : William <strong>TCHOKKI<\/strong><\/p>\n<p>6. Organisateur G\u00e9n\u00e9ral : Omer <strong>d\u2019 ALMEIDA<\/strong><\/p>\n<p>7. Organisateur G\u00e9n\u00e9ral Adjoint : Pamphile <strong>ZINSOU-PLY<\/strong><\/p>\n<p>8. Secr\u00e9taire Charg\u00e9 de la presse \u00e9crite : Isma\u00ebl <strong>KEKO<\/strong><\/p>\n<p>9. Secr\u00e9taire charg\u00e9 de la presse audiovisuelle : Aristide Euloge <strong>MIKPON<\/strong><\/p>\n<\/div>\n\t\t<\/div><\/div><\/div><div id=\"pgc-834-3-2\"  class=\"panel-grid-cell panel-grid-cell-empty\" ><\/div><\/div><div id=\"pg-834-4\"  class=\"panel-grid panel-no-style\" ><div id=\"pgc-834-4-0\"  class=\"panel-grid-cell panel-grid-cell-empty\" ><\/div><div id=\"pgc-834-4-1\"  class=\"panel-grid-cell panel-grid-cell-mobile-last\" ><div id=\"panel-834-4-1-0\" class=\"so-panel widget widget_text panel-first-child panel-last-child\" data-index=\"6\" >\t\t\t<div class=\"textwidget\"><p>&nbsp;<\/p>\n<p>&nbsp;<\/p>\n<\/div>\n\t\t<\/div><\/div><div id=\"pgc-834-4-2\"  class=\"panel-grid-cell panel-grid-cell-empty\" ><\/div><\/div><\/div>","protected":false},"excerpt":{"rendered":"<p>Espace Presse &nbsp; &nbsp; NB : Un passeport de connexion est exig\u00e9 pour acc\u00e9der \u00e0 \u00ab\u00a0l\u2019Espace Presse priv\u00e9\u00a0\u00bb des journalistes accr\u00e9dit\u00e9s au parlement, en cliquant ici Devenir journaliste accr\u00e9dit\u00e9 au parlement b\u00e9ninois :<\/p>\n","protected":false},"author":10,"featured_media":0,"parent":1468,"menu_order":0,"comment_status":"closed","ping_status":"closed","template":"","meta":{"footnotes":""},"categories":[1],"tags":[],"class_list":["post-834","page","type-page","status-publish","hentry","category-uncategorized"],"_links":{"self":[{"href":"https:\/\/assemblee-nationale.bj\/index.php\/wp-json\/wp\/v2\/pages\/834","targetHints":{"allow":["GET"]}}],"collection":[{"href":"https:\/\/assemblee-nationale.bj\/index.php\/wp-json\/wp\/v2\/pages"}],"about":[{"href":"https:\/\/assemblee-nationale.bj\/index.php\/wp-json\/wp\/v2\/types\/page"}],"author":[{"embeddable":true,"href":"https:\/\/assemblee-nationale.bj\/index.php\/wp-json\/wp\/v2\/users\/10"}],"replies":[{"embeddable":true,"href":"https:\/\/assemblee-nationale.bj\/index.php\/wp-json\/wp\/v2\/comments?post=834"}],"version-history":[{"count":3,"href":"https:\/\/assemblee-nationale.bj\/index.php\/wp-json\/wp\/v2\/pages\/834\/revisions"}],"predecessor-version":[{"id":839,"href":"https:\/\/assemblee-nationale.bj\/index.php\/wp-json\/wp\/v2\/pages\/834\/revisions\/839"}],"up":[{"embeddable":true,"href":"https:\/\/assemblee-nationale.bj\/index.php\/wp-json\/wp\/v2\/pages\/1468"}],"wp:attachment":[{"href":"https:\/\/assemblee-nationale.bj\/index.php\/wp-json\/wp\/v2\/media?parent=834"}],"wp:term":[{"taxonomy":"category","embeddable":true,"href":"https:\/\/assemblee-nationale.bj\/index.php\/wp-json\/wp\/v2\/categories?post=834"},{"taxonomy":"post_tag","embeddable":true,"href":"https:\/\/assemblee-nationale.bj\/index.php\/wp-json\/wp\/v2\/tags?post=834"}],"curies":[{"name":"wp","href":"https:\/\/api.w.org\/{rel}","templated":true}]}}