
{"id":845,"date":"2017-09-19T09:44:13","date_gmt":"2017-09-19T08:44:13","guid":{"rendered":"https:\/\/assemblee-nationale.bj\/?page_id=845"},"modified":"2019-07-05T12:32:43","modified_gmt":"2019-07-05T11:32:43","slug":"archives","status":"publish","type":"page","link":"https:\/\/assemblee-nationale.bj\/index.php\/liens\/archives\/","title":{"rendered":"Archives"},"content":{"rendered":"<div id=\"pl-845\"  class=\"panel-layout\" ><div id=\"pg-845-0\"  class=\"panel-grid panel-no-style\" ><div id=\"pgc-845-0-0\"  class=\"panel-grid-cell panel-grid-cell-empty\" ><\/div><div id=\"pgc-845-0-1\"  class=\"panel-grid-cell panel-grid-cell-mobile-last\" ><div id=\"panel-845-0-1-0\" class=\"so-panel widget widget_text panel-first-child\" data-index=\"0\" ><div class=\"panel-widget-style panel-widget-style-for-845-0-1-0\" >\t\t\t<div class=\"textwidget\"><p>Archives des lois<\/p>\n<\/div>\n\t\t<\/div><\/div><div id=\"panel-845-0-1-1\" class=\"so-panel widget widget_text panel-last-child\" data-index=\"1\" >\t\t\t<div class=\"textwidget\"><p>&nbsp;<\/p>\n<p>&nbsp;<\/p>\n<\/div>\n\t\t<\/div><\/div><div id=\"pgc-845-0-2\"  class=\"panel-grid-cell panel-grid-cell-empty\" ><\/div><\/div><div id=\"pg-845-1\"  class=\"panel-grid panel-no-style\" ><div id=\"pgc-845-1-0\"  class=\"panel-grid-cell panel-grid-cell-empty\" ><\/div><div id=\"pgc-845-1-1\"  class=\"panel-grid-cell panel-grid-cell-mobile-last\" ><div id=\"panel-845-1-1-0\" class=\"so-panel widget widget_text panel-first-child panel-last-child\" data-index=\"2\" ><div class=\"panel-widget-style panel-widget-style-for-845-1-1-0\" >\t\t\t<div class=\"textwidget\"><p><em><a href=\"\/index.php\/1ere_legislature\/\"><img decoding=\"async\" style=\"width: 12px; height: 12px;\" src=\"\/wp-content\/uploads\/2017\/08\/logo-AN.png\" alt=\"benin flag\" \/><span style=\"color: #04373e;\"> 1\u00e8re L\u00e9gislature<\/span><\/a><\/em><\/p>\n<p><em><a href=\"\/index.php\/2eme_Legislature\/\"><img decoding=\"async\" style=\"width: 12px; height: 12px;\" src=\"\/wp-content\/uploads\/2017\/08\/logo-AN.png\" alt=\"benin flag\" \/><span style=\"color: #04373e;\"> 2\u00e8me L\u00e9gislature<\/span><\/a><\/em><\/p>\n<p><em><a href=\"\/index.php\/3eme_Legislature\/\"><img decoding=\"async\" style=\"width: 12px; height: 12px;\" src=\"\/wp-content\/uploads\/2017\/08\/logo-AN.png\" alt=\"benin flag\" \/><span style=\"color: #04373e;\"> 3\u00e8me L\u00e9gislature<\/span><\/a><\/em><\/p>\n<p><em><a href=\"\/index.php\/4eme_Legislature\/\"><img decoding=\"async\" style=\"width: 12px; height: 12px;\" src=\"\/wp-content\/uploads\/2017\/08\/logo-AN.png\" alt=\"benin flag\" \/><span style=\"color: #04373e;\"> 4\u00e8me L\u00e9gislature<\/span><\/a><\/em><\/p>\n<p><em><a href=\"\/index.php\/5eme_Legislature\/\"><img decoding=\"async\" style=\"width: 12px; height: 12px;\" src=\"\/wp-content\/uploads\/2017\/08\/logo-AN.png\" alt=\"benin flag\" \/><span style=\"color: #04373e;\"> 5\u00e8me L\u00e9gislature<\/span><\/a><\/em><\/p>\n<p><em><a href=\"\/index.php\/6eme_Legislature\/\"><img decoding=\"async\" style=\"width: 12px; height: 12px;\" src=\"\/wp-content\/uploads\/2017\/08\/logo-AN.png\" alt=\"benin flag\" \/><span style=\"color: #04373e;\">\u00a06\u00e8me L\u00e9gislature<\/span><\/a><\/em><\/p>\n<p><em><a href=\"\/index.php\/7eme-legislature\/\"><img decoding=\"async\" style=\"width: 12px; height: 12px;\" src=\"\/wp-content\/uploads\/2017\/08\/logo-AN.png\" alt=\"benin flag\" \/><span style=\"color: #04373e;\"> 7\u00e8me L\u00e9gislature<\/span><\/a><\/em><\/p>\n<p>&nbsp;<\/p>\n<\/div>\n\t\t<\/div><\/div><\/div><div id=\"pgc-845-1-2\"  class=\"panel-grid-cell panel-grid-cell-empty\" ><\/div><\/div><div id=\"pg-845-2\"  class=\"panel-grid panel-no-style\" ><div id=\"pgc-845-2-0\"  class=\"panel-grid-cell panel-grid-cell-empty\" ><\/div><div id=\"pgc-845-2-1\"  class=\"panel-grid-cell panel-grid-cell-mobile-last\" ><div id=\"panel-845-2-1-0\" class=\"so-panel widget widget_text panel-first-child panel-last-child\" data-index=\"3\" >\t\t\t<div class=\"textwidget\"><p>&nbsp;<\/p>\n<p>&nbsp;<\/p>\n<\/div>\n\t\t<\/div><\/div><div id=\"pgc-845-2-2\"  class=\"panel-grid-cell panel-grid-cell-empty\" ><\/div><\/div><\/div>","protected":false},"excerpt":{"rendered":"<p>Archives des lois &nbsp; &nbsp; 1\u00e8re L\u00e9gislature 2\u00e8me L\u00e9gislature 3\u00e8me L\u00e9gislature 4\u00e8me L\u00e9gislature 5\u00e8me L\u00e9gislature \u00a06\u00e8me L\u00e9gislature 7\u00e8me L\u00e9gislature &nbsp;<\/p>\n","protected":false},"author":10,"featured_media":0,"parent":1473,"menu_order":0,"comment_status":"closed","ping_status":"closed","template":"","meta":{"footnotes":""},"categories":[1],"tags":[],"class_list":["post-845","page","type-page","status-publish","hentry","category-uncategorized"],"_links":{"self":[{"href":"https:\/\/assemblee-nationale.bj\/index.php\/wp-json\/wp\/v2\/pages\/845","targetHints":{"allow":["GET"]}}],"collection":[{"href":"https:\/\/assemblee-nationale.bj\/index.php\/wp-json\/wp\/v2\/pages"}],"about":[{"href":"https:\/\/assemblee-nationale.bj\/index.php\/wp-json\/wp\/v2\/types\/page"}],"author":[{"embeddable":true,"href":"https:\/\/assemblee-nationale.bj\/index.php\/wp-json\/wp\/v2\/users\/10"}],"replies":[{"embeddable":true,"href":"https:\/\/assemblee-nationale.bj\/index.php\/wp-json\/wp\/v2\/comments?post=845"}],"version-history":[{"count":3,"href":"https:\/\/assemblee-nationale.bj\/index.php\/wp-json\/wp\/v2\/pages\/845\/revisions"}],"predecessor-version":[{"id":1887,"href":"https:\/\/assemblee-nationale.bj\/index.php\/wp-json\/wp\/v2\/pages\/845\/revisions\/1887"}],"up":[{"embeddable":true,"href":"https:\/\/assemblee-nationale.bj\/index.php\/wp-json\/wp\/v2\/pages\/1473"}],"wp:attachment":[{"href":"https:\/\/assemblee-nationale.bj\/index.php\/wp-json\/wp\/v2\/media?parent=845"}],"wp:term":[{"taxonomy":"category","embeddable":true,"href":"https:\/\/assemblee-nationale.bj\/index.php\/wp-json\/wp\/v2\/categories?post=845"},{"taxonomy":"post_tag","embeddable":true,"href":"https:\/\/assemblee-nationale.bj\/index.php\/wp-json\/wp\/v2\/tags?post=845"}],"curies":[{"name":"wp","href":"https:\/\/api.w.org\/{rel}","templated":true}]}}