
{"id":943,"date":"2017-09-23T11:10:00","date_gmt":"2017-09-23T10:10:00","guid":{"rendered":"https:\/\/assemblee-nationale.bj\/?page_id=943"},"modified":"2017-10-16T15:56:13","modified_gmt":"2017-10-16T14:56:13","slug":"connexion_personnel","status":"publish","type":"page","link":"https:\/\/assemblee-nationale.bj\/index.php\/acces-directs\/connexion_personnel\/","title":{"rendered":"Espace Personnel"},"content":{"rendered":"<div id=\"pl-943\"  class=\"panel-layout\" ><div id=\"pg-943-0\"  class=\"panel-grid panel-no-style\" ><div id=\"pgc-943-0-0\"  class=\"panel-grid-cell panel-grid-cell-empty\" ><\/div><div id=\"pgc-943-0-1\"  class=\"panel-grid-cell panel-grid-cell-mobile-last\" ><div id=\"panel-943-0-1-0\" class=\"so-panel widget widget_text panel-first-child\" data-index=\"0\" ><div class=\"panel-widget-style panel-widget-style-for-943-0-1-0\" >\t\t\t<div class=\"textwidget\"><p>FORUM DU PERSONNEL<\/p>\n<\/div>\n\t\t<\/div><\/div><div id=\"panel-943-0-1-1\" class=\"so-panel widget widget_text panel-last-child\" data-index=\"1\" >\t\t\t<div class=\"textwidget\"><p>&nbsp;<\/p>\n<p>&nbsp;<\/p>\n<\/div>\n\t\t<\/div><\/div><div id=\"pgc-943-0-2\"  class=\"panel-grid-cell panel-grid-cell-empty\" ><\/div><\/div><div id=\"pg-943-1\"  class=\"panel-grid panel-has-style\" ><div class=\"panel-row-style panel-row-style-for-943-1\" ><div id=\"pgc-943-1-0\"  class=\"panel-grid-cell panel-grid-cell-empty\" ><\/div><div id=\"pgc-943-1-1\"  class=\"panel-grid-cell panel-grid-cell-mobile-last\" ><div id=\"panel-943-1-1-0\" class=\"so-panel widget widget_text panel-first-child panel-last-child\" data-index=\"2\" ><div class=\"panel-widget-style panel-widget-style-for-943-1-1-0\" >\t\t\t<div class=\"textwidget\"><p><strong>Bienvenue sur le forum du personnel de l&rsquo;Assembl\u00e9e Nationale<\/strong><\/p>\n<\/div>\n\t\t<\/div><\/div><\/div><div id=\"pgc-943-1-2\"  class=\"panel-grid-cell panel-grid-cell-empty\" ><\/div><\/div><\/div><div id=\"pg-943-2\"  class=\"panel-grid panel-has-style\" ><div class=\"panel-row-style panel-row-style-for-943-2\" ><div id=\"pgc-943-2-0\"  class=\"panel-grid-cell panel-grid-cell-empty\" ><\/div><div id=\"pgc-943-2-1\"  class=\"panel-grid-cell panel-grid-cell-mobile-last\" ><div id=\"panel-943-2-1-0\" class=\"so-panel widget widget_text panel-first-child panel-last-child\" data-index=\"3\" >\t\t\t<div class=\"textwidget\">\n\n\n\n<form method=\"post\" action=\"https:\/\/assemblee-nationale.bj\/erreur-connexion.php\" class=\"bbp-login-form\">\n\t<fieldset class=\"bbp-form\">\n\t\t<legend>Connexion<\/legend>\n\n\t\t<div>\n\t\t\t<span class=\"bbp-username\">\n\t\t\t\t<label for=\"user_login\">Identifiant: <\/label>\t<input type=\"text\" name=\"log\" value=\"\" size=\"20\" id=\"user_login\" tabindex=\"101\" \/>\t<label for=\"user_pass\" > <\/label> <\/span>\t<span class=\"bbp-password\"> <label for=\"user_pass\">Mot de passe: <\/label>   <input type=\"password\" name=\"pwd\" value=\"\" size=\"20\" id=\"user_pass\" tabindex=\"102\" \/>\n\t\t\t<\/span>\n\t\t<\/div>\n\n\t\t<div class=\"bbp-remember-me\">\n\t\t\t<input type=\"checkbox\" name=\"rememberme\" value=\"forever\"  id=\"rememberme\" tabindex=\"103\" \/> \t<label for=\"rememberme\">Rester connect&eacute;<\/label> <label for=\"rememberme\"> <\/label> <label for=\"rememberme\"> <\/label> <label for=\"rememberme\"> <\/label> <label for=\"rememberme\"> <\/label>  <button type=\"submit\" tabindex=\"104\" name=\"user-submit\" class=\"button submit user-submit\">Connexion<\/button>\n\n\t\t\t\n\t\t<\/div>\n\n\t\t\n\t\t<div class=\"bbp-submit-wrapper\">\n\n\t\t\t\n\t\t<input type=\"hidden\" name=\"user-cookie\" value=\"1\" \/>\n\n\t\t<input type=\"hidden\" id=\"bbp_redirect_to\" name=\"redirect_to\" value=\"https:\/\/assemblee-nationale.bj\/index.php\/wp-json\/wp\/v2\/pages\/943\" \/><input type=\"hidden\" id=\"_wpnonce\" name=\"_wpnonce\" value=\"de7a10d566\" \/><input type=\"hidden\" name=\"_wp_http_referer\" value=\"\/index.php\/wp-json\/wp\/v2\/pages\/943\" \/>\n\t\t<\/div>\n\t<\/fieldset>\n<\/form>\n\n<\/div>\n\t\t<\/div><\/div><div id=\"pgc-943-2-2\"  class=\"panel-grid-cell panel-grid-cell-empty\" ><\/div><\/div><\/div><div id=\"pg-943-3\"  class=\"panel-grid panel-has-style\" ><div class=\"panel-row-style panel-row-style-for-943-3\" ><div id=\"pgc-943-3-0\"  class=\"panel-grid-cell panel-grid-cell-empty\" ><\/div><div id=\"pgc-943-3-1\"  class=\"panel-grid-cell panel-grid-cell-empty\" ><\/div><div id=\"pgc-943-3-2\"  class=\"panel-grid-cell\" ><div id=\"panel-943-3-2-0\" class=\"so-panel widget widget_text panel-first-child panel-last-child\" data-index=\"4\" >\t\t\t<div class=\"textwidget\">\n<\/div>\n\t\t<\/div><\/div><\/div><\/div><div id=\"pg-943-4\"  class=\"panel-grid panel-no-style\" ><div id=\"pgc-943-4-0\"  class=\"panel-grid-cell panel-grid-cell-empty\" ><\/div><div id=\"pgc-943-4-1\"  class=\"panel-grid-cell panel-grid-cell-mobile-last\" ><div id=\"panel-943-4-1-0\" class=\"so-panel widget widget_text panel-first-child panel-last-child\" data-index=\"5\" >\t\t\t<div class=\"textwidget\">Vous n'avez pas les acc\u00e8s suffisants pour acc\u00e9der \u00e0 ce forum. Veuillez contacter l'administrateur!\n<\/div>\n\t\t<\/div><\/div><div id=\"pgc-943-4-2\"  class=\"panel-grid-cell panel-grid-cell-empty\" ><\/div><\/div><div id=\"pg-943-5\"  class=\"panel-grid panel-no-style\" ><div id=\"pgc-943-5-0\"  class=\"panel-grid-cell panel-grid-cell-empty\" ><\/div><div id=\"pgc-943-5-1\"  class=\"panel-grid-cell panel-grid-cell-mobile-last\" ><div id=\"panel-943-5-1-0\" class=\"so-panel widget widget_text panel-first-child panel-last-child\" data-index=\"6\" >\t\t\t<div class=\"textwidget\"><p>&nbsp;<\/p>\n<p>&nbsp;<\/p>\n<\/div>\n\t\t<\/div><\/div><div id=\"pgc-943-5-2\"  class=\"panel-grid-cell panel-grid-cell-empty\" ><\/div><\/div><\/div>","protected":false},"excerpt":{"rendered":"<p>FORUM DU PERSONNEL &nbsp; &nbsp; Bienvenue sur le forum du personnel de l&rsquo;Assembl\u00e9e Nationale<\/p>\n","protected":false},"author":10,"featured_media":0,"parent":1468,"menu_order":0,"comment_status":"closed","ping_status":"closed","template":"","meta":{"footnotes":""},"categories":[1],"tags":[],"class_list":["post-943","page","type-page","status-publish","hentry","category-uncategorized"],"_links":{"self":[{"href":"https:\/\/assemblee-nationale.bj\/index.php\/wp-json\/wp\/v2\/pages\/943","targetHints":{"allow":["GET"]}}],"collection":[{"href":"https:\/\/assemblee-nationale.bj\/index.php\/wp-json\/wp\/v2\/pages"}],"about":[{"href":"https:\/\/assemblee-nationale.bj\/index.php\/wp-json\/wp\/v2\/types\/page"}],"author":[{"embeddable":true,"href":"https:\/\/assemblee-nationale.bj\/index.php\/wp-json\/wp\/v2\/users\/10"}],"replies":[{"embeddable":true,"href":"https:\/\/assemblee-nationale.bj\/index.php\/wp-json\/wp\/v2\/comments?post=943"}],"version-history":[{"count":5,"href":"https:\/\/assemblee-nationale.bj\/index.php\/wp-json\/wp\/v2\/pages\/943\/revisions"}],"predecessor-version":[{"id":1512,"href":"https:\/\/assemblee-nationale.bj\/index.php\/wp-json\/wp\/v2\/pages\/943\/revisions\/1512"}],"up":[{"embeddable":true,"href":"https:\/\/assemblee-nationale.bj\/index.php\/wp-json\/wp\/v2\/pages\/1468"}],"wp:attachment":[{"href":"https:\/\/assemblee-nationale.bj\/index.php\/wp-json\/wp\/v2\/media?parent=943"}],"wp:term":[{"taxonomy":"category","embeddable":true,"href":"https:\/\/assemblee-nationale.bj\/index.php\/wp-json\/wp\/v2\/categories?post=943"},{"taxonomy":"post_tag","embeddable":true,"href":"https:\/\/assemblee-nationale.bj\/index.php\/wp-json\/wp\/v2\/tags?post=943"}],"curies":[{"name":"wp","href":"https:\/\/api.w.org\/{rel}","templated":true}]}}