
{"id":953,"date":"2017-09-23T14:01:34","date_gmt":"2017-09-23T13:01:34","guid":{"rendered":"https:\/\/assemblee-nationale.bj\/?page_id=953"},"modified":"2017-10-24T20:12:45","modified_gmt":"2017-10-24T19:12:45","slug":"connexion_presse","status":"publish","type":"page","link":"https:\/\/assemblee-nationale.bj\/index.php\/acces-directs\/espace_presse\/connexion_presse\/","title":{"rendered":"Forum Presse"},"content":{"rendered":"<div id=\"pl-953\"  class=\"panel-layout\" ><div id=\"pg-953-0\"  class=\"panel-grid panel-no-style\" ><div id=\"pgc-953-0-0\"  class=\"panel-grid-cell panel-grid-cell-empty\" ><\/div><div id=\"pgc-953-0-1\"  class=\"panel-grid-cell panel-grid-cell-mobile-last\" ><div id=\"panel-953-0-1-0\" class=\"so-panel widget widget_text panel-first-child\" data-index=\"0\" ><div class=\"panel-widget-style panel-widget-style-for-953-0-1-0\" >\t\t\t<div class=\"textwidget\"><p>Forum DES JOURNALISTES<\/p>\n<\/div>\n\t\t<\/div><\/div><div id=\"panel-953-0-1-1\" class=\"so-panel widget widget_text panel-last-child\" data-index=\"1\" >\t\t\t<div class=\"textwidget\"><p>&nbsp;<\/p>\n<p>&nbsp;<\/p>\n<\/div>\n\t\t<\/div><\/div><div id=\"pgc-953-0-2\"  class=\"panel-grid-cell panel-grid-cell-empty\" ><\/div><\/div><div id=\"pg-953-1\"  class=\"panel-grid panel-has-style\" ><div class=\"panel-row-style panel-row-style-for-953-1\" ><div id=\"pgc-953-1-0\"  class=\"panel-grid-cell panel-grid-cell-empty\" ><\/div><div id=\"pgc-953-1-1\"  class=\"panel-grid-cell panel-grid-cell-mobile-last\" ><div id=\"panel-953-1-1-0\" class=\"so-panel widget widget_text panel-first-child panel-last-child\" data-index=\"2\" ><div class=\"panel-widget-style panel-widget-style-for-953-1-1-0\" >\t\t\t<div class=\"textwidget\"><p><strong>Bienvenue sur le forum des Journalistes accr\u00e9dit\u00e9s \u00e0\u00a0 l&rsquo;Assembl\u00e9e Nationale<\/strong><\/p>\n<\/div>\n\t\t<\/div><\/div><\/div><div id=\"pgc-953-1-2\"  class=\"panel-grid-cell panel-grid-cell-empty\" ><\/div><\/div><\/div><div id=\"pg-953-2\"  class=\"panel-grid panel-has-style\" ><div class=\"panel-row-style panel-row-style-for-953-2\" ><div id=\"pgc-953-2-0\"  class=\"panel-grid-cell panel-grid-cell-empty\" ><\/div><div id=\"pgc-953-2-1\"  class=\"panel-grid-cell panel-grid-cell-mobile-last\" ><div id=\"panel-953-2-1-0\" class=\"so-panel widget widget_text panel-first-child panel-last-child\" data-index=\"3\" >\t\t\t<div class=\"textwidget\">\n\n\n\n<form method=\"post\" action=\"https:\/\/assemblee-nationale.bj\/erreur-connexion.php\" class=\"bbp-login-form\">\n\t<fieldset class=\"bbp-form\">\n\t\t<legend>Connexion<\/legend>\n\n\t\t<div>\n\t\t\t<span class=\"bbp-username\">\n\t\t\t\t<label for=\"user_login\">Identifiant: <\/label>\t<input type=\"text\" name=\"log\" value=\"\" size=\"20\" id=\"user_login\" tabindex=\"101\" \/>\t<label for=\"user_pass\" > <\/label> <\/span>\t<span class=\"bbp-password\"> <label for=\"user_pass\">Mot de passe: <\/label>   <input type=\"password\" name=\"pwd\" value=\"\" size=\"20\" id=\"user_pass\" tabindex=\"102\" \/>\n\t\t\t<\/span>\n\t\t<\/div>\n\n\t\t<div class=\"bbp-remember-me\">\n\t\t\t<input type=\"checkbox\" name=\"rememberme\" value=\"forever\"  id=\"rememberme\" tabindex=\"103\" \/> \t<label for=\"rememberme\">Rester connect&eacute;<\/label> <label for=\"rememberme\"> <\/label> <label for=\"rememberme\"> <\/label> <label for=\"rememberme\"> <\/label> <label for=\"rememberme\"> <\/label>  <button type=\"submit\" tabindex=\"104\" name=\"user-submit\" class=\"button submit user-submit\">Connexion<\/button>\n\n\t\t\t\n\t\t<\/div>\n\n\t\t\n\t\t<div class=\"bbp-submit-wrapper\">\n\n\t\t\t\n\t\t<input type=\"hidden\" name=\"user-cookie\" value=\"1\" \/>\n\n\t\t<input type=\"hidden\" id=\"bbp_redirect_to\" name=\"redirect_to\" value=\"https:\/\/assemblee-nationale.bj\/index.php\/wp-json\/wp\/v2\/pages\/953\" \/><input type=\"hidden\" id=\"_wpnonce\" name=\"_wpnonce\" value=\"f14bcee155\" \/><input type=\"hidden\" name=\"_wp_http_referer\" value=\"\/index.php\/wp-json\/wp\/v2\/pages\/953\" \/>\n\t\t<\/div>\n\t<\/fieldset>\n<\/form>\n\n<\/div>\n\t\t<\/div><\/div><div id=\"pgc-953-2-2\"  class=\"panel-grid-cell panel-grid-cell-empty\" ><\/div><\/div><\/div><div id=\"pg-953-3\"  class=\"panel-grid panel-has-style\" ><div class=\"panel-row-style panel-row-style-for-953-3\" ><div id=\"pgc-953-3-0\"  class=\"panel-grid-cell panel-grid-cell-empty\" ><\/div><div id=\"pgc-953-3-1\"  class=\"panel-grid-cell panel-grid-cell-empty\" ><\/div><div id=\"pgc-953-3-2\"  class=\"panel-grid-cell\" ><div id=\"panel-953-3-2-0\" class=\"so-panel widget widget_text panel-first-child panel-last-child\" data-index=\"4\" >\t\t\t<div class=\"textwidget\">\n<\/div>\n\t\t<\/div><\/div><\/div><\/div><div id=\"pg-953-4\"  class=\"panel-grid panel-no-style\" ><div id=\"pgc-953-4-0\"  class=\"panel-grid-cell panel-grid-cell-empty\" ><\/div><div id=\"pgc-953-4-1\"  class=\"panel-grid-cell panel-grid-cell-mobile-last\" ><div id=\"panel-953-4-1-0\" class=\"so-panel widget widget_text panel-first-child panel-last-child\" data-index=\"5\" >\t\t\t<div class=\"textwidget\">Vous n'avez pas les acc\u00e8s suffisants pour acc\u00e9der \u00e0 ce forum. Veuillez contacter l'administrateur!\n<\/div>\n\t\t<\/div><\/div><div id=\"pgc-953-4-2\"  class=\"panel-grid-cell panel-grid-cell-empty\" ><\/div><\/div><div id=\"pg-953-5\"  class=\"panel-grid panel-no-style\" ><div id=\"pgc-953-5-0\"  class=\"panel-grid-cell panel-grid-cell-empty\" ><\/div><div id=\"pgc-953-5-1\"  class=\"panel-grid-cell panel-grid-cell-mobile-last\" ><div id=\"panel-953-5-1-0\" class=\"so-panel widget widget_text panel-first-child panel-last-child\" data-index=\"6\" >\t\t\t<div class=\"textwidget\"><p>&nbsp;<\/p>\n<p>&nbsp;<\/p>\n<\/div>\n\t\t<\/div><\/div><div id=\"pgc-953-5-2\"  class=\"panel-grid-cell panel-grid-cell-empty\" ><\/div><\/div><\/div>","protected":false},"excerpt":{"rendered":"<p>Forum DES JOURNALISTES &nbsp; &nbsp; Bienvenue sur le forum des Journalistes accr\u00e9dit\u00e9s \u00e0\u00a0 l&rsquo;Assembl\u00e9e Nationale<\/p>\n","protected":false},"author":10,"featured_media":0,"parent":834,"menu_order":0,"comment_status":"closed","ping_status":"closed","template":"","meta":{"footnotes":""},"categories":[1],"tags":[],"class_list":["post-953","page","type-page","status-publish","hentry","category-uncategorized"],"_links":{"self":[{"href":"https:\/\/assemblee-nationale.bj\/index.php\/wp-json\/wp\/v2\/pages\/953","targetHints":{"allow":["GET"]}}],"collection":[{"href":"https:\/\/assemblee-nationale.bj\/index.php\/wp-json\/wp\/v2\/pages"}],"about":[{"href":"https:\/\/assemblee-nationale.bj\/index.php\/wp-json\/wp\/v2\/types\/page"}],"author":[{"embeddable":true,"href":"https:\/\/assemblee-nationale.bj\/index.php\/wp-json\/wp\/v2\/users\/10"}],"replies":[{"embeddable":true,"href":"https:\/\/assemblee-nationale.bj\/index.php\/wp-json\/wp\/v2\/comments?post=953"}],"version-history":[{"count":2,"href":"https:\/\/assemblee-nationale.bj\/index.php\/wp-json\/wp\/v2\/pages\/953\/revisions"}],"predecessor-version":[{"id":1514,"href":"https:\/\/assemblee-nationale.bj\/index.php\/wp-json\/wp\/v2\/pages\/953\/revisions\/1514"}],"up":[{"embeddable":true,"href":"https:\/\/assemblee-nationale.bj\/index.php\/wp-json\/wp\/v2\/pages\/834"}],"wp:attachment":[{"href":"https:\/\/assemblee-nationale.bj\/index.php\/wp-json\/wp\/v2\/media?parent=953"}],"wp:term":[{"taxonomy":"category","embeddable":true,"href":"https:\/\/assemblee-nationale.bj\/index.php\/wp-json\/wp\/v2\/categories?post=953"},{"taxonomy":"post_tag","embeddable":true,"href":"https:\/\/assemblee-nationale.bj\/index.php\/wp-json\/wp\/v2\/tags?post=953"}],"curies":[{"name":"wp","href":"https:\/\/api.w.org\/{rel}","templated":true}]}}